{"id":27003,"date":"2025-04-27T01:22:15","date_gmt":"2025-04-27T09:22:15","guid":{"rendered":"https:\/\/tangooled.com\/?page_id=27003"},"modified":"2026-03-30T22:33:48","modified_gmt":"2026-03-31T06:33:48","slug":"circular-ring-light-profile","status":"publish","type":"page","link":"https:\/\/tangooled.com\/pt\/circular-ring-light-profile\/","title":{"rendered":"Perfil de Luz Circular"},"content":{"rendered":"","protected":false},"excerpt":{"rendered":"<p>Os perfis LED circulares s\u00e3o para aplica\u00e7\u00f5es de luz de anel interna e podem ser personalizados em cores e di\u00e2metros<\/p>","protected":false},"author":1,"featured_media":27456,"parent":0,"menu_order":0,"comment_status":"closed","ping_status":"closed","template":"","meta":{"_acf_changed":false,"_seopress_robots_primary_cat":"","_seopress_titles_title":"Circular Ring Light Profile - TANGOO","_seopress_titles_desc":"The circular ring light profile is specifically designed for interior LED ring lights. These circular ring profiles are available in different widths, colors, and diameters.","_seopress_robots_index":"","footnotes":""},"class_list":["post-27003","page","type-page","status-publish","has-post-thumbnail"],"acf":[],"_links":{"self":[{"href":"https:\/\/tangooled.com\/pt\/wp-json\/wp\/v2\/pages\/27003","targetHints":{"allow":["GET"]}}],"collection":[{"href":"https:\/\/tangooled.com\/pt\/wp-json\/wp\/v2\/pages"}],"about":[{"href":"https:\/\/tangooled.com\/pt\/wp-json\/wp\/v2\/types\/page"}],"author":[{"embeddable":true,"href":"https:\/\/tangooled.com\/pt\/wp-json\/wp\/v2\/users\/1"}],"replies":[{"embeddable":true,"href":"https:\/\/tangooled.com\/pt\/wp-json\/wp\/v2\/comments?post=27003"}],"version-history":[{"count":77,"href":"https:\/\/tangooled.com\/pt\/wp-json\/wp\/v2\/pages\/27003\/revisions"}],"predecessor-version":[{"id":55664,"href":"https:\/\/tangooled.com\/pt\/wp-json\/wp\/v2\/pages\/27003\/revisions\/55664"}],"wp:featuredmedia":[{"embeddable":true,"href":"https:\/\/tangooled.com\/pt\/wp-json\/wp\/v2\/media\/27456"}],"wp:attachment":[{"href":"https:\/\/tangooled.com\/pt\/wp-json\/wp\/v2\/media?parent=27003"}],"curies":[{"name":"wp","href":"https:\/\/api.w.org\/{rel}","templated":true}]}}