{"id":47916,"date":"2026-01-13T02:30:21","date_gmt":"2026-01-13T10:30:21","guid":{"rendered":"https:\/\/tangooled.com\/?post_type=product&#038;p=47916"},"modified":"2026-01-22T02:16:53","modified_gmt":"2026-01-22T10:16:53","slug":"surface-mount-triple-row-led-strip-aluminum-channel-fpt01","status":"publish","type":"product","link":"https:\/\/tangooled.com\/fr\/product\/surface-mount-triple-row-led-strip-aluminum-channel-fpt01\/","title":{"rendered":"profil en aluminium pour bande LED \u00e0 montage en surface triple rang\u00e9e FPT01"},"content":{"rendered":"<div class=\"wp-block-group is-vertical is-layout-flex wp-container-core-group-is-layout-d255d7c4 wp-block-group-is-layout-flex\" style=\"padding-top:var(--wp--preset--spacing--80);padding-bottom:var(--wp--preset--spacing--80)\">\n<p>Le canal en aluminium LED triple montage en surface est con\u00e7u pour accueillir trois bandes LED c\u00f4te \u00e0 c\u00f4te. La largeur interne de chacun des trois canaux est de 11 mm, ce qui leur permet de contenir \u00e0 la fois des bandes LED de 8 mm et de 10 mm. Ce canal est facile \u00e0 installer et prot\u00e8ge et refroidit vos bandes LED, ce qui les aide \u00e0 durer plus longtemps et \u00e0 conserver leur \u00e9clat et leur luminosit\u00e9.<\/p>\n<\/div>\n\n\n\n<div class=\"wp-block-group has-background\" style=\"background-color:#f1f1f1;padding-top:var(--wp--preset--spacing--80);padding-bottom:var(--wp--preset--spacing--80)\"><div class=\"wp-block-group__inner-container is-layout-constrained wp-block-group-is-layout-constrained\">\n<div class=\"wp-block-group is-vertical is-layout-flex wp-container-core-group-is-layout-8cf370e7 wp-block-group-is-layout-flex\">\n<h2 class=\"wp-block-heading\" style=\"padding-top:var(--wp--preset--spacing--40);padding-bottom:var(--wp--preset--spacing--40);font-size:25px;font-style:normal;font-weight:600;text-transform:capitalize\">Pourquoi choisir notre canal LED en aluminium triple montage en surface?<\/h2>\n\n\n\n<ul class=\"wp-block-list\">\n<li>Canal LED triple : Accueille jusqu'\u00e0 trois rang\u00e9es de lumi\u00e8res LED, id\u00e9al pour une haute luminosit\u00e9.<\/li>\n\n\n\n<li>Profil LED \u00e0 montage en surface : Ce type de profil LED est facilement install\u00e9 sur des surfaces planes, telles que des murs et des plafonds.<\/li>\n\n\n\n<li>Profil en aluminium durable : Fabriqu\u00e9 en alliage d'aluminium de qualit\u00e9 aviation avec anodisation double pour une r\u00e9sistance accrue.<\/li>\n\n\n\n<li>R\u00e9partition uniforme de la lumi\u00e8re : Le diffuseur satin\u00e9e rend la lumi\u00e8re douce et r\u00e9duit les zones d'ombre.<\/li>\n\n\n\n<li>Kit d'installation complet : comprend un canal, trois diffuseurs et des capuchons de fin (un avec un trou pour un fil).<\/li>\n<\/ul>\n<\/div>\n<\/div><\/div>\n\n\n\n<div class=\"wp-block-group is-vertical is-layout-flex wp-container-core-group-is-layout-d255d7c4 wp-block-group-is-layout-flex\" style=\"padding-top:var(--wp--preset--spacing--80);padding-bottom:var(--wp--preset--spacing--80)\">\n<hr class=\"wp-block-separator has-alpha-channel-opacity\"\/>\n\n\n\n<div class=\"wp-block-media-text has-media-on-the-right is-stacked-on-mobile\" style=\"grid-template-columns:auto 40%\"><div class=\"wp-block-media-text__content\">\n<h2 class=\"wp-block-heading\" style=\"padding-top:var(--wp--preset--spacing--40);padding-bottom:var(--wp--preset--spacing--40);font-size:25px;font-style:normal;font-weight:600;text-transform:capitalize\">Installation facile<\/h2>\n\n\n\n<p>Installer ce canal d'\u00e9clairage lin\u00e9aire en surface est facile. Vous pouvez utiliser le ruban 3M ou des vis pour fixer les profils LED \u00e0 n'importe quelle surface, comme le bois, le placo ou les armoires. Installez les capuchons de fin aux deux extr\u00e9mit\u00e9s du profil pour prot\u00e9ger les fils des bandes LED et lui donner un aspect propre et poli.<\/p>\n<\/div><figure class=\"wp-block-media-text__media\"><img loading=\"lazy\" decoding=\"async\" width=\"500\" height=\"500\" src=\"https:\/\/tangooled.com\/wp-content\/uploads\/2026\/01\/fpt01-ins.webp\" alt=\"surface mount triple row led strip aluminum channel for three led tape lights\" class=\"wp-image-48631 size-full\" srcset=\"https:\/\/tangooled.com\/wp-content\/uploads\/2026\/01\/fpt01-ins.webp 500w, https:\/\/tangooled.com\/wp-content\/uploads\/2026\/01\/fpt01-ins-300x300.webp 300w, https:\/\/tangooled.com\/wp-content\/uploads\/2026\/01\/fpt01-ins-150x150.webp 150w\" sizes=\"auto, (max-width: 500px) 100vw, 500px\" \/><\/figure><\/div>\n<\/div>\n\n\n\n<div class=\"wp-block-group has-background is-vertical is-layout-flex wp-container-core-group-is-layout-b429018a wp-block-group-is-layout-flex\" style=\"background-color:#f1f1f1f2;padding-top:var(--wp--preset--spacing--70);padding-bottom:var(--wp--preset--spacing--70)\">\n<h2 class=\"wp-block-heading\" style=\"padding-top:var(--wp--preset--spacing--40);padding-bottom:var(--wp--preset--spacing--40);font-size:25px;font-style:normal;font-weight:600;text-transform:capitalize\">Que pouvez-vous faire avec le canal LED en aluminium triple montage en surface?<\/h2>\n\n\n\n<ul class=\"wp-block-list\">\n<li>\u00c9clairage de vente au d\u00e9tail : Il illumine tout avec une lumi\u00e8re large et brillante.<\/li>\n\n\n\n<li>\u00c9clairage architectural : Met en valeur les murs et d'autres \u00e9l\u00e9ments.<\/li>\n\n\n\n<li>\u00c9clairage g\u00e9n\u00e9ral de la pi\u00e8ce : Ce canal rend toute la pi\u00e8ce plus lumineuse en utilisant trois bandes LED.<\/li>\n<\/ul>\n<\/div>\n\n\n\n<div class=\"wp-block-group is-vertical is-layout-flex wp-container-core-group-is-layout-d255d7c4 wp-block-group-is-layout-flex\" style=\"padding-top:var(--wp--preset--spacing--80);padding-bottom:var(--wp--preset--spacing--80)\">\n<h2 class=\"wp-block-heading\" style=\"padding-top:var(--wp--preset--spacing--40);padding-bottom:var(--wp--preset--spacing--40);font-size:25px;font-style:normal;font-weight:600;text-transform:capitalize\">R\u00e9sum\u00e9<\/h2>\n\n\n\n<p>Ce canal en aluminium LED triple montage en surface rend l'\u00e9clairage facile et robuste. Il maintient en toute s\u00e9curit\u00e9 trois bandes LED et les garde fra\u00eeches. Les diffuseurs rendent la lumi\u00e8re douce et propre. Toutes les pi\u00e8ces sont incluses, donc l'installation est rapide et simple. Ce canal LED triple montage en surface \u00e9l\u00e9gant et robuste donnera \u00e0 votre maison ou magasin un aspect soign\u00e9 et une lumi\u00e8re forte.<\/p>\n<\/div>\n\n\n\n<p><\/p>","protected":false},"featured_media":15636,"template":"","meta":{"_acf_changed":true,"_seopress_robots_primary_cat":"none","_seopress_titles_title":"Surface Mount Triple Row LED Aluminum Channel | TANGOOLED","_seopress_titles_desc":"Source this surface mount triple row LED aluminum channel. Designed to fit three LED strips, it offers high-lumen output and excellent heat dissipation for large-scale lighting projects.","_seopress_robots_index":""},"pcb-width":[228],"product-cat":[192],"class_list":{"0":"post-47916","1":"product","2":"type-product","3":"status-publish","4":"has-post-thumbnail","6":"pcb-width-6-12mm","7":"product-cat-surface-led-profile"},"acf":[],"_links":{"self":[{"href":"https:\/\/tangooled.com\/fr\/wp-json\/wp\/v2\/product\/47916","targetHints":{"allow":["GET"]}}],"collection":[{"href":"https:\/\/tangooled.com\/fr\/wp-json\/wp\/v2\/product"}],"about":[{"href":"https:\/\/tangooled.com\/fr\/wp-json\/wp\/v2\/types\/product"}],"wp:featuredmedia":[{"embeddable":true,"href":"https:\/\/tangooled.com\/fr\/wp-json\/wp\/v2\/media\/15636"}],"wp:attachment":[{"href":"https:\/\/tangooled.com\/fr\/wp-json\/wp\/v2\/media?parent=47916"}],"wp:term":[{"taxonomy":"pcb-width","embeddable":true,"href":"https:\/\/tangooled.com\/fr\/wp-json\/wp\/v2\/pcb-width?post=47916"},{"taxonomy":"product-cat","embeddable":true,"href":"https:\/\/tangooled.com\/fr\/wp-json\/wp\/v2\/product-cat?post=47916"}],"curies":[{"name":"wp","href":"https:\/\/api.w.org\/{rel}","templated":true}]}}