{"id":47902,"date":"2026-01-13T02:27:17","date_gmt":"2026-01-13T10:27:17","guid":{"rendered":"https:\/\/tangooled.com\/?post_type=product&#038;p=47902"},"modified":"2026-02-02T01:37:58","modified_gmt":"2026-02-02T09:37:58","slug":"30-degree-optic-lens-double-layer-led-aluminum-channel-lp01c","status":"publish","type":"product","link":"https:\/\/tangooled.com\/fr\/product\/30-degree-optic-lens-double-layer-led-aluminum-channel-lp01c\/","title":{"rendered":"Diffuseur de lentille optique \u00e0 30 degr\u00e9s double couche canal en aluminium LED"},"content":{"rendered":"<div class=\"wp-block-group is-vertical is-layout-flex wp-container-core-group-is-layout-d255d7c4 wp-block-group-is-layout-flex\" style=\"padding-top:var(--wp--preset--spacing--80);padding-bottom:var(--wp--preset--spacing--80)\">\n<p>G\u00e9n\u00e9rez un \u00e9clairage LED strip cibl\u00e9 avec notre ch\u00e2ssis en aluminium LED \u00e0 double couche avec lentille \u00e0 30 degr\u00e9s ! Ce ch\u00e2ssis cr\u00e9atif poss\u00e8de une lentille optique qui concentre la lumi\u00e8re exactement dans un angle de faisceau de 30 degr\u00e9s. Le ch\u00e2ssis mesure 20mm de large et 15.5mm de haut \u00e0 l'ext\u00e9rieur, lui donnant un aspect \u00e9l\u00e9gant et int\u00e9gr\u00e9.<br>The special double-layer design makes it easier to control heat, which is essential for extending your LED strips&#8217; lifespan. The installation process is simple and secure: first, fix the lower base channel to the mounting surface; then, securely snap the second layer, which holds the LED strip and the 30-degree lens, into place inside the fixed base.<\/p>\n<\/div>\n\n\n\n<div class=\"wp-block-group has-background\" style=\"background-color:#f1f1f1;padding-top:var(--wp--preset--spacing--80);padding-bottom:var(--wp--preset--spacing--80)\"><div class=\"wp-block-group__inner-container is-layout-constrained wp-block-group-is-layout-constrained\">\n<div class=\"wp-block-group is-vertical is-layout-flex wp-container-core-group-is-layout-8cf370e7 wp-block-group-is-layout-flex\">\n<h2 class=\"wp-block-heading\" style=\"padding-top:var(--wp--preset--spacing--40);padding-bottom:var(--wp--preset--spacing--40);font-size:25px;font-style:normal;font-weight:600;text-transform:capitalize\">Why Choose Our 30\u00b0 Optic Lens Diffuser Double Layer LED Aluminum Channel?<\/h2>\n\n\n\n<ul class=\"wp-block-list\">\n<li>Focused 30\u00b0 beam angle: Uses a special optic lens to direct light exactly where you want it. No more light that goes to waste or glare.<\/li>\n\n\n\n<li>Ch\u00e2ssis LED \u00e0 double couche : la couche int\u00e9rieure fait 16mm de large, ce qui est parfait pour des bandes LED \u00e0 double rang\u00e9e.<\/li>\n\n\n\n<li>Dissipation thermique efficace : Fabriqu\u00e9 en aluminium anodis\u00e9 6063-T5, ce qui garde les LED au frais pour une dur\u00e9e de vie prolong\u00e9e.<\/li>\n\n\n\n<li>\u00c9clairage sans points : Le couvercle du diffuseur rend votre lumi\u00e8re lisse et agr\u00e9able.<\/li>\n\n\n\n<li>Finitions du bo\u00eetier en aluminium : Vous pouvez l'obtenir en argent, noir ou blanc pour s'adapter \u00e0 votre style.<\/li>\n<\/ul>\n<\/div>\n<\/div><\/div>\n\n\n\n<div class=\"wp-block-group is-vertical is-layout-flex wp-container-core-group-is-layout-d255d7c4 wp-block-group-is-layout-flex\" style=\"padding-top:var(--wp--preset--spacing--80);padding-bottom:var(--wp--preset--spacing--80)\">\n<hr class=\"wp-block-separator has-alpha-channel-opacity\"\/>\n\n\n\n<div class=\"wp-block-media-text has-media-on-the-right is-stacked-on-mobile\" style=\"grid-template-columns:auto 40%\"><div class=\"wp-block-media-text__content\">\n<h2 class=\"wp-block-heading\" style=\"padding-top:var(--wp--preset--spacing--40);padding-bottom:var(--wp--preset--spacing--40);font-size:25px;font-style:normal;font-weight:600;text-transform:capitalize\">Installation &amp; Compatibilit\u00e9<\/h2>\n\n\n\n<p>Il fonctionne avec la plupart des bandes LED allant jusqu'\u00e0 15mm de large, comme le SMD 5050. Avec une fine scie, vous pouvez simplement le couper \u00e0 la bonne longueur. Ce ch\u00e2ssis \u00e0 lentille optique de 30 degr\u00e9s peut \u00eatre mont\u00e9 en surface, offrant un aspect propre et professionnel. Vous pouvez \u00e9galement utiliser une alimentation dimmable avec, ce qui vous permet d'ajuster compl\u00e8tement l'\u00e9clairage.<\/p>\n<\/div><figure class=\"wp-block-media-text__media\"><img loading=\"lazy\" decoding=\"async\" width=\"500\" height=\"500\" src=\"https:\/\/tangooled.com\/wp-content\/uploads\/2025\/06\/lp01c-ins.webp\" alt=\"30 degree optic lens diffuser double layer led aluminum channel\" class=\"wp-image-41920 size-full\" srcset=\"https:\/\/tangooled.com\/wp-content\/uploads\/2025\/06\/lp01c-ins.webp 500w, https:\/\/tangooled.com\/wp-content\/uploads\/2025\/06\/lp01c-ins-300x300.webp 300w, https:\/\/tangooled.com\/wp-content\/uploads\/2025\/06\/lp01c-ins-150x150.webp 150w\" sizes=\"auto, (max-width: 500px) 100vw, 500px\" \/><\/figure><\/div>\n<\/div>\n\n\n\n<div class=\"wp-block-group has-background is-vertical is-layout-flex wp-container-core-group-is-layout-b429018a wp-block-group-is-layout-flex\" style=\"background-color:#f1f1f1f2;padding-top:var(--wp--preset--spacing--70);padding-bottom:var(--wp--preset--spacing--70)\">\n<h2 class=\"wp-block-heading\" style=\"padding-top:var(--wp--preset--spacing--40);padding-bottom:var(--wp--preset--spacing--40);font-size:25px;font-style:normal;font-weight:600\">Parfait pour de nombreuses utilisations<\/h2>\n\n\n\n<p>Ce ch\u00e2ssis LED \u00e0 double couche est une bonne solution pour :<\/p>\n\n\n\n<ul class=\"wp-block-list\">\n<li>Vitrines de magasins : \u00e9clairage pour \u00e9tag\u00e8res et vitrines.<\/li>\n\n\n\n<li>Bureaux : bureaux, couloirs et \u00e9clairage de t\u00e2che.<\/li>\n\n\n\n<li>Maisons haut de gamme : \u00e9clairage pour meubles, escaliers et sous les armoires.<\/li>\n\n\n\n<li>\u00c9clairages de mus\u00e9es et galeries : mettez en valeur l'art sans cr\u00e9er d'\u00e9blouissement.<\/li>\n<\/ul>\n<\/div>\n\n\n\n<div class=\"wp-block-group is-vertical is-layout-flex wp-container-core-group-is-layout-d255d7c4 wp-block-group-is-layout-flex\" style=\"padding-top:var(--wp--preset--spacing--80);padding-bottom:var(--wp--preset--spacing--80)\">\n<h2 class=\"wp-block-heading\" style=\"padding-top:var(--wp--preset--spacing--40);padding-bottom:var(--wp--preset--spacing--40);font-size:25px;font-style:normal;font-weight:600;text-transform:capitalize\">What\u2019s Included<\/h2>\n\n\n\n<ul class=\"wp-block-list\">\n<li>1x Ch\u00e2ssis LED en aluminium \u00e0 double couche<\/li>\n\n\n\n<li>1x 30\u00b0 Optic Lens Diffuser Cover<\/li>\n\n\n\n<li>2x Bouchons d'extr\u00e9mit\u00e9 (un avec un trou pour un fil et un solide)<\/li>\n<\/ul>\n<\/div>\n\n\n\n<div class=\"wp-block-group has-background is-vertical is-layout-flex wp-container-core-group-is-layout-b429018a wp-block-group-is-layout-flex\" style=\"background-color:#f1f1f1f2;padding-top:var(--wp--preset--spacing--70);padding-bottom:var(--wp--preset--spacing--70)\">\n<h2 class=\"wp-block-heading\" style=\"padding-top:var(--wp--preset--spacing--40);padding-bottom:var(--wp--preset--spacing--40);font-size:25px;font-style:normal;font-weight:600\">Liens internes vers des produits connexes<\/h2>\n\n\n\n<ul class=\"wp-block-list\">\n<li>Vous avez besoin d'un profil pour un ruban LED plus petit ? Consultez le <a href=\"https:\/\/tangooled.com\/fr\/product\/black-led-diffuser-aluminum-channel-for-12mm-tape-lights\/\"><mark style=\"background-color:rgba(0, 0, 0, 0)\" class=\"has-inline-color has-vivid-red-color\">ch\u00e2ssis en aluminium diffuseur noir pour lumi\u00e8res \u00e0 ruban de 12mm<\/mark><\/a>.<\/li>\n\n\n\n<li>Pour des besoins de faible profil, essayez notre <a href=\"https:\/\/tangooled.com\/fr\/product\/25x6mm-low-profile-led-strip-channel-for-10mm-led-strip-light\/\"><mark style=\"background-color:rgba(0, 0, 0, 0)\" class=\"has-inline-color has-vivid-red-color\">Ch\u00e2ssis de bande LED \u00e0 profil bas 25x6mm pour bande LED de 10mm<\/mark><\/a>.<\/li>\n\n\n\n<li>Vous voulez un angle de faisceau plus large ? Consultez le <a href=\"https:\/\/tangooled.com\/fr\/product\/aluminum-profile-with-60-degree-lens-led-diffuser\/\"><mark style=\"background-color:rgba(0, 0, 0, 0)\" class=\"has-inline-color has-vivid-red-color\">profil en aluminium avec diffuseur \u00e0 lentille de 60 degr\u00e9s LED<\/mark><\/a>. <\/li>\n<\/ul>\n<\/div>\n\n\n\n<div class=\"wp-block-group is-vertical is-layout-flex wp-container-core-group-is-layout-d255d7c4 wp-block-group-is-layout-flex\" style=\"padding-top:var(--wp--preset--spacing--80);padding-bottom:var(--wp--preset--spacing--80)\">\n<h2 class=\"wp-block-heading\" style=\"padding-top:var(--wp--preset--spacing--40);padding-bottom:var(--wp--preset--spacing--40);font-size:25px;font-style:normal;font-weight:600;text-transform:capitalize\">R\u00e9sum\u00e9<\/h2>\n\n\n\n<p>Si vous voulez une lumi\u00e8re qui soit brillante, lisse et cibl\u00e9e, ce ch\u00e2ssis en aluminium LED \u00e0 double couche avec lentille optique \u00e0 30 degr\u00e9s est un excellent choix. Il poss\u00e8de un diffuseur \u00e0 30 degr\u00e9s net qui rend les faisceaux clairs et cibl\u00e9s. L'aluminium anodis\u00e9 6063-T5 permet \u00e0 la chaleur de s'\u00e9chapper facilement. Ce ch\u00e2ssis diffuseur \u00e0 lentille est fantastique pour de nombreuses choses, comme rendre votre maison plus lumineuse ou travailler sur des projets de conception d'\u00e9clairage.<\/p>\n\n\n\n<p><\/p>\n<\/div>","protected":false},"featured_media":33350,"template":"","meta":{"_acf_changed":true,"_seopress_robots_primary_cat":"none","_seopress_titles_title":"30 Degree Optic Lens Double Layer LED Aluminum Channel | LP01C | TANGOOLED","_seopress_titles_desc":"Source the double layer LED aluminum channel featuring a 30 degree optic lens. Engineered for superior thermal management and precise beam control. Ideal for professional architectural lighting.","_seopress_robots_index":""},"pcb-width":[228],"product-cat":[201],"class_list":{"0":"post-47902","1":"product","2":"type-product","3":"status-publish","4":"has-post-thumbnail","6":"pcb-width-6-12mm","7":"product-cat-optic-lens-profile"},"acf":[],"_links":{"self":[{"href":"https:\/\/tangooled.com\/fr\/wp-json\/wp\/v2\/product\/47902","targetHints":{"allow":["GET"]}}],"collection":[{"href":"https:\/\/tangooled.com\/fr\/wp-json\/wp\/v2\/product"}],"about":[{"href":"https:\/\/tangooled.com\/fr\/wp-json\/wp\/v2\/types\/product"}],"wp:featuredmedia":[{"embeddable":true,"href":"https:\/\/tangooled.com\/fr\/wp-json\/wp\/v2\/media\/33350"}],"wp:attachment":[{"href":"https:\/\/tangooled.com\/fr\/wp-json\/wp\/v2\/media?parent=47902"}],"wp:term":[{"taxonomy":"pcb-width","embeddable":true,"href":"https:\/\/tangooled.com\/fr\/wp-json\/wp\/v2\/pcb-width?post=47902"},{"taxonomy":"product-cat","embeddable":true,"href":"https:\/\/tangooled.com\/fr\/wp-json\/wp\/v2\/product-cat?post=47902"}],"curies":[{"name":"wp","href":"https:\/\/api.w.org\/{rel}","templated":true}]}}