{"id":47897,"date":"2026-01-13T02:24:08","date_gmt":"2026-01-13T10:24:08","guid":{"rendered":"https:\/\/tangooled.com\/?post_type=product&#038;p=47897"},"modified":"2026-04-08T21:33:20","modified_gmt":"2026-04-09T05:33:20","slug":"10-degree-lens-surface-mount-led-channel-fp02l","status":"publish","type":"product","link":"https:\/\/tangooled.com\/fr\/product\/10-degree-lens-surface-mount-led-channel-fp02l\/","title":{"rendered":"Canal LED en montage de surface avec lentille \u00e0 10 degr\u00e9s FP02L"},"content":{"rendered":"<div class=\"wp-block-group is-vertical is-layout-flex wp-container-core-group-is-layout-d255d7c4 wp-block-group-is-layout-flex\" style=\"padding-top:var(--wp--preset--spacing--80);padding-bottom:var(--wp--preset--spacing--80)\">\n<p>This 10-degree lens LED channel features a slim aluminum profile with an inner width of 12.2 mm, compatible with high-density LED strips such as SMD3528 and SMD5050. It has a precision\u00a0optical lens that concentrates light into an ultra-narrow 10\u00b0 beam, giving you a sharp, long-distance light with little light spill.<br>Ce profil est con\u00e7u pour un montage en surface et est livr\u00e9 avec toutes les pi\u00e8ces n\u00e9cessaires pour une installation fluide, telles que des capuchons de fin et des clips de montage. C'est le meilleur choix pour un \u00e9clairage d'accentuation dans des espaces \u00e0 plafonds \u00e9lev\u00e9s, le long des murs et dans des zones de travail sp\u00e9cifiques o\u00f9 vous avez besoin d'un contr\u00f4le pr\u00e9cis de la lumi\u00e8re.<\/p>\n<\/div>\n\n\n\n<div class=\"wp-block-group has-background\" style=\"background-color:#f1f1f1;padding-top:var(--wp--preset--spacing--80);padding-bottom:var(--wp--preset--spacing--80)\"><div class=\"wp-block-group__inner-container is-layout-constrained wp-block-group-is-layout-constrained\">\n<div class=\"wp-block-group is-vertical is-layout-flex wp-container-core-group-is-layout-8cf370e7 wp-block-group-is-layout-flex\">\n<h2 class=\"wp-block-heading\" style=\"padding-top:var(--wp--preset--spacing--40);padding-bottom:var(--wp--preset--spacing--40);font-size:25px;font-style:normal;font-weight:600;text-transform:capitalize\">Pourquoi choisir notre canal LED \u00e0 lentille de 10 degr\u00e9s ?<\/h2>\n\n\n\n<ul class=\"wp-block-list\">\n<li>Sharp 10\u00b0 Beam: The special lens focuses the light in a tight, narrow beam. This means the light goes right where you want it.<\/li>\n\n\n\n<li>Canal en aluminium robuste : Fabriqu\u00e9 \u00e0 partir d'aluminium anodis\u00e9 6063-T5. Il garde vos bandes LED au frais, permettant \u00e0 la lumi\u00e8re de durer longtemps.<\/li>\n\n\n\n<li>Facile \u00e0 monter : Design en montage de surface avec clips et capuchons de fin inclus.<\/li>\n\n\n\n<li>Diffuseur de lentille clair : Fabriqu\u00e9 \u00e0 partir d'une lentille en polycarbonate clair pour un excellent contr\u00f4le de la lumi\u00e8re sans jaunissement.<\/li>\n\n\n\n<li>Parfait pour de nombreuses utilisations : Utilisez-le dans votre maison, bureau ou magasin. Il est id\u00e9al pour les sous-armoires, les \u00e9tag\u00e8res, les murs ou les vitrines.<\/li>\n<\/ul>\n<\/div>\n<\/div><\/div>\n\n\n\n<div class=\"wp-block-group is-vertical is-layout-flex wp-container-core-group-is-layout-d255d7c4 wp-block-group-is-layout-flex\" style=\"padding-top:var(--wp--preset--spacing--80);padding-bottom:var(--wp--preset--spacing--80)\">\n<hr class=\"wp-block-separator has-alpha-channel-opacity\"\/>\n\n\n\n<div class=\"wp-block-media-text has-media-on-the-right is-stacked-on-mobile\" style=\"grid-template-columns:auto 40%\"><div class=\"wp-block-media-text__content\">\n<h2 class=\"wp-block-heading\" style=\"padding-top:var(--wp--preset--spacing--40);padding-bottom:var(--wp--preset--spacing--40);font-size:25px;font-style:normal;font-weight:600;text-transform:capitalize\">Facile \u00e0 utiliser et \u00e0 installer<\/h2>\n\n\n\n<ul class=\"wp-block-list\">\n<li>Coupez les canaux en aluminium et le diffuseur de lentille \u00e0 la longueur souhait\u00e9e avec une scie \u00e0 m\u00e9taux.<\/li>\n\n\n\n<li>\u00c9pluchez l'adh\u00e9sif de votre bande LED et appuyez-la fermement dans le canal.<\/li>\n\n\n\n<li>Clipsez le diffuseur de lentille de 10 degr\u00e9s en place, puis fixez les capuchons de fin aux deux extr\u00e9mit\u00e9s du canal.<\/li>\n\n\n\n<li>Fixez le canal en aluminium aux murs, plafonds ou armoires \u00e0 l'aide des clips de montage et vis inclus.<\/li>\n<\/ul>\n<\/div><figure class=\"wp-block-media-text__media\"><img loading=\"lazy\" decoding=\"async\" width=\"500\" height=\"500\" src=\"https:\/\/tangooled.com\/wp-content\/uploads\/2026\/01\/fp02l-ins.webp\" alt=\"10 degree lens surface mount led channel fp02l\" class=\"wp-image-49001 size-full\" srcset=\"https:\/\/tangooled.com\/wp-content\/uploads\/2026\/01\/fp02l-ins.webp 500w, https:\/\/tangooled.com\/wp-content\/uploads\/2026\/01\/fp02l-ins-300x300.webp 300w, https:\/\/tangooled.com\/wp-content\/uploads\/2026\/01\/fp02l-ins-150x150.webp 150w\" sizes=\"auto, (max-width: 500px) 100vw, 500px\" \/><\/figure><\/div>\n<\/div>\n\n\n\n<div class=\"wp-block-group has-background is-vertical is-layout-flex wp-container-core-group-is-layout-b429018a wp-block-group-is-layout-flex\" style=\"background-color:#f1f1f1f2;padding-top:var(--wp--preset--spacing--70);padding-bottom:var(--wp--preset--spacing--70)\">\n<h2 class=\"wp-block-heading\" style=\"padding-top:var(--wp--preset--spacing--40);padding-bottom:var(--wp--preset--spacing--40);font-size:25px;font-style:normal;font-weight:600\">O\u00f9 pouvez-vous utiliser notre canal LED \u00e0 lentille de 10 degr\u00e9s ?<\/h2>\n\n\n\n<p>Ce canal LED \u00e0 lentille de 10 degr\u00e9s est parfait pour :<\/p>\n\n\n\n<ul class=\"wp-block-list\">\n<li>\u00c9clairage d'accentuation : Pour cr\u00e9er un impact visuel impressionnant en mettant en avant des \u0153uvres d'art, des d\u00e9tails architecturaux ou de la d\u00e9coration int\u00e9rieure.<\/li>\n\n\n\n<li>\u00c9clairage de plafond : Installez-le au plafond pour cr\u00e9er des spots lumineux qui diffusent la lumi\u00e8re de mani\u00e8re \u00e9l\u00e9gante et moderne.<\/li>\n\n\n\n<li>\u00c9clairage sous le cabinet : Utilisez une lumi\u00e8re focalis\u00e9e et sans \u00e9blouissement pour illuminer vos surfaces et donner un aspect \u00e9l\u00e9gant et professionnel \u00e0 votre cuisine.<\/li>\n\n\n\n<li>\u00c9clairage de pr\u00e9sentation et d'\u00e9tag\u00e8re : Utilisez un faisceau \u00e9troit de lumi\u00e8re pour attirer l'attention sur vos objets ou collections.<\/li>\n\n\n\n<li>Architectural Highlighting: Use a crisp, strong line of light to show off the building&#8217;s interior or exterior&#8217;s unique lines, edges, and corners.<\/li>\n<\/ul>\n<\/div>\n\n\n\n<div class=\"wp-block-group is-vertical is-layout-flex wp-container-core-group-is-layout-d255d7c4 wp-block-group-is-layout-flex\" style=\"padding-top:var(--wp--preset--spacing--80);padding-bottom:var(--wp--preset--spacing--80)\">\n<h2 class=\"wp-block-heading\" style=\"padding-top:var(--wp--preset--spacing--40);padding-bottom:var(--wp--preset--spacing--40);font-size:25px;font-style:normal;font-weight:600;text-transform:capitalize\">R\u00e9sum\u00e9<\/h2>\n\n\n\n<p>La lentille \u00e0 l'int\u00e9rieur du canal concentre la lumi\u00e8re LED dans un angle de faisceau \u00e9troit de 10 degr\u00e9s. Cela rend les lumi\u00e8res vives et nettes. D'autres faisceaux de diffuseurs, comme 15, 20 ou 60 degr\u00e9s, adoucissent une zone plus large. Si vous souhaitez un excellent \u00e9clairage d'accentuation avec des contours et des d\u00e9tails, ce canal LED \u00e0 lentille de 10 degr\u00e9s est parfait.<\/p>\n<\/div>\n\n\n\n<p><\/p>","protected":false},"featured_media":14209,"template":"","meta":{"_acf_changed":false,"_seopress_robots_primary_cat":"none","_seopress_titles_title":"10 Degree Lens LED Channel | Surface Mount Profile | TANGOOLED","_seopress_titles_desc":"Source this 10 degree lens LED channel for ultra-narrow beam control. Ideal for high-ceiling accent lighting and wall washing. High-quality surface mount profile from TANGOOLED.","_seopress_robots_index":""},"pcb-width":[228],"product-cat":[201],"class_list":{"0":"post-47897","1":"product","2":"type-product","3":"status-publish","4":"has-post-thumbnail","6":"pcb-width-6-12mm","7":"product-cat-optic-lens-profile"},"acf":[],"_links":{"self":[{"href":"https:\/\/tangooled.com\/fr\/wp-json\/wp\/v2\/product\/47897","targetHints":{"allow":["GET"]}}],"collection":[{"href":"https:\/\/tangooled.com\/fr\/wp-json\/wp\/v2\/product"}],"about":[{"href":"https:\/\/tangooled.com\/fr\/wp-json\/wp\/v2\/types\/product"}],"wp:featuredmedia":[{"embeddable":true,"href":"https:\/\/tangooled.com\/fr\/wp-json\/wp\/v2\/media\/14209"}],"wp:attachment":[{"href":"https:\/\/tangooled.com\/fr\/wp-json\/wp\/v2\/media?parent=47897"}],"wp:term":[{"taxonomy":"pcb-width","embeddable":true,"href":"https:\/\/tangooled.com\/fr\/wp-json\/wp\/v2\/pcb-width?post=47897"},{"taxonomy":"product-cat","embeddable":true,"href":"https:\/\/tangooled.com\/fr\/wp-json\/wp\/v2\/product-cat?post=47897"}],"curies":[{"name":"wp","href":"https:\/\/api.w.org\/{rel}","templated":true}]}}