{"id":47893,"date":"2026-01-13T02:18:38","date_gmt":"2026-01-13T10:18:38","guid":{"rendered":"https:\/\/tangooled.com\/?post_type=product&#038;p=47893"},"modified":"2026-02-02T01:38:16","modified_gmt":"2026-02-02T09:38:16","slug":"aluminum-led-profile-30-degree-lens-diffuser-for-10mm-strips","status":"publish","type":"product","link":"https:\/\/tangooled.com\/fr\/product\/aluminum-led-profile-30-degree-lens-diffuser-for-10mm-strips\/","title":{"rendered":"Profil LED en aluminium avec diffuseur de lentille \u00e0 30 degr\u00e9s pour bandes de 10 mm"},"content":{"rendered":"<div class=\"wp-block-group is-vertical is-layout-flex wp-container-core-group-is-layout-d255d7c4 wp-block-group-is-layout-flex\" style=\"padding-top:var(--wp--preset--spacing--80);padding-bottom:var(--wp--preset--spacing--80)\">\n<p>Ce profil en aluminium avec lentille LED \u00e0 30 degr\u00e9s est con\u00e7u pour vous offrir un \u00e9clairage cibl\u00e9. Mesurant 17,2 mm de large et 12,9 mm de haut, il fonctionne avec des bandes LED standard de 10 mm et dispose d'un diffuseur \u00e0 lentille claire pour concentrer la lumi\u00e8re LED dans un angle d'\u00e9mission \u00e9troit, adapt\u00e9 aux applications d'\u00e9clairage avec bande LED d'accentuation. Ce profil LED en aluminium avec diffuseur \u00e0 lentille de 30 degr\u00e9s est \u00e9quip\u00e9 de clips de montage pour une installation facile. Il peut \u00eatre fix\u00e9 en toute s\u00e9curit\u00e9 \u00e0 toute surface. Que vous \u00e9clairiez une vitrine de magasin ou ajoutiez une touche sophistiqu\u00e9e \u00e0 votre domicile, ce profil combine durabilit\u00e9 et finition professionnelle \u00e9l\u00e9gante.<\/p>\n<\/div>\n\n\n\n<div class=\"wp-block-group has-background\" style=\"background-color:#f1f1f1;padding-top:var(--wp--preset--spacing--80);padding-bottom:var(--wp--preset--spacing--80)\"><div class=\"wp-block-group__inner-container is-layout-constrained wp-block-group-is-layout-constrained\">\n<div class=\"wp-block-group is-vertical is-layout-flex wp-container-core-group-is-layout-8cf370e7 wp-block-group-is-layout-flex\">\n<h2 class=\"wp-block-heading\" style=\"padding-top:var(--wp--preset--spacing--40);padding-bottom:var(--wp--preset--spacing--40);font-size:25px;font-style:normal;font-weight:600;text-transform:capitalize\">Pourquoi choisir notre profil LED \u00e0 lentille de 30 degr\u00e9s ?<\/h2>\n\n\n\n<p>Notre profil LED \u00e0 lentille de 30 degr\u00e9s offre de nombreux avantages :<\/p>\n\n\n\n<ul class=\"wp-block-list\">\n<li>Focused light beam: The 30\u00b0 lens makes a tight beam of light that doesn&#8217;t cause glare, so it goes exactly where you want it to.<\/li>\n\n\n\n<li>Strong aluminum channel: It keeps LED strips cool and makes them last\u00a0longer by acting as a heat sink.<\/li>\n\n\n\n<li>This\u00a0channel\u00a0is great for 10mm LED strips because it has an inner width of 12mm. It works with popular models like the 5050 and 2835.<\/li>\n\n\n\n<li>Ce produit comprend tout ce dont vous avez besoin pour l'installer rapidement et proprement, y compris des capuchons de fin et des clips de montage.<\/li>\n<\/ul>\n<\/div>\n<\/div><\/div>\n\n\n\n<div class=\"wp-block-group is-vertical is-layout-flex wp-container-core-group-is-layout-d255d7c4 wp-block-group-is-layout-flex\" style=\"padding-top:var(--wp--preset--spacing--80);padding-bottom:var(--wp--preset--spacing--80)\">\n<hr class=\"wp-block-separator has-alpha-channel-opacity\"\/>\n\n\n\n<div class=\"wp-block-media-text has-media-on-the-right is-stacked-on-mobile\" style=\"grid-template-columns:auto 40%\"><div class=\"wp-block-media-text__content\">\n<h2 class=\"wp-block-heading\" style=\"padding-top:var(--wp--preset--spacing--40);padding-bottom:var(--wp--preset--spacing--40);font-size:25px;font-style:normal;font-weight:600;text-transform:capitalize\">Conseils d'installation pour de meilleurs r\u00e9sultats<\/h2>\n\n\n\n<ul class=\"wp-block-list\">\n<li>Make sure the LED strip is firmly attached to the base of the aluminum channel. Drill\u00a0a hole in the channel and run the power cord through it.<\/li>\n\n\n\n<li>Utilisez des vis pour fixer les clips de montage \u00e0 la surface sur laquelle vous souhaitez les installer.<\/li>\n\n\n\n<li>Placez le canal en aluminium sur les clips d\u00e9j\u00e0 en place.<\/li>\n\n\n\n<li>Branchez le cordon d'alimentation dans l'alimentation \u00e9lectrique.<\/li>\n\n\n\n<li>Pour terminer l'installation, mettez les capuchons de fin et clipsiez le couvercle du diffuseur LED.<\/li>\n<\/ul>\n<\/div><figure class=\"wp-block-media-text__media\"><img loading=\"lazy\" decoding=\"async\" width=\"500\" height=\"500\" src=\"https:\/\/tangooled.com\/wp-content\/uploads\/2026\/01\/fp01l-ins.webp\" alt=\"aluminum led profile with 30 degree lens diffuser for 10mm led strips\" class=\"wp-image-48331 size-full\" srcset=\"https:\/\/tangooled.com\/wp-content\/uploads\/2026\/01\/fp01l-ins.webp 500w, https:\/\/tangooled.com\/wp-content\/uploads\/2026\/01\/fp01l-ins-300x300.webp 300w, https:\/\/tangooled.com\/wp-content\/uploads\/2026\/01\/fp01l-ins-150x150.webp 150w\" sizes=\"auto, (max-width: 500px) 100vw, 500px\" \/><\/figure><\/div>\n<\/div>\n\n\n\n<div class=\"wp-block-group has-background\" style=\"background-color:#f1f1f1f2;padding-top:var(--wp--preset--spacing--80);padding-bottom:var(--wp--preset--spacing--80)\"><div class=\"wp-block-group__inner-container is-layout-constrained wp-block-group-is-layout-constrained\">\n<h2 class=\"wp-block-heading\" style=\"padding-top:var(--wp--preset--spacing--40);padding-bottom:var(--wp--preset--spacing--40);font-size:25px;font-style:normal;font-weight:600\">O\u00f9 pouvez-vous utiliser le profil LED \u00e0 lentille de 30 degr\u00e9s ?<\/h2>\n\n\n\n<ul class=\"wp-block-list\">\n<li>\u00c9clairage de cabinet \u00e0 domicile : Installez-les dans votre cuisine ou vos placards pour un \u00e9clairage de tablette sans \u00e9blouissement.<\/li>\n\n\n\n<li>Pour les entreprises : Id\u00e9al pour les vitrines, les comptoirs et les accents d'\u00e9clairage cibl\u00e9s.<\/li>\n\n\n\n<li>\u00c9clairage architectural : Utilisez-le pour \u00e9clairer les lignes de plafond, les accents muraux et de beaux designs de lumi\u00e8re lin\u00e9aire.<\/li>\n\n\n\n<li>Closets and shelves: Helps make light that is concentrated and doesn&#8217;t cause glare for everyday use.<\/li>\n<\/ul>\n<\/div><\/div>\n\n\n\n<div class=\"wp-block-group is-vertical is-layout-flex wp-container-core-group-is-layout-d255d7c4 wp-block-group-is-layout-flex\" style=\"padding-top:var(--wp--preset--spacing--80);padding-bottom:var(--wp--preset--spacing--80)\">\n<h2 class=\"wp-block-heading\" style=\"padding-top:var(--wp--preset--spacing--40);padding-bottom:var(--wp--preset--spacing--40);font-size:25px;font-style:normal;font-weight:600;text-transform:capitalize\">D\u00e9couvrez d'autres profils LED<\/h2>\n\n\n\n<ul class=\"wp-block-list\">\n<li><a href=\"https:\/\/tangooled.com\/fr\/product\/led-strip-light-channel-aluminum-profile-with-diffused-cover-6mm-height\/\"><mark style=\"background-color:rgba(0, 0, 0, 0)\" class=\"has-inline-color has-vivid-red-color\">Profil en aluminium pour bande LED avec couvercle diffusant de 6 mm de hauteur<\/mark><\/a><\/li>\n\n\n\n<li><a href=\"https:\/\/tangooled.com\/fr\/product\/black-aluminum-u-channel-profile-for-10mm-led-strips\/\"><mark style=\"background-color:rgba(0, 0, 0, 0)\" class=\"has-inline-color has-vivid-red-color\">Profil en U en aluminium noir pour bandes LED de 10 mm<\/mark><\/a><\/li>\n\n\n\n<li><a href=\"https:\/\/tangooled.com\/fr\/product\/aluminum-profile-with-60-degree-lens-led-diffuser\/\"><mark style=\"background-color:rgba(0, 0, 0, 0)\" class=\"has-inline-color has-vivid-red-color\">Profil en aluminium avec diffuseur lentille LED \u00e0 60 degr\u00e9s<\/mark><\/a><\/li>\n\n\n\n<li><a href=\"https:\/\/tangooled.com\/fr\/product\/15x16mm-led-channel-with-half-round-diffuser-for-10mm-led-strips\/\"><mark style=\"background-color:rgba(0, 0, 0, 0)\" class=\"has-inline-color has-vivid-red-color\">profil LED 15x16mm avec diffuseur semi-arrondi pour bandes LED de 10mm<\/mark><\/a><\/li>\n<\/ul>\n<\/div>\n\n\n\n<div class=\"wp-block-group has-background\" style=\"background-color:#f1f1f1f2;padding-top:var(--wp--preset--spacing--80);padding-bottom:var(--wp--preset--spacing--80)\"><div class=\"wp-block-group__inner-container is-layout-constrained wp-block-group-is-layout-constrained\">\n<h2 class=\"wp-block-heading\" style=\"padding-top:var(--wp--preset--spacing--40);padding-bottom:var(--wp--preset--spacing--40);font-size:25px;font-style:normal;font-weight:600\">Kit complet pour une installation professionnelle<\/h2>\n\n\n\n<ul class=\"wp-block-list\">\n<li>1X Canal en aluminium (mod\u00e8le TG-FP01L)<\/li>\n\n\n\n<li>1x diffuseur \u00e0 lentille optique \u00e0 30 degr\u00e9s (transparent, plastique dur)<\/li>\n\n\n\n<li>2x clips de montage pour un maintien s\u00e9curis\u00e9<\/li>\n\n\n\n<li>2x capuchons de fin (un avec trou pour le fil, un sans)<br><\/li>\n<\/ul>\n<\/div><\/div>\n\n\n\n<div class=\"wp-block-group is-vertical is-layout-flex wp-container-core-group-is-layout-d255d7c4 wp-block-group-is-layout-flex\" style=\"padding-top:var(--wp--preset--spacing--80);padding-bottom:var(--wp--preset--spacing--80)\">\n<h2 class=\"wp-block-heading\" style=\"padding-top:var(--wp--preset--spacing--40);padding-bottom:var(--wp--preset--spacing--40);font-size:25px;font-style:normal;font-weight:600;text-transform:capitalize\">R\u00e9sum\u00e9<\/h2>\n\n\n\n<p>Ce profil LED en aluminium avec diffuseur \u00e0 lentille de 30 degr\u00e9s est id\u00e9al pour l'\u00e9clairage \u00e0 bande LED. Il est con\u00e7u pour ceux qui veulent une lumi\u00e8re claire et cibl\u00e9e de leurs bandes LED de 10 mm. Vous pouvez l'utiliser pour l'extrusion d'\u00e9clairage d'accentuation, les profils LED de d\u00e9calage mural, les projets d'\u00e9clairage DIY ou le design d'\u00e9clairage architectural. Le faisceau fort vous aide \u00e0 souligner les d\u00e9tails et \u00e0 r\u00e9duire les d\u00e9bordements de lumi\u00e8re et l'\u00e9blouissement.<\/p>\n<\/div>\n\n\n\n<p><\/p>","protected":false},"featured_media":14204,"template":"","meta":{"_acf_changed":true,"_seopress_robots_primary_cat":"none","_seopress_titles_title":"30 Degree Lens LED Profile | Aluminum Channel | FP01L | TANGOOLED","_seopress_titles_desc":"Source this aluminum LED profile featuring a 30 degree lens diffuser. Designed for 10mm LED strips, it provides focused beam control for wall washing and accent lighting.","_seopress_robots_index":""},"pcb-width":[228],"product-cat":[201],"class_list":{"0":"post-47893","1":"product","2":"type-product","3":"status-publish","4":"has-post-thumbnail","6":"pcb-width-6-12mm","7":"product-cat-optic-lens-profile"},"acf":[],"_links":{"self":[{"href":"https:\/\/tangooled.com\/fr\/wp-json\/wp\/v2\/product\/47893","targetHints":{"allow":["GET"]}}],"collection":[{"href":"https:\/\/tangooled.com\/fr\/wp-json\/wp\/v2\/product"}],"about":[{"href":"https:\/\/tangooled.com\/fr\/wp-json\/wp\/v2\/types\/product"}],"wp:featuredmedia":[{"embeddable":true,"href":"https:\/\/tangooled.com\/fr\/wp-json\/wp\/v2\/media\/14204"}],"wp:attachment":[{"href":"https:\/\/tangooled.com\/fr\/wp-json\/wp\/v2\/media?parent=47893"}],"wp:term":[{"taxonomy":"pcb-width","embeddable":true,"href":"https:\/\/tangooled.com\/fr\/wp-json\/wp\/v2\/pcb-width?post=47893"},{"taxonomy":"product-cat","embeddable":true,"href":"https:\/\/tangooled.com\/fr\/wp-json\/wp\/v2\/product-cat?post=47893"}],"curies":[{"name":"wp","href":"https:\/\/api.w.org\/{rel}","templated":true}]}}