{"id":47891,"date":"2026-01-13T02:05:15","date_gmt":"2026-01-13T10:05:15","guid":{"rendered":"https:\/\/tangooled.com\/?post_type=product&#038;p=47891"},"modified":"2026-02-02T01:38:34","modified_gmt":"2026-02-02T09:38:34","slug":"led-square-diffuser-aluminum-channel-20x23mm-inner-17mm","status":"publish","type":"product","link":"https:\/\/tangooled.com\/fr\/product\/led-square-diffuser-aluminum-channel-20x23mm-inner-17mm\/","title":{"rendered":"profil en aluminium diffuseur carr\u00e9 LED 20x23mm int\u00e9rieur 17mm"},"content":{"rendered":"<div class=\"wp-block-group is-vertical is-layout-flex wp-container-core-group-is-layout-d255d7c4 wp-block-group-is-layout-flex\" style=\"padding-top:var(--wp--preset--spacing--80);padding-bottom:var(--wp--preset--spacing--80)\">\n<p>Le LP20B est un canal en aluminium diffuseur carr\u00e9 LED de 20x23mm avec un design architectural \u00e9l\u00e9gant. La largeur int\u00e9rieure de 17,4mm et le design \u00e0 profil profond le rendent id\u00e9al pour les bandes LED plus larges. Cela signifie qu'il peut g\u00e9rer efficacement la chaleur, et le diffuseur carr\u00e9 rend la lumi\u00e8re homog\u00e8ne et sans points. Vous pouvez installer simplement et en toute s\u00e9curit\u00e9 le canal en aluminium sur une surface propre avec des clips de montage. Ce canal a des capuchons de fin assortis et cache tous ses \u00e9l\u00e9ments internes, donc il a l'air soign\u00e9 dans les maisons, les entreprises ou les vitrines.<\/p>\n<\/div>\n\n\n\n<div class=\"wp-block-group has-background\" style=\"background-color:#f1f1f1;padding-top:var(--wp--preset--spacing--80);padding-bottom:var(--wp--preset--spacing--80)\"><div class=\"wp-block-group__inner-container is-layout-constrained wp-block-group-is-layout-constrained\">\n<div class=\"wp-block-group is-vertical is-layout-flex wp-container-core-group-is-layout-8cf370e7 wp-block-group-is-layout-flex\">\n<h2 class=\"wp-block-heading\" style=\"padding-top:var(--wp--preset--spacing--40);padding-bottom:var(--wp--preset--spacing--40);font-size:25px;font-style:normal;font-weight:600;text-transform:capitalize\">Pourquoi choisir notre canal en aluminium diffuseur carr\u00e9 LED de 20X23mm ?<\/h2>\n\n\n\n<ul class=\"wp-block-list\">\n<li>Fort dissipateur de chaleur : L'aluminium 6063-T5 emp\u00eache la LED de surchauffer, ce qui prolonge sa dur\u00e9e de vie.<\/li>\n\n\n\n<li>\u00c9clairage sans points : Le diffuseur opale-satin\u00e9 r\u00e9partit la lumi\u00e8re de mani\u00e8re uniforme et douce.<\/li>\n\n\n\n<li>Les bandes LED larges et \u00e0 double rang\u00e9e s'adaptent \u00e0 des bandes d'une largeur int\u00e9rieure allant jusqu'\u00e0 17mm.<\/li>\n\n\n\n<li>Solide et soign\u00e9 : Prot\u00e8ge les LED de la poussi\u00e8re et des dommages.<\/li>\n\n\n\n<li>Vous pouvez choisir parmi des finitions argent\u00e9es, noires ou blanches.<\/li>\n\n\n\n<li>Il est livr\u00e9 avec des clips et des capuchons de fin, ce qui le rend facile \u00e0 assembler.<\/li>\n<\/ul>\n<\/div>\n<\/div><\/div>\n\n\n\n<div class=\"wp-block-group is-vertical is-layout-flex wp-container-core-group-is-layout-d255d7c4 wp-block-group-is-layout-flex\" style=\"padding-top:var(--wp--preset--spacing--80);padding-bottom:var(--wp--preset--spacing--80)\">\n<hr class=\"wp-block-separator has-alpha-channel-opacity\"\/>\n\n\n\n<div class=\"wp-block-media-text has-media-on-the-right is-stacked-on-mobile\" style=\"grid-template-columns:auto 40%\"><div class=\"wp-block-media-text__content\">\n<h2 class=\"wp-block-heading\" style=\"padding-top:var(--wp--preset--spacing--40);padding-bottom:var(--wp--preset--spacing--40);font-size:25px;font-style:normal;font-weight:600;text-transform:capitalize\">\u00c9tapes d'installation<\/h2>\n\n\n\n<ul class=\"wp-block-list\">\n<li>Fixez les clips de montage \u00e0 la surface.<\/li>\n\n\n\n<li>Placez votre bande LED \u00e0 l'int\u00e9rieur du canal en aluminium.<\/li>\n\n\n\n<li>Mettez le canal dans les clips.<\/li>\n\n\n\n<li>Ajoutez les capuchons de fin et le couvercle diffuseur pour une finition compl\u00e8te.<\/li>\n<\/ul>\n<\/div><figure class=\"wp-block-media-text__media\"><img loading=\"lazy\" decoding=\"async\" width=\"500\" height=\"500\" src=\"https:\/\/tangooled.com\/wp-content\/uploads\/2026\/01\/lp20b-ins.webp\" alt=\"led square diffuser aluminum channel 20x23mm inner 17mm\" class=\"wp-image-48329 size-full\" srcset=\"https:\/\/tangooled.com\/wp-content\/uploads\/2026\/01\/lp20b-ins.webp 500w, https:\/\/tangooled.com\/wp-content\/uploads\/2026\/01\/lp20b-ins-300x300.webp 300w, https:\/\/tangooled.com\/wp-content\/uploads\/2026\/01\/lp20b-ins-150x150.webp 150w\" sizes=\"auto, (max-width: 500px) 100vw, 500px\" \/><\/figure><\/div>\n<\/div>\n\n\n\n<div class=\"wp-block-group has-background is-vertical is-layout-flex wp-container-core-group-is-layout-b429018a wp-block-group-is-layout-flex\" style=\"background-color:#f1f1f1f2;padding-top:var(--wp--preset--spacing--70);padding-bottom:var(--wp--preset--spacing--70)\">\n<h2 class=\"wp-block-heading\" style=\"padding-top:var(--wp--preset--spacing--40);padding-bottom:var(--wp--preset--spacing--40);font-size:25px;font-style:normal;font-weight:600\">Comment utiliser notre canal en aluminium LED<\/h2>\n\n\n\n<ul class=\"wp-block-list\">\n<li>Sous les armoires : Un design soign\u00e9 et une lumi\u00e8re de travail brillante.<\/li>\n\n\n\n<li>Placards et garde-robes : Lumi\u00e8res de rayon brillantes et faciles \u00e0 installer.<\/li>\n\n\n\n<li>Lumi\u00e8res \u00e0 bande propres et brillantes pour magasins et bureaux sur les murs et plafonds.<\/li>\n\n\n\n<li>Vitrines : Utilisez une lumi\u00e8re douce et uniforme pour mettre en valeur vos objets.<\/li>\n\n\n\n<li>\u00c9clairage de cove et d'accentuation : Mettez en valeur les caract\u00e9ristiques architecturales<\/li>\n<\/ul>\n<\/div>\n\n\n\n<div class=\"wp-block-group is-vertical is-layout-flex wp-container-core-group-is-layout-d255d7c4 wp-block-group-is-layout-flex\" style=\"padding-top:var(--wp--preset--spacing--80);padding-bottom:var(--wp--preset--spacing--80)\">\n<h2 class=\"wp-block-heading\" style=\"padding-top:var(--wp--preset--spacing--40);padding-bottom:var(--wp--preset--spacing--40);font-size:25px;font-style:normal;font-weight:600;text-transform:capitalize\">Produits associ\u00e9s qui pourraient vous int\u00e9resser<\/h2>\n\n\n\n<ul class=\"wp-block-list\">\n<li><a href=\"https:\/\/tangooled.com\/fr\/product\/black-led-diffuser-aluminum-channel-for-12mm-tape-lights\/\"><mark style=\"background-color:rgba(0, 0, 0, 0)\" class=\"has-inline-color has-vivid-red-color\">Profil en aluminium avec diffuseur LED noir pour bandes de 12 mm<\/mark><\/a><\/li>\n\n\n\n<li><a href=\"https:\/\/tangooled.com\/fr\/product\/surface-mount-led-profile-with-frosted-diffuser-for-10mm-rope-lights\/\"><mark style=\"background-color:rgba(0, 0, 0, 0)\" class=\"has-inline-color has-vivid-red-color\">Profil LED \u00e0 montage en surface avec diffuseur d\u00e9poli pour bandes de 10 mm<\/mark><\/a><\/li>\n\n\n\n<li><a href=\"https:\/\/tangooled.com\/fr\/product\/recessed-aluminum-profile-17x8mm-for-led-strip-lighting\/\"><mark style=\"background-color:rgba(0, 0, 0, 0)\" class=\"has-inline-color has-vivid-red-color\">Profil en aluminium encastr\u00e9 17x8mm pour \u00e9clairage \u00e0 bande LED<\/mark><\/a><\/li>\n\n\n\n<li><a href=\"https:\/\/tangooled.com\/fr\/product\/17mm-led-strip-light-aluminum-channel-for-surface-mounting\/\"><mark style=\"background-color:rgba(0, 0, 0, 0)\" class=\"has-inline-color has-vivid-red-color\">Canal en aluminium pour bande LED de 17 mm \u00e0 montage en surface<\/mark><\/a><\/li>\n<\/ul>\n<\/div>\n\n\n\n<div class=\"wp-block-group has-background is-vertical is-layout-flex wp-container-core-group-is-layout-b429018a wp-block-group-is-layout-flex\" style=\"background-color:#f1f1f1f2;padding-top:var(--wp--preset--spacing--70);padding-bottom:var(--wp--preset--spacing--70)\">\n<h2 class=\"wp-block-heading\" style=\"padding-top:var(--wp--preset--spacing--40);padding-bottom:var(--wp--preset--spacing--40);font-size:25px;font-style:normal;font-weight:600\">R\u00e9sum\u00e9<\/h2>\n\n\n\n<p style=\"padding-right:var(--wp--preset--spacing--50);padding-left:var(--wp--preset--spacing--50)\">Notre canal en aluminium diffuseur carr\u00e9 LED de 20x23mm est le moyen id\u00e9al pour garder vos bandes LED soign\u00e9es, brillantes et en s\u00e9curit\u00e9. Ce canal LED peut \u00eatre utilis\u00e9 \u00e0 de nombreuses fins, y compris pour \u00e9clairer des maisons, des entreprises, etc.<\/p>\n<\/div>\n\n\n\n<p><\/p>","protected":false},"featured_media":14110,"template":"","meta":{"_acf_changed":true,"_seopress_robots_primary_cat":"none","_seopress_titles_title":"20x23mm LED Square Diffuser Aluminum Channel LP20B | TANGOOLED","_seopress_titles_desc":"Source this 20x23mm LED square diffuser aluminum channel. Featuring a 17mm inner width, it provides deep housing for high-density LED strips with a flat, modern finish.","_seopress_robots_index":""},"pcb-width":[229],"product-cat":[192],"class_list":{"0":"post-47891","1":"product","2":"type-product","3":"status-publish","4":"has-post-thumbnail","6":"pcb-width-15-20mm","7":"product-cat-surface-led-profile"},"acf":[],"_links":{"self":[{"href":"https:\/\/tangooled.com\/fr\/wp-json\/wp\/v2\/product\/47891","targetHints":{"allow":["GET"]}}],"collection":[{"href":"https:\/\/tangooled.com\/fr\/wp-json\/wp\/v2\/product"}],"about":[{"href":"https:\/\/tangooled.com\/fr\/wp-json\/wp\/v2\/types\/product"}],"wp:featuredmedia":[{"embeddable":true,"href":"https:\/\/tangooled.com\/fr\/wp-json\/wp\/v2\/media\/14110"}],"wp:attachment":[{"href":"https:\/\/tangooled.com\/fr\/wp-json\/wp\/v2\/media?parent=47891"}],"wp:term":[{"taxonomy":"pcb-width","embeddable":true,"href":"https:\/\/tangooled.com\/fr\/wp-json\/wp\/v2\/pcb-width?post=47891"},{"taxonomy":"product-cat","embeddable":true,"href":"https:\/\/tangooled.com\/fr\/wp-json\/wp\/v2\/product-cat?post=47891"}],"curies":[{"name":"wp","href":"https:\/\/api.w.org\/{rel}","templated":true}]}}