{"id":47888,"date":"2026-01-13T02:03:04","date_gmt":"2026-01-13T10:03:04","guid":{"rendered":"https:\/\/tangooled.com\/?post_type=product&#038;p=47888"},"modified":"2026-01-29T22:07:25","modified_gmt":"2026-01-30T06:07:25","slug":"led-curved-diffuser-aluminum-channel-19x23mm-for-15mm-strips","status":"publish","type":"product","link":"https:\/\/tangooled.com\/fr\/product\/led-curved-diffuser-aluminum-channel-19x23mm-for-15mm-strips\/","title":{"rendered":"profil en aluminium diffuseur courb\u00e9 LED 19x23mm pour bandes de 15mm"},"content":{"rendered":"<div class=\"wp-block-group is-vertical is-layout-flex wp-container-core-group-is-layout-d255d7c4 wp-block-group-is-layout-flex\" style=\"padding-top:var(--wp--preset--spacing--80);padding-bottom:var(--wp--preset--spacing--80)\">\n<p>The LP20A is a high-quality LED curved diffuser aluminum channel 19x23mm that will give you a great lighting experience. It has a wide 17.4mm inner width that fits LED strips up to 15mm perfectly. The deep-profile design and curved diffuser make sure that the glow is smooth and dot-free. Installation is quick and easy. Just use the provided mounting clips to attach it securely to any flat surface. This channel comes with matching end caps and gives a clean, professional look. It&#8217;s great for both home and business projects.<\/p>\n<\/div>\n\n\n\n<div class=\"wp-block-group has-background\" style=\"background-color:#f1f1f1;padding-top:var(--wp--preset--spacing--80);padding-bottom:var(--wp--preset--spacing--80)\"><div class=\"wp-block-group__inner-container is-layout-constrained wp-block-group-is-layout-constrained\">\n<div class=\"wp-block-group is-vertical is-layout-flex wp-container-core-group-is-layout-8cf370e7 wp-block-group-is-layout-flex\">\n<h2 class=\"wp-block-heading\" style=\"padding-top:var(--wp--preset--spacing--40);padding-bottom:var(--wp--preset--spacing--40);font-size:25px;font-style:normal;font-weight:600;text-transform:capitalize\">Pourquoi choisir ce canal diffuseur en aluminium courb\u00e9 de 19x23mm ?<\/h2>\n\n\n\n<ul class=\"wp-block-list\">\n<li>Fabriqu\u00e9 en alliage d'aluminium robuste 6063-T5, ce qui aide les LED \u00e0 durer plus longtemps et \u00e0 se refroidir plus rapidement.<\/li>\n\n\n\n<li>Le diffuseur en polycarbonate opale rend l'\u00e9blouissement des LED moins agressif et cache les points LED.<\/li>\n\n\n\n<li>Fonctionne parfaitement avec des bandes LED de 15mm de large pour vous offrir une lumi\u00e8re large et uniforme.<\/li>\n\n\n\n<li>Fourni avec clips et embouts pour une installation facile.<\/li>\n<\/ul>\n<\/div>\n<\/div><\/div>\n\n\n\n<div class=\"wp-block-group is-vertical is-layout-flex wp-container-core-group-is-layout-d255d7c4 wp-block-group-is-layout-flex\" style=\"padding-top:var(--wp--preset--spacing--80);padding-bottom:var(--wp--preset--spacing--80)\">\n<hr class=\"wp-block-separator has-alpha-channel-opacity\"\/>\n\n\n\n<div class=\"wp-block-media-text has-media-on-the-right is-stacked-on-mobile\" style=\"grid-template-columns:auto 40%\"><div class=\"wp-block-media-text__content\">\n<h2 class=\"wp-block-heading\" style=\"padding-top:var(--wp--preset--spacing--40);padding-bottom:var(--wp--preset--spacing--40);font-size:25px;font-style:normal;font-weight:600;text-transform:capitalize\">Installation facile<\/h2>\n\n\n\n<ul class=\"wp-block-list\">\n<li>Pour un montage en surface s\u00e9curis\u00e9, utilisez les clips de montage qui l\u2019accompagnent.<\/li>\n\n\n\n<li>In addition, you may also put the profile into drywall so that it doesn&#8217;t show.<\/li>\n\n\n\n<li>Vous pouvez facilement couper le canal \u00e0 la bonne longueur sur place.<\/li>\n\n\n\n<li>Pour finir rapidement, clipsez le diffuseur \u00e0 clip.<\/li>\n<\/ul>\n<\/div><figure class=\"wp-block-media-text__media\"><img loading=\"lazy\" decoding=\"async\" width=\"500\" height=\"500\" src=\"https:\/\/tangooled.com\/wp-content\/uploads\/2026\/01\/lp20a-ins.webp\" alt=\"led curved diffuser aluminum channel 19x23mm for 15mm strips\" class=\"wp-image-48326 size-full\" srcset=\"https:\/\/tangooled.com\/wp-content\/uploads\/2026\/01\/lp20a-ins.webp 500w, https:\/\/tangooled.com\/wp-content\/uploads\/2026\/01\/lp20a-ins-300x300.webp 300w, https:\/\/tangooled.com\/wp-content\/uploads\/2026\/01\/lp20a-ins-150x150.webp 150w\" sizes=\"auto, (max-width: 500px) 100vw, 500px\" \/><\/figure><\/div>\n<\/div>\n\n\n\n<div class=\"wp-block-group has-background\" style=\"background-color:#f1f1f1f2;padding-top:var(--wp--preset--spacing--80);padding-bottom:var(--wp--preset--spacing--80)\"><div class=\"wp-block-group__inner-container is-layout-constrained wp-block-group-is-layout-constrained\">\n<h2 class=\"wp-block-heading\" style=\"padding-top:var(--wp--preset--spacing--40);padding-bottom:var(--wp--preset--spacing--40);font-size:25px;font-style:normal;font-weight:600;text-transform:capitalize\">o\u00f9 ce produit peut-il \u00eatre utilis\u00e9 ?<\/h2>\n\n\n\n<ul class=\"wp-block-list\">\n<li>Sous les armoires : Un design soign\u00e9 et une lumi\u00e8re de travail brillante.<\/li>\n\n\n\n<li>Placards et garde-robes : Lumi\u00e8res de rayon brillantes et faciles \u00e0 installer.<\/li>\n\n\n\n<li>Lumi\u00e8res \u00e0 bande propres et brillantes pour magasins et bureaux sur les murs et plafonds.<\/li>\n\n\n\n<li>Vitrines : Utilisez une lumi\u00e8re douce et uniforme pour mettre en valeur vos objets.<\/li>\n\n\n\n<li>\u00c9clairage de cove et d'accentuation : Mettez en valeur les caract\u00e9ristiques architecturales.<\/li>\n<\/ul>\n<\/div><\/div>\n\n\n\n<div class=\"wp-block-group is-vertical is-layout-flex wp-container-core-group-is-layout-d255d7c4 wp-block-group-is-layout-flex\" style=\"padding-top:var(--wp--preset--spacing--80);padding-bottom:var(--wp--preset--spacing--80)\">\n<h2 class=\"wp-block-heading\" style=\"padding-top:var(--wp--preset--spacing--40);padding-bottom:var(--wp--preset--spacing--40);font-size:25px;font-style:normal;font-weight:600;text-transform:capitalize\">Produits connexes \u00e0 consid\u00e9rer<\/h2>\n\n\n\n<ul class=\"wp-block-list\">\n<li><a href=\"https:\/\/tangooled.com\/fr\/product\/22x10mm-led-profile-light-channel-for-15mm-flexible-led-strips\/\"><mark style=\"background-color:rgba(0, 0, 0, 0)\" class=\"has-inline-color has-vivid-red-color\">Profil\u00e9 lumineux LED 22x10mm pour bandes LED flexibles de 15mm<\/mark><\/a> pour un autre ajustement de taille.<\/li>\n\n\n\n<li><a href=\"https:\/\/tangooled.com\/fr\/product\/aluminum-u-channel-with-curved-led-diffuser-inner-16mm\/\"><mark style=\"background-color:rgba(0, 0, 0, 0)\" class=\"has-inline-color has-vivid-red-color\">Canal en aluminium en U avec diffuseur LED courb\u00e9 int\u00e9rieur de 16mm<\/mark><\/a> pour les bandes LED plus petites.<\/li>\n\n\n\n<li><a href=\"https:\/\/tangooled.com\/fr\/product\/25mm-u-shape-led-mounting-channel-for-15mm-double-row-led-strip-lights\/\"><mark style=\"background-color:rgba(0, 0, 0, 0)\" class=\"has-inline-color has-vivid-red-color\">Canal de montage LED en forme de U de 25mm pour bandes LED \u00e0 double rang\u00e9e de 15mm <\/mark><\/a>pour une configuration \u00e0 double rang\u00e9e de LED.<\/li>\n<\/ul>\n<\/div>\n\n\n\n<p><\/p>","protected":false},"featured_media":14107,"template":"","meta":{"_acf_changed":true,"_seopress_robots_primary_cat":"none","_seopress_titles_title":"LED Curved Diffuser Aluminum Channel 19x23mm LP20A | TANGOOLED","_seopress_titles_desc":"Source this 19x23mm LED curved diffuser aluminum channel. Specially made for 15mm LED strips to ensure optimal heat dissipation and smooth light output.","_seopress_robots_index":""},"pcb-width":[229],"product-cat":[192],"class_list":{"0":"post-47888","1":"product","2":"type-product","3":"status-publish","4":"has-post-thumbnail","6":"pcb-width-15-20mm","7":"product-cat-surface-led-profile"},"acf":[],"_links":{"self":[{"href":"https:\/\/tangooled.com\/fr\/wp-json\/wp\/v2\/product\/47888","targetHints":{"allow":["GET"]}}],"collection":[{"href":"https:\/\/tangooled.com\/fr\/wp-json\/wp\/v2\/product"}],"about":[{"href":"https:\/\/tangooled.com\/fr\/wp-json\/wp\/v2\/types\/product"}],"wp:featuredmedia":[{"embeddable":true,"href":"https:\/\/tangooled.com\/fr\/wp-json\/wp\/v2\/media\/14107"}],"wp:attachment":[{"href":"https:\/\/tangooled.com\/fr\/wp-json\/wp\/v2\/media?parent=47888"}],"wp:term":[{"taxonomy":"pcb-width","embeddable":true,"href":"https:\/\/tangooled.com\/fr\/wp-json\/wp\/v2\/pcb-width?post=47888"},{"taxonomy":"product-cat","embeddable":true,"href":"https:\/\/tangooled.com\/fr\/wp-json\/wp\/v2\/product-cat?post=47888"}],"curies":[{"name":"wp","href":"https:\/\/api.w.org\/{rel}","templated":true}]}}