{"id":47886,"date":"2026-01-13T02:00:37","date_gmt":"2026-01-13T10:00:37","guid":{"rendered":"https:\/\/tangooled.com\/?post_type=product&#038;p=47886"},"modified":"2026-01-29T22:05:52","modified_gmt":"2026-01-30T06:05:52","slug":"15x16mm-led-channel-with-half-round-diffuser-lp04","status":"publish","type":"product","link":"https:\/\/tangooled.com\/fr\/product\/15x16mm-led-channel-with-half-round-diffuser-lp04\/","title":{"rendered":"profil LED 15x16mm avec diffuseur semi-arrondi pour bandes LED de 10mm"},"content":{"rendered":"<div class=\"wp-block-group is-vertical is-layout-flex wp-container-core-group-is-layout-d255d7c4 wp-block-group-is-layout-flex\" style=\"padding-top:var(--wp--preset--spacing--80);padding-bottom:var(--wp--preset--spacing--80)\">\n<p>Le canal LED 15x16mm avec diffuseur \u00e0 demi-rond pour bandes de 10mm est con\u00e7u pour vous fournir une lumi\u00e8re lisse, brillante et uniforme. Ce canal LED 15x16mm rend vos bandes de 10mm semblables \u00e0 un \u00e9clairage propre et professionnel, avec un diffuseur incurv\u00e9 qui r\u00e9duit l'\u00e9blouissement. Il s'adapte bien et prot\u00e8ge vos bandes LED tout en laissant \u00e9chapper la chaleur pour qu'elles durent plus longtemps.<\/p>\n<\/div>\n\n\n\n<div class=\"wp-block-group has-background\" style=\"background-color:#f1f1f1;padding-top:var(--wp--preset--spacing--80);padding-bottom:var(--wp--preset--spacing--80)\"><div class=\"wp-block-group__inner-container is-layout-constrained wp-block-group-is-layout-constrained\">\n<div class=\"wp-block-group is-vertical is-layout-flex wp-container-core-group-is-layout-8cf370e7 wp-block-group-is-layout-flex\">\n<h2 class=\"wp-block-heading\" style=\"padding-top:var(--wp--preset--spacing--40);padding-bottom:var(--wp--preset--spacing--40);font-size:25px;font-style:normal;font-weight:600;text-transform:capitalize\">Aper\u00e7u du canal LED 15x16mm avec diffuseur \u00e0 demi-rond <\/h2>\n\n\n\n<ul class=\"wp-block-list\">\n<li>La largeur int\u00e9rieure est de 13,4mm, elle convient donc parfaitement aux bandes LED de 10mm. Cela inclut les bandes SMD 5050, 2835 et COB.<\/li>\n\n\n\n<li>Diffuseur \u00e0 demi-rond : Notre diffuseur polycarbonate opale fournit une lumi\u00e8re douce, sans point, id\u00e9ale pour les maisons et les entreprises.<\/li>\n\n\n\n<li>This product is strong and won&#8217;t rust because it is made of 6063-T5 anodized aluminum alloy.<\/li>\n\n\n\n<li>Petite taille : il mesure 16mm de large et 15mm de haut \u00e0 l'ext\u00e9rieur, il s'adapte donc aux petits espaces et \u00e9conomise de l'espace.<\/li>\n\n\n\n<li>Kit complet : comprend un canal, une lentille diffuseur, deux clips de montage en m\u00e9tal et deux capuchons d'extr\u00e9mit\u00e9 (un avec un trou pour un fil).<\/li>\n<\/ul>\n<\/div>\n<\/div><\/div>\n\n\n\n<div class=\"wp-block-group is-vertical is-layout-flex wp-container-core-group-is-layout-d255d7c4 wp-block-group-is-layout-flex\" style=\"padding-top:var(--wp--preset--spacing--80);padding-bottom:var(--wp--preset--spacing--80)\">\n<hr class=\"wp-block-separator has-alpha-channel-opacity\"\/>\n\n\n\n<div class=\"wp-block-media-text has-media-on-the-right is-stacked-on-mobile\" style=\"grid-template-columns:auto 40%\"><div class=\"wp-block-media-text__content\">\n<h2 class=\"wp-block-heading\" style=\"padding-top:var(--wp--preset--spacing--40);padding-bottom:var(--wp--preset--spacing--40);font-size:25px;font-style:normal;font-weight:600;text-transform:capitalize\">\u00c9tapes pour l'installation<\/h2>\n\n\n\n<ul class=\"wp-block-list\">\n<li>Utilisez des vis pour fixer les clips en m\u00e9tal \u00e0 la surface.<\/li>\n\n\n\n<li>Placez votre bande LED de 10mm \u00e0 l'int\u00e9rieur du canal en aluminium.<\/li>\n\n\n\n<li>Assurez-vous que les clips de montage maintiennent le canal fermement.<\/li>\n\n\n\n<li>Poussez le diffuseur \u00e0 demi-rond sur le canal pour obtenir une lumi\u00e8re douce et uniforme.<\/li>\n\n\n\n<li>Mettez les capuchons d'extr\u00e9mit\u00e9 pour prot\u00e9ger les fils et fermer les extr\u00e9mit\u00e9s.<\/li>\n<\/ul>\n<\/div><figure class=\"wp-block-media-text__media\"><img loading=\"lazy\" decoding=\"async\" width=\"500\" height=\"500\" src=\"https:\/\/tangooled.com\/wp-content\/uploads\/2026\/01\/lp04-ins.webp\" alt=\"15x16mm led channel with half round diffuser for 10mm led strips\" class=\"wp-image-48325 size-full\" srcset=\"https:\/\/tangooled.com\/wp-content\/uploads\/2026\/01\/lp04-ins.webp 500w, https:\/\/tangooled.com\/wp-content\/uploads\/2026\/01\/lp04-ins-300x300.webp 300w, https:\/\/tangooled.com\/wp-content\/uploads\/2026\/01\/lp04-ins-150x150.webp 150w\" sizes=\"auto, (max-width: 500px) 100vw, 500px\" \/><\/figure><\/div>\n<\/div>\n\n\n\n<div class=\"wp-block-group has-background is-vertical is-layout-flex wp-container-core-group-is-layout-b429018a wp-block-group-is-layout-flex\" style=\"background-color:#f1f1f1f2;padding-top:var(--wp--preset--spacing--70);padding-bottom:var(--wp--preset--spacing--70)\">\n<h2 class=\"wp-block-heading\" style=\"padding-top:var(--wp--preset--spacing--40);padding-bottom:var(--wp--preset--spacing--40);font-size:25px;font-style:normal;font-weight:600\">Meilleures applications<\/h2>\n\n\n\n<ul class=\"wp-block-list\">\n<li>Bright lighting under the kitchen cabinets that doesn&#8217;t make the countertops shine.<\/li>\n\n\n\n<li>Store shelves\u2014use bright, focused light to make things stand out.<\/li>\n\n\n\n<li>Architectural details\u2014indirect lighting for modern cove and wall designs.<\/li>\n\n\n\n<li>Garde-robes et placards : \u00e9clairage propre et uniforme \u00e0 l'int\u00e9rieur des meubles.<\/li>\n\n\n\n<li>Les enclos d'affichage sont des cas \u00e9l\u00e9gants et s\u00fbrs pour les bandes LED qui sont faciles \u00e0 casser.<\/li>\n<\/ul>\n<\/div>\n\n\n\n<div class=\"wp-block-group is-vertical is-layout-flex wp-container-core-group-is-layout-d255d7c4 wp-block-group-is-layout-flex\" style=\"padding-top:var(--wp--preset--spacing--80);padding-bottom:var(--wp--preset--spacing--80)\">\n<h2 class=\"wp-block-heading\" style=\"padding-top:var(--wp--preset--spacing--40);padding-bottom:var(--wp--preset--spacing--40);font-size:25px;font-style:normal;font-weight:600;text-transform:capitalize\">Produits associ\u00e9s<\/h2>\n\n\n\n<ul class=\"wp-block-list\">\n<li>D\u00e9couvrez le <a href=\"https:\/\/tangooled.com\/fr\/product\/black-led-profile-with-black-diffuser-for-10mm-led-strip-light\/\"><mark style=\"background-color:rgba(0, 0, 0, 0)\" class=\"has-inline-color has-vivid-red-color\">Profil LED noir avec diffuseur noir pour bande LED de 10mm<\/mark><\/a> pour une option de finition noire \u00e9l\u00e9gante.<\/li>\n\n\n\n<li>Essayez le <a href=\"https:\/\/tangooled.com\/fr\/product\/surface-mount-led-profile-with-frosted-diffuser-for-10mm-rope-lights\/\"><mark style=\"background-color:rgba(0, 0, 0, 0)\" class=\"has-inline-color has-vivid-red-color\">Profil LED \u00e0 monter en surface avec diffuseur d\u00e9poli pour lumi\u00e8res en corde de 10mm<\/mark><\/a> pour des configurations de lumi\u00e8re en corde flexibles.<\/li>\n\n\n\n<li>Pour des besoins plus minces, consultez le <a href=\"https:\/\/tangooled.com\/fr\/product\/led-light-diffuser-channel-aluminum-15x12mm-for-10mm-led-strips\/\"><mark style=\"background-color:rgba(0, 0, 0, 0)\" class=\"has-inline-color has-vivid-red-color\">Canal de diffuseur LED en aluminium 15x12mm pour bandes LED de 10mm<\/mark><\/a>.<\/li>\n\n\n\n<li>Explorez le <a href=\"https:\/\/tangooled.com\/fr\/product\/aluminum-led-strip-extrusion-diffuser-channel-for-5050-double-row-led-strip\/\"><mark style=\"background-color:rgba(0, 0, 0, 0)\" class=\"has-inline-color has-vivid-red-color\">Canal de diffuseur en aluminium pour bande LED double rang\u00e9e 5050<\/mark><\/a> pour compatibilit\u00e9 \u00e0 double rang\u00e9e LED.<\/li>\n<\/ul>\n\n\n\n<p>Si vous souhaitez un \u00e9clairage LED net, robuste et uniforme qui est facile \u00e0 installer, ce canal LED 15x16mm avec un diffuseur \u00e0 demi-rond pour bandes LED de 10mm est un excellent choix. Le diffuseur \u00e0 demi-rond et la meilleure structure cr\u00e9ent de superbes effets d'\u00e9clairage dans les cuisines, magasins, meubles, et plus encore.<\/p>\n<\/div>\n\n\n\n<p><\/p>","protected":false},"featured_media":14104,"template":"","meta":{"_acf_changed":true,"_seopress_robots_primary_cat":"none","_seopress_titles_title":"15x16mm LED Channel with Half Round Diffuser LP04 | TANGOOLED","_seopress_titles_desc":"Source the 15x16mm LED channel. Features a unique half round diffuser for 10mm LED strips, providing professional heat dissipation and a sleek look.","_seopress_robots_index":""},"pcb-width":[229],"product-cat":[192],"class_list":{"0":"post-47886","1":"product","2":"type-product","3":"status-publish","4":"has-post-thumbnail","6":"pcb-width-15-20mm","7":"product-cat-surface-led-profile"},"acf":[],"_links":{"self":[{"href":"https:\/\/tangooled.com\/fr\/wp-json\/wp\/v2\/product\/47886","targetHints":{"allow":["GET"]}}],"collection":[{"href":"https:\/\/tangooled.com\/fr\/wp-json\/wp\/v2\/product"}],"about":[{"href":"https:\/\/tangooled.com\/fr\/wp-json\/wp\/v2\/types\/product"}],"wp:featuredmedia":[{"embeddable":true,"href":"https:\/\/tangooled.com\/fr\/wp-json\/wp\/v2\/media\/14104"}],"wp:attachment":[{"href":"https:\/\/tangooled.com\/fr\/wp-json\/wp\/v2\/media?parent=47886"}],"wp:term":[{"taxonomy":"pcb-width","embeddable":true,"href":"https:\/\/tangooled.com\/fr\/wp-json\/wp\/v2\/pcb-width?post=47886"},{"taxonomy":"product-cat","embeddable":true,"href":"https:\/\/tangooled.com\/fr\/wp-json\/wp\/v2\/product-cat?post=47886"}],"curies":[{"name":"wp","href":"https:\/\/api.w.org\/{rel}","templated":true}]}}