{"id":47882,"date":"2026-01-13T01:55:44","date_gmt":"2026-01-13T09:55:44","guid":{"rendered":"https:\/\/tangooled.com\/?post_type=product&#038;p=47882"},"modified":"2026-01-21T23:31:24","modified_gmt":"2026-01-22T07:31:24","slug":"square-led-diffuser-channel-with-hidden-clips-for-surface-mount-lp03b","status":"publish","type":"product","link":"https:\/\/tangooled.com\/fr\/product\/square-led-diffuser-channel-with-hidden-clips-for-surface-mount-lp03b\/","title":{"rendered":"profil diffuseur LED carr\u00e9 avec clips cach\u00e9s pour montage en surface"},"content":{"rendered":"<div class=\"wp-block-group is-vertical is-layout-flex wp-container-core-group-is-layout-d255d7c4 wp-block-group-is-layout-flex\" style=\"padding-top:var(--wp--preset--spacing--80);padding-bottom:var(--wp--preset--spacing--80)\">\n<p>The LP03B is a square LED diffuser channel with hidden mounting clips that looks nice and doesn&#8217;t have any hardware visible. It has an inner width of 16.2 mm, which makes it easier to install LED strips that are high-density or double-row. The square diffuser spreads light evenly and softly, which makes it great for modern offices and store displays. The mounting clips that come with it make it easy to set up quickly by letting you attach it to a surface that covers the screws. It lights up a room stylishly and professionally when you use matching end caps.<\/p>\n<\/div>\n\n\n\n<div class=\"wp-block-group has-background\" style=\"background-color:#f1f1f1;padding-top:var(--wp--preset--spacing--80);padding-bottom:var(--wp--preset--spacing--80)\"><div class=\"wp-block-group__inner-container is-layout-constrained wp-block-group-is-layout-constrained\">\n<div class=\"wp-block-group is-vertical is-layout-flex wp-container-core-group-is-layout-8cf370e7 wp-block-group-is-layout-flex\">\n<h2 class=\"wp-block-heading\" style=\"padding-top:var(--wp--preset--spacing--40);padding-bottom:var(--wp--preset--spacing--40);font-size:25px;font-style:normal;font-weight:600;text-transform:capitalize\">Pourquoi choisir notre canal de diffuseur LED carr\u00e9 avec clips cach\u00e9s ?<\/h2>\n\n\n\n<ul class=\"wp-block-list\">\n<li>Forme carr\u00e9e moderne : L'aluminium carr\u00e9 donne \u00e0 votre luminaire un aspect propre et neuf.<\/li>\n\n\n\n<li>Clips that are hidden: Clips snap on and conceal behind the channel, so you can&#8217;t see any screws at all.<\/li>\n\n\n\n<li>Diffuseur de lumi\u00e8re douce : Le couvercle en opale&nbsp;permet \u00e0 la lumi\u00e8re de se diffuser uniform\u00e9ment. Pas de points brillants ni de taches.<\/li>\n\n\n\n<li>Robuste et frais : L'aluminium anodis\u00e9 6063-T5 maintient vos LED au frais et en s\u00e9curit\u00e9.<\/li>\n\n\n\n<li>Facile \u00e0 installer : Le design de montage en surface fonctionne sur les murs, les plafonds, les armoires et les \u00e9tag\u00e8res.<\/li>\n\n\n\n<li>Kit complet : Comprend tout ce dont vous avez besoin, comme un canal, un diffuseur, des clips et des bouchons de finition.<\/li>\n<\/ul>\n<\/div>\n<\/div><\/div>\n\n\n\n<div class=\"wp-block-group is-vertical is-layout-flex wp-container-core-group-is-layout-d255d7c4 wp-block-group-is-layout-flex\" style=\"padding-top:var(--wp--preset--spacing--80);padding-bottom:var(--wp--preset--spacing--80)\">\n<hr class=\"wp-block-separator has-alpha-channel-opacity\"\/>\n\n\n\n<div class=\"wp-block-media-text has-media-on-the-right is-stacked-on-mobile\" style=\"grid-template-columns:auto 40%\"><div class=\"wp-block-media-text__content\">\n<h2 class=\"wp-block-heading\" style=\"padding-top:var(--wp--preset--spacing--40);padding-bottom:var(--wp--preset--spacing--40);font-size:25px;font-style:normal;font-weight:600;text-transform:capitalize\">Comment fonctionne notre canal de diffuseur LED carr\u00e9<\/h2>\n\n\n\n<ul class=\"wp-block-list\">\n<li>Clips de montage cach\u00e9s : Utilisez des vis pour fixer les clips cach\u00e9s \u00e0 la surface (bois, mur, plafond).<\/li>\n\n\n\n<li>Mettre le canal en place : Enclenchez le canal de diffuseur LED carr\u00e9 sur les clips.<\/li>\n\n\n\n<li>Ajouter la bande LED : Placez votre bande LED dans le canal.<\/li>\n\n\n\n<li>Enclencher le diffuseur : Appuyez sur le couvercle en opale pour laisser la lumi\u00e8re se diffuser.<\/li>\n\n\n\n<li>Couvrir les extr\u00e9mit\u00e9s : Pour terminer le look et prot\u00e9ger le c\u00e2blage, mettez les bouchons de fin.<\/li>\n<\/ul>\n<\/div><figure class=\"wp-block-media-text__media\"><img loading=\"lazy\" decoding=\"async\" width=\"500\" height=\"500\" src=\"https:\/\/tangooled.com\/wp-content\/uploads\/2026\/01\/lp03b-ins.webp\" alt=\"square led diffuser channel with hidden mounting clips for surface mounting\" class=\"wp-image-48316 size-full\" srcset=\"https:\/\/tangooled.com\/wp-content\/uploads\/2026\/01\/lp03b-ins.webp 500w, https:\/\/tangooled.com\/wp-content\/uploads\/2026\/01\/lp03b-ins-300x300.webp 300w, https:\/\/tangooled.com\/wp-content\/uploads\/2026\/01\/lp03b-ins-150x150.webp 150w\" sizes=\"auto, (max-width: 500px) 100vw, 500px\" \/><\/figure><\/div>\n<\/div>\n\n\n\n<div class=\"wp-block-group has-background is-vertical is-layout-flex wp-container-core-group-is-layout-b429018a wp-block-group-is-layout-flex\" style=\"background-color:#f1f1f1f2;padding-top:var(--wp--preset--spacing--70);padding-bottom:var(--wp--preset--spacing--70)\">\n<h2 class=\"wp-block-heading\" style=\"padding-top:var(--wp--preset--spacing--40);padding-bottom:var(--wp--preset--spacing--40);font-size:25px;font-style:normal;font-weight:600;text-transform:capitalize\">O\u00f9 utiliser le canal LED avec clips cach\u00e9s<\/h2>\n\n\n\n<ul class=\"wp-block-list\">\n<li>Ajoutez un \u00e9clairage t\u00e2che lumineux et propre \u00e0 la cuisine et sous les armoires.<\/li>\n\n\n\n<li>\u00c9tag\u00e8res et pr\u00e9sentoirs en magasin : Utilisez des lignes nettes pour faire ressortir vos produits.<\/li>\n\n\n\n<li>Bureau et espace de travail : Lumi\u00e8re ambiante douce pour r\u00e9duire l'\u00e9blouissement.<\/li>\n\n\n\n<li>Accent modernes et \u00e9clairage en saillie sur les murs et plafonds.<\/li>\n\n\n\n<li>Garde-robes et placards : lumi\u00e8re propre et cach\u00e9e dans des espaces ferm\u00e9s.<\/li>\n<\/ul>\n<\/div>\n\n\n\n<div class=\"wp-block-group is-vertical is-layout-flex wp-container-core-group-is-layout-d255d7c4 wp-block-group-is-layout-flex\" style=\"padding-top:var(--wp--preset--spacing--80);padding-bottom:var(--wp--preset--spacing--80)\">\n<h2 class=\"wp-block-heading\" style=\"padding-top:var(--wp--preset--spacing--40);padding-bottom:var(--wp--preset--spacing--40);font-size:25px;font-style:normal;font-weight:600;text-transform:capitalize\">Produits associ\u00e9s qui pourraient vous int\u00e9resser<\/h2>\n\n\n\n<ul class=\"wp-block-list\">\n<li>D\u00e9couvrez notre <a href=\"https:\/\/tangooled.com\/fr\/product\/black-led-diffuser-aluminum-channel-for-12mm-tape-lights\/\"><mark style=\"background-color:rgba(0, 0, 0, 0)\" class=\"has-inline-color has-vivid-red-color\">canal en aluminium diffuseur LED noir pour lumi\u00e8res \u00e0 bande de 12 mm<\/mark><\/a> pour une finition plus sombre.<\/li>\n\n\n\n<li>Pour des installations discr\u00e8tes, essayez le <a href=\"https:\/\/tangooled.com\/fr\/product\/25x6mm-low-profile-led-strip-channel-for-10mm-led-strip-light\/\"><mark style=\"background-color:rgba(0, 0, 0, 0)\" class=\"has-inline-color has-vivid-red-color\">Ch\u00e2ssis de bande LED \u00e0 profil bas 25x6mm pour bande LED de 10mm<\/mark><\/a>.<\/li>\n\n\n\n<li>Besoin d'une option slim \u00e0 monter en surface ? D\u00e9couvrez notre <a href=\"https:\/\/tangooled.com\/fr\/product\/18x9mm-led-tape-light-profile-for-surface-installation\/\"><mark style=\"background-color:rgba(0, 0, 0, 0)\" class=\"has-inline-color has-vivid-red-color\">profil de bande LED 18x9mm pour installation en surface<\/mark><\/a>.<\/li>\n\n\n\n<li>Pour un look d\u00e9poli sur les lumi\u00e8res \u00e0 corde, essayez <a href=\"https:\/\/tangooled.com\/fr\/product\/surface-mount-led-profile-with-frosted-diffuser-for-10mm-rope-lights\/\"><mark style=\"background-color:rgba(0, 0, 0, 0)\" class=\"has-inline-color has-vivid-red-color\">profil LED \u00e0 monter en surface avec diffuseur d\u00e9poli pour \u00e9clairage \u00e0 corde de 10 mm<\/mark><\/a>.<\/li>\n\n\n\n<li>Explorez notre<a href=\"https:\/\/tangooled.com\/fr\/product\/square-led-diffuser-channel-with-hidden-mounting-clips-for-surface-mounting\/\"><mark style=\"background-color:rgba(0, 0, 0, 0)\" class=\"has-inline-color has-vivid-red-color\"> canal de diffuseur LED carr\u00e9 avec clips de montage cach\u00e9s pour un montage en surface<\/mark><\/a> pour des sp\u00e9cifications exactes et des achats.<\/li>\n<\/ul>\n<\/div>\n\n\n\n<div class=\"wp-block-group has-background is-vertical is-layout-flex wp-container-core-group-is-layout-b429018a wp-block-group-is-layout-flex\" style=\"background-color:#f1f1f1f2;padding-top:var(--wp--preset--spacing--70);padding-bottom:var(--wp--preset--spacing--70)\">\n<h2 class=\"wp-block-heading\" style=\"padding-top:var(--wp--preset--spacing--40);padding-bottom:var(--wp--preset--spacing--40);font-size:25px;font-style:normal;font-weight:600\">R\u00e9sum\u00e9<\/h2>\n\n\n\n<p style=\"padding-right:var(--wp--preset--spacing--50);padding-left:var(--wp--preset--spacing--50)\">Le canal de diffuseur LED carr\u00e9 avec clips de montage cach\u00e9s est un choix intelligent&nbsp;pour un \u00e9clairage esth\u00e9tique, solide et facile \u00e0 utiliser. Il s'adapte \u00e0 de nombreuses bandes LED, offre une illumination constante sans points et cache le c\u00e2blage pour un look de haute qualit\u00e9. Il a une forme carr\u00e9e \u00e9l\u00e9gante et est facile \u00e0 monter sur n'importe quelle surface, ce qui le rend parfait pour n'importe quel projet \u00e0 domicile, au bureau ou en magasin.<\/p>\n<\/div>\n\n\n\n<p><\/p>","protected":false},"featured_media":14100,"template":"","meta":{"_acf_changed":true,"_seopress_robots_primary_cat":"none","_seopress_titles_title":"Square LED Diffuser Channel with Hidden Clips LP03B | TANGOOLED","_seopress_titles_desc":"Source the square LED diffuser channel. Featuring hidden clips for a clean surface mount finish without visible brackets.","_seopress_robots_index":""},"pcb-width":[229],"product-cat":[192],"class_list":{"0":"post-47882","1":"product","2":"type-product","3":"status-publish","4":"has-post-thumbnail","6":"pcb-width-15-20mm","7":"product-cat-surface-led-profile"},"acf":[],"_links":{"self":[{"href":"https:\/\/tangooled.com\/fr\/wp-json\/wp\/v2\/product\/47882","targetHints":{"allow":["GET"]}}],"collection":[{"href":"https:\/\/tangooled.com\/fr\/wp-json\/wp\/v2\/product"}],"about":[{"href":"https:\/\/tangooled.com\/fr\/wp-json\/wp\/v2\/types\/product"}],"wp:featuredmedia":[{"embeddable":true,"href":"https:\/\/tangooled.com\/fr\/wp-json\/wp\/v2\/media\/14100"}],"wp:attachment":[{"href":"https:\/\/tangooled.com\/fr\/wp-json\/wp\/v2\/media?parent=47882"}],"wp:term":[{"taxonomy":"pcb-width","embeddable":true,"href":"https:\/\/tangooled.com\/fr\/wp-json\/wp\/v2\/pcb-width?post=47882"},{"taxonomy":"product-cat","embeddable":true,"href":"https:\/\/tangooled.com\/fr\/wp-json\/wp\/v2\/product-cat?post=47882"}],"curies":[{"name":"wp","href":"https:\/\/api.w.org\/{rel}","templated":true}]}}