{"id":47877,"date":"2026-01-13T01:51:25","date_gmt":"2026-01-13T09:51:25","guid":{"rendered":"https:\/\/tangooled.com\/?post_type=product&#038;p=47877"},"modified":"2026-02-02T22:27:41","modified_gmt":"2026-02-03T06:27:41","slug":"aluminum-u-channel-with-square-led-diffuser-inner-16mm-lp02b","status":"publish","type":"product","link":"https:\/\/tangooled.com\/fr\/product\/aluminum-u-channel-with-square-led-diffuser-inner-16mm-lp02b\/","title":{"rendered":"Canal en U en aluminium avec diffuseur LED carr\u00e9 int\u00e9rieur 16mm LP02B"},"content":{"rendered":"<div class=\"wp-block-group is-vertical is-layout-flex wp-container-core-group-is-layout-d255d7c4 wp-block-group-is-layout-flex\" style=\"padding-top:var(--wp--preset--spacing--80);padding-bottom:var(--wp--preset--spacing--80)\">\n<p>Our u-shape aluminum channel with a square diffuser inner 16mm is a solid and reliable choice for your linear lighting projects. It features a broad inner width of 16.2 mm, which can hold LED strips that are up to 16 mm wide. It also includes a square diffuser, which spreads the light evenly and makes the channel look clean and modern. This profile comes with mounting clips and matching end caps that make it easy to put together in a professional way. Whether you&#8217;re a do-it-yourselfer or a pro, it makes homes, offices, or store displays look nice and finished.<\/p>\n<\/div>\n\n\n\n<div class=\"wp-block-group has-background\" style=\"background-color:#f1f1f1;padding-top:var(--wp--preset--spacing--80);padding-bottom:var(--wp--preset--spacing--80)\"><div class=\"wp-block-group__inner-container is-layout-constrained wp-block-group-is-layout-constrained\">\n<div class=\"wp-block-group is-vertical is-layout-flex wp-container-core-group-is-layout-8cf370e7 wp-block-group-is-layout-flex\">\n<h2 class=\"wp-block-heading\" style=\"padding-top:var(--wp--preset--spacing--40);padding-bottom:var(--wp--preset--spacing--40);font-size:25px;font-style:normal;font-weight:600;text-transform:capitalize\">Pourquoi choisir notre canal en aluminium en forme de U avec diffuseur carr\u00e9<\/h2>\n\n\n\n<ul class=\"wp-block-list\">\n<li>Fabriqu\u00e9 en aluminium anodis\u00e9 6063-T5, qui est robuste et durable.<\/li>\n\n\n\n<li>Son diffuseur carr\u00e9 est fabriqu\u00e9 en polycarbonate opale et diffuse la lumi\u00e8re uniform\u00e9ment.<\/li>\n\n\n\n<li>La largeur int\u00e9rieure de 16 mm fonctionne avec des bandes LED plus larges, y compris les bandes \u00e0 double rang\u00e9e ou celles qui peuvent \u00eatre mouill\u00e9es.<\/li>\n\n\n\n<li>Agit comme un dissipateur de chaleur pour garder vos LED au frais et prolonger leur dur\u00e9e de vie.<\/li>\n\n\n\n<li>Livr\u00e9 avec des capuchons de finition et des clips de montage, simplifiant l'installation.<\/li>\n<\/ul>\n<\/div>\n<\/div><\/div>\n\n\n\n<div class=\"wp-block-group is-vertical is-layout-flex wp-container-core-group-is-layout-d255d7c4 wp-block-group-is-layout-flex\" style=\"padding-top:var(--wp--preset--spacing--80);padding-bottom:var(--wp--preset--spacing--80)\">\n<hr class=\"wp-block-separator has-alpha-channel-opacity\"\/>\n\n\n\n<div class=\"wp-block-media-text has-media-on-the-right is-stacked-on-mobile\" style=\"grid-template-columns:auto 40%\"><div class=\"wp-block-media-text__content\">\n<h2 class=\"wp-block-heading\" style=\"padding-top:var(--wp--preset--spacing--40);padding-bottom:var(--wp--preset--spacing--40);font-size:25px;font-style:normal;font-weight:600;text-transform:capitalize\">Comment Installer<\/h2>\n\n\n\n<ul class=\"wp-block-list\">\n<li>Fixez les clips de montage \u00e0 la surface o\u00f9 vous souhaitez la lumi\u00e8re.<\/li>\n\n\n\n<li>Embo\u00eetez le canal en aluminium dans les clips.<\/li>\n\n\n\n<li>Placez votre bande LED dans le canal.<\/li>\n\n\n\n<li>Clipssez le couvercle diffuseur carr\u00e9.<\/li>\n\n\n\n<li>Ajoutez des capuchons aux deux extr\u00e9mit\u00e9s pour un aspect soign\u00e9.<\/li>\n<\/ul>\n<\/div><figure class=\"wp-block-media-text__media\"><img loading=\"lazy\" decoding=\"async\" width=\"500\" height=\"500\" src=\"https:\/\/tangooled.com\/wp-content\/uploads\/2026\/01\/lp02b-ins.webp\" alt=\"u shape aluminum channel with square diffuser inner 16mm\" class=\"wp-image-48303 size-full\" srcset=\"https:\/\/tangooled.com\/wp-content\/uploads\/2026\/01\/lp02b-ins.webp 500w, https:\/\/tangooled.com\/wp-content\/uploads\/2026\/01\/lp02b-ins-300x300.webp 300w, https:\/\/tangooled.com\/wp-content\/uploads\/2026\/01\/lp02b-ins-150x150.webp 150w\" sizes=\"auto, (max-width: 500px) 100vw, 500px\" \/><\/figure><\/div>\n<\/div>\n\n\n\n<div class=\"wp-block-group has-background is-vertical is-layout-flex wp-container-core-group-is-layout-b429018a wp-block-group-is-layout-flex\" style=\"background-color:#f1f1f1f2;padding-top:var(--wp--preset--spacing--70);padding-bottom:var(--wp--preset--spacing--70)\">\n<h2 class=\"wp-block-heading\" style=\"padding-top:var(--wp--preset--spacing--40);padding-bottom:var(--wp--preset--spacing--40);font-size:25px;font-style:normal;font-weight:600;text-transform:capitalize\">O\u00f9 utiliser le produit<\/h2>\n\n\n\n<ul class=\"wp-block-list\">\n<li>\u00c9clairage sous les meubles dans les cuisines ou bureaux.<\/li>\n\n\n\n<li>\u00c9clairage pour les murs, plafonds ou \u00e9tag\u00e8res dans les b\u00e2timents.<\/li>\n\n\n\n<li>\u00c9clairage pour magasins afin de rendre les boutiques plus lumineuses et de mettre en valeur les marchandises.<\/li>\n\n\n\n<li>\u00c9clairage pour garages et ateliers pouvant supporter beaucoup d'utilisation.<\/li>\n\n\n\n<li>Cr\u00e9er des luminaires lin\u00e9aires uniques pour les maisons ou les bureaux.<\/li>\n<\/ul>\n<\/div>\n\n\n\n<div class=\"wp-block-group is-vertical is-layout-flex wp-container-core-group-is-layout-d255d7c4 wp-block-group-is-layout-flex\" style=\"padding-top:var(--wp--preset--spacing--80);padding-bottom:var(--wp--preset--spacing--80)\">\n<h2 class=\"wp-block-heading\" style=\"padding-top:var(--wp--preset--spacing--40);padding-bottom:var(--wp--preset--spacing--40);font-size:25px;font-style:normal;font-weight:600;text-transform:capitalize\">Explorer les Produits Associ\u00e9s<\/h2>\n\n\n\n<ul class=\"wp-block-list\">\n<li>Pour les bandes plus petites, consultez notre <a href=\"https:\/\/tangooled.com\/fr\/product\/black-led-profile-with-black-diffuser-for-10mm-led-strip-light\/\"><mark style=\"background-color:rgba(0, 0, 0, 0)\" class=\"has-inline-color has-vivid-red-color\">profil LED noir avec diffuseur noir pour bande lumineuse LED de 10 mm<\/mark><\/a>.<\/li>\n\n\n\n<li>Besoin d'un profil pour des lumi\u00e8res LED de 12 mm ? Consultez le <a href=\"https:\/\/tangooled.com\/fr\/product\/black-led-diffuser-aluminum-channel-for-12mm-tape-lights\/\"><mark style=\"background-color:rgba(0, 0, 0, 0)\" class=\"has-inline-color has-vivid-red-color\">canal en aluminium diffuseur LED noir pour lumi\u00e8res \u00e0 bande de 12 mm<\/mark><\/a>.<\/li>\n\n\n\n<li>Pour une option plus discr\u00e8te, regardez le <a href=\"https:\/\/tangooled.com\/fr\/product\/led-strip-light-channel-aluminum-profile-with-diffused-cover-6mm-height\/\"><mark style=\"background-color:rgba(0, 0, 0, 0)\" class=\"has-inline-color has-vivid-red-color\">Profil en aluminium pour bande LED avec couvercle diffusant de 6 mm de hauteur<\/mark><\/a>.<\/li>\n<\/ul>\n<\/div>\n\n\n\n<p><\/p>","protected":false},"featured_media":14093,"template":"","meta":{"_acf_changed":true,"_seopress_robots_primary_cat":"none","_seopress_titles_title":"Aluminum U Channel with Square LED Diffuser Inner 16mm LP02B | TANGOOLED","_seopress_titles_desc":"Explore the LP02B aluminum U channel with a square LED diffuser. Designed with an inner 16mm width to accommodate various LED strips for a sleek, flat finish.","_seopress_robots_index":""},"pcb-width":[229],"product-cat":[192],"class_list":{"0":"post-47877","1":"product","2":"type-product","3":"status-publish","4":"has-post-thumbnail","6":"pcb-width-15-20mm","7":"product-cat-surface-led-profile"},"acf":[],"_links":{"self":[{"href":"https:\/\/tangooled.com\/fr\/wp-json\/wp\/v2\/product\/47877","targetHints":{"allow":["GET"]}}],"collection":[{"href":"https:\/\/tangooled.com\/fr\/wp-json\/wp\/v2\/product"}],"about":[{"href":"https:\/\/tangooled.com\/fr\/wp-json\/wp\/v2\/types\/product"}],"wp:featuredmedia":[{"embeddable":true,"href":"https:\/\/tangooled.com\/fr\/wp-json\/wp\/v2\/media\/14093"}],"wp:attachment":[{"href":"https:\/\/tangooled.com\/fr\/wp-json\/wp\/v2\/media?parent=47877"}],"wp:term":[{"taxonomy":"pcb-width","embeddable":true,"href":"https:\/\/tangooled.com\/fr\/wp-json\/wp\/v2\/pcb-width?post=47877"},{"taxonomy":"product-cat","embeddable":true,"href":"https:\/\/tangooled.com\/fr\/wp-json\/wp\/v2\/product-cat?post=47877"}],"curies":[{"name":"wp","href":"https:\/\/api.w.org\/{rel}","templated":true}]}}