{"id":46008,"date":"2026-01-07T19:29:36","date_gmt":"2026-01-08T03:29:36","guid":{"rendered":"https:\/\/tangooled.com\/?post_type=product&#038;p=46008"},"modified":"2026-01-29T02:23:04","modified_gmt":"2026-01-29T10:23:04","slug":"led-profile-under-cabinet-corner-lighting-for-led-strip-12mm","status":"publish","type":"product","link":"https:\/\/tangooled.com\/fr\/product\/led-profile-under-cabinet-corner-lighting-for-led-strip-12mm\/","title":{"rendered":"profil LED d'\u00e9clairage d'angle sous le meuble pour bande LED 12mm"},"content":{"rendered":"<div class=\"wp-block-group is-vertical is-layout-flex wp-container-core-group-is-layout-d255d7c4 wp-block-group-is-layout-flex\" style=\"padding-top:var(--wp--preset--spacing--80);padding-bottom:var(--wp--preset--spacing--80)\">\n<p>\u00c9clairez votre espace avec un \u00e9clairage d'angle parfait ! Notre profil LED pour \u00e9clairage sous meuble s'adapte parfaitement aux angles \u00e0 90 degr\u00e9s, optimisant ainsi l'utilisation de l'espace dans les coins. Le profil a un design compact et triangulaire, mesurant 14,3 mm de haut et 29,1 mm de large \u00e0 la base, et s'adapte facilement \u00e0 une bande LED jusqu'\u00e0 12 mm.<br>L'installation est simple et propre : le canal en aluminium est mont\u00e9 sur surface \u00e0 l'aide de supports clips\u00e9s qui sont d'abord viss\u00e9s solidement \u00e0 la surface. Il fonctionne bien dans les coins de votre espace de travail, cuisine ou placard. Il maintient la bande en s\u00e9curit\u00e9 et permet \u00e0 la chaleur de s'\u00e9chapper facilement. Dites adieu aux zones sombres et bonjour \u00e0 une lumi\u00e8re lisse et claire, parfaitement orient\u00e9e pour un \u00e9clairage de travail concentr\u00e9 l\u00e0 o\u00f9 vous en avez le plus besoin.<\/p>\n<\/div>\n\n\n\n<div class=\"wp-block-group has-background is-vertical is-layout-flex wp-container-core-group-is-layout-d255d7c4 wp-block-group-is-layout-flex\" style=\"background-color:#f1f1f1;padding-top:var(--wp--preset--spacing--80);padding-bottom:var(--wp--preset--spacing--80)\">\n<div class=\"wp-block-group is-vertical is-layout-flex wp-container-core-group-is-layout-8cf370e7 wp-block-group-is-layout-flex\">\n<h2 class=\"wp-block-heading\" style=\"padding-top:var(--wp--preset--spacing--40);padding-bottom:var(--wp--preset--spacing--40);font-size:25px;font-style:normal;font-weight:600;text-transform:capitalize\">Pourquoi choisir notre profil d'\u00e9clairage d'angle ?<\/h2>\n\n\n\n<ul class=\"wp-block-list\">\n<li>Fits 12mm LED strip lights easily\u2014no squeezing or bending.<\/li>\n\n\n\n<li>The unique V-shape design makes it the perfect corner light for 90\u00b0 angles.<\/li>\n\n\n\n<li>Fabriqu\u00e9 en aluminium de haute qualit\u00e9 pour garder vos bandes LED au frais et assurer leur long\u00e9vit\u00e9.<\/li>\n\n\n\n<li>Dispose d'un diffuseur d\u00e9poli qui diffuse la lumi\u00e8re uniform\u00e9ment et doucement, sans taches lumineuses.<\/li>\n\n\n\n<li>Prot\u00e8ge vos bandes LED de la poussi\u00e8re et des dommages dans les cuisines et les ateliers.<\/li>\n\n\n\n<li>Livr\u00e9 avec des clips et des bouchons d'extr\u00e9mit\u00e9 qui facilitent le montage.<\/li>\n<\/ul>\n<\/div>\n<\/div>\n\n\n\n<div class=\"wp-block-group is-vertical is-layout-flex wp-container-core-group-is-layout-d255d7c4 wp-block-group-is-layout-flex\" style=\"padding-top:var(--wp--preset--spacing--80);padding-bottom:var(--wp--preset--spacing--80)\">\n<hr class=\"wp-block-separator has-alpha-channel-opacity\"\/>\n\n\n\n<div class=\"wp-block-media-text has-media-on-the-right is-stacked-on-mobile\" style=\"grid-template-columns:auto 40%\"><div class=\"wp-block-media-text__content\">\n<h2 class=\"wp-block-heading\" style=\"padding-top:var(--wp--preset--spacing--40);padding-bottom:var(--wp--preset--spacing--40);font-size:25px;font-style:normal;font-weight:600;text-transform:capitalize\">Conseils pour l'installation<\/h2>\n\n\n\n<ul class=\"wp-block-list\">\n<li>Utilisez des bandes LED de 12 mm avec au moins 120 LEDs par m\u00e8tre pour un \u00e9clairage lisse, sans points visibles.<\/li>\n\n\n\n<li>Fixez les clips de montage dans le coin de votre meuble, puis encliquetez le profil LED en place.<\/li>\n\n\n\n<li>Placez votre bande LED dans le canal avant de mettre le diffuseur.<\/li>\n\n\n\n<li>Utilisez les bouchons d'extr\u00e9mit\u00e9 pour prot\u00e9ger vos bandes et vous assurer qu'elles ont tous l'air bien.<\/li>\n\n\n\n<li>Si vous souhaitez l'utiliser dans des environnements humides comme les cuisines, assurez-vous de l'utiliser avec des bandes \u00e9tanches.<\/li>\n<\/ul>\n<\/div><figure class=\"wp-block-media-text__media\"><img loading=\"lazy\" decoding=\"async\" width=\"500\" height=\"499\" src=\"https:\/\/tangooled.com\/wp-content\/uploads\/2026\/01\/cd02-installation.jpg\" alt=\"profil LED d&#039;\u00e9clairage d&#039;angle sous le meuble pour bande LED 12mm\" class=\"wp-image-46020 size-full\" srcset=\"https:\/\/tangooled.com\/wp-content\/uploads\/2026\/01\/cd02-installation.jpg 500w, https:\/\/tangooled.com\/wp-content\/uploads\/2026\/01\/cd02-installation-300x300.jpg 300w, https:\/\/tangooled.com\/wp-content\/uploads\/2026\/01\/cd02-installation-150x150.jpg 150w\" sizes=\"auto, (max-width: 500px) 100vw, 500px\" \/><\/figure><\/div>\n<\/div>\n\n\n\n<div class=\"wp-block-group has-background is-vertical is-layout-flex wp-container-core-group-is-layout-b429018a wp-block-group-is-layout-flex\" style=\"background-color:#f1f1f1f2;padding-top:var(--wp--preset--spacing--70);padding-bottom:var(--wp--preset--spacing--70)\">\n<h2 class=\"wp-block-heading\" style=\"padding-top:var(--wp--preset--spacing--40);padding-bottom:var(--wp--preset--spacing--40);font-size:25px;font-style:normal;font-weight:600\">Comment utiliser ce profil LED<\/h2>\n\n\n\n<p>Ce profil d'\u00e9clairage d'angle est id\u00e9al pour \u00e9clairer l'espace sous les meubles et dans de nombreuses situations :<\/p>\n\n\n\n<ul class=\"wp-block-list\">\n<li>Placards de cuisine : Pour rendre vos comptoirs et surfaces de travail plus lumineux, utilisez une lumi\u00e8re douce et angulaire.<\/li>\n\n\n\n<li>Placards et armoires : Trouvez rapidement des v\u00eatements et autres objets, sans ombres.<\/li>\n\n\n\n<li>Atelier et plan de travail : Vous pouvez tout voir clairement en travaillant.<\/li>\n\n\n\n<li>Utilisez un \u00e9clairage d'accentuation clair et pr\u00e9cis pour faire ressortir les produits sur les pr\u00e9sentoirs et les \u00e9tag\u00e8res.<\/li>\n<\/ul>\n<\/div>\n\n\n\n<div class=\"wp-block-group is-vertical is-layout-flex wp-container-core-group-is-layout-d255d7c4 wp-block-group-is-layout-flex\" style=\"padding-top:var(--wp--preset--spacing--80);padding-bottom:var(--wp--preset--spacing--80)\">\n<h2 class=\"wp-block-heading\" style=\"padding-top:var(--wp--preset--spacing--40);padding-bottom:var(--wp--preset--spacing--40);font-size:25px;font-style:normal;font-weight:600;text-transform:capitalize\">Applications de profil LED \u00e0 monter en surface<\/h2>\n\n\n\n<ul class=\"wp-block-list\">\n<li>Placards de cuisine : Pour rendre vos comptoirs et surfaces de travail plus lumineux, utilisez une lumi\u00e8re douce et angulaire.<\/li>\n\n\n\n<li>Placards et armoires : Trouvez rapidement des v\u00eatements et autres objets, sans ombres.<\/li>\n\n\n\n<li>Atelier et plan de travail : Vous pouvez tout voir clairement en travaillant.<\/li>\n\n\n\n<li>Utilisez un \u00e9clairage d'accentuation clair et pr\u00e9cis pour faire ressortir les produits sur les pr\u00e9sentoirs et les \u00e9tag\u00e8res.<\/li>\n<\/ul>\n<\/div>\n\n\n\n<div class=\"wp-block-group has-background is-vertical is-layout-flex wp-container-core-group-is-layout-b429018a wp-block-group-is-layout-flex\" style=\"background-color:#f1f1f1f2;padding-top:var(--wp--preset--spacing--70);padding-bottom:var(--wp--preset--spacing--70)\">\n<h2 class=\"wp-block-heading\" style=\"padding-top:var(--wp--preset--spacing--40);padding-bottom:var(--wp--preset--spacing--40);font-size:25px;font-style:normal;font-weight:600\">Produits associ\u00e9s<\/h2>\n\n\n\n<ul class=\"wp-block-list\">\n<li>Explorez notre <mark style=\"background-color:rgba(0, 0, 0, 0)\" class=\"has-inline-color has-vivid-red-color\"><a href=\"https:\/\/tangooled.com\/fr\/product\/surface-mount-led-profile-with-frosted-diffuser-for-10mm-rope-lights\/\">profil LED \u00e0 monter en surface avec diffuseur d\u00e9poli pour \u00e9clairage \u00e0 corde de 10 mm<\/a><\/mark> pour surfaces planes.<\/li>\n\n\n\n<li>D\u00e9couvrez notre <a href=\"https:\/\/tangooled.com\/fr\/product\/cabinet-led-strip-channel-with-diffuser-for-double-led-strips\/\"><mark style=\"background-color:rgba(0, 0, 0, 0)\" class=\"has-inline-color has-vivid-red-color\">canal de bande LED avec diffuseur pour bandes LED doubles<\/mark><\/a> pour plusieurs lignes de lumi\u00e8re.<\/li>\n\n\n\n<li>Trouvez des options slim avec <mark style=\"background-color:rgba(0, 0, 0, 0)\" class=\"has-inline-color has-vivid-red-color\"><a href=\"https:\/\/tangooled.com\/fr\/product\/25x6mm-low-profile-led-strip-channel-for-10mm-led-strip-light\/\">Ch\u00e2ssis de bande LED \u00e0 profil bas 25x6mm pour bande LED de 10mm<\/a><\/mark>.<\/li>\n<\/ul>\n<\/div>\n\n\n\n<div class=\"wp-block-group is-vertical is-layout-flex wp-container-core-group-is-layout-d255d7c4 wp-block-group-is-layout-flex\" style=\"padding-top:var(--wp--preset--spacing--80);padding-bottom:var(--wp--preset--spacing--80)\">\n<h2 class=\"wp-block-heading\" style=\"padding-top:var(--wp--preset--spacing--40);padding-bottom:var(--wp--preset--spacing--40);font-size:25px;font-style:normal;font-weight:600;text-transform:capitalize\">Applications de profil LED \u00e0 monter en surface<\/h2>\n\n\n\n<p>Notre \u00e9clairage d'angle LED sous meuble vous permet de cr\u00e9er un \u00e9clairage sous meuble qui est lumineux, clair et lisse, sans zones sombres ni bords rugueux. Il s'adapte parfaitement dans les coins de meubles et maintient votre canal LED de 12 mm en place. Ajoutez ce profil d'angle d\u00e8s aujourd'hui pour une installation facile et un \u00e9clairage d'angle \u00e9l\u00e9gant et durable dans les cuisines, placards, ateliers, \u00e9tag\u00e8res de vente au d\u00e9tail, et plus encore.<\/p>\n<\/div>\n\n\n\n<p><\/p>","protected":false},"featured_media":14275,"template":"","meta":{"_acf_changed":true,"_seopress_robots_primary_cat":"none","_seopress_titles_title":"LED Profile for Under Cabinet Corner Lighting | TANGOOLED","_seopress_titles_desc":"Source the LED profile for under cabinet corner lighting. Specifically designed for 12mm strips to provide shadow-free illumination in kitchens & retail displays. T","_seopress_robots_index":""},"pcb-width":[229],"product-cat":[192],"class_list":{"0":"post-46008","1":"product","2":"type-product","3":"status-publish","4":"has-post-thumbnail","6":"pcb-width-15-20mm","7":"product-cat-surface-led-profile"},"acf":[],"_links":{"self":[{"href":"https:\/\/tangooled.com\/fr\/wp-json\/wp\/v2\/product\/46008","targetHints":{"allow":["GET"]}}],"collection":[{"href":"https:\/\/tangooled.com\/fr\/wp-json\/wp\/v2\/product"}],"about":[{"href":"https:\/\/tangooled.com\/fr\/wp-json\/wp\/v2\/types\/product"}],"wp:featuredmedia":[{"embeddable":true,"href":"https:\/\/tangooled.com\/fr\/wp-json\/wp\/v2\/media\/14275"}],"wp:attachment":[{"href":"https:\/\/tangooled.com\/fr\/wp-json\/wp\/v2\/media?parent=46008"}],"wp:term":[{"taxonomy":"pcb-width","embeddable":true,"href":"https:\/\/tangooled.com\/fr\/wp-json\/wp\/v2\/pcb-width?post=46008"},{"taxonomy":"product-cat","embeddable":true,"href":"https:\/\/tangooled.com\/fr\/wp-json\/wp\/v2\/product-cat?post=46008"}],"curies":[{"name":"wp","href":"https:\/\/api.w.org\/{rel}","templated":true}]}}