{"id":46005,"date":"2026-01-07T18:55:58","date_gmt":"2026-01-08T02:55:58","guid":{"rendered":"https:\/\/tangooled.com\/?post_type=product&#038;p=46005"},"modified":"2026-02-02T22:17:38","modified_gmt":"2026-02-03T06:17:38","slug":"8mm-recessed-led-strip-light-mounting-channel-for-cabient-door","status":"publish","type":"product","link":"https:\/\/tangooled.com\/fr\/product\/8mm-recessed-led-strip-light-mounting-channel-for-cabient-door\/","title":{"rendered":"Canal de montage pour bande LED encastr\u00e9e de 8 mm pour porte de cabinet"},"content":{"rendered":"<div class=\"wp-block-group is-vertical is-layout-flex wp-container-core-group-is-layout-d255d7c4 wp-block-group-is-layout-flex\" style=\"padding-top:var(--wp--preset--spacing--80);padding-bottom:var(--wp--preset--spacing--80)\">\n<p>Our 8mm recessed cabinet door LED channel will make your cabinet doors glow. This thin profile features a 20.0mm flange width and a short 10.4mm depth, making it ideal for installing 8mm wide LED strip lights in very tight areas. To install, carve a groove into the furniture and then recess the channel entirely into it. This gives the lights a clean, flush-mount look without the bulkier lights protruding out. The profile&#8217;s built-in tilted design sends the light out, brilliantly lighting up the inside of the cabinet. It works great for closet doors, the edges of fine display cases, or thin shelves. It keeps heat in check and protects strips while giving off a gentle, professional, and clean glow.<\/p>\n<\/div>\n\n\n\n<div class=\"wp-block-group has-background is-vertical is-layout-flex wp-container-core-group-is-layout-d255d7c4 wp-block-group-is-layout-flex\" style=\"background-color:#f1f1f1;padding-top:var(--wp--preset--spacing--80);padding-bottom:var(--wp--preset--spacing--80)\">\n<div class=\"wp-block-group is-vertical is-layout-flex wp-container-core-group-is-layout-8cf370e7 wp-block-group-is-layout-flex\">\n<h2 class=\"wp-block-heading\" style=\"padding-top:var(--wp--preset--spacing--40);padding-bottom:var(--wp--preset--spacing--40);font-size:25px;font-style:normal;font-weight:600;text-transform:capitalize\">Pourquoi choisir notre canal LED de porte de cabinet encastr\u00e9 de 8 mm ?<\/h2>\n\n\n\n<ul class=\"wp-block-list\">\n<li>Design encastr\u00e9 : Placez les bandes LED dans une fente fine sur les portes de cabinet pour un aspect propre et sans bord.<\/li>\n\n\n\n<li>Compatible avec des bandes LED de 8 mm : Compatible avec les lumi\u00e8res \u00e0 bande SMD 3528, 2835 et COB populaires.<\/li>\n\n\n\n<li>Diffusion uniforme de la lumi\u00e8re : Le couvercle diffuseur en plastique d\u00e9poli r\u00e9partit la lumi\u00e8re uniform\u00e9ment, sans points ni zones chaudes.<\/li>\n\n\n\n<li>Prot\u00e8ge vos LED : L'aluminium anodis\u00e9 prot\u00e8ge de la poussi\u00e8re et de la chaleur.<\/li>\n\n\n\n<li>Facile \u00e0 couper et \u00e0 installer : Il suffit de le couper \u00e0 la bonne longueur et de faire une rainure pour un ajustement facile.<\/li>\n\n\n\n<li>Kit complet : Comprend un canal, un diffuseur et des capuchons de fin avec et sans trous pour fils.<\/li>\n<\/ul>\n<\/div>\n<\/div>\n\n\n\n<div class=\"wp-block-group is-vertical is-layout-flex wp-container-core-group-is-layout-d255d7c4 wp-block-group-is-layout-flex\" style=\"padding-top:var(--wp--preset--spacing--80);padding-bottom:var(--wp--preset--spacing--80)\">\n<hr class=\"wp-block-separator has-alpha-channel-opacity\"\/>\n\n\n\n<div class=\"wp-block-media-text has-media-on-the-right is-stacked-on-mobile\" style=\"grid-template-columns:auto 40%\"><div class=\"wp-block-media-text__content\">\n<h2 class=\"wp-block-heading\" style=\"padding-top:var(--wp--preset--spacing--40);padding-bottom:var(--wp--preset--spacing--40);font-size:25px;font-style:normal;font-weight:600;text-transform:capitalize\">Installation facile en 5 \u00e9tapes<\/h2>\n\n\n\n<ul class=\"wp-block-list\">\n<li>Utilisez une d\u00e9fonceuse pour r\u00e9aliser une rainure dans votre porte de cabinet ou panneau de 12,5 mm de large et 8 mm de profondeur.<\/li>\n\n\n\n<li>Coupez le profil en aluminium et le diffuseur d\u00e9poli \u00e0 la longueur souhait\u00e9e.<\/li>\n\n\n\n<li>Ins\u00e9rez le canal dans la rainure que vous avez faite en le pressant ou en le collant.<\/li>\n\n\n\n<li>Placez votre bande LED de 8 mm dans le canal en aluminium pour vous assurer qu'elle reste en place.<\/li>\n\n\n\n<li>Mettez les capuchons de fin et clipsez le couvercle diffuseur pour finaliser l'apparence.<\/li>\n<\/ul>\n<\/div><figure class=\"wp-block-media-text__media\"><img loading=\"lazy\" decoding=\"async\" width=\"500\" height=\"500\" src=\"https:\/\/tangooled.com\/wp-content\/uploads\/2026\/01\/cd01-ins.webp\" alt=\"Canal de montage pour bande LED encastr\u00e9e de 8 mm pour porte de cabinet\" class=\"wp-image-46006 size-full\" srcset=\"https:\/\/tangooled.com\/wp-content\/uploads\/2026\/01\/cd01-ins.webp 500w, https:\/\/tangooled.com\/wp-content\/uploads\/2026\/01\/cd01-ins-300x300.webp 300w, https:\/\/tangooled.com\/wp-content\/uploads\/2026\/01\/cd01-ins-150x150.webp 150w\" sizes=\"auto, (max-width: 500px) 100vw, 500px\" \/><\/figure><\/div>\n<\/div>\n\n\n\n<div class=\"wp-block-group has-background is-vertical is-layout-flex wp-container-core-group-is-layout-b429018a wp-block-group-is-layout-flex\" style=\"background-color:#f1f1f1f2;padding-top:var(--wp--preset--spacing--70);padding-bottom:var(--wp--preset--spacing--70)\">\n<h2 class=\"wp-block-heading\" style=\"padding-top:var(--wp--preset--spacing--40);padding-bottom:var(--wp--preset--spacing--40);font-size:25px;font-style:normal;font-weight:600\">Sc\u00e9narios d'utilisation<\/h2>\n\n\n\n<ul class=\"wp-block-list\">\n<li>\u00c9clairage pour porte de cabinet de cuisine : Donne aux portes de cabinet une belle lueur qui facilite la visibilit\u00e9 la nuit et est esth\u00e9tique.<\/li>\n\n\n\n<li>\u00c9clairage pour placards et garde-robes : \u00c9claire les porte-v\u00eatements dans les placards afin que vous puissiez facilement voir les v\u00eatements.<\/li>\n\n\n\n<li>\u00c9clairage d'accent pour \u00e9tag\u00e8res et tiroirs : La lumi\u00e8re lisse et uniforme rend les \u00e9tag\u00e8res et les tiroirs plus lumineux.<\/li>\n\n\n\n<li>\u00c9clairage int\u00e9gr\u00e9 dans les meubles : S'adapte aux meubles sur mesure ou \u00e0 la menuiserie pour lui donner un aspect haut de gamme.<\/li>\n<\/ul>\n<\/div>\n\n\n\n<div class=\"wp-block-group is-vertical is-layout-flex wp-container-core-group-is-layout-d255d7c4 wp-block-group-is-layout-flex\" style=\"padding-top:var(--wp--preset--spacing--80);padding-bottom:var(--wp--preset--spacing--80)\">\n<h2 class=\"wp-block-heading\" style=\"padding-top:var(--wp--preset--spacing--40);padding-bottom:var(--wp--preset--spacing--40);font-size:25px;font-style:normal;font-weight:600;text-transform:capitalize\">liens vers des produits connexes<\/h2>\n\n\n\n<ul class=\"wp-block-list\">\n<li>Pour une option de canal diffuseur noir, voir <a href=\"https:\/\/tangooled.com\/fr\/product\/black-led-profile-with-black-diffuser-for-10mm-led-strip-light\/\"><mark style=\"background-color:rgba(0, 0, 0, 0)\" class=\"has-inline-color has-vivid-red-color\">profil LED noir avec diffuseur noir pour bande lumineuse LED de 10 mm<\/mark><\/a>.<\/li>\n\n\n\n<li>Essayez ceux li\u00e9s <a href=\"https:\/\/tangooled.com\/fr\/product\/led-strip-light-channel-aluminum-profile-with-diffused-cover-6mm-height\/\"><mark style=\"background-color:rgba(0, 0, 0, 0)\" class=\"has-inline-color has-vivid-red-color\">Profil en aluminium pour bande LED avec couvercle diffusant de 6 mm de hauteur<\/mark><\/a> pour des installations plus fines.<\/li>\n\n\n\n<li>Explorez notre <a href=\"https:\/\/tangooled.com\/fr\/product\/recessed-led-aluminum-profile-up-and-down-lighting-channel-for-cabinet\/\"><mark style=\"background-color:rgba(0, 0, 0, 0)\" class=\"has-inline-color has-vivid-red-color\">canal d'\u00e9clairage \u00e0 LED en aluminium encastr\u00e9 haut et bas pour cabinet<\/mark><\/a> pour plus de solutions d'\u00e9clairage de cabinet.<\/li>\n\n\n\n<li>Voir aussi notre <a href=\"https:\/\/tangooled.com\/fr\/product\/10mm-led-profile-aluminum-channel-for-8mm-led-tape-lights\/\"><mark style=\"background-color:rgba(0, 0, 0, 0)\" class=\"has-inline-color has-vivid-red-color\">canal en aluminium pour profil LED de 10 mm pour bandes LED de 8 mm<\/mark><\/a> pour un profil l\u00e9g\u00e8rement plus large.<\/li>\n<\/ul>\n<\/div>\n\n\n\n<p><\/p>","protected":false},"featured_media":14272,"template":"","meta":{"_acf_changed":true,"_seopress_robots_primary_cat":"none","_seopress_titles_title":"8mm Recessed Cabinet Door LED Channel | TANGOOLED","_seopress_titles_desc":"Source the 8mm recessed cabinet door LED channel. Ultra-slim aluminum mounting profile designed for seamless furniture integration & door frame lighting.","_seopress_robots_index":""},"pcb-width":[228],"product-cat":[193],"class_list":{"0":"post-46005","1":"product","2":"type-product","3":"status-publish","4":"has-post-thumbnail","6":"pcb-width-6-12mm","7":"product-cat-recessed-profile"},"acf":[],"_links":{"self":[{"href":"https:\/\/tangooled.com\/fr\/wp-json\/wp\/v2\/product\/46005","targetHints":{"allow":["GET"]}}],"collection":[{"href":"https:\/\/tangooled.com\/fr\/wp-json\/wp\/v2\/product"}],"about":[{"href":"https:\/\/tangooled.com\/fr\/wp-json\/wp\/v2\/types\/product"}],"wp:featuredmedia":[{"embeddable":true,"href":"https:\/\/tangooled.com\/fr\/wp-json\/wp\/v2\/media\/14272"}],"wp:attachment":[{"href":"https:\/\/tangooled.com\/fr\/wp-json\/wp\/v2\/media?parent=46005"}],"wp:term":[{"taxonomy":"pcb-width","embeddable":true,"href":"https:\/\/tangooled.com\/fr\/wp-json\/wp\/v2\/pcb-width?post=46005"},{"taxonomy":"product-cat","embeddable":true,"href":"https:\/\/tangooled.com\/fr\/wp-json\/wp\/v2\/product-cat?post=46005"}],"curies":[{"name":"wp","href":"https:\/\/api.w.org\/{rel}","templated":true}]}}