{"id":46001,"date":"2026-01-07T18:52:46","date_gmt":"2026-01-08T02:52:46","guid":{"rendered":"https:\/\/tangooled.com\/?post_type=product&#038;p=46001"},"modified":"2026-02-02T22:19:27","modified_gmt":"2026-02-03T06:19:27","slug":"wood-cabinet-edge-led-strip-channel-under-shelf-lighting","status":"publish","type":"product","link":"https:\/\/tangooled.com\/fr\/product\/wood-cabinet-edge-led-strip-channel-under-shelf-lighting\/","title":{"rendered":"\u00e9clairage \u00e0 LED de bandeau en bois sous l'\u00e9tag\u00e8re"},"content":{"rendered":"<div class=\"wp-block-group is-vertical is-layout-flex wp-container-core-group-is-layout-d255d7c4 wp-block-group-is-layout-flex\" style=\"padding-top:var(--wp--preset--spacing--80);padding-bottom:var(--wp--preset--spacing--80)\">\n<p>Notre canal LED en bois pour le bord du cabinet est con\u00e7u pour s'adapter au bord de l'\u00e9tag\u00e8re. La lumi\u00e8re pointe vers le bas pour \u00e9clairer l'espace en dessous sans provoquer d'\u00e9blouissement. Ce design d'\u00e9clairage en bois maximise l'espace du bord, et la lumi\u00e8re angle r\u00e9duit efficacement les ombres sur les objets en dessous de l'\u00e9tag\u00e8re, rendant l'ensemble de l'espace plus lumineux et mieux \u00e9clair\u00e9. C'est une fa\u00e7on intelligente et pratique d'\u00e9clairer les choses \u00e0 l'int\u00e9rieur du cabinet et sur l'\u00e9tag\u00e8re d'exposition.<\/p>\n<\/div>\n\n\n\n<div class=\"wp-block-group has-background is-vertical is-layout-flex wp-container-core-group-is-layout-d255d7c4 wp-block-group-is-layout-flex\" style=\"background-color:#f1f1f1;padding-top:var(--wp--preset--spacing--80);padding-bottom:var(--wp--preset--spacing--80)\">\n<div class=\"wp-block-group is-vertical is-layout-flex wp-container-core-group-is-layout-8cf370e7 wp-block-group-is-layout-flex\">\n<h2 class=\"wp-block-heading\" style=\"padding-top:var(--wp--preset--spacing--40);padding-bottom:var(--wp--preset--spacing--40);font-size:25px;font-style:normal;font-weight:600;text-transform:capitalize\">Pourquoi choisir notre canal LED pour le bord du cabinet en bois ?<\/h2>\n\n\n\n<p>Our product is a smart edge lighting channel that fits nicely on wooden shelves or cabinets. It holds your LED strips safely while making your space brighter and nicer. This is why it&#8217;s so great:<\/p>\n\n\n\n<ul class=\"wp-block-list\">\n<li>S'int\u00e8gre parfaitement dans les bords des cabinets en bois pour un look propre.<\/li>\n\n\n\n<li>Fournit une lumi\u00e8re brillante sous les \u00e9tag\u00e8res pour vous aider \u00e0 mieux voir.\u00a0<\/li>\n\n\n\n<li>Fabriqu\u00e9 en aluminium solide qui permet aux bandes LED de durer plus longtemps.<\/li>\n\n\n\n<li>Livr\u00e9 avec un diffuseur de lumi\u00e8re clair pour une lumi\u00e8re douce et uniforme.\u00a0<\/li>\n\n\n\n<li>Facile \u00e0 installer avec des outils de base.<\/li>\n\n\n\n<li>Fonctionne avec de nombreux types de bandes LED de type DC12V.<\/li>\n<\/ul>\n<\/div>\n<\/div>\n\n\n\n<div class=\"wp-block-group is-vertical is-layout-flex wp-container-core-group-is-layout-d255d7c4 wp-block-group-is-layout-flex\" style=\"padding-top:var(--wp--preset--spacing--80);padding-bottom:var(--wp--preset--spacing--80)\">\n<hr class=\"wp-block-separator has-alpha-channel-opacity\"\/>\n\n\n\n<div class=\"wp-block-media-text has-media-on-the-right is-stacked-on-mobile\" style=\"grid-template-columns:auto 40%\"><div class=\"wp-block-media-text__content\">\n<h2 class=\"wp-block-heading\" style=\"padding-top:var(--wp--preset--spacing--40);padding-bottom:var(--wp--preset--spacing--40);font-size:25px;font-style:normal;font-weight:600;text-transform:capitalize\">Comment installer<\/h2>\n\n\n\n<ul class=\"wp-block-list\">\n<li>Mesurer et couper : Utilisez un m\u00e8tre \u00e0 ruban pour d\u00e9terminer la longueur du bord de l'\u00e9tag\u00e8re, puis coupez le profil\u00e9 en aluminium \u00e0 cette longueur.<\/li>\n\n\n\n<li>Fixer le profil : Fixez le profil en aluminium au bas du bord de l'\u00e9tag\u00e8re. Assurez-vous qu'il est \u00e0 niveau avec le bord avant du bois pour un look soign\u00e9.<\/li>\n\n\n\n<li>Placer la bande LED : Retirez l'arri\u00e8re de la bande LED et collez-la fermement au profil\u00e9 en aluminium.<\/li>\n\n\n\n<li>Tester et installer le diffuseur : pour le test, branchez la bande LED \u00e0 votre alimentation \u00e9lectrique, puis clipsez le couvercle en plastique du diffuseur sur le profil\u00e9 pour le finir.<\/li>\n<\/ul>\n<\/div><figure class=\"wp-block-media-text__media\"><img loading=\"lazy\" decoding=\"async\" width=\"500\" height=\"500\" src=\"https:\/\/tangooled.com\/wp-content\/uploads\/2026\/01\/lb06-ins.webp\" alt=\"\u00e9clairage \u00e0 LED de bandeau en bois sous l&#039;\u00e9tag\u00e8re\" class=\"wp-image-46002 size-full\" srcset=\"https:\/\/tangooled.com\/wp-content\/uploads\/2026\/01\/lb06-ins.webp 500w, https:\/\/tangooled.com\/wp-content\/uploads\/2026\/01\/lb06-ins-300x300.webp 300w, https:\/\/tangooled.com\/wp-content\/uploads\/2026\/01\/lb06-ins-150x150.webp 150w\" sizes=\"auto, (max-width: 500px) 100vw, 500px\" \/><\/figure><\/div>\n<\/div>\n\n\n\n<div class=\"wp-block-group has-background is-vertical is-layout-flex wp-container-core-group-is-layout-b429018a wp-block-group-is-layout-flex\" style=\"background-color:#f1f1f1f2;padding-top:var(--wp--preset--spacing--70);padding-bottom:var(--wp--preset--spacing--70)\">\n<h2 class=\"wp-block-heading\" style=\"padding-top:var(--wp--preset--spacing--40);padding-bottom:var(--wp--preset--spacing--40);font-size:25px;font-style:normal;font-weight:600;text-transform:capitalize\">meilleure fa\u00e7on d'utiliser<\/h2>\n\n\n\n<ul class=\"wp-block-list\">\n<li>\u00c9clairage de travail sous l'\u00e9tag\u00e8re suffisamment lumineux pour lire des recettes, couper des aliments et cuisiner.<\/li>\n\n\n\n<li>\u00c9clairage de biblioth\u00e8que et de pr\u00e9sentation : \u00c9clairez vos livres, collections ou articles stock\u00e9s avec une lumi\u00e8re douce.<\/li>\n\n\n\n<li>\u00c9clairage d'\u00e9tag\u00e8re flottante : Cette lumi\u00e8re tendance cache la source et cr\u00e9e un bel \u00e9clairage mural.<\/li>\n\n\n\n<li>\u00c9clairez les \u00e9tag\u00e8res sombres de votre placard et votre garde-robe pour les rendre plus faciles \u00e0 voir et \u00e0 para\u00eetre mieux.<\/li>\n<\/ul>\n<\/div>\n\n\n\n<div class=\"wp-block-group is-vertical is-layout-flex wp-container-core-group-is-layout-d255d7c4 wp-block-group-is-layout-flex\" style=\"padding-top:var(--wp--preset--spacing--80);padding-bottom:var(--wp--preset--spacing--80)\">\n<h2 class=\"wp-block-heading\" style=\"padding-top:var(--wp--preset--spacing--40);padding-bottom:var(--wp--preset--spacing--40);font-size:25px;font-style:normal;font-weight:600;text-transform:capitalize\">Produits connexes qui pourraient vous int\u00e9resser<\/h2>\n\n\n\n<ul class=\"wp-block-list\">\n<li>Profil\u00e9 LED noir avec diffuseur noir pour bande LED de 10 mm : <a href=\"https:\/\/tangooled.com\/fr\/product\/black-led-profile-with-black-diffuser-for-10mm-led-strip-light\/\"><mark style=\"background-color:rgba(0, 0, 0, 0)\" class=\"has-inline-color has-vivid-red-color\">Voir le produit<\/mark><\/a><\/li>\n\n\n\n<li>Profil\u00e9 LED \u00e0 montage en surface avec diffuseur d\u00e9poli pour lumi\u00e8res en corde de 10 mm : <a href=\"https:\/\/tangooled.com\/fr\/product\/surface-mount-led-profile-with-frosted-diffuser-for-10mm-rope-lights\/\"><mark style=\"background-color:rgba(0, 0, 0, 0)\" class=\"has-inline-color has-vivid-red-color\">Voir le produit<\/mark><\/a><\/li>\n\n\n\n<li>Canal diffuseur LED en aluminium 15x12mm pour bandes LED de 10mm : <a href=\"https:\/\/tangooled.com\/fr\/product\/led-light-diffuser-channel-aluminum-15x12mm-for-10mm-led-strips\/\"><mark style=\"background-color:rgba(0, 0, 0, 0)\" class=\"has-inline-color has-vivid-red-color\">Voir le produit<\/mark><\/a><\/li>\n<\/ul>\n<\/div>\n\n\n\n<div class=\"wp-block-group has-background is-vertical is-layout-flex wp-container-core-group-is-layout-b429018a wp-block-group-is-layout-flex\" style=\"background-color:#f1f1f1f2;padding-top:var(--wp--preset--spacing--70);padding-bottom:var(--wp--preset--spacing--70)\">\n<h2 class=\"wp-block-heading\" style=\"padding-top:var(--wp--preset--spacing--40);padding-bottom:var(--wp--preset--spacing--40);font-size:25px;font-style:normal;font-weight:600;text-transform:capitalize\">r\u00e9sum\u00e9<\/h2>\n\n\n\n<p style=\"padding-right:var(--wp--preset--spacing--50);padding-left:var(--wp--preset--spacing--50)\">Installer l'\u00e9clairage d'angle sous des \u00e9tag\u00e8res en bois est facile avec notre canal LED pour le bord du cabinet en bois. Il fonctionne avec la plupart des bandes LED qui mesurent jusqu'\u00e0 8 mm de large et s'adapte au bois d'une \u00e9paisseur de 18 mm. Le diffuseur d\u00e9poli rend la lumi\u00e8re douce, lisse et sans points, et l'aluminium anodis\u00e9 garde les LEDs au frais et en s\u00e9curit\u00e9. Id\u00e9al pour ajouter un \u00e9clairage de travail, ambiant et d'accent aux cuisines, \u00e9tag\u00e8res d'exposition et \u00e9tag\u00e8res flottantes.<\/p>\n<\/div>\n\n\n\n<p><\/p>","protected":false},"featured_media":14191,"template":"","meta":{"_acf_changed":true,"_seopress_robots_primary_cat":"none","_seopress_titles_title":"Wood Cabinet Edge LED Channel | Under Shelf Lighting | TANGOOLED","_seopress_titles_desc":"Source the wood cabinet edge led channel. Specifically designed for integrated edge lighting in furniture and under shelf applications. Professional TANGOOLED quality.","_seopress_robots_index":""},"pcb-width":[228],"product-cat":[193],"class_list":{"0":"post-46001","1":"product","2":"type-product","3":"status-publish","4":"has-post-thumbnail","6":"pcb-width-6-12mm","7":"product-cat-recessed-profile"},"acf":[],"_links":{"self":[{"href":"https:\/\/tangooled.com\/fr\/wp-json\/wp\/v2\/product\/46001","targetHints":{"allow":["GET"]}}],"collection":[{"href":"https:\/\/tangooled.com\/fr\/wp-json\/wp\/v2\/product"}],"about":[{"href":"https:\/\/tangooled.com\/fr\/wp-json\/wp\/v2\/types\/product"}],"wp:featuredmedia":[{"embeddable":true,"href":"https:\/\/tangooled.com\/fr\/wp-json\/wp\/v2\/media\/14191"}],"wp:attachment":[{"href":"https:\/\/tangooled.com\/fr\/wp-json\/wp\/v2\/media?parent=46001"}],"wp:term":[{"taxonomy":"pcb-width","embeddable":true,"href":"https:\/\/tangooled.com\/fr\/wp-json\/wp\/v2\/pcb-width?post=46001"},{"taxonomy":"product-cat","embeddable":true,"href":"https:\/\/tangooled.com\/fr\/wp-json\/wp\/v2\/product-cat?post=46001"}],"curies":[{"name":"wp","href":"https:\/\/api.w.org\/{rel}","templated":true}]}}