{"id":45997,"date":"2026-01-07T18:49:10","date_gmt":"2026-01-08T02:49:10","guid":{"rendered":"https:\/\/tangooled.com\/?post_type=product&#038;p=45997"},"modified":"2026-02-02T22:29:02","modified_gmt":"2026-02-03T06:29:02","slug":"cabinet-led-aluminum-profile-up-down-edge-lighting-lb05","status":"publish","type":"product","link":"https:\/\/tangooled.com\/fr\/product\/cabinet-led-aluminum-profile-up-down-edge-lighting-lb05\/","title":{"rendered":"\u00e9clairage \u00e0 LED en aluminium pour le bord sup\u00e9rieur et inf\u00e9rieur du cabinet"},"content":{"rendered":"<div class=\"wp-block-group is-vertical is-layout-flex wp-container-core-group-is-layout-d255d7c4 wp-block-group-is-layout-flex\" style=\"padding-top:var(--wp--preset--spacing--80);padding-bottom:var(--wp--preset--spacing--80)\">\n<p>\u00c9clairez votre espace de rangement avec notre profil LED pour \u00e9clairage d'angle sup\u00e9rieur et inf\u00e9rieur. Ce profil en aluminium est con\u00e7u pour fournir un \u00e9clairage net et pr\u00e9cis sur les bords. Il fonctionne pour l'\u00e9clairage sup\u00e9rieur et inf\u00e9rieur dans un seul canal. Il est con\u00e7u pour s'adapter parfaitement \u00e0 votre meuble et \u00e9clairer l\u00e0 o\u00f9 vous en avez besoin.<\/p>\n<\/div>\n\n\n\n<div class=\"wp-block-group has-background is-vertical is-layout-flex wp-container-core-group-is-layout-d255d7c4 wp-block-group-is-layout-flex\" style=\"background-color:#f1f1f1;padding-top:var(--wp--preset--spacing--80);padding-bottom:var(--wp--preset--spacing--80)\">\n<div class=\"wp-block-group is-vertical is-layout-flex wp-container-core-group-is-layout-8cf370e7 wp-block-group-is-layout-flex\">\n<h2 class=\"wp-block-heading\" style=\"padding-top:var(--wp--preset--spacing--40);padding-bottom:var(--wp--preset--spacing--40);font-size:25px;font-style:normal;font-weight:600;text-transform:capitalize\">Pourquoi choisir ce canal d'\u00e9clairage d'angle sup\u00e9rieur et inf\u00e9rieur ?<\/h2>\n\n\n\n<ul class=\"wp-block-list\">\n<li>Double direction de lumi\u00e8re : La lumi\u00e8re brille \u00e0 la fois vers le haut et vers le bas en m\u00eame temps. Cela \u00e9conomise de l'espace et fait que votre meuble ou \u00e9tag\u00e8re a l'air bien.<\/li>\n\n\n\n<li>Profil en aluminium robuste : Fabriqu\u00e9 en aluminium solide. Il maintient vos bandes LED au frais et prolonge la dur\u00e9e de vie de votre \u00e9clairage. <\/li>\n\n\n\n<li>Bien adapt\u00e9 : Con\u00e7u pour s'adapter correctement aux bords de meubles et fonctionne avec de nombreux types de bandes LED. <\/li>\n\n\n\n<li>Facile \u00e0 utiliser : Vous pouvez utiliser des vis pour soit le fixer \u00e0 la surface, soit le placer dans une fente.<\/li>\n<\/ul>\n<\/div>\n<\/div>\n\n\n\n<div class=\"wp-block-group is-vertical is-layout-flex wp-container-core-group-is-layout-d255d7c4 wp-block-group-is-layout-flex\" style=\"padding-top:var(--wp--preset--spacing--80);padding-bottom:var(--wp--preset--spacing--80)\">\n<hr class=\"wp-block-separator has-alpha-channel-opacity\"\/>\n\n\n\n<div class=\"wp-block-media-text has-media-on-the-right is-stacked-on-mobile\" style=\"grid-template-columns:auto 40%\"><div class=\"wp-block-media-text__content\">\n<h2 class=\"wp-block-heading\" style=\"padding-top:var(--wp--preset--spacing--40);padding-bottom:var(--wp--preset--spacing--40);font-size:25px;font-style:normal;font-weight:600;text-transform:capitalize\">Comment utiliser ce profil en aluminium ?<\/h2>\n\n\n\n<ul class=\"wp-block-list\">\n<li>Meubles de cuisine : Utilisez ce profil LED pour \u00e9clairer les bords des meubles de cuisine pour une illumination et un style accrus.<\/li>\n\n\n\n<li>Armoires et dressings : Utilisez le canal d'\u00e9clairage d'angle pour ajouter une lumi\u00e8re vive et douce \u00e0 vos armoires.<\/li>\n\n\n\n<li>Vitrines et \u00e9tag\u00e8res : Utilisez un bel \u00e9clairage sur les deux coins pour mettre en valeur vos objets.<\/li>\n\n\n\n<li>Espaces de bureau et de vente : Utilisez sur des \u00e9tag\u00e8res ou des unit\u00e9s d'affichage pour les rendre attrayants.<\/li>\n<\/ul>\n<\/div><figure class=\"wp-block-media-text__media\"><img loading=\"lazy\" decoding=\"async\" width=\"500\" height=\"500\" src=\"https:\/\/tangooled.com\/wp-content\/uploads\/2026\/01\/lb05-ins.webp\" alt=\"\u00e9clairage \u00e0 LED en aluminium pour le bord sup\u00e9rieur et inf\u00e9rieur du cabinet\" class=\"wp-image-45998 size-full\" srcset=\"https:\/\/tangooled.com\/wp-content\/uploads\/2026\/01\/lb05-ins.webp 500w, https:\/\/tangooled.com\/wp-content\/uploads\/2026\/01\/lb05-ins-300x300.webp 300w, https:\/\/tangooled.com\/wp-content\/uploads\/2026\/01\/lb05-ins-150x150.webp 150w\" sizes=\"auto, (max-width: 500px) 100vw, 500px\" \/><\/figure><\/div>\n<\/div>\n\n\n\n<div class=\"wp-block-group has-background is-vertical is-layout-flex wp-container-core-group-is-layout-b429018a wp-block-group-is-layout-flex\" style=\"background-color:#f1f1f1f2;padding-top:var(--wp--preset--spacing--70);padding-bottom:var(--wp--preset--spacing--70)\">\n<h2 class=\"wp-block-heading\" style=\"padding-top:var(--wp--preset--spacing--40);padding-bottom:var(--wp--preset--spacing--40);font-size:25px;font-style:normal;font-weight:600\">Voir les produits associ\u00e9s<\/h2>\n\n\n\n<ul class=\"wp-block-list\">\n<li><a href=\"https:\/\/tangooled.com\/fr\/product\/black-led-diffuser-aluminum-channel-for-12mm-tape-lights\/\"><mark style=\"background-color:rgba(0, 0, 0, 0)\" class=\"has-inline-color has-vivid-red-color\">Profil en aluminium avec diffuseur LED noir pour bandes de 12 mm<\/mark><\/a>: Id\u00e9al pour des th\u00e8mes de design plus sombres avec une r\u00e9partition lumineuse soign\u00e9e.<\/li>\n\n\n\n<li><a href=\"https:\/\/tangooled.com\/fr\/product\/surface-mount-led-profile-with-frosted-diffuser-for-10mm-rope-lights\/\"><mark style=\"background-color:rgba(0, 0, 0, 0)\" class=\"has-inline-color has-vivid-red-color\">Profil LED \u00e0 montage en surface avec diffuseur frosting pour lumi\u00e8res \u00e0 cordon de 10 mm<\/mark><\/a>: Facile \u00e0 installer avec diffuseur frosting.<\/li>\n\n\n\n<li><a href=\"https:\/\/tangooled.com\/fr\/product\/recessed-led-aluminum-profile-up-and-down-lighting-channel-for-cabinet\/\"><mark style=\"background-color:rgba(0, 0, 0, 0)\" class=\"has-inline-color has-vivid-red-color\">Profil en aluminium LED encastr\u00e9 pour \u00e9clairage sup\u00e9rieur et inf\u00e9rieur pour meuble<\/mark><\/a>: \u00c9clairage d'angle de montage affleurant pour un design de meuble \u00e9l\u00e9gant.<\/li>\n<\/ul>\n<\/div>\n\n\n\n<div class=\"wp-block-group is-vertical is-layout-flex wp-container-core-group-is-layout-d255d7c4 wp-block-group-is-layout-flex\" style=\"padding-top:var(--wp--preset--spacing--80);padding-bottom:var(--wp--preset--spacing--80)\">\n<h2 class=\"wp-block-heading\" style=\"padding-top:var(--wp--preset--spacing--40);padding-bottom:var(--wp--preset--spacing--40);font-size:25px;font-style:normal;font-weight:600;text-transform:capitalize\">R\u00e9sum\u00e9<\/h2>\n\n\n\n<p>Notre profil LED pour \u00e9clairage d'angle sup\u00e9rieur et inf\u00e9rieur est le meilleur choix pour un \u00e9clairage soign\u00e9 et styl\u00e9. La caract\u00e9ristique unique d'\u00e9clairage \u00e0 deux niveaux offre une excellente lumi\u00e8re pour tout espace de maison ou d'entreprise. Le profil en aluminium r\u00e9sistant garde les LED au frais et brillants. Facile \u00e0 installer avec un diffuseur opale ou frosted, ce canal rend la lumi\u00e8re douce et lisse.<\/p>\n<\/div>\n\n\n\n<p><\/p>","protected":false},"featured_media":14188,"template":"","meta":{"_acf_changed":true,"_seopress_robots_primary_cat":"none","_seopress_titles_title":"LB05 Up and Down Edge Lighting LED Profile | TANGOOLED","_seopress_titles_desc":"LB05 aluminum LED profile for up and down edge lighting. Specially designed for cabinet edges and glass shelving to create dual-sided lighting effects.","_seopress_robots_index":""},"pcb-width":[228],"product-cat":[193],"class_list":{"0":"post-45997","1":"product","2":"type-product","3":"status-publish","4":"has-post-thumbnail","6":"pcb-width-6-12mm","7":"product-cat-recessed-profile"},"acf":[],"_links":{"self":[{"href":"https:\/\/tangooled.com\/fr\/wp-json\/wp\/v2\/product\/45997","targetHints":{"allow":["GET"]}}],"collection":[{"href":"https:\/\/tangooled.com\/fr\/wp-json\/wp\/v2\/product"}],"about":[{"href":"https:\/\/tangooled.com\/fr\/wp-json\/wp\/v2\/types\/product"}],"wp:featuredmedia":[{"embeddable":true,"href":"https:\/\/tangooled.com\/fr\/wp-json\/wp\/v2\/media\/14188"}],"wp:attachment":[{"href":"https:\/\/tangooled.com\/fr\/wp-json\/wp\/v2\/media?parent=45997"}],"wp:term":[{"taxonomy":"pcb-width","embeddable":true,"href":"https:\/\/tangooled.com\/fr\/wp-json\/wp\/v2\/pcb-width?post=45997"},{"taxonomy":"product-cat","embeddable":true,"href":"https:\/\/tangooled.com\/fr\/wp-json\/wp\/v2\/product-cat?post=45997"}],"curies":[{"name":"wp","href":"https:\/\/api.w.org\/{rel}","templated":true}]}}