{"id":45993,"date":"2026-01-07T18:45:54","date_gmt":"2026-01-08T02:45:54","guid":{"rendered":"https:\/\/tangooled.com\/?post_type=product&#038;p=45993"},"modified":"2026-02-02T22:18:35","modified_gmt":"2026-02-03T06:18:35","slug":"cabinet-aluminum-channel-up-down-diffusers-lb04","status":"publish","type":"product","link":"https:\/\/tangooled.com\/fr\/product\/cabinet-aluminum-channel-up-down-diffusers-lb04\/","title":{"rendered":"canal en aluminium pour cabinet avec diffuseurs LED haut et bas lB04"},"content":{"rendered":"<div class=\"wp-block-group is-vertical is-layout-flex wp-container-core-group-is-layout-d255d7c4 wp-block-group-is-layout-flex\" style=\"padding-top:var(--wp--preset--spacing--80);padding-bottom:var(--wp--preset--spacing--80)\">\n<p>Faites briller votre cabinet avec le canal en aluminium LB04 pour cabinet avec diffuseurs haut-bas. Ce canal en aluminium est con\u00e7u pour fournir un \u00e9clairage bi-directionnel, diffusant une lueur douce et uniforme vers le haut et vers le bas. Ce canal d'\u00e9clairage haut-bas est parfait pour votre maison ou votre espace commercial.<\/p>\n<\/div>\n\n\n\n<div class=\"wp-block-group has-background is-vertical is-layout-flex wp-container-core-group-is-layout-d255d7c4 wp-block-group-is-layout-flex\" style=\"background-color:#f1f1f1;padding-top:var(--wp--preset--spacing--80);padding-bottom:var(--wp--preset--spacing--80)\">\n<div class=\"wp-block-group is-vertical is-layout-flex wp-container-core-group-is-layout-8cf370e7 wp-block-group-is-layout-flex\">\n<h2 class=\"wp-block-heading\" style=\"padding-top:var(--wp--preset--spacing--40);padding-bottom:var(--wp--preset--spacing--40);font-size:25px;font-style:normal;font-weight:600;text-transform:capitalize\">Pourquoi choisir le canal en aluminium LB04 ?<\/h2>\n\n\n\n<p>Ce canal en aluminium pour cabinet avec diffuseurs haut-bas est solide, facile \u00e0 utiliser et a fi\u00e8re allure. Il permet \u00e0 vos bandes LED de durer plus longtemps en les maintenant au frais. Le canal en aluminium de haute qualit\u00e9 agit comme un dissipateur de chaleur et prot\u00e8ge vos bandes.<\/p>\n\n\n\n<ul class=\"wp-block-list\">\n<li>\u00c9clairage \u00e0 double face : La lumi\u00e8re brille vers le haut et vers le bas en m\u00eame temps. <\/li>\n\n\n\n<li>Mat\u00e9riau r\u00e9sistant : Fabriqu\u00e9 en aluminium 6063-T5, qui est solide et permet une bonne \u00e9vacuation de la chaleur.<\/li>\n\n\n\n<li>Lumi\u00e8re douce : Les diffuseurs r\u00e9partissent la lumi\u00e8re uniform\u00e9ment et cachent les points.<\/li>\n\n\n\n<li>Facile \u00e0 monter : con\u00e7u pour \u00eatre mont\u00e9 sur une surface.<\/li>\n\n\n\n<li>Convient \u00e0 de nombreuses bandes : Peut \u00eatre utilis\u00e9 avec des bandes LED jusqu'\u00e0 12 mm de large.<\/li>\n<\/ul>\n<\/div>\n<\/div>\n\n\n\n<div class=\"wp-block-group is-vertical is-layout-flex wp-container-core-group-is-layout-d255d7c4 wp-block-group-is-layout-flex\" style=\"padding-top:var(--wp--preset--spacing--80);padding-bottom:var(--wp--preset--spacing--80)\">\n<hr class=\"wp-block-separator has-alpha-channel-opacity\"\/>\n\n\n\n<div class=\"wp-block-media-text has-media-on-the-right is-stacked-on-mobile\" style=\"grid-template-columns:auto 40%\"><div class=\"wp-block-media-text__content\">\n<h2 class=\"wp-block-heading\" style=\"padding-top:var(--wp--preset--spacing--40);padding-bottom:var(--wp--preset--spacing--40);font-size:25px;font-style:normal;font-weight:600;text-transform:capitalize\">Facile \u00e0 installer<\/h2>\n\n\n\n<p>Ce canal en aluminium est fait pour le montage en retrait dans un panneau. Le panneau en bois peut \u00eatre encastr\u00e9 dans ce canal et fix\u00e9 avec des vis.<\/p>\n<\/div><figure class=\"wp-block-media-text__media\"><img loading=\"lazy\" decoding=\"async\" width=\"500\" height=\"500\" src=\"https:\/\/tangooled.com\/wp-content\/uploads\/2026\/01\/lb04-ins.webp\" alt=\"lb04 cabinet aluminum channel with up and down led diffusers\" class=\"wp-image-45995 size-full\" srcset=\"https:\/\/tangooled.com\/wp-content\/uploads\/2026\/01\/lb04-ins.webp 500w, https:\/\/tangooled.com\/wp-content\/uploads\/2026\/01\/lb04-ins-300x300.webp 300w, https:\/\/tangooled.com\/wp-content\/uploads\/2026\/01\/lb04-ins-150x150.webp 150w\" sizes=\"auto, (max-width: 500px) 100vw, 500px\" \/><\/figure><\/div>\n<\/div>\n\n\n\n<div class=\"wp-block-group has-background is-vertical is-layout-flex wp-container-core-group-is-layout-b429018a wp-block-group-is-layout-flex\" style=\"background-color:#f1f1f1f2;padding-top:var(--wp--preset--spacing--70);padding-bottom:var(--wp--preset--spacing--70)\">\n<h2 class=\"wp-block-heading\" style=\"padding-top:var(--wp--preset--spacing--40);padding-bottom:var(--wp--preset--spacing--40);font-size:25px;font-style:normal;font-weight:600\">Id\u00e9al pour de nombreux endroits<\/h2>\n\n\n\n<ul class=\"wp-block-list\">\n<li>Meubles de cuisine pour un \u00e9clairage de travail clair<\/li>\n\n\n\n<li>\u00c9tag\u00e8res pour mettre en valeur vos livres pr\u00e9f\u00e9r\u00e9s<\/li>\n\n\n\n<li>Placards et dressings pour une visibilit\u00e9 facile<\/li>\n\n\n\n<li>Pr\u00e9sentations commerciales pour faire ressortir les produits<\/li>\n<\/ul>\n\n\n\n<p style=\"padding-right:var(--wp--preset--spacing--50);padding-left:var(--wp--preset--spacing--50)\">Si vous voulez une option similaire, regardez ceci <a href=\"https:\/\/tangooled.com\/fr\/product\/surface-mount-led-profile-with-frosted-diffuser-for-10mm-rope-lights\/\"><mark style=\"background-color:rgba(0, 0, 0, 0)\" class=\"has-inline-color has-vivid-red-color\">profil\u00e9 LED \u00e0 montage en surface avec diffuseur d\u00e9poli pour lampes \u00e0 corde de 10 mm<\/mark><\/a>.<br>Ou consultez ceci <a href=\"https:\/\/tangooled.com\/fr\/product\/black-led-diffuser-aluminum-channel-for-12mm-tape-lights\/\"><mark style=\"background-color:rgba(0, 0, 0, 0)\" class=\"has-inline-color has-vivid-red-color\">canal en aluminium diffuseur LED noir pour bandes de 12 mm<\/mark><\/a> pour une finition noire.<\/p>\n<\/div>\n\n\n\n<p><\/p>","protected":false},"featured_media":14182,"template":"","meta":{"_acf_changed":true,"_seopress_robots_primary_cat":"none","_seopress_titles_title":"Cabinet Aluminum Channel with Up and Down Diffusers LB04 | TANGOOLED","_seopress_titles_desc":"Source the cabinet aluminum channel with up and down LED diffusers for balanced ambient lighting. Our LB04 aluminum profile is for furniture & display cases.","_seopress_robots_index":""},"pcb-width":[228],"product-cat":[193],"class_list":{"0":"post-45993","1":"product","2":"type-product","3":"status-publish","4":"has-post-thumbnail","6":"pcb-width-6-12mm","7":"product-cat-recessed-profile"},"acf":[],"_links":{"self":[{"href":"https:\/\/tangooled.com\/fr\/wp-json\/wp\/v2\/product\/45993","targetHints":{"allow":["GET"]}}],"collection":[{"href":"https:\/\/tangooled.com\/fr\/wp-json\/wp\/v2\/product"}],"about":[{"href":"https:\/\/tangooled.com\/fr\/wp-json\/wp\/v2\/types\/product"}],"wp:featuredmedia":[{"embeddable":true,"href":"https:\/\/tangooled.com\/fr\/wp-json\/wp\/v2\/media\/14182"}],"wp:attachment":[{"href":"https:\/\/tangooled.com\/fr\/wp-json\/wp\/v2\/media?parent=45993"}],"wp:term":[{"taxonomy":"pcb-width","embeddable":true,"href":"https:\/\/tangooled.com\/fr\/wp-json\/wp\/v2\/pcb-width?post=45993"},{"taxonomy":"product-cat","embeddable":true,"href":"https:\/\/tangooled.com\/fr\/wp-json\/wp\/v2\/product-cat?post=45993"}],"curies":[{"name":"wp","href":"https:\/\/api.w.org\/{rel}","templated":true}]}}