{"id":45987,"date":"2026-01-07T18:31:34","date_gmt":"2026-01-08T02:31:34","guid":{"rendered":"https:\/\/tangooled.com\/?post_type=product&#038;p=45987"},"modified":"2026-02-02T22:24:17","modified_gmt":"2026-02-03T06:24:17","slug":"recessed-up-and-down-led-lighting-channel-cabinet-lb02","status":"publish","type":"product","link":"https:\/\/tangooled.com\/fr\/product\/recessed-up-and-down-led-lighting-channel-cabinet-lb02\/","title":{"rendered":"Profil LED aluminium encastr\u00e9 pour \u00e9clairage haut et bas pour armoire"},"content":{"rendered":"<div class=\"wp-block-group is-vertical is-layout-flex wp-container-core-group-is-layout-d255d7c4 wp-block-group-is-layout-flex\" style=\"padding-top:var(--wp--preset--spacing--80);padding-bottom:var(--wp--preset--spacing--80)\">\n<p>Notre canal d'\u00e9clairage encastr\u00e9 haut-bas BP02 fournira \u00e0 vos armoires un \u00e9clairage fluide et intelligent. Ce canal d'\u00e9clairage pour armoire a un design moderne et \u00e9pur\u00e9. Il est fabriqu\u00e9 en aluminium robuste, ce qui aide \u00e0 garder vos LED fra\u00eeches et brillantes pendant des ann\u00e9es. Utilisez-le pour donner \u00e0 vos lumi\u00e8res d'armoire un aspect \u00e9l\u00e9gant et am\u00e9liorer leur performance.<\/p>\n<\/div>\n\n\n\n<div class=\"wp-block-group has-background is-vertical is-layout-flex wp-container-core-group-is-layout-d255d7c4 wp-block-group-is-layout-flex\" style=\"background-color:#f1f1f1;padding-top:var(--wp--preset--spacing--80);padding-bottom:var(--wp--preset--spacing--80)\">\n<div class=\"wp-block-group is-vertical is-layout-flex wp-container-core-group-is-layout-8cf370e7 wp-block-group-is-layout-flex\">\n<h2 class=\"wp-block-heading\" style=\"padding-top:var(--wp--preset--spacing--40);padding-bottom:var(--wp--preset--spacing--40);font-size:25px;font-style:normal;font-weight:600;text-transform:capitalize\">Pourquoi choisir notre canal d'\u00e9clairage encastr\u00e9 haut-bas LB02 ?<\/h2>\n\n\n\n<ul class=\"wp-block-list\">\n<li>\u00c9clairage haut et bas : Les lumi\u00e8res se dirigent vers le haut et le bas pour vous fournir \u00e0 la fois un \u00e9clairage de travail efficace et une lumi\u00e8re d'ambiance douce.<\/li>\n\n\n\n<li>Design encastr\u00e9 affleurant : S'int\u00e8gre parfaitement dans un panneau d'armoire de 18 mm d'\u00e9paisseur pour un look soign\u00e9.<\/li>\n\n\n\n<li>Canal en aluminium robuste : Cela garde les LED au frais et aide \u00e0 prolonger leur dur\u00e9e de vie.<\/li>\n\n\n\n<li>\u00c9clairage sans points : Le diffuseur givr\u00e9 rend l'\u00e9clairage lisse et uniforme sans spots lumineux.<\/li>\n\n\n\n<li>Couverture protectrice : Prot\u00e8ge les bandes LED de la poussi\u00e8re et des chocs.<\/li>\n\n\n\n<li>Facile \u00e0 installer : Il suffit de carving une rainure, de fixer la bride de montage dans le bois, puis d'ajouter les LED et le diffuseur.<\/li>\n\n\n\n<li>Fonctionne avec des bandes LED populaires : Fonctionne bien avec des LED flexibles de type 2835, 5050, et 5630.<\/li>\n<\/ul>\n<\/div>\n<\/div>\n\n\n\n<div class=\"wp-block-group is-vertical is-layout-flex wp-container-core-group-is-layout-d255d7c4 wp-block-group-is-layout-flex\" style=\"padding-top:var(--wp--preset--spacing--80);padding-bottom:var(--wp--preset--spacing--80)\">\n<hr class=\"wp-block-separator has-alpha-channel-opacity\"\/>\n\n\n\n<div class=\"wp-block-media-text has-media-on-the-right is-stacked-on-mobile\" style=\"grid-template-columns:auto 40%\"><div class=\"wp-block-media-text__content\">\n<h2 class=\"wp-block-heading\" style=\"padding-top:var(--wp--preset--spacing--40);padding-bottom:var(--wp--preset--spacing--40);font-size:25px;font-style:normal;font-weight:600;text-transform:capitalize\">Instructions d'installation<\/h2>\n\n\n\n<ul class=\"wp-block-list\">\n<li>Coupez une rainure sur le c\u00f4t\u00e9 de votre panneau d'armoire.<\/li>\n\n\n\n<li>Clips la pi\u00e8ce de la bride de montage dans la rainure.<\/li>\n\n\n\n<li>Ins\u00e9rez votre bande LED \u00e0 l'int\u00e9rieur du canal.<\/li>\n\n\n\n<li>Clips sur la couverture du diffuseur givr\u00e9.<\/li>\n\n\n\n<li>Fixez les bouchons aux extr\u00e9mit\u00e9s pour finaliser le look.<\/li>\n<\/ul>\n<\/div><figure class=\"wp-block-media-text__media\"><img loading=\"lazy\" decoding=\"async\" width=\"506\" height=\"506\" src=\"https:\/\/tangooled.com\/wp-content\/uploads\/2026\/01\/lb02-ins.webp\" alt=\"lb02 ins\" class=\"wp-image-46018 size-full\" srcset=\"https:\/\/tangooled.com\/wp-content\/uploads\/2026\/01\/lb02-ins.webp 506w, https:\/\/tangooled.com\/wp-content\/uploads\/2026\/01\/lb02-ins-300x300.webp 300w, https:\/\/tangooled.com\/wp-content\/uploads\/2026\/01\/lb02-ins-150x150.webp 150w\" sizes=\"auto, (max-width: 506px) 100vw, 506px\" \/><\/figure><\/div>\n<\/div>\n\n\n\n<div class=\"wp-block-group has-background is-vertical is-layout-flex wp-container-core-group-is-layout-b429018a wp-block-group-is-layout-flex\" style=\"background-color:#f1f1f1f2;padding-top:var(--wp--preset--spacing--70);padding-bottom:var(--wp--preset--spacing--70)\">\n<h2 class=\"wp-block-heading\" style=\"padding-top:var(--wp--preset--spacing--40);padding-bottom:var(--wp--preset--spacing--40);font-size:25px;font-style:normal;font-weight:600\">Produits connexes pour compl\u00e9ter votre \u00e9clairage<\/h2>\n\n\n\n<p>D\u00e9couvrez ces profils de canaux en aluminium avec diffuseurs assortis pour cr\u00e9er un syst\u00e8me d'\u00e9clairage complet :<\/p>\n\n\n\n<ul class=\"wp-block-list\">\n<li><a href=\"https:\/\/tangooled.com\/fr\/product\/black-led-profile-with-black-diffuser-for-10mm-led-strip-light\/\"><mark style=\"background-color:rgba(0, 0, 0, 0)\" class=\"has-inline-color has-vivid-red-color\">Profil LED noir avec diffuseur noir pour bande LED de 10mm<\/mark><\/a><\/li>\n\n\n\n<li><a href=\"https:\/\/tangooled.com\/fr\/product\/cabinet-led-aluminum-profile-up-and-down-edge-lighting\/\"><mark style=\"background-color:rgba(0, 0, 0, 0)\" class=\"has-inline-color has-vivid-red-color\">Profil aluminium LED pour \u00e9clairage de bord haut et bas<\/mark><\/a><\/li>\n\n\n\n<li><a href=\"https:\/\/tangooled.com\/fr\/product\/cabinet-led-strip-channel-with-diffuser-for-double-led-strips\/\"><mark style=\"background-color:rgba(0, 0, 0, 0)\" class=\"has-inline-color has-vivid-red-color\">Canal pour bandes LED avec diffuseur pour bandes LED doubles<\/mark><\/a><\/li>\n<\/ul>\n<\/div>\n\n\n\n<p><\/p>","protected":false},"featured_media":14171,"template":"","meta":{"_acf_changed":true,"_seopress_robots_primary_cat":"none","_seopress_titles_title":"Recessed Up and Down LED Profile for Cabinets LB02 | TANGOOLED","_seopress_titles_desc":"TANGOO's recessed aluminum LED profile LB02 features up and down lighting channels. Ideal for integrated cabinet lighting and architectural shadow-free effects.","_seopress_robots_index":""},"pcb-width":[228],"product-cat":[193],"class_list":{"0":"post-45987","1":"product","2":"type-product","3":"status-publish","4":"has-post-thumbnail","6":"pcb-width-6-12mm","7":"product-cat-recessed-profile"},"acf":[],"_links":{"self":[{"href":"https:\/\/tangooled.com\/fr\/wp-json\/wp\/v2\/product\/45987","targetHints":{"allow":["GET"]}}],"collection":[{"href":"https:\/\/tangooled.com\/fr\/wp-json\/wp\/v2\/product"}],"about":[{"href":"https:\/\/tangooled.com\/fr\/wp-json\/wp\/v2\/types\/product"}],"wp:featuredmedia":[{"embeddable":true,"href":"https:\/\/tangooled.com\/fr\/wp-json\/wp\/v2\/media\/14171"}],"wp:attachment":[{"href":"https:\/\/tangooled.com\/fr\/wp-json\/wp\/v2\/media?parent=45987"}],"wp:term":[{"taxonomy":"pcb-width","embeddable":true,"href":"https:\/\/tangooled.com\/fr\/wp-json\/wp\/v2\/pcb-width?post=45987"},{"taxonomy":"product-cat","embeddable":true,"href":"https:\/\/tangooled.com\/fr\/wp-json\/wp\/v2\/product-cat?post=45987"}],"curies":[{"name":"wp","href":"https:\/\/api.w.org\/{rel}","templated":true}]}}