{"id":45952,"date":"2026-01-07T18:21:42","date_gmt":"2026-01-08T02:21:42","guid":{"rendered":"https:\/\/tangooled.com\/?post_type=product&#038;p=45952"},"modified":"2026-02-02T22:24:36","modified_gmt":"2026-02-03T06:24:36","slug":"double-led-strip-channel-cabinet-lighting-lb01","status":"publish","type":"product","link":"https:\/\/tangooled.com\/fr\/product\/double-led-strip-channel-cabinet-lighting-lb01\/","title":{"rendered":"canal de bande LED avec diffuseur pour bandes LED doubles"},"content":{"rendered":"<div class=\"wp-block-group is-vertical is-layout-flex wp-container-core-group-is-layout-d255d7c4 wp-block-group-is-layout-flex\" style=\"padding-top:var(--wp--preset--spacing--80);padding-bottom:var(--wp--preset--spacing--80)\">\n<p>Obtenez le bon canal de bande LED avec un diffuseur pour vos bandes LED ! Le diffuseur sur notre canal LED de haute qualit\u00e9 est con\u00e7u pour donner \u00e0 l'illumination de votre meuble un aspect lisse, brillant et propre. Il peut accueillir deux bandes LED dans les directions haut et bas, ce qui fait que vos lumi\u00e8res brillent sans taches. Ce produit est solide, s\u00fbr, et durera longtemps dans les cuisines, placards et autres lieux.<\/p>\n<\/div>\n\n\n\n<div class=\"wp-block-group has-background is-vertical is-layout-flex wp-container-core-group-is-layout-d255d7c4 wp-block-group-is-layout-flex\" style=\"background-color:#f1f1f1;padding-top:var(--wp--preset--spacing--80);padding-bottom:var(--wp--preset--spacing--80)\">\n<div class=\"wp-block-group is-vertical is-layout-flex wp-container-core-group-is-layout-8cf370e7 wp-block-group-is-layout-flex\">\n<h2 class=\"wp-block-heading\" style=\"padding-top:var(--wp--preset--spacing--40);padding-bottom:var(--wp--preset--spacing--40);font-size:25px;font-style:normal;font-weight:600;text-transform:capitalize\">Pourquoi choisir ce canal de bande LED de meuble LB01 ?<\/h2>\n\n\n\n<ul class=\"wp-block-list\">\n<li>S'adapte facilement aux bandes LED doubles : Le canal \u00e0 design haut et bas avec une largeur int\u00e9rieure de 12,9 mm s'adapte \u00e0 deux bandes LED, comme les mod\u00e8les 5050 ou 3528.<\/li>\n\n\n\n<li>Lumi\u00e8re lisse \u00e0 chaque fois : Le diffuseur rend les points lumineux de chaque LED moins durs, de sorte que votre pi\u00e8ce ait l'air propre et lumineuse.<\/li>\n\n\n\n<li>Garde les LEDs au frais : Le corps en aluminium agit comme un absorbeur de chaleur. Il garde les bandes LED au frais, ce qui les fait durer plus longtemps.<\/li>\n\n\n\n<li>S\u00fbr et r\u00e9sistant : Prot\u00e8ge vos bandes LED de la poussi\u00e8re et des dommages.<\/li>\n<\/ul>\n<\/div>\n<\/div>\n\n\n\n<div class=\"wp-block-group is-vertical is-layout-flex wp-container-core-group-is-layout-d255d7c4 wp-block-group-is-layout-flex\" style=\"padding-top:var(--wp--preset--spacing--80);padding-bottom:var(--wp--preset--spacing--80)\">\n<hr class=\"wp-block-separator has-alpha-channel-opacity\"\/>\n\n\n\n<div class=\"wp-block-media-text has-media-on-the-right is-stacked-on-mobile\" style=\"grid-template-columns:auto 40%\"><div class=\"wp-block-media-text__content\">\n<h2 class=\"wp-block-heading\" style=\"padding-top:var(--wp--preset--spacing--40);padding-bottom:var(--wp--preset--spacing--40);font-size:25px;font-style:normal;font-weight:600;text-transform:capitalize\">Comment utiliser ce canal de bande LED de meuble LB01<\/h2>\n\n\n\n<p>Ce canal de bande LED de meuble est le meilleur choix pour :<\/p>\n\n\n\n<ul class=\"wp-block-list\">\n<li>\u00c9clairage sous meuble : Parfait pour \u00e9clairer les comptoirs de cuisine ou les espaces de travail sans \u00e9blouissement.<\/li>\n\n\n\n<li>\u00c9clairage de dosseret : Ajoutez du style et de la lumi\u00e8re aux dosserets avec une lueur soign\u00e9e et sans taches.<\/li>\n\n\n\n<li>\u00c9clairage de placard et garde-robe : Illuminez vos v\u00eatements et \u00e9tag\u00e8res avec une lumi\u00e8re lisse et brillante.<\/li>\n\n\n\n<li>\u00c9clairage d'\u00e9tag\u00e8re et de vitrine : Id\u00e9al pour \u00e9clairer les \u00e9tag\u00e8res ou les meubles dans les magasins ou \u00e0 la maison.<\/li>\n<\/ul>\n<\/div><figure class=\"wp-block-media-text__media\"><img loading=\"lazy\" decoding=\"async\" width=\"500\" height=\"500\" src=\"https:\/\/tangooled.com\/wp-content\/uploads\/2026\/01\/lb01-ins.webp\" alt=\"canal de bande LED avec diffuseur pour bandes LED doubles\" class=\"wp-image-45982 size-full\" srcset=\"https:\/\/tangooled.com\/wp-content\/uploads\/2026\/01\/lb01-ins.webp 500w, https:\/\/tangooled.com\/wp-content\/uploads\/2026\/01\/lb01-ins-300x300.webp 300w, https:\/\/tangooled.com\/wp-content\/uploads\/2026\/01\/lb01-ins-150x150.webp 150w\" sizes=\"auto, (max-width: 500px) 100vw, 500px\" \/><\/figure><\/div>\n<\/div>\n\n\n\n<div class=\"wp-block-group has-background is-vertical is-layout-flex wp-container-core-group-is-layout-b429018a wp-block-group-is-layout-flex\" style=\"background-color:#f1f1f1f2;padding-top:var(--wp--preset--spacing--70);padding-bottom:var(--wp--preset--spacing--70)\">\n<h2 class=\"wp-block-heading\" style=\"padding-top:var(--wp--preset--spacing--40);padding-bottom:var(--wp--preset--spacing--40);font-size:25px;font-style:normal;font-weight:600\">Produits connexes qui pourraient vous int\u00e9resser<\/h2>\n\n\n\n<ul class=\"wp-block-list\">\n<li><a href=\"https:\/\/tangooled.com\/fr\/product\/black-led-profile-with-black-diffuser-for-10mm-led-strip-light\/\"><mark style=\"background-color:rgba(0, 0, 0, 0)\" class=\"has-inline-color has-vivid-red-color\">Profil LED noir avec diffuseur noir pour bande LED de 10mm<\/mark><\/a> \u2014 Sleek black anodized profile for 10mm LED strips.<\/li>\n\n\n\n<li><mark style=\"background-color:rgba(0, 0, 0, 0)\" class=\"has-inline-color has-vivid-red-color\"><a href=\"https:\/\/tangooled.com\/fr\/product\/surface-mount-led-profile-with-frosted-diffuser-for-10mm-rope-lights\/\">Profil LED \u00e0 montage en surface avec diffuseur d\u00e9poli pour bandes de 10 mm<\/a><\/mark> \u2014 Perfect surface-mounted channel for simple installs.<\/li>\n\n\n\n<li><mark style=\"background-color:rgba(0, 0, 0, 0)\" class=\"has-inline-color has-vivid-red-color\"><a href=\"https:\/\/tangooled.com\/fr\/product\/led-profile-under-cabinet-corner-lighting-for-led-strip-12mm\/\">Profil LED d'\u00e9clairage d'angle sous meuble pour bande LED de 12 mm<\/a><\/mark> \u2014 Ideal for slightly wider double LED strips.<\/li>\n\n\n\n<li><mark style=\"background-color:rgba(0, 0, 0, 0)\" class=\"has-inline-color has-vivid-red-color\"><a href=\"https:\/\/tangooled.com\/fr\/product\/cabinet-led-aluminum-profile-up-down-edge-lighting-lb05\/\">Profil en aluminium pour \u00e9clairage de bord haut et bas de meuble<\/a> <\/mark>\u2014 Creates stylish up\/down lighting effects in cabinets.<\/li>\n<\/ul>\n<\/div>\n\n\n\n<div class=\"wp-block-group is-vertical is-layout-flex wp-container-core-group-is-layout-d255d7c4 wp-block-group-is-layout-flex\" style=\"padding-top:var(--wp--preset--spacing--80);padding-bottom:var(--wp--preset--spacing--80)\">\n<h2 class=\"wp-block-heading\" style=\"padding-top:var(--wp--preset--spacing--40);padding-bottom:var(--wp--preset--spacing--40);font-size:25px;font-style:normal;font-weight:600;text-transform:capitalize\">Pourquoi notre canal de bande LED de meuble est le meilleur choix<\/h2>\n\n\n\n<p>Si vous voulez une lumi\u00e8re vive, lisse et uniforme dans votre meuble, ce canal de bande LED avec diffuseur est fait pour vous. Il s'adapte \u00e0 la plupart des bandes LED doubles avec un peu d'espace en plus. L'aluminium r\u00e9sistant \u00e0 la chaleur garde les lumi\u00e8res au frais, et le diffuseur rend la lumi\u00e8re douce et agr\u00e9able. Cela am\u00e9liore votre cuisine et votre placard, avec une belle lumi\u00e8re que vous adorerez.<\/p>\n<\/div>\n\n\n\n<p><\/p>","protected":false},"featured_media":14168,"template":"","meta":{"_acf_changed":true,"_seopress_robots_primary_cat":"none","_seopress_titles_title":"Double LED Strip Channel for Cabinet Lighting LB01 | TANGOOLED","_seopress_titles_desc":"TANGOO's cabinet LED strip channel LB01 is designed for double LED strips, providing high-lumen cabinet and task lighting.","_seopress_robots_index":""},"pcb-width":[228],"product-cat":[193],"class_list":{"0":"post-45952","1":"product","2":"type-product","3":"status-publish","4":"has-post-thumbnail","6":"pcb-width-6-12mm","7":"product-cat-recessed-profile"},"acf":[],"_links":{"self":[{"href":"https:\/\/tangooled.com\/fr\/wp-json\/wp\/v2\/product\/45952","targetHints":{"allow":["GET"]}}],"collection":[{"href":"https:\/\/tangooled.com\/fr\/wp-json\/wp\/v2\/product"}],"about":[{"href":"https:\/\/tangooled.com\/fr\/wp-json\/wp\/v2\/types\/product"}],"wp:featuredmedia":[{"embeddable":true,"href":"https:\/\/tangooled.com\/fr\/wp-json\/wp\/v2\/media\/14168"}],"wp:attachment":[{"href":"https:\/\/tangooled.com\/fr\/wp-json\/wp\/v2\/media?parent=45952"}],"wp:term":[{"taxonomy":"pcb-width","embeddable":true,"href":"https:\/\/tangooled.com\/fr\/wp-json\/wp\/v2\/pcb-width?post=45952"},{"taxonomy":"product-cat","embeddable":true,"href":"https:\/\/tangooled.com\/fr\/wp-json\/wp\/v2\/product-cat?post=45952"}],"curies":[{"name":"wp","href":"https:\/\/api.w.org\/{rel}","templated":true}]}}