{"id":45924,"date":"2026-01-07T18:11:18","date_gmt":"2026-01-08T02:11:18","guid":{"rendered":"https:\/\/tangooled.com\/?post_type=product&#038;p=45924"},"modified":"2026-02-02T01:55:52","modified_gmt":"2026-02-02T09:55:52","slug":"curved-diffuser-flexible-led-channel-for-8mm-led-strips-bp03","status":"publish","type":"product","link":"https:\/\/tangooled.com\/fr\/product\/curved-diffuser-flexible-led-channel-for-8mm-led-strips-bp03\/","title":{"rendered":"canal de lumi\u00e8re LED flexible \u00e0 diffuseur incurv\u00e9 pour bandes LED de 8 mm"},"content":{"rendered":"<div class=\"wp-block-group is-vertical is-layout-flex wp-container-core-group-is-layout-d255d7c4 wp-block-group-is-layout-flex\" style=\"padding-top:var(--wp--preset--spacing--80);padding-bottom:var(--wp--preset--spacing--80)\">\n<p>Ce canal LED \u00e0 diffuseur incurv\u00e9 BP03 est tr\u00e8s flexible et a \u00e9t\u00e9 con\u00e7u pour fournir une lumi\u00e8re lisse et brillante aux surfaces architecturales rondes, incurv\u00e9es ou pliantes. Il s'adapte parfaitement aux bandes LED de 8 mm de large, et sa flexibilit\u00e9 le rend facile \u00e0 plier et \u00e0 mouler \u00e0 la main pour rencontrer tout contour de design unique. Cela le rend id\u00e9al pour des installations personnalis\u00e9es.<\/p>\n\n\n\n<p>Le canal solide garde votre bande LED en s\u00e9curit\u00e9, et la couverture diffusante opale qui l'accompagne est ce qui rend les lumi\u00e8res si belles. Elle \u00e9limine les points chauds intenses et les points LED \u00e9vidents, transformant la lumi\u00e8re en une lueur lisse et propre sans points. Cela en fait un excellent choix pour ajouter une lumi\u00e8re ambiante haut de gamme et am\u00e9liorer les aspects d\u00e9coratifs lorsque des courbes pr\u00e9cises sont n\u00e9cessaires.<\/p>\n<\/div>\n\n\n\n<div class=\"wp-block-group has-background is-vertical is-layout-flex wp-container-core-group-is-layout-d255d7c4 wp-block-group-is-layout-flex\" style=\"background-color:#f1f1f1;padding-top:var(--wp--preset--spacing--80);padding-bottom:var(--wp--preset--spacing--80)\">\n<div class=\"wp-block-group is-vertical is-layout-flex wp-container-core-group-is-layout-8cf370e7 wp-block-group-is-layout-flex\">\n<h2 class=\"wp-block-heading\" style=\"padding-top:var(--wp--preset--spacing--40);padding-bottom:var(--wp--preset--spacing--40);font-size:25px;font-style:normal;font-weight:600;text-transform:capitalize\">Pourquoi utiliser ce canal LED \u00e0 diffuseur incurv\u00e9 BP03 ?<\/h2>\n\n\n\n<ul class=\"wp-block-list\">\n<li>Facile \u00e0 plier : Vous pouvez le plier pour s'adapter \u00e0 des formes comme des arches, des cercles ou des vagues.<\/li>\n\n\n\n<li>Diffuse la lumi\u00e8re de mani\u00e8re uniforme : Le diffuseur cache les points LED afin que la lumi\u00e8re soit douce et uniforme.<\/li>\n\n\n\n<li>Prot\u00e8ge les bandes LED : Le bo\u00eetier en aluminium ou en silicone garde les bandes en s\u00e9curit\u00e9 et au frais.<\/li>\n\n\n\n<li>S'adapte aux bandes LED de 8 mm : Con\u00e7u pour convenir parfaitement aux LED de 8 mm de large.<\/li>\n\n\n\n<li>Installation simple : Livr\u00e9 avec des clips et des embouts pour un aspect soign\u00e9.<\/li>\n\n\n\n<li>Durable : Les LED durent plus longtemps car elles \u00e9vacuent bien la chaleur.<\/li>\n<\/ul>\n<\/div>\n<\/div>\n\n\n\n<div class=\"wp-block-group is-vertical is-layout-flex wp-container-core-group-is-layout-d255d7c4 wp-block-group-is-layout-flex\" style=\"padding-top:var(--wp--preset--spacing--80);padding-bottom:var(--wp--preset--spacing--80)\">\n<hr class=\"wp-block-separator has-alpha-channel-opacity\"\/>\n\n\n\n<div class=\"wp-block-media-text has-media-on-the-right is-stacked-on-mobile\" style=\"grid-template-columns:auto 40%\"><div class=\"wp-block-media-text__content\">\n<h2 class=\"wp-block-heading\" style=\"padding-top:var(--wp--preset--spacing--40);padding-bottom:var(--wp--preset--spacing--40);font-size:25px;font-style:normal;font-weight:600;text-transform:capitalize\">Comment l'utiliser<\/h2>\n\n\n\n<ul class=\"wp-block-list\">\n<li>Faites en sorte que le canal s'adapte \u00e0 la courbe que vous souhaitez.<\/li>\n\n\n\n<li>Fixez les clips de montage \u00e0 votre surface.<\/li>\n\n\n\n<li>Mettez le canal sur les clips.<\/li>\n\n\n\n<li>Ins\u00e9rez votre bande LED de 8 mm \u00e0 l'int\u00e9rieur.<\/li>\n\n\n\n<li>Placez le diffuseur par-dessus pour diffuser doucement la lumi\u00e8re.<\/li>\n<\/ul>\n<\/div><figure class=\"wp-block-media-text__media\"><img loading=\"lazy\" decoding=\"async\" width=\"500\" height=\"500\" src=\"https:\/\/tangooled.com\/wp-content\/uploads\/2026\/01\/bp03-ins.webp\" alt=\"bp03 ins\" class=\"wp-image-46015 size-full\" srcset=\"https:\/\/tangooled.com\/wp-content\/uploads\/2026\/01\/bp03-ins.webp 500w, https:\/\/tangooled.com\/wp-content\/uploads\/2026\/01\/bp03-ins-300x300.webp 300w, https:\/\/tangooled.com\/wp-content\/uploads\/2026\/01\/bp03-ins-150x150.webp 150w\" sizes=\"auto, (max-width: 500px) 100vw, 500px\" \/><\/figure><\/div>\n<\/div>\n\n\n\n<div class=\"wp-block-group has-background is-vertical is-layout-flex wp-container-core-group-is-layout-b429018a wp-block-group-is-layout-flex\" style=\"background-color:#f1f1f1f2;padding-top:var(--wp--preset--spacing--70);padding-bottom:var(--wp--preset--spacing--70)\">\n<h2 class=\"wp-block-heading\" style=\"padding-top:var(--wp--preset--spacing--40);padding-bottom:var(--wp--preset--spacing--40);font-size:25px;font-style:normal;font-weight:600\">O\u00f9 pouvez-vous l'utiliser ?<\/h2>\n\n\n\n<ul class=\"wp-block-list\">\n<li>Murs incurv\u00e9s ou vo\u00fbtes pour faire ressortir des formes avec la lumi\u00e8re.<\/li>\n\n\n\n<li>Miroirs ronds ou coins de meubles pour un \u00e9clairage d'ambiance subtil.<\/li>\n\n\n\n<li>Bandes lumineuses courb\u00e9es personnalis\u00e9es pour contrebas de bar ou comptoirs d'accueil.<\/li>\n\n\n\n<li>Vitrines n\u00e9cessitant un \u00e9clairage fluide et accrocheur.<\/li>\n\n\n\n<li>Contours courb\u00e9s pour \u00eelots de cuisine ou renfoncements.<\/li>\n<\/ul>\n<\/div>\n\n\n\n<div class=\"wp-block-group is-vertical is-layout-flex wp-container-core-group-is-layout-d255d7c4 wp-block-group-is-layout-flex\" style=\"padding-top:var(--wp--preset--spacing--80);padding-bottom:var(--wp--preset--spacing--80)\">\n<h2 class=\"wp-block-heading\" style=\"padding-top:var(--wp--preset--spacing--40);padding-bottom:var(--wp--preset--spacing--40);font-size:25px;font-style:normal;font-weight:600;text-transform:capitalize\">Produits connexes qui pourraient vous int\u00e9resser<\/h2>\n\n\n\n<ul class=\"wp-block-list\">\n<li><a href=\"https:\/\/tangooled.com\/fr\/product\/10mm-led-profile-aluminum-channel-for-8mm-led-tape-lights\/\"><mark style=\"background-color:rgba(0, 0, 0, 0)\" class=\"has-inline-color has-vivid-red-color\">Profil en aluminium de 10 mm pour bandes LED de 8 mm<\/mark><\/a> \u2014 A bigger channel for slightly wider strips.<\/li>\n\n\n\n<li><a href=\"https:\/\/tangooled.com\/fr\/product\/led-strip-light-channel-aluminum-profile-with-diffused-cover-6mm-height\/\"><mark style=\"background-color:rgba(0, 0, 0, 0)\" class=\"has-inline-color has-vivid-red-color\">Profil en aluminium pour bande LED avec couverture diffusante de 6 mm de hauteur<\/mark><\/a> \u2014 Slim profile for tight spaces.<\/li>\n\n\n\n<li><a href=\"https:\/\/tangooled.com\/fr\/product\/black-led-profile-with-black-diffuser-for-10mm-led-strip-light\/\"><mark style=\"background-color:rgba(0, 0, 0, 0)\" class=\"has-inline-color has-vivid-red-color\">Profil LED noir avec diffuseur noir pour bande LED de 10mm<\/mark><\/a> \u2014 Sleek black finish option for modern look.<\/li>\n\n\n\n<li><a href=\"https:\/\/tangooled.com\/fr\/product\/17mm-led-strip-light-aluminum-channel-for-surface-mounting\/\"><mark style=\"background-color:rgba(0, 0, 0, 0)\" class=\"has-inline-color has-vivid-red-color\">Profil en aluminium pour bande LED de 17 mm pour montage en surface<\/mark><\/a> \u2014 Wider surface mount channel for bigger projects.<\/li>\n<\/ul>\n<\/div>\n\n\n\n<p>Ce canal de lumi\u00e8re LED flexible pour bandes LED de 8 mm est facile \u00e0 utiliser et ajoute une belle lumi\u00e8re douce \u00e0 toute surface courb\u00e9e. Il s'adapte bien \u00e0 vos LEDs et a un aspect incroyable dans tout projet domestique ou professionnel.<\/p>","protected":false},"featured_media":13116,"template":"","meta":{"_acf_changed":true,"_seopress_robots_primary_cat":"none","_seopress_titles_title":"Curved Diffuser Flexible LED Channel BP03 | TANGOOLED","_seopress_titles_desc":"TANGOO's BP03 is a flexible LED channel featuring a curved diffuser for shape lighting. Perfect for 8mm LED strips in curved furniture and architectural designs.","_seopress_robots_index":""},"pcb-width":[228],"product-cat":[203],"class_list":{"0":"post-45924","1":"product","2":"type-product","3":"status-publish","4":"has-post-thumbnail","6":"pcb-width-6-12mm","7":"product-cat-flexible-profile"},"acf":[],"_links":{"self":[{"href":"https:\/\/tangooled.com\/fr\/wp-json\/wp\/v2\/product\/45924","targetHints":{"allow":["GET"]}}],"collection":[{"href":"https:\/\/tangooled.com\/fr\/wp-json\/wp\/v2\/product"}],"about":[{"href":"https:\/\/tangooled.com\/fr\/wp-json\/wp\/v2\/types\/product"}],"wp:featuredmedia":[{"embeddable":true,"href":"https:\/\/tangooled.com\/fr\/wp-json\/wp\/v2\/media\/13116"}],"wp:attachment":[{"href":"https:\/\/tangooled.com\/fr\/wp-json\/wp\/v2\/media?parent=45924"}],"wp:term":[{"taxonomy":"pcb-width","embeddable":true,"href":"https:\/\/tangooled.com\/fr\/wp-json\/wp\/v2\/pcb-width?post=45924"},{"taxonomy":"product-cat","embeddable":true,"href":"https:\/\/tangooled.com\/fr\/wp-json\/wp\/v2\/product-cat?post=45924"}],"curies":[{"name":"wp","href":"https:\/\/api.w.org\/{rel}","templated":true}]}}