{"id":45250,"date":"2026-01-07T02:16:46","date_gmt":"2026-01-07T10:16:46","guid":{"rendered":"https:\/\/tangooled.com\/?post_type=product&#038;p=45250"},"modified":"2026-02-02T01:55:19","modified_gmt":"2026-02-02T09:55:19","slug":"11mm-bendable-led-light-channel-for-6mm-led-strips","status":"publish","type":"product","link":"https:\/\/tangooled.com\/fr\/product\/11mm-bendable-led-light-channel-for-6mm-led-strips\/","title":{"rendered":"canal de lumi\u00e8re LED pliable de 11 mm pour bandes LED de 6 mm"},"content":{"rendered":"<div class=\"wp-block-group is-vertical is-layout-flex wp-container-core-group-is-layout-d255d7c4 wp-block-group-is-layout-flex\" style=\"padding-top:var(--wp--preset--spacing--80);padding-bottom:var(--wp--preset--spacing--80)\">\n<p>Our 11mm bendable LED light channel is made to let you create\u00a0light shaping\u00a0in any interior architectural setting. This flexible LED channel is great for standard 6mm LED strips. By utilizing this bendable channel, you can effortlessly create gentle, continuous curving light, avoiding the harsh appearance of sharp corners and rigid lines. The channel is very easy to put in because it is flexible and can fit into small spaces or around objects that are hard to reach and have a lot of curves.<br> De plus, le design assure une excellente dissipation de la chaleur pour une dur\u00e9e de vie prolong\u00e9e. Son diffuseur d\u00e9poli de haute qualit\u00e9 fournit une distribution uniforme de la lumi\u00e8re, cr\u00e9ant un effet ambiant doux et professionnel.<\/p>\n<\/div>\n\n\n\n<div class=\"wp-block-group has-background is-vertical is-layout-flex wp-container-core-group-is-layout-d255d7c4 wp-block-group-is-layout-flex\" style=\"background-color:#f1f1f1;padding-top:var(--wp--preset--spacing--80);padding-bottom:var(--wp--preset--spacing--80)\">\n<div class=\"wp-block-group is-vertical is-layout-flex wp-container-core-group-is-layout-8cf370e7 wp-block-group-is-layout-flex\">\n<h2 class=\"wp-block-heading\" style=\"padding-top:var(--wp--preset--spacing--40);padding-bottom:var(--wp--preset--spacing--40);font-size:25px;font-style:normal;font-weight:600;text-transform:capitalize\">Pourquoi utiliser notre canal LED pliable de 11mm ?<\/h2>\n\n\n\n<ul class=\"wp-block-list\">\n<li>Vous pouvez le plier \u00e0 la main sans avoir besoin d'outils.<\/li>\n\n\n\n<li>Fonctionne bien avec des profils de bande LED de 6mm.<\/li>\n\n\n\n<li>Aluminium robuste qui refroidit rapidement la bande LED.<\/li>\n\n\n\n<li>The frosted cover blocks &#8220;dot&#8221; lights and lets in gentle, flowing light.<\/li>\n\n\n\n<li>Il est livr\u00e9 avec des capuchons de finition et des clips pour une installation facile.<\/li>\n\n\n\n<li>Fonctionne tr\u00e8s bien sur des meubles, des murs et des panneaux qui sont courb\u00e9s.<\/li>\n<\/ul>\n<\/div>\n<\/div>\n\n\n\n<div class=\"wp-block-group is-vertical is-layout-flex wp-container-core-group-is-layout-d255d7c4 wp-block-group-is-layout-flex\" style=\"padding-top:var(--wp--preset--spacing--80);padding-bottom:var(--wp--preset--spacing--80)\">\n<hr class=\"wp-block-separator has-alpha-channel-opacity\"\/>\n\n\n\n<div class=\"wp-block-media-text has-media-on-the-right is-stacked-on-mobile\" style=\"grid-template-columns:auto 40%\"><div class=\"wp-block-media-text__content\">\n<h2 class=\"wp-block-heading\" style=\"padding-top:var(--wp--preset--spacing--40);padding-bottom:var(--wp--preset--spacing--40);font-size:25px;font-style:normal;font-weight:600;text-transform:capitalize\">Comment installer votre canal de lumi\u00e8re pliable<\/h2>\n\n\n\n<ul class=\"wp-block-list\">\n<li>Coupez le canal \u00e0 la longueur souhait\u00e9e en utilisant une scie \u00e0 dents fines. Pour une coupe propre, maintenez le diffuseur en place.<\/li>\n\n\n\n<li>Pliez le canal LED pliable de 11mm dans la forme d\u00e9sir\u00e9e.<\/li>\n\n\n\n<li>Placez les clips de montage sur la surface.<\/li>\n\n\n\n<li>Fixez le canal aux clips et mettez vos bandes LED de 6mm \u00e0 l'int\u00e9rieur.<\/li>\n\n\n\n<li>Mettez le couvercle diffuseur d\u00e9poli dessus.<\/li>\n\n\n\n<li>Mettez les capuchons de finition pour un aspect soign\u00e9.<\/li>\n<\/ul>\n<\/div><figure class=\"wp-block-media-text__media\"><img loading=\"lazy\" decoding=\"async\" width=\"500\" height=\"500\" src=\"https:\/\/tangooled.com\/wp-content\/uploads\/2026\/01\/bp02-ins.webp\" alt=\"bp02 ins\" class=\"wp-image-46014 size-full\" srcset=\"https:\/\/tangooled.com\/wp-content\/uploads\/2026\/01\/bp02-ins.webp 500w, https:\/\/tangooled.com\/wp-content\/uploads\/2026\/01\/bp02-ins-300x300.webp 300w, https:\/\/tangooled.com\/wp-content\/uploads\/2026\/01\/bp02-ins-150x150.webp 150w\" sizes=\"auto, (max-width: 500px) 100vw, 500px\" \/><\/figure><\/div>\n<\/div>\n\n\n\n<div class=\"wp-block-group has-background is-vertical is-layout-flex wp-container-core-group-is-layout-b429018a wp-block-group-is-layout-flex\" style=\"background-color:#f1f1f1f2;padding-top:var(--wp--preset--spacing--70);padding-bottom:var(--wp--preset--spacing--70)\">\n<h2 class=\"wp-block-heading\" style=\"padding-top:var(--wp--preset--spacing--40);padding-bottom:var(--wp--preset--spacing--40);font-size:25px;font-style:normal;font-weight:600\">Id\u00e9al pour de nombreuses utilisations<\/h2>\n\n\n\n<ul class=\"wp-block-list\">\n<li>Murs et arches courb\u00e9s : la fonctionnalit\u00e9 pliable s'adapte parfaitement aux formes courbes.<\/li>\n\n\n\n<li>Signalisation personnalis\u00e9e : cr\u00e9ez des panneaux ronds ou de forme avec des lignes LED nettes.<\/li>\n\n\n\n<li>Bars et \u00eelots dans la cuisine : s'adapte sous des comptoirs courb\u00e9s pour rendre l'\u00e9clairage de t\u00e2che plus relaxant.<\/li>\n\n\n\n<li>\u00c9tag\u00e8res et vitrines dans les magasins : mettez une lumi\u00e8re douce sur les expositions et les \u00e9tag\u00e8res rondes.<\/li>\n\n\n\n<li>\u00c9clairage pour meubles : installez des lumi\u00e8res sur des bureaux, des comptoirs d'accueil et des armoires courb\u00e9es.<\/li>\n\n\n\n<li>Lumi\u00e8res pour voitures et bateaux : fonctionne bien pour l'\u00e9clairage dans des espaces \u00e9troits ou courb\u00e9s.<\/li>\n<\/ul>\n<\/div>\n\n\n\n<div class=\"wp-block-group is-vertical is-layout-flex wp-container-core-group-is-layout-d255d7c4 wp-block-group-is-layout-flex\" style=\"padding-top:var(--wp--preset--spacing--80);padding-bottom:var(--wp--preset--spacing--80)\">\n<h2 class=\"wp-block-heading\" style=\"padding-top:var(--wp--preset--spacing--40);padding-bottom:var(--wp--preset--spacing--40);font-size:25px;font-style:normal;font-weight:600;text-transform:capitalize\">Voir la comparaison avec d'autres produits<\/h2>\n\n\n\n<ul class=\"wp-block-list\">\n<li><a href=\"https:\/\/tangooled.com\/fr\/product\/25x6mm-low-profile-led-strip-channel-for-10mm-led-strip-light\/\"><mark style=\"background-color:rgba(0, 0, 0, 0)\" class=\"has-inline-color has-vivid-red-color\">Chanel LED de profil bas 25x6mm pour lumi\u00e8re LED de 10mm<\/mark><\/a>.<\/li>\n\n\n\n<li><a href=\"https:\/\/tangooled.com\/fr\/product\/surface-mount-led-profile-with-frosted-diffuser-for-10mm-rope-lights\/\"><mark style=\"background-color:rgba(0, 0, 0, 0)\" class=\"has-inline-color has-vivid-red-color\">Profil LED \u00e0 monter en surface avec diffuseur d\u00e9poli pour lumi\u00e8res en corde de 10mm<\/mark><\/a>.<\/li>\n\n\n\n<li><a href=\"https:\/\/tangooled.com\/fr\/product\/black-led-profile-with-black-diffuser-for-10mm-led-strip-light\/\"><mark style=\"background-color:rgba(0, 0, 0, 0)\" class=\"has-inline-color has-vivid-red-color\">Profil LED noir avec diffuseur noir pour bande LED de 10mm<\/mark><\/a>.<\/li>\n<\/ul>\n<\/div>\n\n\n\n<div class=\"wp-block-group has-background is-vertical is-layout-flex wp-container-core-group-is-layout-b429018a wp-block-group-is-layout-flex\" style=\"background-color:#f1f1f1f2;padding-top:var(--wp--preset--spacing--70);padding-bottom:var(--wp--preset--spacing--70)\">\n<h2 class=\"wp-block-heading\" style=\"padding-top:var(--wp--preset--spacing--40);padding-bottom:var(--wp--preset--spacing--40);font-size:25px;font-style:normal;font-weight:600\">R\u00e9sum\u00e9<\/h2>\n\n\n\n<p style=\"padding-right:var(--wp--preset--spacing--50);padding-left:var(--wp--preset--spacing--50)\">Notre canal LED flexible de 11mm est con\u00e7u pour des bandes LED de 6mm. C'est le meilleur canal de lumi\u00e8re car il peut se plier pour s'adapter \u00e0 des lumi\u00e8res courb\u00e9es. Il garde vos LED au frais, les maintient fermement et fournit une lumi\u00e8re propre et exempte de points. Vous pouvez facilement le couper, le plier et l'installer. Vous pouvez utiliser ce canal pour cr\u00e9er une multitude d'objets, tels que des arches, des panneaux ronds, des meubles courb\u00e9s, des pr\u00e9sentations en magasin, des voitures, et plus encore.<\/p>\n<\/div>\n\n\n\n<p><\/p>","protected":false},"featured_media":13113,"template":"","meta":{"_acf_changed":false,"_seopress_robots_primary_cat":"none","_seopress_titles_title":"11mm Bendable LED Light Channel for 6mm Strips | TANGOOLED","_seopress_titles_desc":"Ultra-slim 11mm bendable LED light channel perfect for 6mm LED strips. Ideal for tight curves, cabinet lighting, and minimalist designs.","_seopress_robots_index":""},"pcb-width":[228],"product-cat":[203],"class_list":{"0":"post-45250","1":"product","2":"type-product","3":"status-publish","4":"has-post-thumbnail","6":"pcb-width-6-12mm","7":"product-cat-flexible-profile"},"acf":[],"_links":{"self":[{"href":"https:\/\/tangooled.com\/fr\/wp-json\/wp\/v2\/product\/45250","targetHints":{"allow":["GET"]}}],"collection":[{"href":"https:\/\/tangooled.com\/fr\/wp-json\/wp\/v2\/product"}],"about":[{"href":"https:\/\/tangooled.com\/fr\/wp-json\/wp\/v2\/types\/product"}],"wp:featuredmedia":[{"embeddable":true,"href":"https:\/\/tangooled.com\/fr\/wp-json\/wp\/v2\/media\/13113"}],"wp:attachment":[{"href":"https:\/\/tangooled.com\/fr\/wp-json\/wp\/v2\/media?parent=45250"}],"wp:term":[{"taxonomy":"pcb-width","embeddable":true,"href":"https:\/\/tangooled.com\/fr\/wp-json\/wp\/v2\/pcb-width?post=45250"},{"taxonomy":"product-cat","embeddable":true,"href":"https:\/\/tangooled.com\/fr\/wp-json\/wp\/v2\/product-cat?post=45250"}],"curies":[{"name":"wp","href":"https:\/\/api.w.org\/{rel}","templated":true}]}}