{"id":44987,"date":"2026-01-04T20:08:39","date_gmt":"2026-01-05T04:08:39","guid":{"rendered":"https:\/\/tangooled.com\/?post_type=product&#038;p=44987"},"modified":"2026-01-29T18:40:05","modified_gmt":"2026-01-30T02:40:05","slug":"surface-mount-30mm-led-diffuser-channel-for-two-led-strips","status":"publish","type":"product","link":"https:\/\/tangooled.com\/fr\/product\/surface-mount-30mm-led-diffuser-channel-for-two-led-strips\/","title":{"rendered":"canal diffuseur LED de surface 30mm pour deux bandes LED"},"content":{"rendered":"<div class=\"wp-block-group\" style=\"padding-top:var(--wp--preset--spacing--80);padding-bottom:var(--wp--preset--spacing--80)\"><div class=\"wp-block-group__inner-container is-layout-constrained wp-block-group-is-layout-constrained\">\n<p>Our 30mm surface LED channel for two strips has external dimensions of 34.6mm x 23.8mm and will double the effect of your lights. This high-quality aluminum profile has a 31.0mm internal width, which makes it perfect for holding two 10mm wide LED strips next to each other. It&#8217;s easy to install: just drill through the special internal groove and use screws to attach the channel directly to the surface. After it is fastened, snap on the light diffuser to make a glow that is wide, smooth, and free of dots.<br>Ce canal LED de surface de 30mm pour deux bandes est id\u00e9al pour les cuisines, les lieux de travail et les magasins.<\/p>\n<\/div><\/div>\n\n\n\n<div class=\"wp-block-group has-background\" style=\"background-color:#f2f2f2f2;padding-top:var(--wp--preset--spacing--80);padding-bottom:var(--wp--preset--spacing--80)\"><div class=\"wp-block-group__inner-container is-layout-constrained wp-block-group-is-layout-constrained\">\n<div class=\"wp-block-group is-vertical is-layout-flex wp-container-core-group-is-layout-8cf370e7 wp-block-group-is-layout-flex\">\n<h2 class=\"wp-block-heading\" style=\"padding-top:var(--wp--preset--spacing--40);padding-bottom:var(--wp--preset--spacing--40);font-size:25px;font-style:normal;font-weight:600;text-transform:capitalize\">Pourquoi choisir notre canal LED de surface de 30mm pour deux bandes ?<\/h2>\n\n\n\n<ul class=\"wp-block-list\">\n<li>Peut accueillir deux bandes LED jusqu'\u00e0 12mm de large.<\/li>\n\n\n\n<li>Fabriqu\u00e9 en aluminium anodis\u00e9 robuste qui agit comme un dissipateur de chaleur.<\/li>\n\n\n\n<li>Dispose d'un diffuseur en polycarbonate d\u00e9poli qui donne aux lumi\u00e8res LED l'apparence d'une ligne douce.<\/li>\n\n\n\n<li>Livr\u00e9 avec tous les outils n\u00e9cessaires \u00e0 son installation, y compris des vis de montage&nbsp;et des embouts.<\/li>\n\n\n\n<li>Id\u00e9al pour une installation sur des murs, plafonds et armoires.<\/li>\n\n\n\n<li>Prot\u00e8ge les bandes LED de la poussi\u00e8re et des dommages.<\/li>\n<\/ul>\n<\/div>\n<\/div><\/div>\n\n\n\n<div class=\"wp-block-group\" style=\"padding-top:var(--wp--preset--spacing--80);padding-bottom:var(--wp--preset--spacing--80)\"><div class=\"wp-block-group__inner-container is-layout-constrained wp-block-group-is-layout-constrained\">\n<div class=\"wp-block-media-text has-media-on-the-right is-stacked-on-mobile\" style=\"padding-top:0;padding-bottom:0;grid-template-columns:auto 40%\"><div class=\"wp-block-media-text__content\">\n<h2 class=\"wp-block-heading\" style=\"font-size:25px;font-style:normal;font-weight:600;text-transform:capitalize\">Comment installer le canal LED de surface de 30mm pour deux bandes<\/h2>\n\n\n\n<ul class=\"wp-block-list\">\n<li>Utilisez des vis pour fixer le canal directement \u00e0 la surface&nbsp;o\u00f9 vous le souhaitez.<\/li>\n\n\n\n<li>Placez deux bandes LED dans le canal c\u00f4te \u00e0 c\u00f4te. V\u00e9rifiez que l'adh\u00e9sif sur le ruban LED est solide.<\/li>\n\n\n\n<li>Pour rendre la lumi\u00e8re lisse, clipsez le couvercle diffuseur.<\/li>\n\n\n\n<li>Reliez vos bandes LED au driver LED ou \u00e0 la source d'alimentation.<\/li>\n\n\n\n<li>Put on end caps to keep the ends safe and make it look like it&#8217;s done.<\/li>\n<\/ul>\n<\/div><figure class=\"wp-block-media-text__media\"><img loading=\"lazy\" decoding=\"async\" width=\"750\" height=\"750\" src=\"https:\/\/tangooled.com\/wp-content\/uploads\/2026\/01\/fp31-ins.webp\" alt=\"surface mount 30mm led diffuser channel for two led strips\" class=\"wp-image-45239 size-full\" srcset=\"https:\/\/tangooled.com\/wp-content\/uploads\/2026\/01\/fp31-ins.webp 750w, https:\/\/tangooled.com\/wp-content\/uploads\/2026\/01\/fp31-ins-300x300.webp 300w, https:\/\/tangooled.com\/wp-content\/uploads\/2026\/01\/fp31-ins-150x150.webp 150w\" sizes=\"auto, (max-width: 750px) 100vw, 750px\" \/><\/figure><\/div>\n<\/div><\/div>\n\n\n\n<div class=\"wp-block-group has-background\" style=\"background-color:#f2f2f2;padding-top:var(--wp--preset--spacing--80);padding-bottom:var(--wp--preset--spacing--80)\"><div class=\"wp-block-group__inner-container is-layout-constrained wp-block-group-is-layout-constrained\">\n<h2 class=\"wp-block-heading\" style=\"padding-top:var(--wp--preset--spacing--40);padding-bottom:var(--wp--preset--spacing--40);font-size:25px;font-style:normal;font-weight:600;text-transform:capitalize\">Pratique pour de nombreuses applications<\/h2>\n\n\n\n<p>Fonctionne bien pour de nombreux besoins d'\u00e9clairage :<\/p>\n\n\n\n<ul class=\"wp-block-list\">\n<li>\u00c9clairage sous les armoires de cuisine<\/li>\n\n\n\n<li>\u00c9clairage en alc\u00f4ve et architectural<\/li>\n\n\n\n<li>\u00c9clairage pour pr\u00e9sentations et magasins<\/li>\n\n\n\n<li>\u00c9clairage pour placards et garde-robes<\/li>\n\n\n\n<li>\u00c9clairage g\u00e9n\u00e9ral dans la pi\u00e8ce<\/li>\n<\/ul>\n<\/div><\/div>\n\n\n\n<div class=\"wp-block-group\" style=\"padding-top:var(--wp--preset--spacing--80);padding-bottom:var(--wp--preset--spacing--80)\"><div class=\"wp-block-group__inner-container is-layout-constrained wp-block-group-is-layout-constrained\">\n<h2 class=\"wp-block-heading\" style=\"padding-top:var(--wp--preset--spacing--40);padding-bottom:var(--wp--preset--spacing--40);font-size:25px;font-style:normal;font-weight:600;text-transform:capitalize\">Que contient la bo\u00eete ?<\/h2>\n\n\n\n<ul class=\"wp-block-list\">\n<li>Canal en aluminium (sections de 2,5m)<\/li>\n\n\n\n<li>Couvercle diffuseur en polycarbonate d\u00e9poli<\/li>\n\n\n\n<li>Embouts (simples + avec trou pour fil)<\/li>\n\n\n\n<li>Vis de montage pour installation<\/li>\n<\/ul>\n<\/div><\/div>\n\n\n\n<div class=\"wp-block-group has-background\" style=\"background-color:#f2f2f2f2;padding-top:var(--wp--preset--spacing--80);padding-bottom:var(--wp--preset--spacing--80)\"><div class=\"wp-block-group__inner-container is-layout-constrained wp-block-group-is-layout-constrained\">\n<h2 class=\"wp-block-heading\" style=\"font-size:25px;font-style:normal;font-weight:600\">Produits associ\u00e9s qui pourraient vous int\u00e9resser<\/h2>\n\n\n\n<ul class=\"wp-block-list\">\n<li><a href=\"https:\/\/tangooled.com\/fr\/product\/black-led-diffuser-aluminum-channel-for-12mm-tape-lights\/\"><mark style=\"background-color:rgba(0, 0, 0, 0)\" class=\"has-inline-color has-vivid-red-color\">Profil en aluminium avec diffuseur LED noir pour bandes de 12 mm<\/mark><\/a> \u2013 A sleek black profile matching 12mm strips.<\/li>\n\n\n\n<li><a href=\"https:\/\/tangooled.com\/fr\/product\/surface-mount-led-profile-with-frosted-diffuser-for-10mm-rope-lights\/\"><mark style=\"background-color:rgba(0, 0, 0, 0)\" class=\"has-inline-color has-vivid-red-color\">Profil LED \u00e0 montage en surface avec diffuseur d\u00e9poli pour bandes de 10 mm<\/mark><\/a> \u2013 Ideal for thinner rope-style LED lights.<\/li>\n\n\n\n<li><mark style=\"background-color:rgba(0, 0, 0, 0)\" class=\"has-inline-color has-vivid-red-color\"><a href=\"https:\/\/tangooled.com\/fr\/product\/17mm-led-strip-light-aluminum-channel-for-surface-mounting\/\">Canal en aluminium pour bande LED de 17 mm \u00e0 montage en surface<\/a> <\/mark>\u2013 A narrower surface profile for single strips.<\/li>\n<\/ul>\n\n\n\n<p>Explorez d'autres solutions d'\u00e9clairage dans notre <a href=\"https:\/\/tangooled.com\/fr\/led-profiles\/\"><mark style=\"background-color:rgba(0, 0, 0, 0)\" class=\"has-inline-color has-vivid-red-color\">collection de profil\u00e9s en aluminium LED<\/mark><\/a> pour une luminosit\u00e9 parfaite et des installations soign\u00e9es.<\/p>\n<\/div><\/div>\n\n\n\n<div class=\"wp-block-group\" style=\"padding-top:var(--wp--preset--spacing--80);padding-bottom:var(--wp--preset--spacing--80)\"><div class=\"wp-block-group__inner-container is-layout-constrained wp-block-group-is-layout-constrained\">\n<p>Notre canal diffuseur LED de surface de 30mm pour deux bandes LED est une solution d'\u00e9clairage lumineuse, uniforme et professionnelle, facile \u00e0 installer et durable. Utilisez-le pour l'\u00e9clairage architectural, l'affichage en magasin ou la lumi\u00e8re ambiante dans votre prochain projet !<\/p>\n<\/div><\/div>","protected":false},"featured_media":14014,"template":"","meta":{"_acf_changed":true,"_seopress_robots_primary_cat":"none","_seopress_titles_title":"Aluminum 30mm Surface LED Channel for Two Strips | TANGOOLED","_seopress_titles_desc":"Source the 30mm surface LED channel. This wide aluminum profile fits two LED strips for high-output lighting and superior thermal management.","_seopress_robots_index":""},"pcb-width":[229],"product-cat":[192],"class_list":{"0":"post-44987","1":"product","2":"type-product","3":"status-publish","4":"has-post-thumbnail","6":"pcb-width-15-20mm","7":"product-cat-surface-led-profile"},"acf":[],"_links":{"self":[{"href":"https:\/\/tangooled.com\/fr\/wp-json\/wp\/v2\/product\/44987","targetHints":{"allow":["GET"]}}],"collection":[{"href":"https:\/\/tangooled.com\/fr\/wp-json\/wp\/v2\/product"}],"about":[{"href":"https:\/\/tangooled.com\/fr\/wp-json\/wp\/v2\/types\/product"}],"wp:featuredmedia":[{"embeddable":true,"href":"https:\/\/tangooled.com\/fr\/wp-json\/wp\/v2\/media\/14014"}],"wp:attachment":[{"href":"https:\/\/tangooled.com\/fr\/wp-json\/wp\/v2\/media?parent=44987"}],"wp:term":[{"taxonomy":"pcb-width","embeddable":true,"href":"https:\/\/tangooled.com\/fr\/wp-json\/wp\/v2\/pcb-width?post=44987"},{"taxonomy":"product-cat","embeddable":true,"href":"https:\/\/tangooled.com\/fr\/wp-json\/wp\/v2\/product-cat?post=44987"}],"curies":[{"name":"wp","href":"https:\/\/api.w.org\/{rel}","templated":true}]}}