{"id":44985,"date":"2026-01-04T20:03:41","date_gmt":"2026-01-05T04:03:41","guid":{"rendered":"https:\/\/tangooled.com\/?post_type=product&#038;p=44985"},"modified":"2026-01-29T18:25:37","modified_gmt":"2026-01-30T02:25:37","slug":"25mm-u-shape-led-mounting-channel-for-15mm-double-row-led-strip-lights","status":"publish","type":"product","link":"https:\/\/tangooled.com\/fr\/product\/25mm-u-shape-led-mounting-channel-for-15mm-double-row-led-strip-lights\/","title":{"rendered":"Canal de montage LED en forme de U de 25mm pour bandes lumineuses LED \u00e0 double rang\u00e9e de 15mm"},"content":{"rendered":"<div class=\"wp-block-group\" style=\"padding-top:var(--wp--preset--spacing--80);padding-bottom:var(--wp--preset--spacing--80)\"><div class=\"wp-block-group__inner-container is-layout-constrained wp-block-group-is-layout-constrained\">\n<p>Notre canal LED en forme de U de 25mm donnera un aspect professionnel \u00e0 vos projets en s'adaptant parfaitement et en diffusant le maximum de lumi\u00e8re. Ce bo\u00eetier en U est fabriqu\u00e9 en alliage d'aluminium 6063-T5, le m\u00eame que celui utilis\u00e9 pour les avions. Il garde vos LEDs en s\u00e9curit\u00e9, au frais et prot\u00e9g\u00e9es.<br>Le canal en U&nbsp;a une largeur interne de 25mm, ce qui le rend id\u00e9al pour les bandes LED \u00e0 double rang\u00e9e de 15mm comme les types 5050, 2835 ou COB. De plus, son design facilite la connexion \u00e0 toute surface plate. Ce canal polyvalent fait un excellent travail pour masquer les fils peu esth\u00e9tiques, de sorte que vos lumi\u00e8res auront un aspect tr\u00e8s propre, \u00e9l\u00e9gant et moderne.<\/p>\n<\/div><\/div>\n\n\n\n<div class=\"wp-block-group has-background\" style=\"background-color:#f2f2f2f2;padding-top:var(--wp--preset--spacing--80);padding-bottom:var(--wp--preset--spacing--80)\"><div class=\"wp-block-group__inner-container is-layout-constrained wp-block-group-is-layout-constrained\">\n<div class=\"wp-block-group is-vertical is-layout-flex wp-container-core-group-is-layout-8cf370e7 wp-block-group-is-layout-flex\">\n<h2 class=\"wp-block-heading\" style=\"padding-top:var(--wp--preset--spacing--40);padding-bottom:var(--wp--preset--spacing--40);font-size:25px;font-style:normal;font-weight:600;text-transform:capitalize\">Pourquoi choisir ce canal LED en forme de U de 25mm ?<\/h2>\n\n\n\n<ul class=\"wp-block-list\">\n<li>Compatible avec de larges bandes \u00e0 double rang\u00e9e : C'est id\u00e9al pour plusieurs&nbsp;bandes lumineuses LED&nbsp;et bandes LED \u00e0 double rang\u00e9e.<\/li>\n\n\n\n<li>Lumi\u00e8re douce avec diffuseur : Le lens diffuseur satin\u00e9e qui l'accompagne permet \u00e0 vos lumi\u00e8res LED d'\u00e9clairer uniform\u00e9ment, sans zones chaudes.<\/li>\n\n\n\n<li>Prot\u00e8ge et refroidit : L'aluminium est un bon dissipateur de chaleur. Il emp\u00eache vos LEDs de surchauffer et prolonge leur dur\u00e9e de vie.<\/li>\n\n\n\n<li>Kit complet : Comprend le canal en aluminium, le couvercle diffuseur clipsable, les clips de montage et les capuchons d'extr\u00e9mit\u00e9 avec et sans trous pour fils.<\/li>\n\n\n\n<li>Facile \u00e0 installer : Vous pouvez utiliser les clips ou le ruban qui l'accompagne pour l'attacher \u00e0 toute surface, y compris un rail de garde-robe, sous un meuble ou des \u00e9tag\u00e8res d'exposition.<\/li>\n<\/ul>\n<\/div>\n<\/div><\/div>\n\n\n\n<div class=\"wp-block-group\" style=\"padding-top:var(--wp--preset--spacing--80);padding-bottom:var(--wp--preset--spacing--80)\"><div class=\"wp-block-group__inner-container is-layout-constrained wp-block-group-is-layout-constrained\">\n<div class=\"wp-block-media-text has-media-on-the-right is-stacked-on-mobile\" style=\"padding-top:0;padding-bottom:0;grid-template-columns:auto 40%\"><div class=\"wp-block-media-text__content\">\n<h2 class=\"wp-block-heading\" style=\"font-size:25px;font-style:normal;font-weight:600;text-transform:capitalize\">Comment utiliser le canal LED en forme de U de 25mm ?<\/h2>\n\n\n\n<ul class=\"wp-block-list\">\n<li>Coupez \u00e0 la bonne taille : Utilisez une scie \u00e0 m\u00e9taux pour obtenir la bonne longueur.<\/li>\n\n\n\n<li>Fixez les clips : Utilisez des vis ou du ruban pour fixer les clips de montage en acier \u00e0 votre surface.<\/li>\n\n\n\n<li>Ins\u00e9rez la bande LED : Mettez votre bande LED \u00e0 double rang\u00e9e&nbsp;\u00e0 l'int\u00e9rieur.<\/li>\n\n\n\n<li>Fixez le diffuseur : Utilisez le lens satin\u00e9e pour le recouvrir et rendre la lumi\u00e8re uniforme et sans points.<\/li>\n\n\n\n<li>Mettez les capuchons d'extr\u00e9mit\u00e9 : Fermez les deux extr\u00e9mit\u00e9s, l'une avec un trou pour les fils et l'autre pleine.<\/li>\n<\/ul>\n<\/div><figure class=\"wp-block-media-text__media\"><img loading=\"lazy\" decoding=\"async\" width=\"500\" height=\"500\" src=\"https:\/\/tangooled.com\/wp-content\/uploads\/2026\/01\/fp25-ins.webp\" alt=\"25mm u shape led mounting channel for 15mm double row led strip lights\" class=\"wp-image-45238 size-full\" srcset=\"https:\/\/tangooled.com\/wp-content\/uploads\/2026\/01\/fp25-ins.webp 500w, https:\/\/tangooled.com\/wp-content\/uploads\/2026\/01\/fp25-ins-300x300.webp 300w, https:\/\/tangooled.com\/wp-content\/uploads\/2026\/01\/fp25-ins-150x150.webp 150w\" sizes=\"auto, (max-width: 500px) 100vw, 500px\" \/><\/figure><\/div>\n<\/div><\/div>\n\n\n\n<div class=\"wp-block-group has-background\" style=\"background-color:#f2f2f2;padding-top:var(--wp--preset--spacing--80);padding-bottom:var(--wp--preset--spacing--80)\"><div class=\"wp-block-group__inner-container is-layout-constrained wp-block-group-is-layout-constrained\">\n<h2 class=\"wp-block-heading\" style=\"padding-top:var(--wp--preset--spacing--40);padding-bottom:var(--wp--preset--spacing--40);font-size:25px;font-style:normal;font-weight:600;text-transform:capitalize\">Utilisations courantes du canal de montage LED en forme de U de 25mm<\/h2>\n\n\n\n<ul class=\"wp-block-list\">\n<li>\u00c9clairage sous les meubles : Rendez les cuisines, les espaces de travail ou les placards plus lumineux.<\/li>\n\n\n\n<li>\u00c9clairage pour pr\u00e9sentoirs commerciaux : Illuminez les \u00e9tag\u00e8res, les armoires et les vitrines.<\/li>\n\n\n\n<li>\u00c9clairage architectural en corniche : Utilisez des profils de barres LED lin\u00e9aires pour cr\u00e9er des effets d'ambiance.<\/li>\n\n\n\n<li>\u00c9clairage pour bureau et atelier : \u00e9clairage de travail lumineux et propre.<\/li>\n\n\n\n<li>Barres lumineuses DIY : Fabriquez vos propres&nbsp;profils en aluminium qui se fixent \u00e0 une surface plate.<\/li>\n\n\n\n<li>Garde-robes et \u00e9tag\u00e8res : Utilisez un \u00e9clairage lisse pour mettre en valeur vos objets.<\/li>\n<\/ul>\n<\/div><\/div>\n\n\n\n<div class=\"wp-block-group\" style=\"padding-top:var(--wp--preset--spacing--80);padding-bottom:var(--wp--preset--spacing--80)\"><div class=\"wp-block-group__inner-container is-layout-constrained wp-block-group-is-layout-constrained\">\n<h2 class=\"wp-block-heading\" style=\"padding-top:var(--wp--preset--spacing--40);padding-bottom:var(--wp--preset--spacing--40);font-size:25px;font-style:normal;font-weight:600;text-transform:capitalize\">Produits associ\u00e9s<\/h2>\n\n\n\n<ul class=\"wp-block-list\">\n<li>D\u00e9couvrez ceci <a href=\"https:\/\/tangooled.com\/fr\/product\/black-aluminum-u-channel-profile-for-10mm-led-strips\/\"><mark style=\"background-color:rgba(0, 0, 0, 0)\" class=\"has-inline-color has-vivid-red-color\">Canal en aluminium noir pour bandes LED de 10mm<\/mark><\/a> pour des applications LED plus fines.<\/li>\n\n\n\n<li>Parcourez notre <a href=\"https:\/\/tangooled.com\/fr\/product\/22x15mm-led-light-channel-aluminum-extrusion-for-flexible-strips\/\"><mark style=\"background-color:rgba(0, 0, 0, 0)\" class=\"has-inline-color has-vivid-red-color\">Extrusion en aluminium pour canal lumineux LED de 22x15mm pour bandes flexibles<\/mark><\/a> si vous avez besoin d'options pour d'autres largeurs.<\/li>\n\n\n\n<li>Si vous voulez une installation peu encombrante, consultez le <a href=\"https:\/\/tangooled.com\/fr\/product\/25x6mm-low-profile-led-strip-channel-for-10mm-led-strip-light\/\"><mark style=\"background-color:rgba(0, 0, 0, 0)\" class=\"has-inline-color has-vivid-red-color\">Canal LED de profil bas de 25x6mm pour bande lumineuse de 10mm<\/mark><\/a>.<\/li>\n\n\n\n<li>En savoir plus sur <a href=\"https:\/\/tangooled.com\/fr\/product\/led-strip-light-channel-aluminum-profile-with-diffused-cover-6mm-height\/\"><mark style=\"background-color:rgba(0, 0, 0, 0)\" class=\"has-inline-color has-vivid-red-color\">Profil en aluminium pour bande LED avec couverture diffusante de 6 mm de hauteur<\/mark><\/a>.<\/li>\n<\/ul>\n<\/div><\/div>\n\n\n\n<div class=\"wp-block-group has-background\" style=\"background-color:#f2f2f2f2;padding-top:var(--wp--preset--spacing--80);padding-bottom:var(--wp--preset--spacing--80)\"><div class=\"wp-block-group__inner-container is-layout-constrained wp-block-group-is-layout-constrained\">\n<p style=\"padding-right:var(--wp--preset--spacing--50);padding-left:var(--wp--preset--spacing--50)\">le canal LED en forme de U de 25mm est&nbsp;un profil LED mont\u00e9 en surface et con\u00e7u pour durer. Il vous offre un \u00e9clairage de profil lin\u00e9aire en aluminium, \u00e9tanche \u00e0 la poussi\u00e8re. Vous pouvez l'utiliser dans des cuisines, des lieux de travail ou tout autre \u00e9clairage architectural que vous choisissez.<\/p>\n<\/div><\/div>\n\n\n\n<p><\/p>","protected":false},"featured_media":14010,"template":"","meta":{"_acf_changed":true,"_seopress_robots_primary_cat":"none","_seopress_titles_title":"Aluminum 25mm U Shape LED Channel For Strip Lights | TANGOOLED","_seopress_titles_desc":"Source the 25mm U shape LED channel profile for strip lights. It fits 15mm double row LED strips, providing high brightness and professional heat dissipation.","_seopress_robots_index":""},"pcb-width":[229],"product-cat":[192],"class_list":{"0":"post-44985","1":"product","2":"type-product","3":"status-publish","4":"has-post-thumbnail","6":"pcb-width-15-20mm","7":"product-cat-surface-led-profile"},"acf":[],"_links":{"self":[{"href":"https:\/\/tangooled.com\/fr\/wp-json\/wp\/v2\/product\/44985","targetHints":{"allow":["GET"]}}],"collection":[{"href":"https:\/\/tangooled.com\/fr\/wp-json\/wp\/v2\/product"}],"about":[{"href":"https:\/\/tangooled.com\/fr\/wp-json\/wp\/v2\/types\/product"}],"wp:featuredmedia":[{"embeddable":true,"href":"https:\/\/tangooled.com\/fr\/wp-json\/wp\/v2\/media\/14010"}],"wp:attachment":[{"href":"https:\/\/tangooled.com\/fr\/wp-json\/wp\/v2\/media?parent=44985"}],"wp:term":[{"taxonomy":"pcb-width","embeddable":true,"href":"https:\/\/tangooled.com\/fr\/wp-json\/wp\/v2\/pcb-width?post=44985"},{"taxonomy":"product-cat","embeddable":true,"href":"https:\/\/tangooled.com\/fr\/wp-json\/wp\/v2\/product-cat?post=44985"}],"curies":[{"name":"wp","href":"https:\/\/api.w.org\/{rel}","templated":true}]}}