{"id":44983,"date":"2026-01-04T20:01:16","date_gmt":"2026-01-05T04:01:16","guid":{"rendered":"https:\/\/tangooled.com\/?post_type=product&#038;p=44983"},"modified":"2026-01-21T18:58:02","modified_gmt":"2026-01-22T02:58:02","slug":"22mm-surface-led-aluminum-strip-channel-with-opal-diffuser","status":"publish","type":"product","link":"https:\/\/tangooled.com\/fr\/product\/22mm-surface-led-aluminum-strip-channel-with-opal-diffuser\/","title":{"rendered":"Canal en aluminium LED de surface de 22mm avec diffuseur opale"},"content":{"rendered":"<div class=\"wp-block-group\" style=\"padding-top:var(--wp--preset--spacing--80);padding-bottom:var(--wp--preset--spacing--80)\"><div class=\"wp-block-group__inner-container is-layout-constrained wp-block-group-is-layout-constrained\">\n<p>The 22mm surface mount LED channel channel is a high-performance solution\u00a0that can improve your lighting projects. Featuring external dimensions of 22.2mm x 23.3mm, this robust aluminum profile offers a generous 19.6mm internal width, making it the ideal housing for LED strips ranging from 10mm to 15mm wide. It installs easily on any flat surface using secure clips and end caps, while its aluminum construction provides excellent heat dissipation to ensure longevity. When paired with a high-quality opal diffuser, it delivers smooth, dot-free illumination for a professional, modern finish.<\/p>\n<\/div><\/div>\n\n\n\n<div class=\"wp-block-group has-background\" style=\"background-color:#f2f2f2f2;padding-top:var(--wp--preset--spacing--80);padding-bottom:var(--wp--preset--spacing--80)\"><div class=\"wp-block-group__inner-container is-layout-constrained wp-block-group-is-layout-constrained\">\n<div class=\"wp-block-group is-vertical is-layout-flex wp-container-core-group-is-layout-8cf370e7 wp-block-group-is-layout-flex\">\n<h2 class=\"wp-block-heading\" style=\"padding-top:var(--wp--preset--spacing--40);padding-bottom:var(--wp--preset--spacing--40);font-size:25px;font-style:normal;font-weight:600;text-transform:capitalize\">Pourquoi choisir notre canal en aluminium LED de surface de 22mm\u00a0?<\/h2>\n\n\n\n<ul class=\"wp-block-list\">\n<li>Strong aluminum housing made from6063-T5 anodized aluminum for better heat control and protection of\u00a0LED strips.<\/li>\n\n\n\n<li>Le diffuseur opale en polycarbonate adoucit et r\u00e9partit la lumi\u00e8re uniform\u00e9ment, rendant la lumi\u00e8re lisse et homog\u00e8ne.<\/li>\n\n\n\n<li>Facile \u00e0 installer \u00e0 l'aide de clips de montage qui vous permettent de l'installer sur des meubles, des \u00e9tag\u00e8res, des murs et d'autres surfaces planes.<\/li>\n\n\n\n<li>Un large style architectural qui fonctionne avec de nombreuses bandes LED diff\u00e9rentes, telles que les bandes 2835, 5050, 5630 et COB.<\/li>\n<\/ul>\n<\/div>\n<\/div><\/div>\n\n\n\n<div class=\"wp-block-group\" style=\"padding-top:var(--wp--preset--spacing--80);padding-bottom:var(--wp--preset--spacing--80)\"><div class=\"wp-block-group__inner-container is-layout-constrained wp-block-group-is-layout-constrained\">\n<div class=\"wp-block-media-text has-media-on-the-right is-stacked-on-mobile\" style=\"padding-top:0;padding-bottom:0;grid-template-columns:auto 40%\"><div class=\"wp-block-media-text__content\">\n<h2 class=\"wp-block-heading\" style=\"font-size:25px;font-style:normal;font-weight:600;text-transform:capitalize\">Quatre \u00e9tapes pour une installation facile<\/h2>\n\n\n\n<ul class=\"wp-block-list\">\n<li>Fixez les clips de montage \u00e0 votre surface \u00e0 l'aide de vis.<\/li>\n\n\n\n<li>Ins\u00e9rez votre bande LED \u00e0 l'int\u00e9rieur du canal en aluminium mont\u00e9 en surface de 22mm.<\/li>\n\n\n\n<li>Placez le canal en aluminium dans les clips de montage et enclenchez-le.<\/li>\n\n\n\n<li>Placez le diffuseur opale sur le dessus pour cacher la bande LED.<\/li>\n<\/ul>\n<\/div><figure class=\"wp-block-media-text__media\"><img loading=\"lazy\" decoding=\"async\" width=\"500\" height=\"500\" src=\"https:\/\/tangooled.com\/wp-content\/uploads\/2026\/01\/fp22-ins.webp\" alt=\"Canal en aluminium LED de surface de 22mm avec diffuseur opale\" class=\"wp-image-45234 size-full\" srcset=\"https:\/\/tangooled.com\/wp-content\/uploads\/2026\/01\/fp22-ins.webp 500w, https:\/\/tangooled.com\/wp-content\/uploads\/2026\/01\/fp22-ins-300x300.webp 300w, https:\/\/tangooled.com\/wp-content\/uploads\/2026\/01\/fp22-ins-150x150.webp 150w\" sizes=\"auto, (max-width: 500px) 100vw, 500px\" \/><\/figure><\/div>\n<\/div><\/div>\n\n\n\n<div class=\"wp-block-group has-background\" style=\"background-color:#f2f2f2;padding-top:var(--wp--preset--spacing--80);padding-bottom:var(--wp--preset--spacing--80)\"><div class=\"wp-block-group__inner-container is-layout-constrained wp-block-group-is-layout-constrained\">\n<h2 class=\"wp-block-heading\" style=\"padding-top:var(--wp--preset--spacing--40);padding-bottom:var(--wp--preset--spacing--40);font-size:25px;font-style:normal;font-weight:600;text-transform:capitalize\">O\u00f9 utiliser<\/h2>\n\n\n\n<p>Ce profil LED mont\u00e9 en surface est parfait pour :<\/p>\n\n\n\n<ul class=\"wp-block-list\">\n<li>L'\u00e9clairage sous les meubles de cuisine pour rendre les surfaces de travail lumineuses et sans \u00e9blouissement.<\/li>\n\n\n\n<li>L'\u00e9clairage d'accentuation donne un aspect moderne aux salons ou bureaux.<\/li>\n\n\n\n<li>Les vitrines et \u00e9tag\u00e8res dans les magasins qui utilisent un \u00e9clairage exquis pour attirer l'attention sur les marchandises.<\/li>\n\n\n\n<li>Les conteneurs de rangement, placards et garde-robes pour une lumi\u00e8re douce et propre.<\/li>\n\n\n\n<li>Luminaires muraux architecturaux et \u00e9clairages d'accent au plafond pour cr\u00e9er une ambiance.<\/li>\n\n\n\n<li>\u00c9clairage de t\u00e2che pour bureaux et ateliers dans des environnements professionnels.<\/li>\n<\/ul>\n<\/div><\/div>\n\n\n\n<div class=\"wp-block-group\" style=\"padding-top:var(--wp--preset--spacing--80);padding-bottom:var(--wp--preset--spacing--80)\"><div class=\"wp-block-group__inner-container is-layout-constrained wp-block-group-is-layout-constrained\">\n<h2 class=\"wp-block-heading\" style=\"padding-top:var(--wp--preset--spacing--40);padding-bottom:var(--wp--preset--spacing--40);font-size:25px;font-style:normal;font-weight:600;text-transform:capitalize\">Produits connexes de Tangooled qui pourraient vous plaire<\/h2>\n\n\n\n<ul class=\"wp-block-list\">\n<li><a href=\"https:\/\/tangooled.com\/fr\/product\/black-led-diffuser-aluminum-channel-for-12mm-tape-lights\/\"><mark style=\"background-color:rgba(0, 0, 0, 0)\" class=\"has-inline-color has-vivid-red-color\">Canal en aluminium avec diffuseur LED noir pour bandes de 12mm<\/mark><\/a><\/li>\n\n\n\n<li><a href=\"https:\/\/tangooled.com\/fr\/product\/surface-mount-led-profile-with-frosted-diffuser-for-10mm-rope-lights\/\"><mark style=\"background-color:rgba(0, 0, 0, 0)\" class=\"has-inline-color has-vivid-red-color\">Profil LED \u00e0 monter en surface avec diffuseur d\u00e9poli pour lumi\u00e8res en corde de 10mm<\/mark><\/a><\/li>\n\n\n\n<li><a href=\"https:\/\/tangooled.com\/fr\/product\/25x14m-surface-mounted-led-light-aluminum-profile\/\"><mark style=\"background-color:rgba(0, 0, 0, 0)\" class=\"has-inline-color has-vivid-red-color\">Profil en aluminium pour lumi\u00e8re LED de 25x14m mont\u00e9 en surface<\/mark><\/a><\/li>\n\n\n\n<li><a href=\"https:\/\/tangooled.com\/fr\/product\/18x9mm-led-tape-light-profile-for-surface-installation\/\"><mark style=\"background-color:rgba(0, 0, 0, 0)\" class=\"has-inline-color has-vivid-red-color\">Profil de bande LED autocollant 18x9mm pour installation en surface<\/mark><\/a><\/li>\n\n\n\n<li><a href=\"https:\/\/tangooled.com\/fr\/product\/22x15mm-led-light-channel-aluminum-extrusion-for-flexible-strips\/\"><mark style=\"background-color:rgba(0, 0, 0, 0)\" class=\"has-inline-color has-vivid-red-color\">Extrusion en aluminium pour canal lumineux LED de 22x15mm pour bandes flexibles<\/mark><\/a><\/li>\n<\/ul>\n<\/div><\/div>\n\n\n\n<p><\/p>","protected":false},"featured_media":14004,"template":"","meta":{"_acf_changed":true,"_seopress_robots_primary_cat":"none","_seopress_titles_title":"Aluminum 22mm Surface Mount LED Channel For Strips | TANGOOLED","_seopress_titles_desc":"Source the 22mm surface mount LED channel for strip light. Features an opal diffuser for soft, dot-free lighting. Durable aluminum extrusion for professional projects.","_seopress_robots_index":""},"pcb-width":[228],"product-cat":[192],"class_list":{"0":"post-44983","1":"product","2":"type-product","3":"status-publish","4":"has-post-thumbnail","6":"pcb-width-6-12mm","7":"product-cat-surface-led-profile"},"acf":[],"_links":{"self":[{"href":"https:\/\/tangooled.com\/fr\/wp-json\/wp\/v2\/product\/44983","targetHints":{"allow":["GET"]}}],"collection":[{"href":"https:\/\/tangooled.com\/fr\/wp-json\/wp\/v2\/product"}],"about":[{"href":"https:\/\/tangooled.com\/fr\/wp-json\/wp\/v2\/types\/product"}],"wp:featuredmedia":[{"embeddable":true,"href":"https:\/\/tangooled.com\/fr\/wp-json\/wp\/v2\/media\/14004"}],"wp:attachment":[{"href":"https:\/\/tangooled.com\/fr\/wp-json\/wp\/v2\/media?parent=44983"}],"wp:term":[{"taxonomy":"pcb-width","embeddable":true,"href":"https:\/\/tangooled.com\/fr\/wp-json\/wp\/v2\/pcb-width?post=44983"},{"taxonomy":"product-cat","embeddable":true,"href":"https:\/\/tangooled.com\/fr\/wp-json\/wp\/v2\/product-cat?post=44983"}],"curies":[{"name":"wp","href":"https:\/\/api.w.org\/{rel}","templated":true}]}}