{"id":44981,"date":"2026-01-04T19:57:31","date_gmt":"2026-01-05T03:57:31","guid":{"rendered":"https:\/\/tangooled.com\/?post_type=product&#038;p=44981"},"modified":"2026-01-29T18:15:18","modified_gmt":"2026-01-30T02:15:18","slug":"22x15mm-led-light-channel-aluminum-extrusion-for-flexible-strips","status":"publish","type":"product","link":"https:\/\/tangooled.com\/fr\/product\/22x15mm-led-light-channel-aluminum-extrusion-for-flexible-strips\/","title":{"rendered":"Extrusion de canal lumineux LED en aluminium 22x15mm pour bandes flexibles"},"content":{"rendered":"<div class=\"wp-block-group\" style=\"padding-top:var(--wp--preset--spacing--80);padding-bottom:var(--wp--preset--spacing--80)\"><div class=\"wp-block-group__inner-container is-layout-constrained wp-block-group-is-layout-constrained\">\n<p>With our 22x15mm LED channel for flexible strips, you can get a professional finish in your space. This aluminum extrusion is made to be installed on a surface and has a wide internal width of 19.6 mm. It&#8217;s an ideal aluminum housing&nbsp;for flexible LED strips that are 10mm, 12mm, or 15mm wide. This channel comes with&nbsp;mounting clips and end caps, so your lighting design will be easy to make, long-lasting, and stunning.<\/p>\n<\/div><\/div>\n\n\n\n<div class=\"wp-block-group has-background\" style=\"background-color:#f2f2f2f2;padding-top:var(--wp--preset--spacing--80);padding-bottom:var(--wp--preset--spacing--80)\"><div class=\"wp-block-group__inner-container is-layout-constrained wp-block-group-is-layout-constrained\">\n<div class=\"wp-block-group is-vertical is-layout-flex wp-container-core-group-is-layout-8cf370e7 wp-block-group-is-layout-flex\">\n<h2 class=\"wp-block-heading\" style=\"padding-top:var(--wp--preset--spacing--40);padding-bottom:var(--wp--preset--spacing--40);font-size:25px;font-style:normal;font-weight:600;text-transform:capitalize\">Pourquoi choisir ce canal LED 22x15mm pour bandes flexibles ?<\/h2>\n\n\n\n<ul class=\"wp-block-list\">\n<li>Made from 6063-T5 anodized aluminum \u2014 this helps keep your LED strips cool and safe.<\/li>\n\n\n\n<li>Fits LED strips up to 20mm wide \u2014 great for many flexible LED strips.<\/li>\n\n\n\n<li>Comprend des couvercles diffuseurs, qui adoucissent la lumi\u00e8re et emp\u00eachent les points lumineux LED brillants.<\/li>\n\n\n\n<li>Livr\u00e9 avec des clips de montage et des capuchons d'extr\u00e9mit\u00e9 pour finir votre projet agr\u00e9ablement.<\/li>\n\n\n\n<li>Great for under cabinet, cove, task, and accent lighting \u2014 works inside homes, shops, and offices.<\/li>\n<\/ul>\n<\/div>\n<\/div><\/div>\n\n\n\n<div class=\"wp-block-group\" style=\"padding-top:var(--wp--preset--spacing--80);padding-bottom:var(--wp--preset--spacing--80)\"><div class=\"wp-block-group__inner-container is-layout-constrained wp-block-group-is-layout-constrained\">\n<div class=\"wp-block-media-text has-media-on-the-right is-stacked-on-mobile\" style=\"padding-top:0;padding-bottom:0;grid-template-columns:auto 40%\"><div class=\"wp-block-media-text__content\">\n<h2 class=\"wp-block-heading\" style=\"font-size:25px;font-style:normal;font-weight:600;text-transform:capitalize\">Comment utiliser ce produit<\/h2>\n\n\n\n<ul class=\"wp-block-list\">\n<li>Choisissez la bonne taille de bande LED.<\/li>\n\n\n\n<li>Coupez le canal LED 22x15mm pour bandes flexibles \u00e0 la longueur d\u00e9sir\u00e9e.<\/li>\n\n\n\n<li>Fixez les clips de montage o\u00f9 n\u00e9cessaire.<\/li>\n\n\n\n<li>Mettez le canal en place.<\/li>\n\n\n\n<li>Placez votre bande LED \u00e0 l'int\u00e9rieur du canal.<\/li>\n\n\n\n<li>Clipsez le couvercle diffuseur et fixez les capuchons d'extr\u00e9mit\u00e9 pour un aspect fini.<\/li>\n<\/ul>\n<\/div><figure class=\"wp-block-media-text__media\"><img loading=\"lazy\" decoding=\"async\" width=\"500\" height=\"500\" src=\"https:\/\/tangooled.com\/wp-content\/uploads\/2026\/01\/fp20b-ins.webp\" alt=\"22x15mm led light channel aluminum extrusion for flexible strips\" class=\"wp-image-45231 size-full\" srcset=\"https:\/\/tangooled.com\/wp-content\/uploads\/2026\/01\/fp20b-ins.webp 500w, https:\/\/tangooled.com\/wp-content\/uploads\/2026\/01\/fp20b-ins-300x300.webp 300w, https:\/\/tangooled.com\/wp-content\/uploads\/2026\/01\/fp20b-ins-150x150.webp 150w\" sizes=\"auto, (max-width: 500px) 100vw, 500px\" \/><\/figure><\/div>\n<\/div><\/div>\n\n\n\n<div class=\"wp-block-group has-background\" style=\"background-color:#f2f2f2;padding-top:var(--wp--preset--spacing--80);padding-bottom:var(--wp--preset--spacing--80)\"><div class=\"wp-block-group__inner-container is-layout-constrained wp-block-group-is-layout-constrained\">\n<h2 class=\"wp-block-heading\" style=\"padding-top:var(--wp--preset--spacing--40);padding-bottom:var(--wp--preset--spacing--40);font-size:25px;font-style:normal;font-weight:600;text-transform:capitalize\">Lieux courants pour utiliser ce profil\u00e9 en aluminium LED<\/h2>\n\n\n\n<ul class=\"wp-block-list\">\n<li>Under-cabinet lighting \u2014 brighten kitchens and workspaces.<\/li>\n\n\n\n<li>Cove lighting \u2014 create soft ceiling glow in living rooms or offices.<\/li>\n\n\n\n<li>Shelf and retail display lights \u2014 highlight products clearly.<\/li>\n\n\n\n<li>Task lighting \u2014 for offices, garages, or any work zone.<\/li>\n\n\n\n<li>Architectural lighting \u2014 professional finish for ceilings and walls.<\/li>\n<\/ul>\n<\/div><\/div>\n\n\n\n<div class=\"wp-block-group\" style=\"padding-top:var(--wp--preset--spacing--80);padding-bottom:var(--wp--preset--spacing--80)\"><div class=\"wp-block-group__inner-container is-layout-constrained wp-block-group-is-layout-constrained\">\n<h2 class=\"wp-block-heading\" style=\"padding-top:var(--wp--preset--spacing--40);padding-bottom:var(--wp--preset--spacing--40);font-size:25px;font-style:normal;font-weight:600;text-transform:capitalize\">Produits compatibles et associ\u00e9s<\/h2>\n\n\n\n<ul class=\"wp-block-list\">\n<li><a href=\"https:\/\/tangooled.com\/fr\/product\/black-aluminum-u-channel-profile-for-10mm-led-strips\/\"><mark style=\"background-color:rgba(0, 0, 0, 0)\" class=\"has-inline-color has-vivid-red-color\">Profil\u00e9 canal en aluminium noir en U pour bandes LED de 10mm<\/mark><\/a><\/li>\n\n\n\n<li><a href=\"https:\/\/tangooled.com\/fr\/product\/surface-mount-led-profile-with-frosted-diffuser-for-10mm-rope-lights\/\"><mark style=\"background-color:rgba(0, 0, 0, 0)\" class=\"has-inline-color has-vivid-red-color\">Profil LED \u00e0 montage en surface avec diffuseur d\u00e9poli pour bandes de 10 mm<\/mark><\/a><\/li>\n\n\n\n<li><a href=\"https:\/\/tangooled.com\/fr\/product\/led-light-diffuser-channel-aluminum-15x12mm-for-10mm-led-strips\/\"><mark style=\"background-color:rgba(0, 0, 0, 0)\" class=\"has-inline-color has-vivid-red-color\">Canal diffuseur de lumi\u00e8re LED en aluminium 15x12mm pour bandes LED de 10mm<\/mark><\/a><\/li>\n\n\n\n<li><a href=\"https:\/\/tangooled.com\/fr\/product\/22x10mm-led-profile-light-channel-for-15mm-flexible-led-strips\/\"><mark style=\"background-color:rgba(0, 0, 0, 0)\" class=\"has-inline-color has-vivid-red-color\">Profil\u00e9 lumineux LED 22x10mm pour bandes LED flexibles de 15mm<\/mark><\/a><\/li>\n\n\n\n<li><a href=\"https:\/\/tangooled.com\/fr\/product\/25x14m-surface-mounted-led-light-aluminum-profile\/\"><mark style=\"background-color:rgba(0, 0, 0, 0)\" class=\"has-inline-color has-vivid-red-color\">Profil\u00e9 en aluminium pour lumi\u00e8re LED mont\u00e9 en surface 25x14mm<\/mark><\/a><\/li>\n<\/ul>\n<\/div><\/div>\n\n\n\n<div class=\"wp-block-group has-background\" style=\"background-color:#f2f2f2f2;padding-top:var(--wp--preset--spacing--80);padding-bottom:var(--wp--preset--spacing--80)\"><div class=\"wp-block-group__inner-container is-layout-constrained wp-block-group-is-layout-constrained\">\n<h2 class=\"wp-block-heading\" style=\"padding-top:var(--wp--preset--spacing--40);padding-bottom:var(--wp--preset--spacing--40);font-size:25px;font-style:normal;font-weight:600;text-transform:capitalize\">r\u00e9sum\u00e9<\/h2>\n\n\n\n<p style=\"padding-right:var(--wp--preset--spacing--50);padding-left:var(--wp--preset--spacing--50)\">Notre canal LED 22x15mm pour bandes flexibles est indispensable pour quiconque cr\u00e9e des lumi\u00e8res \u00e0 bandes LED. Le canal en aluminium robuste prot\u00e8ge les bandes, r\u00e9partit la lumi\u00e8re uniform\u00e9ment, emp\u00eache la poussi\u00e8re d'entrer et garde vos LEDs au frais. Il peut vous fournir la luminosit\u00e9 sous vos meubles, un \u00e9clairage de cove attrayant ou un \u00e9clairage de pr\u00e9sentoir transparent.<\/p>\n<\/div><\/div>\n\n\n\n<p><\/p>","protected":false},"featured_media":13998,"template":"","meta":{"_acf_changed":true,"_seopress_robots_primary_cat":"none","_seopress_titles_title":"Aluminum 22x15mm LED Channel for Flexible Strips | TANGOOLED","_seopress_titles_desc":"Source the 22x15mm LED channel. This aluminum extrusion is designed for flexible strips, providing ample depth for dot-free, uniform lighting in modern projects.","_seopress_robots_index":""},"pcb-width":[229],"product-cat":[192],"class_list":{"0":"post-44981","1":"product","2":"type-product","3":"status-publish","4":"has-post-thumbnail","6":"pcb-width-15-20mm","7":"product-cat-surface-led-profile"},"acf":[],"_links":{"self":[{"href":"https:\/\/tangooled.com\/fr\/wp-json\/wp\/v2\/product\/44981","targetHints":{"allow":["GET"]}}],"collection":[{"href":"https:\/\/tangooled.com\/fr\/wp-json\/wp\/v2\/product"}],"about":[{"href":"https:\/\/tangooled.com\/fr\/wp-json\/wp\/v2\/types\/product"}],"wp:featuredmedia":[{"embeddable":true,"href":"https:\/\/tangooled.com\/fr\/wp-json\/wp\/v2\/media\/13998"}],"wp:attachment":[{"href":"https:\/\/tangooled.com\/fr\/wp-json\/wp\/v2\/media?parent=44981"}],"wp:term":[{"taxonomy":"pcb-width","embeddable":true,"href":"https:\/\/tangooled.com\/fr\/wp-json\/wp\/v2\/pcb-width?post=44981"},{"taxonomy":"product-cat","embeddable":true,"href":"https:\/\/tangooled.com\/fr\/wp-json\/wp\/v2\/product-cat?post=44981"}],"curies":[{"name":"wp","href":"https:\/\/api.w.org\/{rel}","templated":true}]}}