{"id":44979,"date":"2026-01-04T19:51:09","date_gmt":"2026-01-05T03:51:09","guid":{"rendered":"https:\/\/tangooled.com\/?post_type=product&#038;p=44979"},"modified":"2026-01-21T23:55:22","modified_gmt":"2026-01-22T07:55:22","slug":"22x10mm-led-profile-light-channel-for-15mm-flexible-led-strips","status":"publish","type":"product","link":"https:\/\/tangooled.com\/fr\/product\/22x10mm-led-profile-light-channel-for-15mm-flexible-led-strips\/","title":{"rendered":"Profil\u00e9 lumineux LED 22x10mm pour bandes LED flexibles de 15mm"},"content":{"rendered":"<div class=\"wp-block-group\" style=\"padding-top:var(--wp--preset--spacing--80);padding-bottom:var(--wp--preset--spacing--80)\"><div class=\"wp-block-group__inner-container is-layout-constrained wp-block-group-is-layout-constrained\">\n<p>Notre profil LED de 22x10 mm est un excellent logement pour vos bandes LED flexibles de 15 mm. Avec une largeur ext\u00e9rieure de 22 mm et une hauteur de 10 mm, il offre une protection solide, une meilleure dissipation de la chaleur, et une diffusion de lumi\u00e8re douce et sans points. Ce profil LED donnera \u00e0 vos bandeaux LED un aspect propre et professionnel tout en leur permettant de mieux fonctionner et de durer plus longtemps.<\/p>\n<\/div><\/div>\n\n\n\n<div class=\"wp-block-group has-background\" style=\"background-color:#f2f2f2f2;padding-top:var(--wp--preset--spacing--80);padding-bottom:var(--wp--preset--spacing--80)\"><div class=\"wp-block-group__inner-container is-layout-constrained wp-block-group-is-layout-constrained\">\n<div class=\"wp-block-group is-vertical is-layout-flex wp-container-core-group-is-layout-8cf370e7 wp-block-group-is-layout-flex\">\n<h2 class=\"wp-block-heading\" style=\"padding-top:var(--wp--preset--spacing--40);padding-bottom:var(--wp--preset--spacing--40);font-size:25px;font-style:normal;font-weight:600;text-transform:capitalize\">Pourquoi choisir notre canal de lumi\u00e8re LED de 22x10 mm ?<\/h2>\n\n\n\n<ul class=\"wp-block-list\">\n<li>Compatible avec les bandes LED de 15 mm de large, comme Philips Hue, COB, SMD, RGBW, et plus.<\/li>\n\n\n\n<li>Fabriqu\u00e9 en aluminium anodis\u00e9 6063-T5 pour une excellente dissipation de la chaleur.<\/li>\n\n\n\n<li>\u00c9quip\u00e9 de diffuseurs en polycarbonate opalescent ou transparent qui rendent la lumi\u00e8re douce.<\/li>\n\n\n\n<li>Facile \u00e0 installer en surface avec des clips de montage en m\u00e9tal.<\/li>\n\n\n\n<li>Disponible en finitions argent, noir et blanc.<\/li>\n\n\n\n<li>Disponible en longueurs de 1 m, 2 m et 3 m pour des tailles de projet flexibles.<\/li>\n<\/ul>\n<\/div>\n<\/div><\/div>\n\n\n\n<div class=\"wp-block-group\" style=\"padding-top:var(--wp--preset--spacing--80);padding-bottom:var(--wp--preset--spacing--80)\"><div class=\"wp-block-group__inner-container is-layout-constrained wp-block-group-is-layout-constrained\">\n<div class=\"wp-block-media-text has-media-on-the-right is-stacked-on-mobile\" style=\"padding-top:0;padding-bottom:0;grid-template-columns:auto 40%\"><div class=\"wp-block-media-text__content\">\n<h2 class=\"wp-block-heading\" style=\"padding-top:var(--wp--preset--spacing--40);padding-bottom:var(--wp--preset--spacing--40);font-size:25px;font-style:normal;font-weight:600;text-transform:capitalize\">Que contient l'emballage<\/h2>\n\n\n\n<p>Chaque kit comprend un canal en aluminium de 22x10 mm et un diffuseur en polycarbonate dans le style de votre choix (opal, frosted ou clear).<\/p>\n\n\n\n<ul class=\"wp-block-list\">\n<li>2 clips de montage en m\u00e9tal pour chaque m\u00e8tre.&nbsp;<\/li>\n\n\n\n<li>2 bouchons de fin (un avec un trou pour le fil et un solide pour un look propre).<\/li>\n<\/ul>\n<\/div><figure class=\"wp-block-media-text__media\"><img loading=\"lazy\" decoding=\"async\" width=\"500\" height=\"500\" src=\"https:\/\/tangooled.com\/wp-content\/uploads\/2026\/01\/fp20a-ins.webp\" alt=\"22x10mm led profile light channel for 15mm flexible led strips\" class=\"wp-image-45228 size-full\" srcset=\"https:\/\/tangooled.com\/wp-content\/uploads\/2026\/01\/fp20a-ins.webp 500w, https:\/\/tangooled.com\/wp-content\/uploads\/2026\/01\/fp20a-ins-300x300.webp 300w, https:\/\/tangooled.com\/wp-content\/uploads\/2026\/01\/fp20a-ins-150x150.webp 150w\" sizes=\"auto, (max-width: 500px) 100vw, 500px\" \/><\/figure><\/div>\n<\/div><\/div>\n\n\n\n<div class=\"wp-block-group has-background\" style=\"background-color:#f2f2f2;padding-top:var(--wp--preset--spacing--80);padding-bottom:var(--wp--preset--spacing--80)\"><div class=\"wp-block-group__inner-container is-layout-constrained wp-block-group-is-layout-constrained\">\n<h2 class=\"wp-block-heading\" style=\"padding-top:var(--wp--preset--spacing--40);padding-bottom:var(--wp--preset--spacing--40);font-size:25px;font-style:normal;font-weight:600;text-transform:capitalize\">Comment utiliser le canal de lumi\u00e8re LED de 22x10 mm<\/h2>\n\n\n\n<p>Ce canal de lumi\u00e8re de 22x10 mm est id\u00e9al pour de nombreux projets d'\u00e9clairage :<\/p>\n\n\n\n<ul class=\"wp-block-list\">\n<li>\u00c9clairage sous les cabinets : \u00e9claire uniform\u00e9ment et brillamment les surfaces de travail sans ombres ni \u00e9blouissement.<\/li>\n\n\n\n<li>\u00c9clairage de corniche et de mur pour l'architecture : ajoutez des lignes modernes et des accents aux maisons ou aux bureaux.<\/li>\n\n\n\n<li>\u00c9tag\u00e8res d'affichage de vente au d\u00e9tail : utilisez un \u00e9clairage propre et uniforme pour attirer l'attention sur les marchandises.<\/li>\n\n\n\n<li>\u00c9clairage g\u00e9n\u00e9ral de t\u00e2che : id\u00e9al pour les barres lumineuses sur les comptoirs, les postes de travail et les espaces de travail.<\/li>\n<\/ul>\n<\/div><\/div>\n\n\n\n<div class=\"wp-block-group\" style=\"padding-top:var(--wp--preset--spacing--80);padding-bottom:var(--wp--preset--spacing--80)\"><div class=\"wp-block-group__inner-container is-layout-constrained wp-block-group-is-layout-constrained\">\n<h2 class=\"wp-block-heading\" style=\"padding-top:var(--wp--preset--spacing--40);padding-bottom:var(--wp--preset--spacing--40);font-size:25px;font-style:normal;font-weight:600;text-transform:capitalize\">D\u00e9couvrez d'autres profils compatibles<\/h2>\n\n\n\n<ul class=\"wp-block-list\">\n<li><a href=\"https:\/\/tangooled.com\/fr\/product\/black-led-profile-with-black-diffuser-for-10mm-led-strip-light\/\"><mark style=\"background-color:rgba(0, 0, 0, 0)\" class=\"has-inline-color has-vivid-red-color\">Profil LED noir avec diffuseur noir pour bande LED de 10 mm<\/mark><\/a><\/li>\n\n\n\n<li><a href=\"https:\/\/tangooled.com\/fr\/product\/led-strip-light-channel-aluminum-profile-with-diffused-cover-6mm-height\/\"><mark style=\"background-color:rgba(0, 0, 0, 0)\" class=\"has-inline-color has-vivid-red-color\">Profil en aluminium pour bande LED avec couvercle diffusant de 6 mm de hauteur<\/mark><\/a><\/li>\n\n\n\n<li><a href=\"https:\/\/tangooled.com\/fr\/product\/surface-mount-led-profile-with-frosted-diffuser-for-10mm-rope-lights\/\"><mark style=\"background-color:rgba(0, 0, 0, 0)\" class=\"has-inline-color has-vivid-red-color\">Profil LED \u00e0 montage en surface avec diffuseur d\u00e9poli pour bandes de 10 mm<\/mark><\/a><\/li>\n<\/ul>\n<\/div><\/div>\n\n\n\n<div class=\"wp-block-group has-background\" style=\"background-color:#f2f2f2f2;padding-top:var(--wp--preset--spacing--80);padding-bottom:var(--wp--preset--spacing--80)\"><div class=\"wp-block-group__inner-container is-layout-constrained wp-block-group-is-layout-constrained\">\n<h2 class=\"wp-block-heading\" style=\"padding-top:var(--wp--preset--spacing--40);padding-bottom:var(--wp--preset--spacing--40);font-size:25px;font-style:normal;font-weight:600;text-transform:capitalize\">r\u00e9sum\u00e9<\/h2>\n\n\n\n<p style=\"padding-right:var(--wp--preset--spacing--50);padding-left:var(--wp--preset--spacing--50)\">Le canal de lumi\u00e8re LED de 22x10 mm pour bandes LED flexibles de 15 mm est une alternative intelligente et utile pour quiconque n\u00e9cessite un logement LED professionnel et durable. Ce syst\u00e8me de profil\u00e9 en aluminium transforme une bande LED en une source de lumi\u00e8re belle et durable. Il prot\u00e8ge contre la poussi\u00e8re et la chaleur.<\/p>\n<\/div><\/div>\n\n\n\n<p><\/p>","protected":false},"featured_media":13990,"template":"","meta":{"_acf_changed":true,"_seopress_robots_primary_cat":"none","_seopress_titles_title":"Aluminum 22x10mm LED Profile Light Channel | TANGOOLED","_seopress_titles_desc":"Source the 22x10mm LED profile light channel. Designed for 15mm wide flexible LED strips, this aluminum housing offers superior heat dissipation for high-output lighting.","_seopress_robots_index":""},"pcb-width":[229],"product-cat":[192],"class_list":{"0":"post-44979","1":"product","2":"type-product","3":"status-publish","4":"has-post-thumbnail","6":"pcb-width-15-20mm","7":"product-cat-surface-led-profile"},"acf":[],"_links":{"self":[{"href":"https:\/\/tangooled.com\/fr\/wp-json\/wp\/v2\/product\/44979","targetHints":{"allow":["GET"]}}],"collection":[{"href":"https:\/\/tangooled.com\/fr\/wp-json\/wp\/v2\/product"}],"about":[{"href":"https:\/\/tangooled.com\/fr\/wp-json\/wp\/v2\/types\/product"}],"wp:featuredmedia":[{"embeddable":true,"href":"https:\/\/tangooled.com\/fr\/wp-json\/wp\/v2\/media\/13990"}],"wp:attachment":[{"href":"https:\/\/tangooled.com\/fr\/wp-json\/wp\/v2\/media?parent=44979"}],"wp:term":[{"taxonomy":"pcb-width","embeddable":true,"href":"https:\/\/tangooled.com\/fr\/wp-json\/wp\/v2\/pcb-width?post=44979"},{"taxonomy":"product-cat","embeddable":true,"href":"https:\/\/tangooled.com\/fr\/wp-json\/wp\/v2\/product-cat?post=44979"}],"curies":[{"name":"wp","href":"https:\/\/api.w.org\/{rel}","templated":true}]}}