{"id":44710,"date":"2026-01-03T02:26:39","date_gmt":"2026-01-03T10:26:39","guid":{"rendered":"https:\/\/tangooled.com\/?post_type=product&#038;p=44710"},"modified":"2026-01-29T18:02:42","modified_gmt":"2026-01-30T02:02:42","slug":"10mm-led-profile-aluminum-channel-for-8mm-led-tape-lights","status":"publish","type":"product","link":"https:\/\/tangooled.com\/fr\/product\/10mm-led-profile-aluminum-channel-for-8mm-led-tape-lights\/","title":{"rendered":"canal en aluminium de profil LED de 10 mm pour bandes LED de 8 mm"},"content":{"rendered":"<div class=\"wp-block-group\" style=\"padding-top:var(--wp--preset--spacing--80);padding-bottom:var(--wp--preset--spacing--80)\"><div class=\"wp-block-group__inner-container is-layout-constrained wp-block-group-is-layout-constrained\">\n<p>Our 10mm LED profile aluminum channel will give your 8mm LED tape lights a professional look. This anodized aluminum extrusion is of high quality and is made to be easy to place on a surface with secure mounting clips and neat end caps. The inside width is 8.2mm, so it fits 6mm or 8mm wide LED strips well. This slim channel, along with its diffuser, makes sure that any project has a smooth, gorgeous glow, whether it&#8217;s for under-cabinet or wall&nbsp;lighting.<\/p>\n<\/div><\/div>\n\n\n\n<div class=\"wp-block-group has-background\" style=\"background-color:#f2f2f2f2;padding-top:var(--wp--preset--spacing--80);padding-bottom:var(--wp--preset--spacing--80)\"><div class=\"wp-block-group__inner-container is-layout-constrained wp-block-group-is-layout-constrained\">\n<div class=\"wp-block-group is-vertical is-layout-flex wp-container-core-group-is-layout-8cf370e7 wp-block-group-is-layout-flex\">\n<h2 class=\"wp-block-heading\" style=\"padding-top:var(--wp--preset--spacing--40);padding-bottom:var(--wp--preset--spacing--40);font-size:25px;font-style:normal;font-weight:600;text-transform:capitalize\">Pourquoi choisir notre profil LED de 10 mm ?<\/h2>\n\n\n\n<ul class=\"wp-block-list\">\n<li>S'adapte parfaitement aux bandes LED de 6 mm et 8 mm.<\/li>\n\n\n\n<li>Fabriqu\u00e9 en aluminium anodis\u00e9 6063-T5 robuste pour garder vos LED au frais.<\/li>\n\n\n\n<li>Livr\u00e9 avec un diffuseur opale qui rend la lumi\u00e8re douce et uniforme, sans points.<\/li>\n\n\n\n<li>Kit complet avec capuchons d'extr\u00e9mit\u00e9, clips de montage et un diffuseur.<\/li>\n\n\n\n<li>Facile \u00e0 couper et \u00e0 installer sur n'importe quelle surface, m\u00eame enduite ou encastr\u00e9e.<\/li>\n<\/ul>\n<\/div>\n<\/div><\/div>\n\n\n\n<div class=\"wp-block-group\" style=\"padding-top:var(--wp--preset--spacing--80);padding-bottom:var(--wp--preset--spacing--80)\"><div class=\"wp-block-group__inner-container is-layout-constrained wp-block-group-is-layout-constrained\">\n<div class=\"wp-block-media-text has-media-on-the-right is-stacked-on-mobile\" style=\"padding-top:0;padding-bottom:0;grid-template-columns:auto 40%\"><div class=\"wp-block-media-text__content\">\n<h2 class=\"wp-block-heading\" style=\"font-size:25px;font-style:normal;font-weight:600;text-transform:capitalize\">\u00c9tapes pour une installation facile<\/h2>\n\n\n\n<ul class=\"wp-block-list\">\n<li>Placez les clips de montage \u00e0 l'endroit souhait\u00e9 pour le canal LED et vissez-les.<\/li>\n\n\n\n<li>Collez votre bande LED de 6 mm ou 8 mm \u00e0 l'int\u00e9rieur du canal en aluminium.<\/li>\n\n\n\n<li>Mettez le capot diffuseur par-dessus pour adoucir la lumi\u00e8re.<\/li>\n\n\n\n<li>Pour finaliser l'aspect et garder les fils en s\u00e9curit\u00e9, enfoncez les capuchons d'extr\u00e9mit\u00e9.<\/li>\n<\/ul>\n<\/div><figure class=\"wp-block-media-text__media\"><img loading=\"lazy\" decoding=\"async\" width=\"500\" height=\"500\" src=\"https:\/\/tangooled.com\/wp-content\/uploads\/2026\/01\/fp10-ins.webp\" alt=\"canal en aluminium de profil LED de 10 mm pour bandes LED de 8 mm\" class=\"wp-image-44711 size-full\" srcset=\"https:\/\/tangooled.com\/wp-content\/uploads\/2026\/01\/fp10-ins.webp 500w, https:\/\/tangooled.com\/wp-content\/uploads\/2026\/01\/fp10-ins-300x300.webp 300w, https:\/\/tangooled.com\/wp-content\/uploads\/2026\/01\/fp10-ins-150x150.webp 150w\" sizes=\"auto, (max-width: 500px) 100vw, 500px\" \/><\/figure><\/div>\n<\/div><\/div>\n\n\n\n<div class=\"wp-block-group has-background\" style=\"background-color:#f2f2f2;padding-top:var(--wp--preset--spacing--80);padding-bottom:var(--wp--preset--spacing--80)\"><div class=\"wp-block-group__inner-container is-layout-constrained wp-block-group-is-layout-constrained\">\n<h2 class=\"wp-block-heading\" style=\"padding-top:var(--wp--preset--spacing--40);padding-bottom:var(--wp--preset--spacing--40);font-size:25px;font-style:normal;font-weight:600;text-transform:capitalize\">Que contient la bo\u00eete ?<\/h2>\n\n\n\n<ul class=\"wp-block-list\">\n<li>1 m\u00e8tre de canal LED en aluminium<\/li>\n\n\n\n<li>1 m\u00e8tre de capot diffuseur opale<\/li>\n\n\n\n<li>2 capuchons d'extr\u00e9mit\u00e9 (un avec un trou pour un fil et un plein)<\/li>\n<\/ul>\n<\/div><\/div>\n\n\n\n<div class=\"wp-block-group\" style=\"padding-top:var(--wp--preset--spacing--80);padding-bottom:var(--wp--preset--spacing--80)\"><div class=\"wp-block-group__inner-container is-layout-constrained wp-block-group-is-layout-constrained\">\n<h2 class=\"wp-block-heading\" style=\"padding-top:var(--wp--preset--spacing--60);padding-bottom:var(--wp--preset--spacing--60);font-size:25px;font-style:normal;font-weight:600;text-transform:capitalize\">Liens internes associ\u00e9s<\/h2>\n\n\n\n<ul class=\"wp-block-list\">\n<li>V\u00e9rifiez notre <a href=\"https:\/\/tangooled.com\/fr\/product\/15x16mm-led-channel-with-half-round-diffuser-for-10mm-led-strips\/\"><mark style=\"background-color:rgba(0, 0, 0, 0)\" class=\"has-inline-color has-vivid-red-color\">profil LED 15x16mm avec diffuseur semi-arrondi pour bandes LED de 10mm<\/mark><\/a> pour une option de profil plus large.<\/li>\n\n\n\n<li>Pour des bandes LED plus petites, consultez le <a href=\"https:\/\/tangooled.com\/fr\/product\/8x9mm-led-profile-aluminum-channel-rigid-bar-for-5mm-led-strips\/\"><mark style=\"background-color:rgba(0, 0, 0, 0)\" class=\"has-inline-color has-vivid-red-color\">barre rigide de profil LED en aluminium 8x9mm pour bandes LED de 5mm<\/mark><\/a>.<\/li>\n\n\n\n<li>Si vous voulez un profil courb\u00e9, explorez le <a href=\"https:\/\/tangooled.com\/fr\/product\/curved-diffuser-led-corner-extrusion-16x16mm-for-10mm-led-strips\/\"><mark style=\"background-color:rgba(0, 0, 0, 0)\" class=\"has-inline-color has-vivid-red-color\">extrusion de coin diffuseur LED courb\u00e9 16x16mm pour bandes LED de 10mm<\/mark><\/a> pour des coins cr\u00e9atifs.<\/li>\n\n\n\n<li>Pour un soutien de montage suppl\u00e9mentaire, visitez le <a href=\"https:\/\/tangooled.com\/fr\/product\/black-aluminum-u-channel-profile-for-10mm-led-strips\/\"><mark style=\"background-color:rgba(0, 0, 0, 0)\" class=\"has-inline-color has-vivid-red-color\">profil de canal en aluminium noir en U pour bandes LED de 10 mm<\/mark><\/a> pour un canal robuste.<\/li>\n\n\n\n<li>Besoin d'un canal avec une lentille ? Notre <a href=\"https:\/\/tangooled.com\/fr\/product\/aluminum-profile-with-60-degree-lens-led-diffuser\/\"><mark style=\"background-color:rgba(0, 0, 0, 0)\" class=\"has-inline-color has-vivid-red-color\">profil en aluminium avec diffuseur \u00e0 lentille de 60 degr\u00e9s LED<\/mark><\/a> am\u00e9liore la diffusion de la lumi\u00e8re et le contr\u00f4le de l'\u00e9blouissement.<\/li>\n<\/ul>\n<\/div><\/div>\n\n\n\n<div class=\"wp-block-group has-background\" style=\"background-color:#f2f2f2f2;padding-top:var(--wp--preset--spacing--80);padding-bottom:var(--wp--preset--spacing--80)\"><div class=\"wp-block-group__inner-container is-layout-constrained wp-block-group-is-layout-constrained\">\n<h2 class=\"wp-block-heading\" style=\"padding-top:var(--wp--preset--spacing--40);padding-bottom:var(--wp--preset--spacing--40);font-size:25px;font-style:normal;font-weight:600;text-transform:capitalize\">r\u00e9sum\u00e9<\/h2>\n\n\n\n<p style=\"padding-right:var(--wp--preset--spacing--50);padding-left:var(--wp--preset--spacing--50)\">Notre canal en aluminium de profil LED de 10 mm pour bandes LED de 8 mm est une option robuste et durable qui permet \u00e0 la lumi\u00e8re de passer sans \u00e9blouissement. Le kit complet contient tout ce dont vous avez besoin pour l'installer rapidement et professionnellement. Il est parfait pour de nombreuses applications, comme l'\u00e9clairage sous les meubles et les vitrines.<\/p>\n<\/div><\/div>\n\n\n\n<p><\/p>","protected":false},"featured_media":13356,"template":"","meta":{"_acf_changed":true,"_seopress_robots_primary_cat":"none","_seopress_titles_title":"Aluminum 10mm LED Profile For 8mm Tape Lights | TANGOOLED","_seopress_titles_desc":"TANGOO's 10mm LED profile is a slim aluminum channel designed for 8mm tape lights, providing a sleek, integrated look for furniture and cabinet lighting.","_seopress_robots_index":""},"pcb-width":[228],"product-cat":[192],"class_list":{"0":"post-44710","1":"product","2":"type-product","3":"status-publish","4":"has-post-thumbnail","6":"pcb-width-6-12mm","7":"product-cat-surface-led-profile"},"acf":[],"_links":{"self":[{"href":"https:\/\/tangooled.com\/fr\/wp-json\/wp\/v2\/product\/44710","targetHints":{"allow":["GET"]}}],"collection":[{"href":"https:\/\/tangooled.com\/fr\/wp-json\/wp\/v2\/product"}],"about":[{"href":"https:\/\/tangooled.com\/fr\/wp-json\/wp\/v2\/types\/product"}],"wp:featuredmedia":[{"embeddable":true,"href":"https:\/\/tangooled.com\/fr\/wp-json\/wp\/v2\/media\/13356"}],"wp:attachment":[{"href":"https:\/\/tangooled.com\/fr\/wp-json\/wp\/v2\/media?parent=44710"}],"wp:term":[{"taxonomy":"pcb-width","embeddable":true,"href":"https:\/\/tangooled.com\/fr\/wp-json\/wp\/v2\/pcb-width?post=44710"},{"taxonomy":"product-cat","embeddable":true,"href":"https:\/\/tangooled.com\/fr\/wp-json\/wp\/v2\/product-cat?post=44710"}],"curies":[{"name":"wp","href":"https:\/\/api.w.org\/{rel}","templated":true}]}}