{"id":44705,"date":"2026-01-03T02:23:17","date_gmt":"2026-01-03T10:23:17","guid":{"rendered":"https:\/\/tangooled.com\/?post_type=product&#038;p=44705"},"modified":"2026-01-21T18:00:57","modified_gmt":"2026-01-22T02:00:57","slug":"8x9mm-led-profile-aluminum-channel-rigid-bar-for-5mm-led-strips","status":"publish","type":"product","link":"https:\/\/tangooled.com\/fr\/product\/8x9mm-led-profile-aluminum-channel-rigid-bar-for-5mm-led-strips\/","title":{"rendered":"Profil\u00e9 LED en aluminium 8x9mm, barre rigide pour bandes LED de 5 mm"},"content":{"rendered":"<div class=\"wp-block-group\" style=\"padding-top:var(--wp--preset--spacing--80);padding-bottom:var(--wp--preset--spacing--80)\"><div class=\"wp-block-group__inner-container is-layout-constrained wp-block-group-is-layout-constrained\">\n<p>Our mini\u00a0led profile 8x9mm is a strong aluminum channel\u00a0that can be placed on a surface with secure clips and end caps. This slim\u00a0housing has an interior width of 6mm, so it works nicely with LED strips that are 5mm wide or less. It is a strong and sleek protective housing. It protects your lights and acts as a good heat sink to make them last longer. It also makes sure that your project gets clean\u00a0and professional light lines in any setting.<\/p>\n<\/div><\/div>\n\n\n\n<div class=\"wp-block-group has-background\" style=\"background-color:#f2f2f2f2;padding-top:var(--wp--preset--spacing--80);padding-bottom:var(--wp--preset--spacing--80)\"><div class=\"wp-block-group__inner-container is-layout-constrained wp-block-group-is-layout-constrained\">\n<div class=\"wp-block-group is-vertical is-layout-flex wp-container-core-group-is-layout-8cf370e7 wp-block-group-is-layout-flex\">\n<h2 class=\"wp-block-heading\" style=\"padding-top:var(--wp--preset--spacing--40);padding-bottom:var(--wp--preset--spacing--40);font-size:25px;font-style:normal;font-weight:600;text-transform:capitalize\">Pourquoi choisir ce profil\u00e9 LED mini 8x9mm ?<\/h2>\n\n\n\n<ul class=\"wp-block-list\">\n<li>Slim\u00a0and low-profile: Only 8mm wide and 9mm high, so it fits in tiny locations.<\/li>\n\n\n\n<li>Id\u00e9al pour les bandes LED de 5 mm de large : fonctionne avec du ruban LED \u00e9troit, comme le SMD 2835 ou le COB.<\/li>\n\n\n\n<li>Robuste et durable : fabriqu\u00e9 en aluminium anodis\u00e9 6063-T5.<\/li>\n\n\n\n<li>Meilleure gestion thermique : l'aluminium garde les LED au frais en agissant comme dissipateur de chaleur.<\/li>\n\n\n\n<li>Smooth light output: The frosted or opal\u00a0diffuser cover makes the light even and dotless.<\/li>\n\n\n\n<li>Simple \u00e0 assembler : avec des clips et des embouts, il peut \u00eatre install\u00e9 en surface ou encastr\u00e9.<\/li>\n<\/ul>\n<\/div>\n<\/div><\/div>\n\n\n\n<div class=\"wp-block-group\" style=\"padding-top:var(--wp--preset--spacing--80);padding-bottom:var(--wp--preset--spacing--80)\"><div class=\"wp-block-group__inner-container is-layout-constrained wp-block-group-is-layout-constrained\">\n<div class=\"wp-block-media-text has-media-on-the-right is-stacked-on-mobile\" style=\"padding-top:0;padding-bottom:0;grid-template-columns:auto 40%\"><div class=\"wp-block-media-text__content\">\n<h2 class=\"wp-block-heading\" style=\"font-size:25px;font-style:normal;font-weight:600;text-transform:capitalize\">What\u2019s Included?<\/h2>\n\n\n\n<ul class=\"wp-block-list\">\n<li>Un profil\u00e9 LED en aluminium 8x9mm\u00a0<\/li>\n\n\n\n<li>Un couvercle diffuseur d\u00e9poli\/opale\u00a0<\/li>\n\n\n\n<li>Deux embouts (un avec un trou pour les fils et un plein)\u00a0<\/li>\n\n\n\n<li>Deux clips de montage pour assurer une installation s\u00e9curis\u00e9e<\/li>\n<\/ul>\n<\/div><figure class=\"wp-block-media-text__media\"><img loading=\"lazy\" decoding=\"async\" width=\"500\" height=\"500\" src=\"https:\/\/tangooled.com\/wp-content\/uploads\/2026\/01\/fp09-ins.webp\" alt=\"Profil\u00e9 LED en aluminium 8x9mm, barre rigide pour bandes LED de 5 mm\" class=\"wp-image-44707 size-full\" srcset=\"https:\/\/tangooled.com\/wp-content\/uploads\/2026\/01\/fp09-ins.webp 500w, https:\/\/tangooled.com\/wp-content\/uploads\/2026\/01\/fp09-ins-300x300.webp 300w, https:\/\/tangooled.com\/wp-content\/uploads\/2026\/01\/fp09-ins-150x150.webp 150w\" sizes=\"auto, (max-width: 500px) 100vw, 500px\" \/><\/figure><\/div>\n<\/div><\/div>\n\n\n\n<div class=\"wp-block-group has-background\" style=\"background-color:#f2f2f2;padding-top:var(--wp--preset--spacing--80);padding-bottom:var(--wp--preset--spacing--80)\"><div class=\"wp-block-group__inner-container is-layout-constrained wp-block-group-is-layout-constrained\">\n<h2 class=\"wp-block-heading\" style=\"padding-top:var(--wp--preset--spacing--40);padding-bottom:var(--wp--preset--spacing--40);font-size:25px;font-style:normal;font-weight:600;text-transform:capitalize\">Sc\u00e9narios d'utilisation<\/h2>\n\n\n\n<ul class=\"wp-block-list\">\n<li>\u00c9clairage sous les meubles et \u00e9tag\u00e8res dans les cuisines ou les postes de travail.<\/li>\n\n\n\n<li>\u00c9clairage pour les garde-robes et placards afin de mettre en valeur les v\u00eatements ou accessoires.<\/li>\n\n\n\n<li>Une touche de classe dans les \u00e9tag\u00e8res de magasin et les vitrines.<\/li>\n\n\n\n<li>Int\u00e9gr\u00e9 dans le mobilier et les meubles pour des sc\u00e9narios d'\u00e9clairage sur mesure.<\/li>\n\n\n\n<li>\u00c9clairage de cove avec des d\u00e9tails fins pour mettre en valeur les murs ou plafonds.<\/li>\n<\/ul>\n<\/div><\/div>\n\n\n\n<div class=\"wp-block-group\" style=\"padding-top:var(--wp--preset--spacing--80);padding-bottom:var(--wp--preset--spacing--80)\"><div class=\"wp-block-group__inner-container is-layout-constrained wp-block-group-is-layout-constrained\">\n<h2 class=\"wp-block-heading\" style=\"padding-top:var(--wp--preset--spacing--60);padding-bottom:var(--wp--preset--spacing--60);font-size:25px;font-style:normal;font-weight:600;text-transform:capitalize\">Produits associ\u00e9s<\/h2>\n\n\n\n<p>Explorez ces options pour compl\u00e9ter votre installation :<\/p>\n\n\n\n<ul class=\"wp-block-list\">\n<li><a href=\"https:\/\/tangooled.com\/fr\/product\/black-aluminum-u-channel-profile-for-10mm-led-strips\/\"><mark style=\"background-color:rgba(0, 0, 0, 0)\" class=\"has-inline-color has-vivid-red-color\">Profil\u00e9 canal en aluminium noir en U pour bandes LED de 10mm<\/mark><\/a><\/li>\n\n\n\n<li><a href=\"https:\/\/tangooled.com\/fr\/product\/18x9mm-led-tape-light-profile-for-surface-installation\/\"><mark style=\"background-color:rgba(0, 0, 0, 0)\" class=\"has-inline-color has-vivid-red-color\">profil de bande LED 18x9mm pour installation en surface<\/mark><\/a><\/li>\n\n\n\n<li><a href=\"https:\/\/tangooled.com\/fr\/product\/led-strip-light-channel-aluminum-profile-with-diffused-cover-6mm-height\/\"><mark style=\"background-color:rgba(0, 0, 0, 0)\" class=\"has-inline-color has-vivid-red-color\">Profil en aluminium pour bande LED avec couvercle diffusant de 6 mm de hauteur<\/mark><\/a><\/li>\n<\/ul>\n<\/div><\/div>\n\n\n\n<div class=\"wp-block-group has-background\" style=\"background-color:#f2f2f2f2;padding-top:var(--wp--preset--spacing--80);padding-bottom:var(--wp--preset--spacing--80)\"><div class=\"wp-block-group__inner-container is-layout-constrained wp-block-group-is-layout-constrained\">\n<h2 class=\"wp-block-heading\" style=\"font-size:25px;font-style:normal;font-weight:600\">R\u00e9sum\u00e9<\/h2>\n\n\n\n<p style=\"padding-right:var(--wp--preset--spacing--50);padding-left:var(--wp--preset--spacing--50)\">The mini\u00a0LED channel 8x9mm aluminum profile is a small but powerful lighting option made just for 5mm LED strips. It protects your LEDs while giving off smooth, dotless light thanks to its delicate design, sturdy aluminum structure, and great heat dissipation. This profile is great for any type of lighting you need, whether it&#8217;s under-cabinet lighting, closet lighting, or a custom furniture lighting solution. It combines style, longevity, and ease of use.<\/p>\n<\/div><\/div>\n\n\n\n<p><\/p>","protected":false},"featured_media":13351,"template":"","meta":{"_acf_changed":true,"_seopress_robots_primary_cat":"none","_seopress_titles_title":"Mini LED Channel 8x9mm For 5mm Slim Strips | TANGOOLED","_seopress_titles_desc":"Source the FP09 mini LED channel 8x9mm. This ultra-compact aluminum profile is specifically designed for 5mm slim strips in display cabinets and furniture.","_seopress_robots_index":""},"pcb-width":[228],"product-cat":[192],"class_list":{"0":"post-44705","1":"product","2":"type-product","3":"status-publish","4":"has-post-thumbnail","6":"pcb-width-6-12mm","7":"product-cat-surface-led-profile"},"acf":[],"_links":{"self":[{"href":"https:\/\/tangooled.com\/fr\/wp-json\/wp\/v2\/product\/44705","targetHints":{"allow":["GET"]}}],"collection":[{"href":"https:\/\/tangooled.com\/fr\/wp-json\/wp\/v2\/product"}],"about":[{"href":"https:\/\/tangooled.com\/fr\/wp-json\/wp\/v2\/types\/product"}],"wp:featuredmedia":[{"embeddable":true,"href":"https:\/\/tangooled.com\/fr\/wp-json\/wp\/v2\/media\/13351"}],"wp:attachment":[{"href":"https:\/\/tangooled.com\/fr\/wp-json\/wp\/v2\/media?parent=44705"}],"wp:term":[{"taxonomy":"pcb-width","embeddable":true,"href":"https:\/\/tangooled.com\/fr\/wp-json\/wp\/v2\/pcb-width?post=44705"},{"taxonomy":"product-cat","embeddable":true,"href":"https:\/\/tangooled.com\/fr\/wp-json\/wp\/v2\/product-cat?post=44705"}],"curies":[{"name":"wp","href":"https:\/\/api.w.org\/{rel}","templated":true}]}}