{"id":44702,"date":"2026-01-03T02:17:12","date_gmt":"2026-01-03T10:17:12","guid":{"rendered":"https:\/\/tangooled.com\/?post_type=product&#038;p=44702"},"modified":"2026-02-02T22:33:55","modified_gmt":"2026-02-03T06:33:55","slug":"aluminum-profile-with-60-degree-lens-led-diffuser","status":"publish","type":"product","link":"https:\/\/tangooled.com\/fr\/product\/aluminum-profile-with-60-degree-lens-led-diffuser\/","title":{"rendered":"profil en aluminium avec diffuseur \u00e0 lentille de 60 degr\u00e9s LED"},"content":{"rendered":"<div class=\"wp-block-group\" style=\"padding-top:var(--wp--preset--spacing--80);padding-bottom:var(--wp--preset--spacing--80)\"><div class=\"wp-block-group__inner-container is-layout-constrained wp-block-group-is-layout-constrained\">\n<p>Notre profil en aluminium avec diffuseur LED \u00e0 lentille de 60 degr\u00e9s est id\u00e9al pour rendre vos bandes LED esth\u00e9tiques et fonctionner de mani\u00e8re optimale. Il permet \u00e0 votre lumi\u00e8re de briller dans la zone appropri\u00e9e avec un faisceau cibl\u00e9 \u00e0 60 degr\u00e9s. Ce produit est robuste, s\u00fbr et facile \u00e0 utiliser sur les murs, les plafonds ou les meubles. Vous pouvez l'utiliser dans les maisons, les bureaux, les magasins et bien plus !<\/p>\n<\/div><\/div>\n\n\n\n<div class=\"wp-block-group has-background\" style=\"background-color:#f2f2f2f2;padding-top:var(--wp--preset--spacing--80);padding-bottom:var(--wp--preset--spacing--80)\"><div class=\"wp-block-group__inner-container is-layout-constrained wp-block-group-is-layout-constrained\">\n<div class=\"wp-block-group is-vertical is-layout-flex wp-container-core-group-is-layout-8cf370e7 wp-block-group-is-layout-flex\">\n<h2 class=\"wp-block-heading\" style=\"padding-top:var(--wp--preset--spacing--40);padding-bottom:var(--wp--preset--spacing--40);font-size:25px;font-style:normal;font-weight:600;text-transform:capitalize\">Pourquoi choisir notre diffuseur LED \u00e0 lentille de 60 degr\u00e9s ?<\/h2>\n\n\n\n<ul class=\"wp-block-list\">\n<li>Faisceau lumineux cibl\u00e9 : La lentille sp\u00e9ciale de 60 degr\u00e9s permet \u00e0 la lumi\u00e8re de briller avec une r\u00e9partition claire et uniforme. Plus de lumi\u00e8re dure ou in\u00e9gale.<\/li>\n\n\n\n<li>Corps en aluminium robuste : Fabriqu\u00e9 en aluminium 6063-T5 qui garde vos bandes LED au frais et en s\u00e9curit\u00e9.<\/li>\n\n\n\n<li>Diffuseurs clairs et doux : Choisissez entre des couvercles de diffuseurs d\u00e9poli ou clairs. Vous pouvez choisir une lumi\u00e8re douce ou claire en fonction de vos besoins.<\/li>\n\n\n\n<li>S'adapte \u00e0 de nombreuses bandes LED : Fonctionne avec des bandes LED jusqu'\u00e0 12 mm de large et de nombreux autres types.<\/li>\n\n\n\n<li>Facile \u00e0 monter : Peut \u00eatre install\u00e9 sur des murs, des plafonds ou des surfaces encastr\u00e9es.<\/li>\n\n\n\n<li>Prot\u00e8ge vos LED : Garde vos LED \u00e0 l'abri de la poussi\u00e8re et des dommages.<\/li>\n<\/ul>\n<\/div>\n<\/div><\/div>\n\n\n\n<div class=\"wp-block-group\" style=\"padding-top:var(--wp--preset--spacing--80);padding-bottom:var(--wp--preset--spacing--80)\"><div class=\"wp-block-group__inner-container is-layout-constrained wp-block-group-is-layout-constrained\">\n<div class=\"wp-block-media-text has-media-on-the-right is-stacked-on-mobile\" style=\"padding-top:0;padding-bottom:0;grid-template-columns:auto 40%\"><div class=\"wp-block-media-text__content\">\n<h2 class=\"wp-block-heading\" style=\"font-size:25px;font-style:normal;font-weight:600;text-transform:capitalize\">Comment utiliser ce profil LED \u00e0 lentille de 60 degr\u00e9s ?<\/h2>\n\n\n\n<ul class=\"wp-block-list\">\n<li>Utilisez une scie \u00e0 m\u00e9taux ou un d\u00e9coupeur de m\u00e9tal pour couper le canal en aluminium et le diffuseur \u00e0 la bonne longueur.<\/li>\n\n\n\n<li>Installez solidement la bande LED dans le canal, connectez les fils et v\u00e9rifiez la lumi\u00e8re pour vous assurer qu'elle fonctionne.<\/li>\n\n\n\n<li>Utilisez les clips de montage pour fixer le canal sur votre mur ou plafond.<\/li>\n\n\n\n<li>Terminez l'installation en clipsant le diffuseur et en mettant les capuchons.<\/li>\n<\/ul>\n<\/div><figure class=\"wp-block-media-text__media\"><img loading=\"lazy\" decoding=\"async\" width=\"500\" height=\"500\" src=\"https:\/\/tangooled.com\/wp-content\/uploads\/2026\/01\/fp08-ins.webp\" alt=\"aluminum profile with 60 degree lens led diffuser\" class=\"wp-image-44704 size-full\" srcset=\"https:\/\/tangooled.com\/wp-content\/uploads\/2026\/01\/fp08-ins.webp 500w, https:\/\/tangooled.com\/wp-content\/uploads\/2026\/01\/fp08-ins-300x300.webp 300w, https:\/\/tangooled.com\/wp-content\/uploads\/2026\/01\/fp08-ins-150x150.webp 150w\" sizes=\"auto, (max-width: 500px) 100vw, 500px\" \/><\/figure><\/div>\n<\/div><\/div>\n\n\n\n<div class=\"wp-block-group has-background\" style=\"background-color:#f2f2f2;padding-top:var(--wp--preset--spacing--80);padding-bottom:var(--wp--preset--spacing--80)\"><div class=\"wp-block-group__inner-container is-layout-constrained wp-block-group-is-layout-constrained\">\n<h2 class=\"wp-block-heading\" style=\"padding-top:var(--wp--preset--spacing--40);padding-bottom:var(--wp--preset--spacing--40);font-size:25px;font-style:normal;font-weight:600;text-transform:capitalize\">Solutions pour vos besoins d'\u00e9clairage<\/h2>\n\n\n\n<ul class=\"wp-block-list\">\n<li>L'\u00e9clairage d'accentuation peut \u00eatre utilis\u00e9 pour attirer l'attention sur des tables, des photographies ou des biblioth\u00e8ques.<\/li>\n\n\n\n<li>\u00c9clairage mural : Utilisez-le pour \u00e9clairer les murs uniform\u00e9ment sans les rendre trop lumineux.<\/li>\n\n\n\n<li>Plafonds : Utilisez un montage encastr\u00e9 pour un look \u00e9pur\u00e9.<\/li>\n\n\n\n<li>Utilisez dans des magasins, des lieux de travail et des vitrines pour un \u00e9clairage professionnel.<\/li>\n<\/ul>\n<\/div><\/div>\n\n\n\n<div class=\"wp-block-group\" style=\"padding-top:var(--wp--preset--spacing--80);padding-bottom:var(--wp--preset--spacing--80)\"><div class=\"wp-block-group__inner-container is-layout-constrained wp-block-group-is-layout-constrained\">\n<h2 class=\"wp-block-heading\" style=\"padding-top:var(--wp--preset--spacing--60);padding-bottom:var(--wp--preset--spacing--60);font-size:25px;font-style:normal;font-weight:600;text-transform:capitalize\">Qu'est-ce qui rend cet article exceptionnel ?<\/h2>\n\n\n\n<h3 class=\"wp-block-heading\" style=\"padding-top:var(--wp--preset--spacing--40);padding-bottom:var(--wp--preset--spacing--40);font-size:20px;font-style:normal;font-weight:600;text-transform:capitalize\">Lentille de 60 degr\u00e9s pour une meilleure lumi\u00e8re<\/h3>\n\n\n\n<p>The special 60 degree lens diffuser keeps the light beam bright but concentrated. It gives a wide and soft look, which is great for many uses \u2013 like showing off art on walls or lighting up shelves.<\/p>\n\n\n\n<h3 class=\"wp-block-heading\" style=\"font-size:20px;font-style:normal;font-weight:600;text-transform:capitalize\">Diff\u00e9rentes options de diffuseurs<\/h3>\n\n\n\n<ul class=\"wp-block-list\">\n<li>Diffuseur opale en PC mat : id\u00e9al pour \u00e9clairer une biblioth\u00e8que ou mettre en valeur des \u0153uvres d'art sur les murs.<\/li>\n\n\n\n<li>Diffuseur semi-transparent en PC : pour une lumi\u00e8re plus claire avec moins de r\u00e9flection.<\/li>\n\n\n\n<li>Lentille claire : id\u00e9ale pour des faisceaux lumineux nets et cibl\u00e9s.<\/li>\n<\/ul>\n<\/div><\/div>\n\n\n\n<div class=\"wp-block-group has-background\" style=\"background-color:#f2f2f2f2;padding-top:var(--wp--preset--spacing--80);padding-bottom:var(--wp--preset--spacing--80)\"><div class=\"wp-block-group__inner-container is-layout-constrained wp-block-group-is-layout-constrained\">\n<h2 class=\"wp-block-heading\" style=\"font-size:25px;font-style:normal;font-weight:600\">V\u00e9rifiez des produits similaires<\/h2>\n\n\n\n<ul class=\"wp-block-list\">\n<li>Pour des versions noires, voir <a href=\"https:\/\/tangooled.com\/fr\/product\/black-led-profile-with-black-diffuser-for-10mm-led-strip-light\/\"><mark style=\"background-color:rgba(0, 0, 0, 0)\" class=\"has-inline-color has-vivid-red-color\">Profil LED noir avec diffuseur noir<\/mark><\/a> pour des bandes plus petites<\/li>\n\n\n\n<li>Pour des bandes plus petites, essayez <a href=\"https:\/\/tangooled.com\/fr\/product\/led-strip-light-channel-aluminum-profile-with-diffused-cover-6mm-height\/\"><mark style=\"background-color:rgba(0, 0, 0, 0)\" class=\"has-inline-color has-vivid-red-color\">Canal de lumi\u00e8re LED en aluminium profil de 6 mm de hauteur<\/mark><\/a><\/li>\n\n\n\n<li>Pour des montages de surface avec des couvercles d\u00e9poli, v\u00e9rifiez<a href=\"https:\/\/tangooled.com\/fr\/product\/surface-mount-led-profile-with-frosted-diffuser-for-10mm-rope-lights\/\"><mark style=\"background-color:rgba(0, 0, 0, 0)\" class=\"has-inline-color has-vivid-red-color\"> Profil LED de montage de surface avec diffuseur d\u00e9poli<\/mark><\/a><\/li>\n<\/ul>\n<\/div><\/div>\n\n\n\n<div class=\"wp-block-group\" style=\"padding-top:var(--wp--preset--spacing--80);padding-bottom:var(--wp--preset--spacing--80)\"><div class=\"wp-block-group__inner-container is-layout-constrained wp-block-group-is-layout-constrained\">\n<h2 class=\"wp-block-heading\" style=\"padding-top:var(--wp--preset--spacing--40);padding-bottom:var(--wp--preset--spacing--40);font-size:25px;font-style:normal;font-weight:600\">R\u00e9sum\u00e9<\/h2>\n\n\n\n<p>Si vous souhaitez une lumi\u00e8re agr\u00e9able, puissante et cibl\u00e9e pour vos bandes LED, notre profil en aluminium avec un diffuseur LED \u00e0 lentille de 60 degr\u00e9s est la meilleure solution. Il garde les LED au frais, r\u00e9partit la lumi\u00e8re uniform\u00e9ment et peut \u00eatre utilis\u00e9 de plusieurs mani\u00e8res. Procurez-vous-le aujourd'hui pour que votre projet d'\u00e9clairage soit esth\u00e9tique et fonctionne bien !<\/p>\n<\/div><\/div>\n\n\n\n<p><\/p>","protected":false},"featured_media":14217,"template":"","meta":{"_acf_changed":true,"_seopress_robots_primary_cat":"none","_seopress_titles_title":"60 Degree Lens Diffuser LED Profile Aluminum Channel | TANGOOLED","_seopress_titles_desc":"Source the FP08 60 degree lens diffuser LED aluminum profile. Designed for focused wall washing and accent lighting with precision beam control.","_seopress_robots_index":""},"pcb-width":[228],"product-cat":[201],"class_list":{"0":"post-44702","1":"product","2":"type-product","3":"status-publish","4":"has-post-thumbnail","6":"pcb-width-6-12mm","7":"product-cat-optic-lens-profile"},"acf":[],"_links":{"self":[{"href":"https:\/\/tangooled.com\/fr\/wp-json\/wp\/v2\/product\/44702","targetHints":{"allow":["GET"]}}],"collection":[{"href":"https:\/\/tangooled.com\/fr\/wp-json\/wp\/v2\/product"}],"about":[{"href":"https:\/\/tangooled.com\/fr\/wp-json\/wp\/v2\/types\/product"}],"wp:featuredmedia":[{"embeddable":true,"href":"https:\/\/tangooled.com\/fr\/wp-json\/wp\/v2\/media\/14217"}],"wp:attachment":[{"href":"https:\/\/tangooled.com\/fr\/wp-json\/wp\/v2\/media?parent=44702"}],"wp:term":[{"taxonomy":"pcb-width","embeddable":true,"href":"https:\/\/tangooled.com\/fr\/wp-json\/wp\/v2\/pcb-width?post=44702"},{"taxonomy":"product-cat","embeddable":true,"href":"https:\/\/tangooled.com\/fr\/wp-json\/wp\/v2\/product-cat?post=44702"}],"curies":[{"name":"wp","href":"https:\/\/api.w.org\/{rel}","templated":true}]}}