{"id":44700,"date":"2026-01-03T02:13:17","date_gmt":"2026-01-03T10:13:17","guid":{"rendered":"https:\/\/tangooled.com\/?post_type=product&#038;p=44700"},"modified":"2026-01-21T02:14:32","modified_gmt":"2026-01-21T10:14:32","slug":"25x14m-surface-mounted-led-light-aluminum-profile","status":"publish","type":"product","link":"https:\/\/tangooled.com\/fr\/product\/25x14m-surface-mounted-led-light-aluminum-profile\/","title":{"rendered":"Profil\u00e9 en aluminium pour LED mont\u00e9 en surface de 25x14 m"},"content":{"rendered":"<div class=\"wp-block-group\" style=\"padding-top:var(--wp--preset--spacing--80);padding-bottom:var(--wp--preset--spacing--80)\"><div class=\"wp-block-group__inner-container is-layout-constrained wp-block-group-is-layout-constrained\">\n<p>Am\u00e9liorez vos projets d'\u00e9clairage avec ce profil\u00e9 LED mont\u00e9 en surface de 25x14 m, con\u00e7u sp\u00e9cifiquement pour des applications mont\u00e9es en surface propres. Son ext\u00e9rieur arrondi et nervur\u00e9 mesure 25,8 mm de large et 13,9 mm de haut, offrant un bo\u00eetier robuste mais \u00e9l\u00e9gant pour vos lumi\u00e8res. Le canal interne de 12,2 mm offre suffisamment d'espace pour que les bandes standard restent prot\u00e9g\u00e9es et au frais. L'installation est simple et s\u00e9curis\u00e9e gr\u00e2ce aux clips de montage d\u00e9di\u00e9s, vous permettant de fixer le profil directement aux plafonds ou aux murs pour une finition professionnelle. C'est le choix parfait pour obtenir un \u00e9clairage uniforme et sans points dans tout espace moderne.<\/p>\n<\/div><\/div>\n\n\n\n<div class=\"wp-block-group has-background\" style=\"background-color:#f2f2f2f2;padding-top:var(--wp--preset--spacing--80);padding-bottom:var(--wp--preset--spacing--80)\"><div class=\"wp-block-group__inner-container is-layout-constrained wp-block-group-is-layout-constrained\">\n<div class=\"wp-block-group is-vertical is-layout-flex wp-container-core-group-is-layout-8cf370e7 wp-block-group-is-layout-flex\">\n<h2 class=\"wp-block-heading\" style=\"padding-top:var(--wp--preset--spacing--40);padding-bottom:var(--wp--preset--spacing--40);font-size:25px;font-style:normal;font-weight:600;text-transform:capitalize\">Pourquoi choisir notre profil\u00e9 LED mont\u00e9 en surface de 25x14 m ?<\/h2>\n\n\n\n<ul class=\"wp-block-list\">\n<li>Fabriqu\u00e9 en aluminium de haute qualit\u00e9 6063-T5. Cela le rend solide et aide \u00e0 dissiper la chaleur des bandes LED.<\/li>\n\n\n\n<li>Livr\u00e9 avec un diffuseur d\u00e9poli \u00e0 enclencher pour adoucir la lumi\u00e8re, la rendre homog\u00e8ne et sans points.<\/li>\n\n\n\n<li>Montage en surface facile avec des clips et des capuchons pour une finition propre.<\/li>\n\n\n\n<li>Durable et \u00e9l\u00e9gant : La finition anodis\u00e9e emp\u00eache la rouille et a un aspect moderne en argent, noir ou blanc.<\/li>\n\n\n\n<li>Prot\u00e9gez vos LED : Garde les bandes en s\u00e9curit\u00e9 contre la salet\u00e9, la poussi\u00e8re et les chocs.<\/li>\n\n\n\n<li>Perfect for different uses \u2014 from kitchens to shops, offices, and furniture.<\/li>\n<\/ul>\n<\/div>\n<\/div><\/div>\n\n\n\n<div class=\"wp-block-group\" style=\"padding-top:var(--wp--preset--spacing--80);padding-bottom:var(--wp--preset--spacing--80)\"><div class=\"wp-block-group__inner-container is-layout-constrained wp-block-group-is-layout-constrained\">\n<div class=\"wp-block-media-text has-media-on-the-right is-stacked-on-mobile\" style=\"padding-top:0;padding-bottom:0;grid-template-columns:auto 40%\"><div class=\"wp-block-media-text__content\">\n<h2 class=\"wp-block-heading\" style=\"font-size:25px;font-style:normal;font-weight:600;text-transform:capitalize\">Installation simple en 4 \u00e9tapes<\/h2>\n\n\n\n<ul class=\"wp-block-list\">\n<li>Fixez les clips \u00e0 votre mur ou surface avec des vis.<\/li>\n\n\n\n<li>Ins\u00e9rez votre bande LED \u00e0 l'int\u00e9rieur du canal en aluminium.<\/li>\n\n\n\n<li>Embo\u00eetez le profil dans les clips.<\/li>\n\n\n\n<li>Placez le diffuseur en l'enclenchant sur le dessus pour une lumi\u00e8re brillante et homog\u00e8ne.<\/li>\n<\/ul>\n<\/div><figure class=\"wp-block-media-text__media\"><img loading=\"lazy\" decoding=\"async\" width=\"500\" height=\"500\" src=\"https:\/\/tangooled.com\/wp-content\/uploads\/2026\/01\/fp07-ins.webp\" alt=\"Profil\u00e9 en aluminium pour LED mont\u00e9 en surface de 25x14 m\" class=\"wp-image-44701 size-full\" srcset=\"https:\/\/tangooled.com\/wp-content\/uploads\/2026\/01\/fp07-ins.webp 500w, https:\/\/tangooled.com\/wp-content\/uploads\/2026\/01\/fp07-ins-300x300.webp 300w, https:\/\/tangooled.com\/wp-content\/uploads\/2026\/01\/fp07-ins-150x150.webp 150w\" sizes=\"auto, (max-width: 500px) 100vw, 500px\" \/><\/figure><\/div>\n<\/div><\/div>\n\n\n\n<div class=\"wp-block-group has-background\" style=\"background-color:#f2f2f2;padding-top:var(--wp--preset--spacing--80);padding-bottom:var(--wp--preset--spacing--80)\"><div class=\"wp-block-group__inner-container is-layout-constrained wp-block-group-is-layout-constrained\">\n<h2 class=\"wp-block-heading\" style=\"padding-top:var(--wp--preset--spacing--40);padding-bottom:var(--wp--preset--spacing--40);font-size:25px;font-style:normal;font-weight:600;text-transform:capitalize\">O\u00f9 pouvez-vous utiliser ce profil\u00e9 LED mont\u00e9 en surface de 25x14 m ?<\/h2>\n\n\n\n<p>Voici quelques id\u00e9es qui montrent comment il fonctionne bien :<\/p>\n\n\n\n<ul class=\"wp-block-list\">\n<li>\u00c9clairage sous les placards : Donne une lumi\u00e8re claire et vive pour les plans de travail ou les surfaces de travail de cuisine.<\/li>\n\n\n\n<li>\u00c9clairage de corniche au plafond : Utilisez-le le long des bords pour cr\u00e9er une douce lueur dans les salons ou les bureaux.<\/li>\n\n\n\n<li>Pr\u00e9sentations en magasin : Illuminez les \u00e9tag\u00e8res ou les produits avec des lignes de lumi\u00e8re parfaites.<\/li>\n\n\n\n<li>\u00c9clairage de bureau : Lumi\u00e8re vive et cibl\u00e9e au-dessus des bureaux ou dans les couloirs.<\/li>\n\n\n\n<li>Cadres de lit et meubles : Int\u00e9grez-le dans des armoires, \u00e9tag\u00e8res ou placards pour un \u00e9clairage soign\u00e9.<\/li>\n\n\n\n<li>Accent architecturaux : Mettez en valeur les murs, les coins ou les niches avec de belles bandes lumineuses.<\/li>\n<\/ul>\n<\/div><\/div>\n\n\n\n<div class=\"wp-block-group\" style=\"padding-top:var(--wp--preset--spacing--80);padding-bottom:var(--wp--preset--spacing--80)\"><div class=\"wp-block-group__inner-container is-layout-constrained wp-block-group-is-layout-constrained\">\n<h2 class=\"wp-block-heading\" style=\"padding-top:var(--wp--preset--spacing--40);padding-bottom:var(--wp--preset--spacing--40);font-size:25px;font-style:normal;font-weight:600;text-transform:capitalize\">Produits connexes \u00e0 v\u00e9rifier<\/h2>\n\n\n\n<ul class=\"wp-block-list\">\n<li><a href=\"https:\/\/tangooled.com\/fr\/product\/black-led-profile-with-black-diffuser-for-10mm-led-strip-light\/\"><mark style=\"background-color:rgba(0, 0, 0, 0)\" class=\"has-inline-color has-vivid-red-color\">Profil LED noir avec diffuseur noir pour bande LED de 10 mm<\/mark><\/a> &#8211; A sleek choice for slim strips. <\/li>\n\n\n\n<li><a href=\"https:\/\/tangooled.com\/fr\/product\/led-strip-light-channel-aluminum-profile-with-diffused-cover-6mm-height\/\"><mark style=\"background-color:rgba(0, 0, 0, 0)\" class=\"has-inline-color has-vivid-red-color\">Profil en aluminium pour bande LED avec couvercle diffusant de 6 mm de hauteur<\/mark><\/a> \u2013 Another profile for tight spaces.<\/li>\n\n\n\n<li><a href=\"https:\/\/tangooled.com\/fr\/product\/25x6mm-low-profile-led-strip-channel-for-10mm-led-strip-light\/\"><mark style=\"background-color:rgba(0, 0, 0, 0)\" class=\"has-inline-color has-vivid-red-color\">Ch\u00e2ssis de bande LED \u00e0 profil bas 25x6mm pour bande LED de 10mm<\/mark><\/a> \u2013 Slim, perfect for narrow spots.<\/li>\n<\/ul>\n\n\n\n<p>Bring your LED lighting to life with our reliable 25x14m surface mounted LED profile! It\u2019s the easy, smart way to make LED strip lighting look professional and work better.<\/p>\n<\/div><\/div>\n\n\n\n<p><\/p>","protected":false},"featured_media":13333,"template":"","meta":{"_acf_changed":true,"_seopress_robots_primary_cat":"none","_seopress_titles_title":"Aluminum 25x14mm Surface Mounted LED Profile | TANGOOLED","_seopress_titles_desc":"Source the FP07 25x14mm surface mounted LED profile. This large aluminum channel is perfect for wide strips, providing superior heat dissipation and dot-free lighting.","_seopress_robots_index":""},"pcb-width":[228],"product-cat":[192],"class_list":{"0":"post-44700","1":"product","2":"type-product","3":"status-publish","4":"has-post-thumbnail","6":"pcb-width-6-12mm","7":"product-cat-surface-led-profile"},"acf":[],"_links":{"self":[{"href":"https:\/\/tangooled.com\/fr\/wp-json\/wp\/v2\/product\/44700","targetHints":{"allow":["GET"]}}],"collection":[{"href":"https:\/\/tangooled.com\/fr\/wp-json\/wp\/v2\/product"}],"about":[{"href":"https:\/\/tangooled.com\/fr\/wp-json\/wp\/v2\/types\/product"}],"wp:featuredmedia":[{"embeddable":true,"href":"https:\/\/tangooled.com\/fr\/wp-json\/wp\/v2\/media\/13333"}],"wp:attachment":[{"href":"https:\/\/tangooled.com\/fr\/wp-json\/wp\/v2\/media?parent=44700"}],"wp:term":[{"taxonomy":"pcb-width","embeddable":true,"href":"https:\/\/tangooled.com\/fr\/wp-json\/wp\/v2\/pcb-width?post=44700"},{"taxonomy":"product-cat","embeddable":true,"href":"https:\/\/tangooled.com\/fr\/wp-json\/wp\/v2\/product-cat?post=44700"}],"curies":[{"name":"wp","href":"https:\/\/api.w.org\/{rel}","templated":true}]}}