{"id":44697,"date":"2026-01-03T02:02:47","date_gmt":"2026-01-03T10:02:47","guid":{"rendered":"https:\/\/tangooled.com\/?post_type=product&#038;p=44697"},"modified":"2026-01-29T17:53:46","modified_gmt":"2026-01-30T01:53:46","slug":"18x9mm-led-tape-light-profile-for-surface-installation","status":"publish","type":"product","link":"https:\/\/tangooled.com\/fr\/product\/18x9mm-led-tape-light-profile-for-surface-installation\/","title":{"rendered":"profil de bande LED 18x9mm pour installation en surface"},"content":{"rendered":"<div class=\"wp-block-group\" style=\"padding-top:var(--wp--preset--spacing--80);padding-bottom:var(--wp--preset--spacing--80)\"><div class=\"wp-block-group__inner-container is-layout-constrained wp-block-group-is-layout-constrained\">\n<p>This 18x9mm LED tape light profile is built particularly for surface mounting, so it&#8217;s easy to light up your space. Made of high-quality 6063-T5 anodized aluminum, it has a base width of 18.6mm and a slim&nbsp;height of 9mm, making it a stylish accent to any flat surface. The 12.2mm inner width is just right for standard LED strips, which keeps them cool, clean, and safe. The mounting clip system is straightforward to use, so installation is quick and safe. It&#8217;s the ideal option for professionals to make smooth, pretty lighting in kitchens, offices, or store displays.<\/p>\n<\/div><\/div>\n\n\n\n<div class=\"wp-block-group has-background\" style=\"background-color:#f2f2f2f2;padding-top:var(--wp--preset--spacing--80);padding-bottom:var(--wp--preset--spacing--80)\"><div class=\"wp-block-group__inner-container is-layout-constrained wp-block-group-is-layout-constrained\">\n<div class=\"wp-block-group is-vertical is-layout-flex wp-container-core-group-is-layout-8cf370e7 wp-block-group-is-layout-flex\">\n<h2 class=\"wp-block-heading\" style=\"padding-top:var(--wp--preset--spacing--40);padding-bottom:var(--wp--preset--spacing--40);font-size:25px;font-style:normal;font-weight:600;text-transform:capitalize\">Pourquoi choisir notre profil\u00e9 LED 18x9 mm ?<\/h2>\n\n\n\n<ul class=\"wp-block-list\">\n<li>Diffusion de lumi\u00e8re parfaite : Le diffuseur opale d\u00e9poli fournit une lumi\u00e8re douce et uniforme, cachant les points lumineux LED pour un aspect professionnel.<\/li>\n\n\n\n<li>Strong Heat Dissipation: This profile is made of aluminum and functions as a heatsink, drawing heat away from your LED lights so they don&#8217;t fade or change color.<\/li>\n\n\n\n<li>Protection durable : Prot\u00e8ge votre bande LED de l'humidit\u00e9, de la poussi\u00e8re et des dommages.<\/li>\n\n\n\n<li>Design moderne et slim : Le corps 18x9 mm a un profil bas, ce qui lui permet de s'int\u00e9grer dans les murs, plafonds ou meubles et de dissimuler tout le mat\u00e9riel pour un aspect \u00e9pur\u00e9.<\/li>\n\n\n\n<li>Facile \u00e0 installer sur n'importe quelle surface : Utilisez les clips de montage fournis pour fixer le profil\u00e9 \u00e0 n'importe quelle surface. Il suffit de le clipsser en place et d'ajouter votre bande LED.<\/li>\n<\/ul>\n<\/div>\n<\/div><\/div>\n\n\n\n<div class=\"wp-block-group\" style=\"padding-top:var(--wp--preset--spacing--80);padding-bottom:var(--wp--preset--spacing--80)\"><div class=\"wp-block-group__inner-container is-layout-constrained wp-block-group-is-layout-constrained\">\n<div class=\"wp-block-media-text has-media-on-the-right is-stacked-on-mobile\" style=\"padding-top:0;padding-bottom:0;grid-template-columns:auto 40%\"><div class=\"wp-block-media-text__content\">\n<h2 class=\"wp-block-heading\" style=\"font-size:25px;font-style:normal;font-weight:600;text-transform:capitalize\">Quatre \u00e9tapes simples pour l'installation<\/h2>\n\n\n\n<ul class=\"wp-block-list\">\n<li>Fixez les clips de montage \u00e0 votre surface \u00e0 l'aide de vis.<\/li>\n\n\n\n<li>Mettez le canal en aluminium dans les clips.<\/li>\n\n\n\n<li>Placez votre bande LED dans le canal.<\/li>\n\n\n\n<li>Pour une finition soign\u00e9e, clipsez le couvercle du diffuseur et fixez les embouts.<\/li>\n<\/ul>\n<\/div><figure class=\"wp-block-media-text__media\"><img loading=\"lazy\" decoding=\"async\" width=\"500\" height=\"500\" src=\"https:\/\/tangooled.com\/wp-content\/uploads\/2026\/01\/fp06-ins.webp\" alt=\"18x9mm led tape light profile for surface installation\" class=\"wp-image-44698 size-full\" srcset=\"https:\/\/tangooled.com\/wp-content\/uploads\/2026\/01\/fp06-ins.webp 500w, https:\/\/tangooled.com\/wp-content\/uploads\/2026\/01\/fp06-ins-300x300.webp 300w, https:\/\/tangooled.com\/wp-content\/uploads\/2026\/01\/fp06-ins-150x150.webp 150w\" sizes=\"auto, (max-width: 500px) 100vw, 500px\" \/><\/figure><\/div>\n<\/div><\/div>\n\n\n\n<div class=\"wp-block-group has-background\" style=\"background-color:#f2f2f2;padding-top:var(--wp--preset--spacing--80);padding-bottom:var(--wp--preset--spacing--80)\"><div class=\"wp-block-group__inner-container is-layout-constrained wp-block-group-is-layout-constrained\">\n<h2 class=\"wp-block-heading\" style=\"padding-top:var(--wp--preset--spacing--40);padding-bottom:var(--wp--preset--spacing--40);font-size:25px;font-style:normal;font-weight:600;text-transform:capitalize\">O\u00f9 placer le profil\u00e9 LED 18x9 mm<\/h2>\n\n\n\n<p>Cette extrusion de bande LED est id\u00e9ale pour les maisons et les entreprises. Elle peut \u00eatre utilis\u00e9e pour :&nbsp;<\/p>\n\n\n\n<ul class=\"wp-block-list\">\n<li>\u00c9clairage de t\u00e2ches sous les meubles et plans de travail dans les cuisines et ateliers<\/li>\n\n\n\n<li>\u00c9clairage indirect dans les salons et les couloirs<\/li>\n\n\n\n<li>\u00c9clairage \u00e9l\u00e9gant et s\u00fbr pour les escaliers et les couloirs&nbsp;<\/li>\n\n\n\n<li>\u00c9clairage \u00e9l\u00e9gant et s\u00fbr pour les placards, garde-robes et biblioth\u00e8ques<br><\/li>\n<\/ul>\n<\/div><\/div>\n\n\n\n<div class=\"wp-block-group\" style=\"padding-top:var(--wp--preset--spacing--80);padding-bottom:var(--wp--preset--spacing--80)\"><div class=\"wp-block-group__inner-container is-layout-constrained wp-block-group-is-layout-constrained\">\n<h2 class=\"wp-block-heading\" style=\"padding-top:var(--wp--preset--spacing--40);padding-bottom:var(--wp--preset--spacing--40);font-size:25px;font-style:normal;font-weight:600;text-transform:capitalize\">Produits associ\u00e9s qui pourraient vous int\u00e9resser<\/h2>\n\n\n\n<ul class=\"wp-block-list\">\n<li>Profil\u00e9 LED noir avec diffuseur noir pour bande LED de 10 mm : <a href=\"https:\/\/tangooled.com\/fr\/product\/black-led-profile-with-black-diffuser-for-10mm-led-strip-light\/\"><mark style=\"background-color:rgba(0, 0, 0, 0)\" class=\"has-inline-color has-vivid-red-color\">Explorez ici<\/mark><\/a><\/li>\n\n\n\n<li>Canal en aluminium noir avec diffuseur noir pour lumi\u00e8res LED de 12 mm :<a href=\"https:\/\/tangooled.com\/fr\/product\/black-led-diffuser-aluminum-channel-for-12mm-tape-lights\/\"> <mark style=\"background-color:rgba(0, 0, 0, 0)\" class=\"has-inline-color has-vivid-red-color\">D\u00e9couvrez ceci<\/mark><\/a><\/li>\n\n\n\n<li>Profil\u00e9 LED mont\u00e9 en surface avec diffuseur d\u00e9poli pour lumi\u00e8res de 10 mm : <a href=\"https:\/\/tangooled.com\/fr\/product\/surface-mount-led-profile-with-frosted-diffuser-for-10mm-rope-lights\/\"><mark style=\"background-color:rgba(0, 0, 0, 0)\" class=\"has-inline-color has-vivid-red-color\">Voir le produit<\/mark><\/a><\/li>\n<\/ul>\n<\/div><\/div>\n\n\n\n<div class=\"wp-block-group has-background\" style=\"background-color:#f2f2f2f2;padding-top:var(--wp--preset--spacing--80);padding-bottom:var(--wp--preset--spacing--80)\"><div class=\"wp-block-group__inner-container is-layout-constrained wp-block-group-is-layout-constrained\">\n<p style=\"padding-right:var(--wp--preset--spacing--50);padding-left:var(--wp--preset--spacing--50)\">Si vous souhaitez un canal de bande LED professionnel, facile \u00e0 installer, qui garde votre bande LED cool, propre et lumineuse, avec un design discret, c'est le meilleur choix. Il s'adapte \u00e0 diverses bandes LED et applications sans bo\u00eetier encombrant ni montage compliqu\u00e9.<br>Faites confiance \u00e0 notre profil\u00e9 LED 18x9 mm pour montage en surface pour simplifier, rendre intelligent et \u00e9blouissant vos projets d'\u00e9clairage.<\/p>\n<\/div><\/div>\n\n\n\n<p><\/p>","protected":false},"featured_media":13307,"template":"","meta":{"_acf_changed":true,"_seopress_robots_primary_cat":"none","_seopress_titles_title":"Aluminum 18x9mm LED Tape Light Profile Surface Mount | TANGOOLED","_seopress_titles_desc":"Source FP06 18x9mm LED tape light profile. This sleek aluminum channel is ideal for surface installation, providing professional heat dissipation and a clean finish.","_seopress_robots_index":""},"pcb-width":[228],"product-cat":[192],"class_list":{"0":"post-44697","1":"product","2":"type-product","3":"status-publish","4":"has-post-thumbnail","6":"pcb-width-6-12mm","7":"product-cat-surface-led-profile"},"acf":[],"_links":{"self":[{"href":"https:\/\/tangooled.com\/fr\/wp-json\/wp\/v2\/product\/44697","targetHints":{"allow":["GET"]}}],"collection":[{"href":"https:\/\/tangooled.com\/fr\/wp-json\/wp\/v2\/product"}],"about":[{"href":"https:\/\/tangooled.com\/fr\/wp-json\/wp\/v2\/types\/product"}],"wp:featuredmedia":[{"embeddable":true,"href":"https:\/\/tangooled.com\/fr\/wp-json\/wp\/v2\/media\/13307"}],"wp:attachment":[{"href":"https:\/\/tangooled.com\/fr\/wp-json\/wp\/v2\/media?parent=44697"}],"wp:term":[{"taxonomy":"pcb-width","embeddable":true,"href":"https:\/\/tangooled.com\/fr\/wp-json\/wp\/v2\/pcb-width?post=44697"},{"taxonomy":"product-cat","embeddable":true,"href":"https:\/\/tangooled.com\/fr\/wp-json\/wp\/v2\/product-cat?post=44697"}],"curies":[{"name":"wp","href":"https:\/\/api.w.org\/{rel}","templated":true}]}}