{"id":44692,"date":"2026-01-03T02:00:39","date_gmt":"2026-01-03T10:00:39","guid":{"rendered":"https:\/\/tangooled.com\/?post_type=product&#038;p=44692"},"modified":"2026-01-29T17:50:45","modified_gmt":"2026-01-30T01:50:45","slug":"25x6mm-low-profile-led-strip-channel-for-10mm-led-strip-light","status":"publish","type":"product","link":"https:\/\/tangooled.com\/fr\/product\/25x6mm-low-profile-led-strip-channel-for-10mm-led-strip-light\/","title":{"rendered":"Canal LED au profil bas de 25x6 mm pour bande LED de 10 mm"},"content":{"rendered":"<div class=\"wp-block-group\" style=\"padding-top:var(--wp--preset--spacing--80);padding-bottom:var(--wp--preset--spacing--80)\"><div class=\"wp-block-group__inner-container is-layout-constrained wp-block-group-is-layout-constrained\">\n<p>Vos lumi\u00e8res auront l'air propres et professionnelles avec le canal LED au profil bas de 25x6mm. Cette extrusion en aluminium fin est compos\u00e9e d'aluminium anodis\u00e9, qui est un dissipateur de chaleur robuste qui garde vos bandes LED au frais et prolonge leur dur\u00e9e de vie. Le canal est de la bonne taille pour de petits espaces comme les \u00e9tag\u00e8res et les armoires de cuisine. Il peut accueillir des bandes LED d'une largeur allant jusqu'\u00e0 10 mm, comme SMD 5050, 2835 et COB. Il prot\u00e8ge les bandes, cache le c\u00e2blage et dispose d'un diffuseur opale qui r\u00e9partit la lumi\u00e8re uniform\u00e9ment, donnant un aspect lisse et professionnel. Cette extrusion LED \u00e0 montage en surface est livr\u00e9e avec un couvercle diffuseur, des clips de montage et des capuchons d'extr\u00e9mit\u00e9 pour une installation facile et un aspect professionnel rapide.<\/p>\n<\/div><\/div>\n\n\n\n<div class=\"wp-block-group has-background\" style=\"background-color:#f2f2f2f2;padding-top:var(--wp--preset--spacing--80);padding-bottom:var(--wp--preset--spacing--80)\"><div class=\"wp-block-group__inner-container is-layout-constrained wp-block-group-is-layout-constrained\">\n<div class=\"wp-block-group is-vertical is-layout-flex wp-container-core-group-is-layout-8cf370e7 wp-block-group-is-layout-flex\">\n<h2 class=\"wp-block-heading\" style=\"padding-top:var(--wp--preset--spacing--40);padding-bottom:var(--wp--preset--spacing--40);font-size:25px;font-style:normal;font-weight:600;text-transform:capitalize\">Caract\u00e9ristiques cl\u00e9s<\/h2>\n\n\n\n<ul class=\"wp-block-list\">\n<li>Design tr\u00e8s fin : Il mesure seulement 25 mm de large et 6 mm de haut, il peut donc s'adapter aux petits espaces.<\/li>\n\n\n\n<li>Fonctionne avec des bandes LED de 10 mm, comme les 5050, 2835 et le ruban Philips Hue.<\/li>\n\n\n\n<li>Dispose d'un dissipateur de chaleur en aluminium pour \u00e9viter que les LED ne deviennent trop chaudes.&nbsp;<\/li>\n\n\n\n<li>Comporte un diffuseur opale pour fournir une ligne lumineuse lisse sans \u00e9blouissement.<\/li>\n\n\n\n<li>Livr\u00e9 avec des clips, des couvercles diffuseurs, et des capuchons d'extr\u00e9mit\u00e9 pour une installation facile.<\/li>\n<\/ul>\n<\/div>\n<\/div><\/div>\n\n\n\n<div class=\"wp-block-group\" style=\"padding-top:var(--wp--preset--spacing--80);padding-bottom:var(--wp--preset--spacing--80)\"><div class=\"wp-block-group__inner-container is-layout-constrained wp-block-group-is-layout-constrained\">\n<div class=\"wp-block-media-text has-media-on-the-right is-stacked-on-mobile\" style=\"padding-top:0;padding-bottom:0;grid-template-columns:auto 40%\"><div class=\"wp-block-media-text__content\">\n<h2 class=\"wp-block-heading\" style=\"font-size:25px;font-style:normal;font-weight:600;text-transform:capitalize\">Comment l'utiliser<\/h2>\n\n\n\n<ul class=\"wp-block-list\">\n<li>Mettez les clips de montage en m\u00e9tal sur la surface.<\/li>\n\n\n\n<li>Ins\u00e9rez le canal en aluminium dans les clips.<\/li>\n\n\n\n<li>Placez votre bande LED de 10 mm \u00e0 l'int\u00e9rieur du canal.<\/li>\n\n\n\n<li>Clipsiez le couvercle diffuseur opale.<\/li>\n\n\n\n<li>Utilisez des capuchons d'extr\u00e9mit\u00e9 pour terminer les bords et donner un aspect soign\u00e9.<\/li>\n<\/ul>\n<\/div><figure class=\"wp-block-media-text__media\"><img loading=\"lazy\" decoding=\"async\" width=\"500\" height=\"500\" src=\"https:\/\/tangooled.com\/wp-content\/uploads\/2026\/01\/fp05-ins.webp\" alt=\"Chanel LED de profil bas 25x6mm pour lumi\u00e8re LED de 10mm\" class=\"wp-image-44693 size-full\" srcset=\"https:\/\/tangooled.com\/wp-content\/uploads\/2026\/01\/fp05-ins.webp 500w, https:\/\/tangooled.com\/wp-content\/uploads\/2026\/01\/fp05-ins-300x300.webp 300w, https:\/\/tangooled.com\/wp-content\/uploads\/2026\/01\/fp05-ins-150x150.webp 150w\" sizes=\"auto, (max-width: 500px) 100vw, 500px\" \/><\/figure><\/div>\n<\/div><\/div>\n\n\n\n<div class=\"wp-block-group has-background\" style=\"background-color:#f2f2f2;padding-top:var(--wp--preset--spacing--80);padding-bottom:var(--wp--preset--spacing--80)\"><div class=\"wp-block-group__inner-container is-layout-constrained wp-block-group-is-layout-constrained\">\n<h2 class=\"wp-block-heading\" style=\"padding-top:var(--wp--preset--spacing--40);padding-bottom:var(--wp--preset--spacing--40);font-size:25px;font-style:normal;font-weight:600;text-transform:capitalize\">Qu'est-ce qui est inclus dans votre kit ?<\/h2>\n\n\n\n<ul class=\"wp-block-list\">\n<li>Une pi\u00e8ce de canaux en aluminium au profil bas&nbsp;<\/li>\n\n\n\n<li>Une pi\u00e8ce de couvercles diffuseurs opales<\/li>\n\n\n\n<li>Deux clips de montage en m\u00e9tal&nbsp;<\/li>\n\n\n\n<li>Deux capuchons d'extr\u00e9mit\u00e9 (un avec un trou et un solide)<\/li>\n<\/ul>\n\n\n\n<p>Ce kit tout-en-un contient tout ce dont vous avez besoin pour une installation rapide et pour obtenir une finition lisse sans pi\u00e8ces suppl\u00e9mentaires.<\/p>\n<\/div><\/div>\n\n\n\n<div class=\"wp-block-group\" style=\"padding-top:var(--wp--preset--spacing--80);padding-bottom:var(--wp--preset--spacing--80)\"><div class=\"wp-block-group__inner-container is-layout-constrained wp-block-group-is-layout-constrained\">\n<h2 class=\"wp-block-heading\" style=\"padding-top:var(--wp--preset--spacing--40);padding-bottom:var(--wp--preset--spacing--40);font-size:25px;font-style:normal;font-weight:600;text-transform:capitalize\">Id\u00e9es d'installation pour votre projet<\/h2>\n\n\n\n<p>Notre canal de bande LED au profil bas fonctionne bien dans de nombreux endroits :<\/p>\n\n\n\n<ul class=\"wp-block-list\">\n<li>Sous les armoires de cuisine : \u00c9met une lumi\u00e8re continue et forte pour la cuisine.<\/li>\n\n\n\n<li>Dans les placards et penderies : Une lumi\u00e8re facile \u00e0 atteindre et \u00e0 nettoyer pour les endroits difficiles d'acc\u00e8s.<\/li>\n\n\n\n<li>Vitrines et \u00e9tag\u00e8res : Id\u00e9al pour illuminer les magasins ou les maisons.<\/li>\n\n\n\n<li>\u00c9clairage en corniche et architectural : rend les plafonds et les murs modernes.<\/li>\n<\/ul>\n<\/div><\/div>\n\n\n\n<div class=\"wp-block-group has-background\" style=\"background-color:#f2f2f2f2;padding-top:var(--wp--preset--spacing--80);padding-bottom:var(--wp--preset--spacing--80)\"><div class=\"wp-block-group__inner-container is-layout-constrained wp-block-group-is-layout-constrained\">\n<h2 class=\"wp-block-heading\" style=\"font-size:25px;font-style:normal;font-weight:600\">Produits associ\u00e9s qui pourraient vous int\u00e9resser<\/h2>\n\n\n\n<ul class=\"wp-block-list\">\n<li>Pour un look plus sombre, consultez notre <a href=\"https:\/\/tangooled.com\/fr\/product\/black-led-profile-with-black-diffuser-for-10mm-led-strip-light\/\"><mark style=\"background-color:rgba(0, 0, 0, 0)\" class=\"has-inline-color has-vivid-red-color\">profil LED noir avec diffuseur noir pour bande lumineuse LED de 10 mm<\/mark><\/a>.<\/li>\n\n\n\n<li>Besoin d'un canal pour des bandes plus larges ? Voir <a href=\"https:\/\/tangooled.com\/fr\/product\/black-led-diffuser-aluminum-channel-for-12mm-tape-lights\/\"><mark style=\"background-color:rgba(0, 0, 0, 0)\" class=\"has-inline-color has-vivid-red-color\">canal en aluminium diffuseur LED noir pour lumi\u00e8res \u00e0 bande de 12 mm<\/mark><\/a>.<\/li>\n\n\n\n<li>Essayez notre <a href=\"https:\/\/tangooled.com\/fr\/product\/surface-mount-led-profile-with-frosted-diffuser-for-10mm-rope-lights\/\"><mark style=\"background-color:rgba(0, 0, 0, 0)\" class=\"has-inline-color has-vivid-red-color\">profil LED \u00e0 monter en surface avec diffuseur d\u00e9poli pour \u00e9clairage \u00e0 corde de 10 mm <\/mark><\/a>pour un style et une taille similaires<\/li>\n<\/ul>\n<\/div><\/div>\n\n\n\n<p><\/p>","protected":false},"featured_media":13304,"template":"","meta":{"_acf_changed":true,"_seopress_robots_primary_cat":"none","_seopress_titles_title":"25x6mm Aluminum Low Profile LED Channel for 10mm Strips | TANGOOLED","_seopress_titles_desc":"The FP05 is a 25x6mm low profile LED channel designed for 10mm LED strips. Its ultra-slim aluminum design is perfect for surface-mounted lighting with a minimalist look.","_seopress_robots_index":""},"pcb-width":[228],"product-cat":[192],"class_list":{"0":"post-44692","1":"product","2":"type-product","3":"status-publish","4":"has-post-thumbnail","6":"pcb-width-6-12mm","7":"product-cat-surface-led-profile"},"acf":[],"_links":{"self":[{"href":"https:\/\/tangooled.com\/fr\/wp-json\/wp\/v2\/product\/44692","targetHints":{"allow":["GET"]}}],"collection":[{"href":"https:\/\/tangooled.com\/fr\/wp-json\/wp\/v2\/product"}],"about":[{"href":"https:\/\/tangooled.com\/fr\/wp-json\/wp\/v2\/types\/product"}],"wp:featuredmedia":[{"embeddable":true,"href":"https:\/\/tangooled.com\/fr\/wp-json\/wp\/v2\/media\/13304"}],"wp:attachment":[{"href":"https:\/\/tangooled.com\/fr\/wp-json\/wp\/v2\/media?parent=44692"}],"wp:term":[{"taxonomy":"pcb-width","embeddable":true,"href":"https:\/\/tangooled.com\/fr\/wp-json\/wp\/v2\/pcb-width?post=44692"},{"taxonomy":"product-cat","embeddable":true,"href":"https:\/\/tangooled.com\/fr\/wp-json\/wp\/v2\/product-cat?post=44692"}],"curies":[{"name":"wp","href":"https:\/\/api.w.org\/{rel}","templated":true}]}}