{"id":44689,"date":"2026-01-03T01:56:11","date_gmt":"2026-01-03T09:56:11","guid":{"rendered":"https:\/\/tangooled.com\/?post_type=product&#038;p=44689"},"modified":"2026-01-29T17:46:02","modified_gmt":"2026-01-30T01:46:02","slug":"led-light-diffuser-channel-aluminum-15x12mm-for-10mm-led-strips","status":"publish","type":"product","link":"https:\/\/tangooled.com\/fr\/product\/led-light-diffuser-channel-aluminum-15x12mm-for-10mm-led-strips\/","title":{"rendered":"canal diffuseur de lumi\u00e8re LED en aluminium 15x12mm pour bandes LED de 10mm"},"content":{"rendered":"<div class=\"wp-block-group\" style=\"padding-top:var(--wp--preset--spacing--80);padding-bottom:var(--wp--preset--spacing--80)\"><div class=\"wp-block-group__inner-container is-layout-constrained wp-block-group-is-layout-constrained\">\n<p>Si vous souhaitez une illumination LED propre et sans points, notre canal diffuseur de lumi\u00e8re LED 15x12mm est le choix id\u00e9al. Ce canal est fabriqu\u00e9 en aluminium anodis\u00e9 robuste et est dot\u00e9 d'un diffuseur opale en polycarbonate. Il offre un aspect professionnel et une sortie lumineuse uniforme sans points LED. La plupart des bandes LED typiques allant jusqu'\u00e0 10 mm de large, telles que SMD2835 et les bandes LED COB, s'adapteront bien dans ce canal diffuseur de lumi\u00e8re LED 15x12mm.&nbsp;<\/p>\n<\/div><\/div>\n\n\n\n<div class=\"wp-block-group has-background\" style=\"background-color:#f2f2f2f2;padding-top:var(--wp--preset--spacing--80);padding-bottom:var(--wp--preset--spacing--80)\"><div class=\"wp-block-group__inner-container is-layout-constrained wp-block-group-is-layout-constrained\">\n<div class=\"wp-block-group is-vertical is-layout-flex wp-container-core-group-is-layout-8cf370e7 wp-block-group-is-layout-flex\">\n<h2 class=\"wp-block-heading\" style=\"padding-top:var(--wp--preset--spacing--40);padding-bottom:var(--wp--preset--spacing--40);font-size:25px;font-style:normal;font-weight:600;text-transform:capitalize\">Pourquoi choisir notre canal diffuseur de lumi\u00e8re LED 15x12mm ?<\/h2>\n\n\n\n<ul class=\"wp-block-list\">\n<li>\u00c9clairage sans points : Le couvercle diffuseur opale adoucit la lumi\u00e8re et cache les puces LED, vous offrant une lueur douce et uniforme.<\/li>\n\n\n\n<li>Excellente dissipation de chaleur : Fabriqu\u00e9 en aluminium anodis\u00e9 6063-T5, il \u00e9loigne la chaleur de votre bande LED pour la garder fra\u00eeche et prolonger sa dur\u00e9e de vie.<\/li>\n\n\n\n<li>Prot\u00e8ge votre bande LED : \u00c9loigne la poussi\u00e8re, l'humidit\u00e9 et les dommages physiques des lumi\u00e8res.<\/li>\n\n\n\n<li>Facile \u00e0 installer : Livr\u00e9 avec des capuchons de fin, des clips de montage et un couvercle qui se clipse pour une installation rapide.<\/li>\n\n\n\n<li>Profil \u00e9l\u00e9gant : Le profil en aluminium de 15x12mm s'adapte parfaitement \u00e0 des espaces restreints sans affecter la qualit\u00e9 de la lumi\u00e8re.<\/li>\n\n\n\n<li>Montage flexible : Vous pouvez l'installer sur une surface ou dans un mur ou un meuble, ce qui est id\u00e9al pour des designs modernes et simples.<\/li>\n<\/ul>\n<\/div>\n<\/div><\/div>\n\n\n\n<div class=\"wp-block-group\" style=\"padding-top:var(--wp--preset--spacing--80);padding-bottom:var(--wp--preset--spacing--80)\"><div class=\"wp-block-group__inner-container is-layout-constrained wp-block-group-is-layout-constrained\">\n<div class=\"wp-block-media-text has-media-on-the-right is-stacked-on-mobile\" style=\"padding-top:0;padding-bottom:0;grid-template-columns:auto 40%\"><div class=\"wp-block-media-text__content\">\n<h2 class=\"wp-block-heading\" style=\"font-size:25px;font-style:normal;font-weight:600;text-transform:capitalize\">Installation &amp; Compatibilit\u00e9<\/h2>\n\n\n\n<ul class=\"wp-block-list\">\n<li>Compatible avec toutes les bandes LED standards jusqu'\u00e0 10 mm de large, y compris SMD 3528, 5050, et les bandes LED COB.<\/li>\n\n\n\n<li>Comment monter : Utilisez les couvercles \u00e0 clipser et les supports de montage inclus. Fonctionne bien avec les montages en surface ou les rainures pour des agencements de canaux LED sans bord.<\/li>\n\n\n\n<li>\u00c9clairage diffus : Pour un meilleur \u00e9clairage LED sans points, utilisez des bandes LED haute densit\u00e9 (120+ LEDs\/m) avec ce canal.<\/li>\n\n\n\n<li>Accessoires inclus : Comprend des capuchons de fin assortis pour sceller le profil ; un capuchon dispose d'un trou pr\u00e9-perc\u00e9 pour une gestion des fils sans couture.<\/li>\n<\/ul>\n<\/div><figure class=\"wp-block-media-text__media\"><img loading=\"lazy\" decoding=\"async\" width=\"500\" height=\"500\" src=\"https:\/\/tangooled.com\/wp-content\/uploads\/2026\/01\/ifp04-ins.webp\" alt=\"canal diffuseur de lumi\u00e8re LED en aluminium 15x12mm pour bandes LED de 10mm\" class=\"wp-image-44690 size-full\" srcset=\"https:\/\/tangooled.com\/wp-content\/uploads\/2026\/01\/ifp04-ins.webp 500w, https:\/\/tangooled.com\/wp-content\/uploads\/2026\/01\/ifp04-ins-300x300.webp 300w, https:\/\/tangooled.com\/wp-content\/uploads\/2026\/01\/ifp04-ins-150x150.webp 150w\" sizes=\"auto, (max-width: 500px) 100vw, 500px\" \/><\/figure><\/div>\n<\/div><\/div>\n\n\n\n<div class=\"wp-block-group has-background\" style=\"background-color:#f2f2f2;padding-top:var(--wp--preset--spacing--80);padding-bottom:var(--wp--preset--spacing--80)\"><div class=\"wp-block-group__inner-container is-layout-constrained wp-block-group-is-layout-constrained\">\n<h2 class=\"wp-block-heading\" style=\"padding-top:var(--wp--preset--spacing--40);padding-bottom:var(--wp--preset--spacing--40);font-size:25px;font-style:normal;font-weight:600;text-transform:capitalize\">Utilisations id\u00e9ales pour notre canal diffuseur de lumi\u00e8re LED 15x12mm<\/h2>\n\n\n\n<p>Notre canal est excellent pour de nombreuses t\u00e2ches d'\u00e9clairage, comme :<\/p>\n\n\n\n<ul class=\"wp-block-list\">\n<li>\u00c9clairage d'accent qui sort du mur dans les maisons et les entreprises.<\/li>\n\n\n\n<li>\u00c9clairage de t\u00e2che uniforme sous les meubles et dans la cuisine.<\/li>\n\n\n\n<li>\u00c9clairage des vitrines qui fait briller les produits.<\/li>\n\n\n\n<li>\u00c9clairage d'accent en cove et au plafond dans les entreprises.<\/li>\n\n\n\n<li>\u00c9clairage pour les placards et les garde-robes qui a un aspect agr\u00e9able et propre.<\/li>\n\n\n\n<li>Profils d'\u00e9clairage architectural qui n\u00e9cessitent une finition lisse.<\/li>\n\n\n\n<li>\u00c9clairage pour \u00e9tag\u00e8res et boiseries qui donne un aspect \u00e9l\u00e9gant et encastr\u00e9.<\/li>\n<\/ul>\n<\/div><\/div>\n\n\n\n<div class=\"wp-block-group\" style=\"padding-top:var(--wp--preset--spacing--80);padding-bottom:var(--wp--preset--spacing--80)\"><div class=\"wp-block-group__inner-container is-layout-constrained wp-block-group-is-layout-constrained\">\n<h2 class=\"wp-block-heading\" style=\"padding-top:var(--wp--preset--spacing--40);padding-bottom:var(--wp--preset--spacing--40);font-size:25px;font-style:normal;font-weight:600;text-transform:capitalize\">Produits connexes qui pourraient vous int\u00e9resser :<\/h2>\n\n\n\n<ul class=\"wp-block-list\">\n<li><a href=\"https:\/\/tangooled.com\/fr\/product\/black-led-diffuser-aluminum-channel-for-12mm-tape-lights\/\"><mark style=\"background-color:rgba(0, 0, 0, 0)\" class=\"has-inline-color has-vivid-red-color\">Profil en aluminium avec diffuseur LED noir pour bandes de 12 mm<\/mark><\/a><\/li>\n\n\n\n<li><a href=\"https:\/\/tangooled.com\/fr\/product\/surface-mount-led-profile-with-frosted-diffuser-for-10mm-rope-lights\/\"><mark style=\"background-color:rgba(0, 0, 0, 0)\" class=\"has-inline-color has-vivid-red-color\">Profil LED \u00e0 montage en surface avec diffuseur d\u00e9poli pour bandes de 10 mm<\/mark><\/a><\/li>\n\n\n\n<li><a href=\"https:\/\/tangooled.com\/fr\/product\/led-light-diffuser-channel-aluminum-15x12mm-for-10mm-led-strips\/\"><mark style=\"background-color:rgba(0, 0, 0, 0)\" class=\"has-inline-color has-vivid-red-color\">Canal diffuseur de lumi\u00e8re LED en aluminium 15x12mm pour bandes LED de 10mm<\/mark><\/a><\/li>\n<\/ul>\n<\/div><\/div>\n\n\n\n<div class=\"wp-block-group has-background\" style=\"background-color:#f2f2f2f2;padding-top:var(--wp--preset--spacing--80);padding-bottom:var(--wp--preset--spacing--80)\"><div class=\"wp-block-group__inner-container is-layout-constrained wp-block-group-is-layout-constrained\">\n<h2 class=\"wp-block-heading\" style=\"padding-top:var(--wp--preset--spacing--40);padding-bottom:var(--wp--preset--spacing--40);font-size:25px;font-style:normal;font-weight:600\">R\u00e9sum\u00e9<\/h2>\n\n\n\n<p style=\"padding-right:var(--wp--preset--spacing--50);padding-left:var(--wp--preset--spacing--50)\">The 15x12mm LED light diffuser channel is a sleek, durable, and adaptable aluminum profile that will enhance the appearance of any lighting project. Not only does this linear lighting solution protect your LED strips from dust and damage, but it also ensures they remain functional for a long time by letting heat escape easily. It\u00a0is great for use as an under-cabinet light channel and retail shelf lighting.<\/p>\n<\/div><\/div>\n\n\n\n<p><\/p>","protected":false},"featured_media":13322,"template":"","meta":{"_acf_changed":true,"_seopress_robots_primary_cat":"none","_seopress_titles_title":"Aluminum LED Light Diffuser Channel 15x12mm | TANGOOLED","_seopress_titles_desc":"Source the IFP04 LED light diffuser channel in a 15x12mm size. This aluminum profile fits 10mm strips, providing a clean look and high-quality heat dissipation.","_seopress_robots_index":""},"pcb-width":[228],"product-cat":[192],"class_list":{"0":"post-44689","1":"product","2":"type-product","3":"status-publish","4":"has-post-thumbnail","6":"pcb-width-6-12mm","7":"product-cat-surface-led-profile"},"acf":[],"_links":{"self":[{"href":"https:\/\/tangooled.com\/fr\/wp-json\/wp\/v2\/product\/44689","targetHints":{"allow":["GET"]}}],"collection":[{"href":"https:\/\/tangooled.com\/fr\/wp-json\/wp\/v2\/product"}],"about":[{"href":"https:\/\/tangooled.com\/fr\/wp-json\/wp\/v2\/types\/product"}],"wp:featuredmedia":[{"embeddable":true,"href":"https:\/\/tangooled.com\/fr\/wp-json\/wp\/v2\/media\/13322"}],"wp:attachment":[{"href":"https:\/\/tangooled.com\/fr\/wp-json\/wp\/v2\/media?parent=44689"}],"wp:term":[{"taxonomy":"pcb-width","embeddable":true,"href":"https:\/\/tangooled.com\/fr\/wp-json\/wp\/v2\/pcb-width?post=44689"},{"taxonomy":"product-cat","embeddable":true,"href":"https:\/\/tangooled.com\/fr\/wp-json\/wp\/v2\/product-cat?post=44689"}],"curies":[{"name":"wp","href":"https:\/\/api.w.org\/{rel}","templated":true}]}}