{"id":44685,"date":"2026-01-03T01:51:51","date_gmt":"2026-01-03T09:51:51","guid":{"rendered":"https:\/\/tangooled.com\/?post_type=product&#038;p=44685"},"modified":"2026-01-29T22:32:27","modified_gmt":"2026-01-30T06:32:27","slug":"black-aluminum-u-channel-profile-for-10mm-led-strips","status":"publish","type":"product","link":"https:\/\/tangooled.com\/fr\/product\/black-aluminum-u-channel-profile-for-10mm-led-strips\/","title":{"rendered":"profil en U en aluminium noir pour bandes LED de 10 mm"},"content":{"rendered":"<div class=\"wp-block-group\" style=\"padding-top:var(--wp--preset--spacing--80);padding-bottom:var(--wp--preset--spacing--80)\"><div class=\"wp-block-group__inner-container is-layout-constrained wp-block-group-is-layout-constrained\">\n<p>Notre profil en U en aluminium noir IFP03 est sp\u00e9cialement con\u00e7u pour vos bandes LED de 10 mm. Ce rail en aluminium en forme de U noir prot\u00e8ge vos lumi\u00e8res de la poussi\u00e8re, de la salet\u00e9 et des dommages tout en agissant comme un dissipateur thermique pour aider vos LED \u00e0 durer plus longtemps. Son design \u00e0 montage en surface facilite l'installation directement sur des surfaces planes comme les murs, les \u00e9tag\u00e8res ou les armoires. Ce canal LED noir est le choix parfait pour quiconque souhaite une lumi\u00e8re nette, brillante et douce pour ses projets \u00e0 domicile ou au bureau.<\/p>\n<\/div><\/div>\n\n\n\n<div class=\"wp-block-group has-background\" style=\"background-color:#f2f2f2f2;padding-top:var(--wp--preset--spacing--80);padding-bottom:var(--wp--preset--spacing--80)\"><div class=\"wp-block-group__inner-container is-layout-constrained wp-block-group-is-layout-constrained\">\n<div class=\"wp-block-group is-vertical is-layout-flex wp-container-core-group-is-layout-8cf370e7 wp-block-group-is-layout-flex\">\n<h2 class=\"wp-block-heading\" style=\"padding-top:var(--wp--preset--spacing--40);padding-bottom:var(--wp--preset--spacing--40);font-size:25px;font-style:normal;font-weight:600;text-transform:capitalize\">Pourquoi utiliser notre canal en aluminium noir pour LED ?<\/h2>\n\n\n\n<ul class=\"wp-block-list\">\n<li>Forme : Le canal pr\u00e9sente un profil en U slim et \u00e9l\u00e9gant. Son design discret cr\u00e9e des lignes de lumi\u00e8re propres et simples qui s'adaptent \u00e0 tout style de b\u00e2timent moderne.<\/li>\n\n\n\n<li>Mat\u00e9riau et finition : Fabriqu\u00e9 en alliage d'aluminium extrud\u00e9 6063 avec une finition anodis\u00e9e noire de haute qualit\u00e9. Cela garantit une excellente dissipation thermique, ce qui prolongera la dur\u00e9e de vie des LED.<\/li>\n\n\n\n<li>Options de finition : En plus du noir, ce canal est \u00e9galement disponible en blanc et en argent pour compl\u00e9ter toute d\u00e9coration.<\/li>\n\n\n\n<li>Compatibilit\u00e9 : Fonctionne avec la plupart des bandes LED qui mesurent jusqu'\u00e0 10 mm de large.<\/li>\n\n\n\n<li>Kit d'accessoires complet : Chaque canal est livr\u00e9 avec des capuchons d'extr\u00e9mit\u00e9 assortis et des clips de montage pour une installation rapide et facile.<\/li>\n<\/ul>\n<\/div>\n<\/div><\/div>\n\n\n\n<div class=\"wp-block-group\" style=\"padding-top:var(--wp--preset--spacing--80);padding-bottom:var(--wp--preset--spacing--80)\"><div class=\"wp-block-group__inner-container is-layout-constrained wp-block-group-is-layout-constrained\">\n<div class=\"wp-block-media-text has-media-on-the-right is-stacked-on-mobile\" style=\"padding-top:0;padding-bottom:0;grid-template-columns:auto 40%\"><div class=\"wp-block-media-text__content\">\n<h2 class=\"wp-block-heading\" style=\"font-size:25px;font-style:normal;font-weight:600;text-transform:capitalize\">Comment l'installer facilement<\/h2>\n\n\n\n<ul class=\"wp-block-list\">\n<li>Coupez le canal en U en aluminium noir \u00e0 la bonne longueur.<\/li>\n\n\n\n<li>Utilisez des vis ou des clips de montage pour maintenir le canal de surface en place.<\/li>\n\n\n\n<li>Placez votre bande LED de 10 mm de large dans le canal.<\/li>\n\n\n\n<li>Pour adoucir la lumi\u00e8re et la diffuser, mettez le couvercle diffuseur.<\/li>\n\n\n\n<li>Pour finaliser l'apparence et prot\u00e9ger les c\u00e2bles, mettez les capuchons d'extr\u00e9mit\u00e9.<\/li>\n<\/ul>\n<\/div><figure class=\"wp-block-media-text__media\"><img loading=\"lazy\" decoding=\"async\" width=\"500\" height=\"500\" src=\"https:\/\/tangooled.com\/wp-content\/uploads\/2026\/01\/ifp03-ins.webp\" alt=\"profil\u00e9 de canal U en aluminium noir pour bandes LED de 10 mm\" class=\"wp-image-44687 size-full\" srcset=\"https:\/\/tangooled.com\/wp-content\/uploads\/2026\/01\/ifp03-ins.webp 500w, https:\/\/tangooled.com\/wp-content\/uploads\/2026\/01\/ifp03-ins-300x300.webp 300w, https:\/\/tangooled.com\/wp-content\/uploads\/2026\/01\/ifp03-ins-150x150.webp 150w\" sizes=\"auto, (max-width: 500px) 100vw, 500px\" \/><\/figure><\/div>\n<\/div><\/div>\n\n\n\n<div class=\"wp-block-group has-background\" style=\"background-color:#f2f2f2;padding-top:var(--wp--preset--spacing--80);padding-bottom:var(--wp--preset--spacing--80)\"><div class=\"wp-block-group__inner-container is-layout-constrained wp-block-group-is-layout-constrained\">\n<h2 class=\"wp-block-heading\" style=\"padding-top:var(--wp--preset--spacing--40);padding-bottom:var(--wp--preset--spacing--40);font-size:25px;font-style:normal;font-weight:600;text-transform:capitalize\">O\u00f9 l'utiliser ?<\/h2>\n\n\n\n<p>Notre canal en U en aluminium noir peut s'adapter \u00e0 de nombreux endroits diff\u00e9rents pour l'\u00e9clairage ! Voici quelques suggestions :<\/p>\n\n\n\n<ul class=\"wp-block-list\">\n<li>\u00c9clairage sous le meuble : Rendez la cuisine ou le bureau plus lumineux et restez propre.<\/li>\n\n\n\n<li>\u00c9clairage indirect : Illuminez les murs ou les plafonds de mani\u00e8re subtile.<\/li>\n\n\n\n<li>\u00c9clairage par \u00e9tag\u00e8re : Mettez en valeur vos livres ou d'autres objets.<\/li>\n\n\n\n<li>Lights in the closet and wardrobe:\u00a0 Make it easy to\u00a0find things.<\/li>\n\n\n\n<li>Vitrines : Gardez vos objets pr\u00e9f\u00e9r\u00e9s en s\u00e9curit\u00e9 et bien \u00e9clair\u00e9s.<\/li>\n<\/ul>\n<\/div><\/div>\n\n\n\n<div class=\"wp-block-group\" style=\"padding-top:var(--wp--preset--spacing--80);padding-bottom:var(--wp--preset--spacing--80)\"><div class=\"wp-block-group__inner-container is-layout-constrained wp-block-group-is-layout-constrained\">\n<h2 class=\"wp-block-heading\" style=\"padding-top:var(--wp--preset--spacing--40);padding-bottom:var(--wp--preset--spacing--40);font-size:25px;font-style:normal;font-weight:600;text-transform:capitalize\">what&#8217;s in a kit?<\/h2>\n\n\n\n<ul class=\"wp-block-list\">\n<li>1 x canal en U en aluminium noir<\/li>\n\n\n\n<li>1 x diffuseur opale d\u00e9poli<\/li>\n\n\n\n<li>2 capuchons d'extr\u00e9mit\u00e9 <\/li>\n\n\n\n<li>2 clips de montage <\/li>\n<\/ul>\n<\/div><\/div>\n\n\n\n<div class=\"wp-block-group has-background\" style=\"background-color:#f2f2f2f2;padding-top:var(--wp--preset--spacing--80);padding-bottom:var(--wp--preset--spacing--80)\"><div class=\"wp-block-group__inner-container is-layout-constrained wp-block-group-is-layout-constrained\">\n<h2 class=\"wp-block-heading\" style=\"font-size:25px;font-style:normal;font-weight:600\">Profils LED connexes qui pourraient vous plaire<\/h2>\n\n\n\n<ul class=\"wp-block-list\">\n<li>D\u00e9couvrez le <a href=\"https:\/\/tangooled.com\/fr\/product\/black-led-profile-with-black-diffuser-for-10mm-led-strip-light\/\"><mark style=\"background-color:rgba(0, 0, 0, 0)\" class=\"has-inline-color has-vivid-red-color\">Profil LED noir avec diffuseur noir pour bande LED de 10mm <\/mark><\/a>pour plus d'options de style.<\/li>\n\n\n\n<li>Besoin d'une option plus large ? Voir le<a href=\"https:\/\/tangooled.com\/fr\/product\/black-led-diffuser-aluminum-channel-for-12mm-tape-lights\/\"><mark style=\"background-color:rgba(0, 0, 0, 0)\" class=\"has-inline-color has-vivid-red-color\"> Canal en aluminium avec diffuseur LED noir pour bandes de 12mm<\/mark><\/a>.<\/li>\n\n\n\n<li>Explorer <a href=\"https:\/\/tangooled.com\/fr\/product\/led-strip-light-channel-aluminum-profile-with-diffused-cover-6mm-height\/\"><mark style=\"background-color:rgba(0, 0, 0, 0)\" class=\"has-inline-color has-vivid-red-color\">Profil en aluminium pour bande LED avec couverture diffusante de 6 mm de hauteur<\/mark><\/a> pour des installations polyvalentes.<\/li>\n\n\n\n<li>Pour des designs ultra fins, explorez le <a href=\"https:\/\/tangooled.com\/fr\/product\/surface-mount-led-profile-with-frosted-diffuser-for-10mm-rope-lights\/\"><mark style=\"background-color:rgba(0, 0, 0, 0)\" class=\"has-inline-color has-vivid-red-color\">Profil LED \u00e0 monter en surface avec diffuseur d\u00e9poli pour lumi\u00e8res en corde de 10mm<\/mark><\/a> pour garder votre \u00e9clairage affleurant et raffin\u00e9.<\/li>\n<\/ul>\n<\/div><\/div>\n\n\n\n<div class=\"wp-block-group\" style=\"padding-top:var(--wp--preset--spacing--80);padding-bottom:var(--wp--preset--spacing--80)\"><div class=\"wp-block-group__inner-container is-layout-constrained wp-block-group-is-layout-constrained\">\n<h2 class=\"wp-block-heading\" style=\"padding-top:var(--wp--preset--spacing--40);padding-bottom:var(--wp--preset--spacing--40);font-size:25px;font-style:normal;font-weight:600;text-transform:capitalize\">R\u00e9sum\u00e9<\/h2>\n\n\n\n<p>Our black aluminum U channel is the best way to\u00a0display\u00a0your 10mm LED profile strips in a clean, safe style. It has a smooth black finish, makes your lights last longer, and covers surface-mount LED strips so they glow evenly. Get the black aluminum U channel profile for 10mm LED strips today and let your project glow with smooth, bright light!<\/p>\n<\/div><\/div>\n\n\n\n<p><\/p>","protected":false},"featured_media":40747,"template":"","meta":{"_acf_changed":true,"_seopress_robots_primary_cat":"none","_seopress_titles_title":"Black Aluminum U Channel for 10mm LED Strips | TANGOOLED","_seopress_titles_desc":"Source the IFP03 black aluminum U channel profile. Perfect for 10mm LED strips, offering a sleek housing and excellent heat dissipation for modern lighting projects.","_seopress_robots_index":""},"pcb-width":[228],"product-cat":[192],"class_list":{"0":"post-44685","1":"product","2":"type-product","3":"status-publish","4":"has-post-thumbnail","6":"pcb-width-6-12mm","7":"product-cat-surface-led-profile"},"acf":[],"_links":{"self":[{"href":"https:\/\/tangooled.com\/fr\/wp-json\/wp\/v2\/product\/44685","targetHints":{"allow":["GET"]}}],"collection":[{"href":"https:\/\/tangooled.com\/fr\/wp-json\/wp\/v2\/product"}],"about":[{"href":"https:\/\/tangooled.com\/fr\/wp-json\/wp\/v2\/types\/product"}],"wp:featuredmedia":[{"embeddable":true,"href":"https:\/\/tangooled.com\/fr\/wp-json\/wp\/v2\/media\/40747"}],"wp:attachment":[{"href":"https:\/\/tangooled.com\/fr\/wp-json\/wp\/v2\/media?parent=44685"}],"wp:term":[{"taxonomy":"pcb-width","embeddable":true,"href":"https:\/\/tangooled.com\/fr\/wp-json\/wp\/v2\/pcb-width?post=44685"},{"taxonomy":"product-cat","embeddable":true,"href":"https:\/\/tangooled.com\/fr\/wp-json\/wp\/v2\/product-cat?post=44685"}],"curies":[{"name":"wp","href":"https:\/\/api.w.org\/{rel}","templated":true}]}}