{"id":44683,"date":"2026-01-03T01:46:21","date_gmt":"2026-01-03T09:46:21","guid":{"rendered":"https:\/\/tangooled.com\/?post_type=product&#038;p=44683"},"modified":"2026-01-31T07:33:26","modified_gmt":"2026-01-31T15:33:26","slug":"surface-mount-led-profile-with-frosted-diffuser-for-10mm-rope-lights","status":"publish","type":"product","link":"https:\/\/tangooled.com\/fr\/product\/surface-mount-led-profile-with-frosted-diffuser-for-10mm-rope-lights\/","title":{"rendered":"profil\u00e9 LED \u00e0 montage en surface avec diffuseur d\u00e9poli pour lampes \u00e0 corde de 10 mm"},"content":{"rendered":"<div class=\"wp-block-group\" style=\"padding-top:var(--wp--preset--spacing--80);padding-bottom:var(--wp--preset--spacing--80)\"><div class=\"wp-block-group__inner-container is-layout-constrained wp-block-group-is-layout-constrained\">\n<p>Notre profil LED \u00e0 montage en surface FP04 avec diffuseur d\u00e9poli fera briller vos lumi\u00e8res LED d'une mani\u00e8re \u00e9clatante et uniforme. Ce canal en aluminium avec diffuseur d\u00e9poli est sp\u00e9cialement con\u00e7u pour les lampes \u00e0 cordon de 10 mm et les bandes LED, assurant un ajustement parfait pour l'\u00e9clairage lin\u00e9aire. Le couvercle du diffuseur d\u00e9poli sur le canal en aluminium prot\u00e8ge la bande LED, permettant \u00e0 la chaleur de s'\u00e9chapper plus facilement, et fournit une lumi\u00e8re douce, uniforme et sans points. L'installation est simple et facile. Vous pouvez utiliser des clips ou du ruban adh\u00e9sif pour le monter sur une surface. Le profil est id\u00e9al pour \u00e9clairer les plafonds, les murs ou sous les armoires.<\/p>\n<\/div><\/div>\n\n\n\n<div class=\"wp-block-group has-background\" style=\"background-color:#f2f2f2f2;padding-top:var(--wp--preset--spacing--80);padding-bottom:var(--wp--preset--spacing--80)\"><div class=\"wp-block-group__inner-container is-layout-constrained wp-block-group-is-layout-constrained\">\n<div class=\"wp-block-group is-vertical is-layout-flex wp-container-core-group-is-layout-8cf370e7 wp-block-group-is-layout-flex\">\n<h2 class=\"wp-block-heading\" style=\"padding-top:var(--wp--preset--spacing--40);padding-bottom:var(--wp--preset--spacing--40);font-size:25px;font-style:normal;font-weight:600;text-transform:capitalize\">Pourquoi choisir notre profil LED avec diffuseur d\u00e9poli ?<\/h2>\n\n\n\n<ul class=\"wp-block-list\">\n<li>Lumi\u00e8re douce et uniforme : Le diffuseur opale (d\u00e9poli) fait en sorte que les points LED ressemblent \u00e0 une seule ligne brillante.<\/li>\n\n\n\n<li>Bo\u00eetier en aluminium robuste : Le corps en aluminium anodis\u00e9 de haute qualit\u00e9 sert \u00e9galement de dissipateur thermique. Il garde vos bandes LED au frais et les fait durer plus longtemps.<\/li>\n\n\n\n<li>Ajustement parfait : Ces profils sont con\u00e7us pour des bandes LED et des lampes \u00e0 cordon de 10 mm de large, comme les populaires SMD 5050, 2835, 3528 et COB.<\/li>\n\n\n\n<li>Facile \u00e0 monter : Il est livr\u00e9 avec des clips, des vis et des capuchons, donc vous pouvez l'installer sur des surfaces planes comme des murs ou derri\u00e8re des armoires.<\/li>\n\n\n\n<li>Diff\u00e9rentes couleurs : Vous pouvez choisir parmi des finitions en argent, noir ou blanc pour compl\u00e9ter le style de votre maison ou de votre projet.<\/li>\n<\/ul>\n<\/div>\n<\/div><\/div>\n\n\n\n<div class=\"wp-block-group\" style=\"padding-top:var(--wp--preset--spacing--80);padding-bottom:var(--wp--preset--spacing--80)\"><div class=\"wp-block-group__inner-container is-layout-constrained wp-block-group-is-layout-constrained\">\n<div class=\"wp-block-media-text has-media-on-the-right is-stacked-on-mobile\" style=\"padding-top:0;padding-bottom:0;grid-template-columns:auto 40%\"><div class=\"wp-block-media-text__content\">\n<h2 class=\"wp-block-heading\" style=\"font-size:25px;font-style:normal;font-weight:600;text-transform:capitalize\">Guide d'installation facile<\/h2>\n\n\n\n<ul class=\"wp-block-list\">\n<li>Coupez et mesurez le profil \u00e0 la longueur souhait\u00e9e.<\/li>\n\n\n\n<li>Installez des clips de montage s\u00e9curis\u00e9s sur votre plafond, mur ou armoire.<\/li>\n\n\n\n<li>Ins\u00e9rez le profil en aluminium dans les clips.<\/li>\n\n\n\n<li>Mettez votre bande LED ou lumi\u00e8re \u00e0 cordon de 10 mm dans le canal.<\/li>\n\n\n\n<li>Pour faire diffuser la lumi\u00e8re uniform\u00e9ment, mettez le couvercle du diffuseur d\u00e9poli sur le dessus.<\/li>\n\n\n\n<li>Mettez les capuchons \u00e0 l'extr\u00e9mit\u00e9 pour terminer une installation soign\u00e9e.<\/li>\n<\/ul>\n<\/div><figure class=\"wp-block-media-text__media\"><img loading=\"lazy\" decoding=\"async\" width=\"500\" height=\"500\" src=\"https:\/\/tangooled.com\/wp-content\/uploads\/2026\/01\/fp04-ins.webp\" alt=\"profil\u00e9 LED \u00e0 montage en surface avec diffuseur d\u00e9poli pour lampes \u00e0 corde de 10 mm\" class=\"wp-image-44684 size-full\" srcset=\"https:\/\/tangooled.com\/wp-content\/uploads\/2026\/01\/fp04-ins.webp 500w, https:\/\/tangooled.com\/wp-content\/uploads\/2026\/01\/fp04-ins-300x300.webp 300w, https:\/\/tangooled.com\/wp-content\/uploads\/2026\/01\/fp04-ins-150x150.webp 150w\" sizes=\"auto, (max-width: 500px) 100vw, 500px\" \/><\/figure><\/div>\n<\/div><\/div>\n\n\n\n<div class=\"wp-block-group has-background\" style=\"background-color:#f2f2f2;padding-top:var(--wp--preset--spacing--80);padding-bottom:var(--wp--preset--spacing--80)\"><div class=\"wp-block-group__inner-container is-layout-constrained wp-block-group-is-layout-constrained\">\n<h2 class=\"wp-block-heading\" style=\"padding-top:var(--wp--preset--spacing--40);padding-bottom:var(--wp--preset--spacing--40);font-size:25px;font-style:normal;font-weight:600;text-transform:capitalize\">Qu'est-ce qui est inclus ?<\/h2>\n\n\n\n<ul class=\"wp-block-list\">\n<li>Canal en aluminium pour LED<\/li>\n\n\n\n<li>Diffuseur d\u00e9poli \u00e0 clipser&nbsp;<\/li>\n\n\n\n<li>Clips et vis de montage&nbsp;<\/li>\n\n\n\n<li>Capuchons (un avec un trou pour un fil et un solide)<\/li>\n<\/ul>\n<\/div><\/div>\n\n\n\n<div class=\"wp-block-group\" style=\"padding-top:var(--wp--preset--spacing--80);padding-bottom:var(--wp--preset--spacing--80)\"><div class=\"wp-block-group__inner-container is-layout-constrained wp-block-group-is-layout-constrained\">\n<h2 class=\"wp-block-heading\" style=\"padding-top:var(--wp--preset--spacing--40);padding-bottom:var(--wp--preset--spacing--40);font-size:25px;font-style:normal;font-weight:600;text-transform:capitalize\">O\u00f9 utiliser ce profil LED \u00e0 montage en surface ?<\/h2>\n\n\n\n<ul class=\"wp-block-list\">\n<li>L'\u00e9clairage sous les armoires est id\u00e9al pour les \u00e9tag\u00e8res et plans de travail de cuisine.<\/li>\n\n\n\n<li>L'\u00e9clairage de garde-robe et de placard \u00e9claircit les zones de rangement sombres.&nbsp;<\/li>\n\n\n\n<li>L'\u00e9clairage d'accentuation dans les corniches et sur les plafonds ajoute une douce lumi\u00e8re indirecte aux pi\u00e8ces.&nbsp;<\/li>\n\n\n\n<li>Les pr\u00e9sentations de produits b\u00e9n\u00e9ficient d'une lumi\u00e8re uniforme pour faire ressortir les articles.&nbsp;<\/li>\n\n\n\n<li>L'\u00e9clairage de biblioth\u00e8que et d'escalier ajoute du style et de la s\u00e9curit\u00e9 avec une lueur lin\u00e9aire.<\/li>\n<\/ul>\n<\/div><\/div>\n\n\n\n<div class=\"wp-block-group has-background\" style=\"background-color:#f2f2f2f2;padding-top:var(--wp--preset--spacing--80);padding-bottom:var(--wp--preset--spacing--80)\"><div class=\"wp-block-group__inner-container is-layout-constrained wp-block-group-is-layout-constrained\">\n<h2 class=\"wp-block-heading\" style=\"font-size:25px;font-style:normal;font-weight:600\">Liens internes associ\u00e9s<\/h2>\n\n\n\n<ul class=\"wp-block-list\">\n<li>D\u00e9couvrez le <a href=\"https:\/\/tangooled.com\/fr\/product\/black-led-profile-with-black-diffuser-for-10mm-led-strip-light\/\"><mark style=\"background-color:rgba(0, 0, 0, 0)\" class=\"has-inline-color has-vivid-red-color\">profil LED noir avec diffuseur noir pour bande lumineuse LED de 10 mm<\/mark><\/a> \u2014 great if you want a dark finish.<\/li>\n\n\n\n<li>Pour des profils plus fins, consultez le <a href=\"https:\/\/tangooled.com\/fr\/product\/led-strip-light-channel-aluminum-profile-with-diffused-cover-6mm-height\/\"><mark style=\"background-color:rgba(0, 0, 0, 0)\" class=\"has-inline-color has-vivid-red-color\">Profil en aluminium pour bande LED avec couvercle diffusant de 6 mm de hauteur<\/mark><\/a>.<\/li>\n\n\n\n<li>Pour l'\u00e9clairage de cabinet, essayez le <a href=\"https:\/\/tangooled.com\/fr\/product\/cabinet-led-strip-channel-with-diffuser-for-double-led-strips\/\"><mark style=\"background-color:rgba(0, 0, 0, 0)\" class=\"has-inline-color has-vivid-red-color\">canal LED pour cabinet avec diffuseur pour bandes LED doubles<\/mark><\/a>.<\/li>\n\n\n\n<li>D\u00e9couvrez d'autres profils comme le <a href=\"https:\/\/tangooled.com\/fr\/product\/25x6mm-low-profile-led-strip-channel-for-10mm-led-strip-light\/\"><mark style=\"background-color:rgba(0, 0, 0, 0)\" class=\"has-inline-color has-vivid-red-color\">canal LED bas profil de 25x6mm pour lumi\u00e8re LED de 10 mm.<\/mark><\/a><\/li>\n<\/ul>\n<\/div><\/div>\n\n\n\n<div class=\"wp-block-group\" style=\"padding-top:var(--wp--preset--spacing--80);padding-bottom:var(--wp--preset--spacing--80)\"><div class=\"wp-block-group__inner-container is-layout-constrained wp-block-group-is-layout-constrained\">\n<h2 class=\"wp-block-heading\" style=\"padding-top:var(--wp--preset--spacing--40);padding-bottom:var(--wp--preset--spacing--40);font-size:25px;font-style:normal;font-weight:600;text-transform:capitalize\">r\u00e9sum\u00e9<\/h2>\n\n\n\n<p>Our surface mount LED profile with frosted diffuser for 10mm rope lights is a great way to make your LED strip lighting look better and last longer. It spreads light evenly, reduces heat, and is easy to install, so it&#8217;s great for both residential and business projects.<\/p>\n<\/div><\/div>\n\n\n\n<p><\/p>","protected":false},"featured_media":13301,"template":"","meta":{"_acf_changed":true,"_seopress_robots_primary_cat":"none","_seopress_titles_title":"LED Profile with Frosted Diffuser | Surface Mount | TANGOOLED","_seopress_titles_desc":"Source the FP04 surface mount LED profile with frosted diffuser. Designed for 10mm rope lights to provide smooth, dot-free illumination for modern interiors.","_seopress_robots_index":""},"pcb-width":[228],"product-cat":[192],"class_list":{"0":"post-44683","1":"product","2":"type-product","3":"status-publish","4":"has-post-thumbnail","6":"pcb-width-6-12mm","7":"product-cat-surface-led-profile"},"acf":[],"_links":{"self":[{"href":"https:\/\/tangooled.com\/fr\/wp-json\/wp\/v2\/product\/44683","targetHints":{"allow":["GET"]}}],"collection":[{"href":"https:\/\/tangooled.com\/fr\/wp-json\/wp\/v2\/product"}],"about":[{"href":"https:\/\/tangooled.com\/fr\/wp-json\/wp\/v2\/types\/product"}],"wp:featuredmedia":[{"embeddable":true,"href":"https:\/\/tangooled.com\/fr\/wp-json\/wp\/v2\/media\/13301"}],"wp:attachment":[{"href":"https:\/\/tangooled.com\/fr\/wp-json\/wp\/v2\/media?parent=44683"}],"wp:term":[{"taxonomy":"pcb-width","embeddable":true,"href":"https:\/\/tangooled.com\/fr\/wp-json\/wp\/v2\/pcb-width?post=44683"},{"taxonomy":"product-cat","embeddable":true,"href":"https:\/\/tangooled.com\/fr\/wp-json\/wp\/v2\/product-cat?post=44683"}],"curies":[{"name":"wp","href":"https:\/\/api.w.org\/{rel}","templated":true}]}}