{"id":44679,"date":"2026-01-03T01:39:43","date_gmt":"2026-01-03T09:39:43","guid":{"rendered":"https:\/\/tangooled.com\/?post_type=product&#038;p=44679"},"modified":"2026-01-29T17:30:56","modified_gmt":"2026-01-30T01:30:56","slug":"led-strip-light-channel-aluminum-profile-with-diffused-cover-6mm-height","status":"publish","type":"product","link":"https:\/\/tangooled.com\/fr\/product\/led-strip-light-channel-aluminum-profile-with-diffused-cover-6mm-height\/","title":{"rendered":"Profil en aluminium pour bande LED avec couvercle diffusant de 6 mm de hauteur"},"content":{"rendered":"<div class=\"wp-block-group\" style=\"padding-top:var(--wp--preset--spacing--80);padding-bottom:var(--wp--preset--spacing--80)\"><div class=\"wp-block-group__inner-container is-layout-constrained wp-block-group-is-layout-constrained\">\n<p>Notre canal de bande LED ultra-plat FP03 avec couvercle diffus\u00e9 am\u00e9liorera votre \u00e9clairage. Ce profil en aluminium fin est appropri\u00e9 pour des bandes LED qui mesurent jusqu'\u00e0 10 mm de large. Il ne mesure que 6,0 mm de hauteur et 15,2 mm de largeur \u00e0 l'ext\u00e9rieur, et il a un canal int\u00e9rieur de 11,2 mm qui permet de le poser bas. Le canal en aluminium robuste et le couvercle diffus\u00e9 prot\u00e8gent la bande, aident \u00e0 la refroidir plus rapidement et garantissent que la sortie est douce, homog\u00e8ne, et sans points. Vous pouvez facilement installer ce canal en le vissant ou en le collant \u00e0 toute surface plane. Cela le rend tr\u00e8s flexible. Ce canal est un excellent choix pour les maisons, les entreprises, ou les d\u00e9taillants qui souhaitent un \u00e9clairage lin\u00e9aire qui a l'air propre, moderne et de haute qualit\u00e9.<\/p>\n<\/div><\/div>\n\n\n\n<div class=\"wp-block-group has-background\" style=\"background-color:#f2f2f2f2;padding-top:var(--wp--preset--spacing--80);padding-bottom:var(--wp--preset--spacing--80)\"><div class=\"wp-block-group__inner-container is-layout-constrained wp-block-group-is-layout-constrained\">\n<div class=\"wp-block-group is-vertical is-layout-flex wp-container-core-group-is-layout-8cf370e7 wp-block-group-is-layout-flex\">\n<h2 class=\"wp-block-heading\" style=\"padding-top:var(--wp--preset--spacing--40);padding-bottom:var(--wp--preset--spacing--40);font-size:25px;font-style:normal;font-weight:600;text-transform:capitalize\">Pourquoi choisir notre canal de bande LED avec couvercle diffus\u00e9 ?<\/h2>\n\n\n\n<ul class=\"wp-block-list\">\n<li>Slim Design: Only 6mm tall, so it&#8217;s great for places where you want tidy, clean lighting.<\/li>\n\n\n\n<li>Le dissipateur thermique est en aluminium 6063. Il garde vos bandes LED au frais, afin qu'elles durent plus longtemps.<\/li>\n\n\n\n<li>Lumi\u00e8re douce : le couvercle en polycarbonate givr\u00e9 adoucit la lumi\u00e8re, \u00e9liminant les points lumineux, pour un joli \u00e9clat.<\/li>\n\n\n\n<li>Prot\u00e8ge vos LED : emp\u00eache la salet\u00e9 et la poussi\u00e8re de se poser sur vos bandes LED.<\/li>\n\n\n\n<li>Facile \u00e0 utiliser : il est fourni avec des clips et des capuchons terminaux qui facilitent l'installation.<\/li>\n\n\n\n<li>Compatible avec la plupart des bandes : con\u00e7u pour les bandes LED de 10 \u00e0 12 mm de large.<\/li>\n<\/ul>\n<\/div>\n<\/div><\/div>\n\n\n\n<div class=\"wp-block-group\" style=\"padding-top:var(--wp--preset--spacing--80);padding-bottom:var(--wp--preset--spacing--80)\"><div class=\"wp-block-group__inner-container is-layout-constrained wp-block-group-is-layout-constrained\">\n<div class=\"wp-block-media-text has-media-on-the-right is-stacked-on-mobile\" style=\"padding-top:0;padding-bottom:0;grid-template-columns:auto 40%\"><div class=\"wp-block-media-text__content\">\n<h2 class=\"wp-block-heading\" style=\"font-size:25px;font-style:normal;font-weight:600;text-transform:capitalize\">Comment installer votre canal de bande LED avec couvercle diffus\u00e9<\/h2>\n\n\n\n<ul class=\"wp-block-list\">\n<li>V\u00e9rifiez la largeur de votre bande LED pour vous assurer qu'elle s'adapte dans le canal (pas plus de 10 mm).<\/li>\n\n\n\n<li>Utilisez des clips de fixation pour s\u00e9curiser le profil en aluminium sur les surfaces.<\/li>\n\n\n\n<li>Mettez la bande LED dans le canal. L'adh\u00e9sif en arri\u00e8re la maintient en place.<\/li>\n\n\n\n<li>Pour terminer, clipsez ou glissez le couvercle diffus\u00e9.<\/li>\n\n\n\n<li>Utilisez des capuchons terminaux pour fermer les extr\u00e9mit\u00e9s.<\/li>\n<\/ul>\n<\/div><figure class=\"wp-block-media-text__media\"><img loading=\"lazy\" decoding=\"async\" width=\"500\" height=\"500\" src=\"https:\/\/tangooled.com\/wp-content\/uploads\/2026\/01\/fp03-ins.webp\" alt=\"canal en aluminium diffuseur LED noir pour bandes de 12 mm\" class=\"wp-image-44680 size-full\" srcset=\"https:\/\/tangooled.com\/wp-content\/uploads\/2026\/01\/fp03-ins.webp 500w, https:\/\/tangooled.com\/wp-content\/uploads\/2026\/01\/fp03-ins-300x300.webp 300w, https:\/\/tangooled.com\/wp-content\/uploads\/2026\/01\/fp03-ins-150x150.webp 150w\" sizes=\"auto, (max-width: 500px) 100vw, 500px\" \/><\/figure><\/div>\n<\/div><\/div>\n\n\n\n<div class=\"wp-block-group has-background\" style=\"background-color:#f2f2f2;padding-top:var(--wp--preset--spacing--80);padding-bottom:var(--wp--preset--spacing--80)\"><div class=\"wp-block-group__inner-container is-layout-constrained wp-block-group-is-layout-constrained\">\n<h2 class=\"wp-block-heading\" style=\"padding-top:var(--wp--preset--spacing--40);padding-bottom:var(--wp--preset--spacing--40);font-size:25px;font-style:normal;font-weight:600;text-transform:capitalize\">O\u00f9 utiliser ce canal de bande LED avec couvercle diffus\u00e9<\/h2>\n\n\n\n<ul class=\"wp-block-list\">\n<li>\u00c9clairage pour la cuisine et sous les armoires : utilisez une lumi\u00e8re douce et claire qui s'int\u00e8gre dans de petits espaces pour \u00e9clairer vos plans de travail.<\/li>\n\n\n\n<li>Vitrines et \u00e9tag\u00e8res : id\u00e9al pour des \u00e9tag\u00e8res en verre ou en bois, cette lumi\u00e8re met en valeur les produits avec une lumi\u00e8re vive et stable, et un style \u00e9pur\u00e9.<\/li>\n\n\n\n<li>\u00c9clairage pour l'ameublement : vous pouvez int\u00e9grer votre \u00e9clairage dans des biblioth\u00e8ques, tables ou armoires pour les rendre esth\u00e9tiques et fonctionnels.<\/li>\n\n\n\n<li>\u00c9clairages de corniche et d'accent : ajoutez des lignes de lumi\u00e8re douce et discr\u00e8te aux murs ou au plafond pour garder votre espace moderne et actuel.<\/li>\n<\/ul>\n<\/div><\/div>\n\n\n\n<div class=\"wp-block-group\" style=\"padding-top:var(--wp--preset--spacing--80);padding-bottom:var(--wp--preset--spacing--80)\"><div class=\"wp-block-group__inner-container is-layout-constrained wp-block-group-is-layout-constrained\">\n<h2 class=\"wp-block-heading\" style=\"padding-top:var(--wp--preset--spacing--40);padding-bottom:var(--wp--preset--spacing--40);font-size:25px;font-style:normal;font-weight:600;text-transform:capitalize\">What\u2019s Inside the Box?<\/h2>\n\n\n\n<ul class=\"wp-block-list\">\n<li>1x canal LED en aluminium (vous pouvez choisir sa longueur)&nbsp;<\/li>\n\n\n\n<li>1x couvercle diffus\u00e9 givr\u00e9&nbsp;<\/li>\n\n\n\n<li>2x clips de montage pour chaque m\u00e8tre<\/li>\n\n\n\n<li>2x capuchons terminaux (un avec un trou pour les fils et un plein) <\/li>\n<\/ul>\n<\/div><\/div>\n\n\n\n<div class=\"wp-block-group has-background\" style=\"background-color:#f2f2f2f2;padding-top:var(--wp--preset--spacing--40);padding-bottom:var(--wp--preset--spacing--40)\"><div class=\"wp-block-group__inner-container is-layout-constrained wp-block-group-is-layout-constrained\">\n<p style=\"padding-right:var(--wp--preset--spacing--50);padding-left:var(--wp--preset--spacing--50)\">Ce canal de bande LED avec un couvercle diffus\u00e9 est un excellent choix pour vos applications de bandes LED fines. Il garde les choses en s\u00e9curit\u00e9, les refroidit, et diffuse une lumi\u00e8re douce et brillante. Ce produit est simple \u00e0 installer et vous offre un \u00e9clairage de qualit\u00e9 professionnelle pour les armoires, les \u00e9tag\u00e8res ou le mobilier.<\/p>\n<\/div><\/div>\n\n\n\n<p><\/p>","protected":false},"featured_media":13249,"template":"","meta":{"_acf_changed":true,"_seopress_robots_primary_cat":"none","_seopress_titles_title":"LED Strip Channel with Diffused Cover | 6mm Ultra-Slim | TANGOOLED","_seopress_titles_desc":"Source the FP03 LED strip channel with diffused cover. Features a 6mm ultra-slim aluminum profile for discrete surface mounting in furniture and cabinets.","_seopress_robots_index":""},"pcb-width":[228],"product-cat":[192],"class_list":{"0":"post-44679","1":"product","2":"type-product","3":"status-publish","4":"has-post-thumbnail","6":"pcb-width-6-12mm","7":"product-cat-surface-led-profile"},"acf":[],"_links":{"self":[{"href":"https:\/\/tangooled.com\/fr\/wp-json\/wp\/v2\/product\/44679","targetHints":{"allow":["GET"]}}],"collection":[{"href":"https:\/\/tangooled.com\/fr\/wp-json\/wp\/v2\/product"}],"about":[{"href":"https:\/\/tangooled.com\/fr\/wp-json\/wp\/v2\/types\/product"}],"wp:featuredmedia":[{"embeddable":true,"href":"https:\/\/tangooled.com\/fr\/wp-json\/wp\/v2\/media\/13249"}],"wp:attachment":[{"href":"https:\/\/tangooled.com\/fr\/wp-json\/wp\/v2\/media?parent=44679"}],"wp:term":[{"taxonomy":"pcb-width","embeddable":true,"href":"https:\/\/tangooled.com\/fr\/wp-json\/wp\/v2\/pcb-width?post=44679"},{"taxonomy":"product-cat","embeddable":true,"href":"https:\/\/tangooled.com\/fr\/wp-json\/wp\/v2\/product-cat?post=44679"}],"curies":[{"name":"wp","href":"https:\/\/api.w.org\/{rel}","templated":true}]}}