{"id":44676,"date":"2026-01-03T01:31:00","date_gmt":"2026-01-03T09:31:00","guid":{"rendered":"https:\/\/tangooled.com\/?post_type=product&#038;p=44676"},"modified":"2026-01-29T23:29:11","modified_gmt":"2026-01-30T07:29:11","slug":"black-led-diffuser-aluminum-channel-for-12mm-tape-lights","status":"publish","type":"product","link":"https:\/\/tangooled.com\/fr\/product\/black-led-diffuser-aluminum-channel-for-12mm-tape-lights\/","title":{"rendered":"canal en aluminium diffuseur LED noir pour lumi\u00e8res \u00e0 bande de 12 mm"},"content":{"rendered":"<div class=\"wp-block-group\" style=\"padding-top:var(--wp--preset--spacing--80);padding-bottom:var(--wp--preset--spacing--80)\"><div class=\"wp-block-group__inner-container is-layout-constrained wp-block-group-is-layout-constrained\">\n<p>Notre canal diffuseur LED noir pour bandes de 12 mm est un excellent choix pour un \u00e9clairage lin\u00e9aire moderne. L'ext\u00e9rieur de ce profil en aluminium robuste mesure 17,2 mm de large et 15,3 mm de haut, tandis que l'int\u00e9rieur mesure 12,2 mm, ce qui convient \u00e0 la plupart des lumi\u00e8res \u00e0 bande de 12 mm. Il prot\u00e8ge vos bandes LED et est important pour le refroidissement, ce qui les fait durer plus longtemps. Ce canal est facile \u00e0 fixer sur toute surface plane avec du ruban adh\u00e9sif ou des clips de montage. Le couvercle diffuseur noir fum\u00e9 rend la sortie de lumi\u00e8re douce, homog\u00e8ne et uniforme. Ce canal LED noir vous aidera \u00e0 configurer des lumi\u00e8res intelligentes qui ont l'air \u00e9l\u00e9gantes, propres et raffin\u00e9es.<\/p>\n<\/div><\/div>\n\n\n\n<div class=\"wp-block-group has-background\" style=\"background-color:#f2f2f2f2;padding-top:var(--wp--preset--spacing--80);padding-bottom:var(--wp--preset--spacing--80)\"><div class=\"wp-block-group__inner-container is-layout-constrained wp-block-group-is-layout-constrained\">\n<div class=\"wp-block-group is-vertical is-layout-flex wp-container-core-group-is-layout-8cf370e7 wp-block-group-is-layout-flex\">\n<h2 class=\"wp-block-heading\" style=\"padding-top:var(--wp--preset--spacing--40);padding-bottom:var(--wp--preset--spacing--40);font-size:25px;font-style:normal;font-weight:600;text-transform:capitalize\">Pourquoi choisir notre canal diffuseur LED noir pour bandes LED de 12 mm ?<\/h2>\n\n\n\n<ul class=\"wp-block-list\">\n<li>S'adapte parfaitement aux bandes LED de 12 mm<\/li>\n\n\n\n<li>Aluminium robuste garde les lumi\u00e8res en s\u00e9curit\u00e9 et au frais<\/li>\n\n\n\n<li>Finition noire a fi\u00e8re allure et s'adapte \u00e0 de nombreux espaces<\/li>\n\n\n\n<li>Le couvercle diffuseur rend la lumi\u00e8re douce et uniforme<\/li>\n\n\n\n<li>Peut \u00eatre mont\u00e9 en surface ou encastr\u00e9 pour des installations soign\u00e9es<\/li>\n<\/ul>\n<\/div>\n\n\n\n<p style=\"padding-top:var(--wp--preset--spacing--40);padding-right:var(--wp--preset--spacing--50);padding-bottom:var(--wp--preset--spacing--40);padding-left:var(--wp--preset--spacing--50)\">Ce canal diffuseur LED en aluminium noir fait briller votre lumi\u00e8re de mani\u00e8re homog\u00e8ne. Le profil de la bande lumineuse de 12 mm s'ins\u00e8re parfaitement \u00e0 l'int\u00e9rieur. La finition noire cache le canal et garde votre espace styl\u00e9. Montez-le sur le mur ou cachez-le dans le placo pour un look soign\u00e9. C'est un canal en montage en surface, donc il peut \u00eatre ajout\u00e9 facilement n'importe o\u00f9.<\/p>\n<\/div><\/div>\n\n\n\n<div class=\"wp-block-group\" style=\"padding-top:var(--wp--preset--spacing--80);padding-bottom:var(--wp--preset--spacing--80)\"><div class=\"wp-block-group__inner-container is-layout-constrained wp-block-group-is-layout-constrained\">\n<div class=\"wp-block-media-text has-media-on-the-right is-stacked-on-mobile\" style=\"padding-top:0;padding-bottom:0;grid-template-columns:auto 40%\"><div class=\"wp-block-media-text__content\">\n<h2 class=\"wp-block-heading\" style=\"font-size:25px;font-style:normal;font-weight:600;text-transform:capitalize\">Comment installer votre canal diffuseur LED en aluminium noir<\/h2>\n\n\n\n<ul class=\"wp-block-list\">\n<li>Choisissez l'endroit o\u00f9 vous voulez une lumi\u00e8re soign\u00e9e.<\/li>\n\n\n\n<li>Utilisez les clips pour fixer le canal en aluminium directement \u00e0 votre surface.<\/li>\n\n\n\n<li>Placez votre bande lumineuse LED de 12 mm dans le canal.<\/li>\n\n\n\n<li>Mettez le couvercle diffuseur noir. La lumi\u00e8re brillera doucement et de mani\u00e8re homog\u00e8ne.<\/li>\n\n\n\n<li>Pour une finition impeccable, ajoutez des capuchons de fin.<\/li>\n<\/ul>\n<\/div><figure class=\"wp-block-media-text__media\"><img loading=\"lazy\" decoding=\"async\" width=\"500\" height=\"500\" src=\"https:\/\/tangooled.com\/wp-content\/uploads\/2026\/01\/fp02-ins.webp\" alt=\"canal en aluminium diffuseur LED noir pour bandes de 12 mm\" class=\"wp-image-44677 size-full\" srcset=\"https:\/\/tangooled.com\/wp-content\/uploads\/2026\/01\/fp02-ins.webp 500w, https:\/\/tangooled.com\/wp-content\/uploads\/2026\/01\/fp02-ins-300x300.webp 300w, https:\/\/tangooled.com\/wp-content\/uploads\/2026\/01\/fp02-ins-150x150.webp 150w\" sizes=\"auto, (max-width: 500px) 100vw, 500px\" \/><\/figure><\/div>\n<\/div><\/div>\n\n\n\n<div class=\"wp-block-group has-background\" style=\"background-color:#f2f2f2;padding-top:var(--wp--preset--spacing--80);padding-bottom:var(--wp--preset--spacing--80)\"><div class=\"wp-block-group__inner-container is-layout-constrained wp-block-group-is-layout-constrained\">\n<h2 class=\"wp-block-heading\" style=\"padding-top:var(--wp--preset--spacing--40);padding-bottom:var(--wp--preset--spacing--40);font-size:25px;font-style:normal;font-weight:600;text-transform:capitalize\">\u00c0 quoi pouvez-vous l'utiliser ?<\/h2>\n\n\n\n<p>Vous pouvez utiliser ce canal diffuseur LED en aluminium noir \u00e0 de nombreux endroits :<\/p>\n\n\n\n<ul class=\"wp-block-list\">\n<li>\u00e9clairage de travail brillant sous les armoires de cuisine&nbsp;<\/li>\n\n\n\n<li>\u00c9clairage de dosseret pour faire briller vos murs&nbsp;<\/li>\n\n\n\n<li>Accents doux et brillants sur les \u00e9tag\u00e8res et le mobilier<\/li>\n\n\n\n<li>\u00c9clairage de corniche pour un \u00e9clairage de plafond homog\u00e8ne<\/li>\n\n\n\n<li>Wardrobes et placards pour \u00e9clairer les coins sombres<\/li>\n<\/ul>\n<\/div><\/div>\n\n\n\n<div class=\"wp-block-group\" style=\"padding-top:var(--wp--preset--spacing--80);padding-bottom:var(--wp--preset--spacing--80)\"><div class=\"wp-block-group__inner-container is-layout-constrained wp-block-group-is-layout-constrained\">\n<h2 class=\"wp-block-heading\" style=\"padding-top:var(--wp--preset--spacing--40);padding-bottom:var(--wp--preset--spacing--40);font-size:25px;font-style:normal;font-weight:600;text-transform:capitalize\">r\u00e9sum\u00e9<\/h2>\n\n\n\n<p>If you want tidy and safe LED lighting, our black LED diffuser aluminum channel for 12mm tape light profile is the ideal choice. It keeps your lights safe, puts forth soft, steady light, and looks excellent in any room. You can use it as a surface mount channel or put it into walls or furniture for a stylish look. It&#8217;s great for cove lighting, accent lighting, under-cabinet lighting, and more. Also explore these for more ideas: <a href=\"https:\/\/tangooled.com\/fr\/product\/black-led-profile-with-black-diffuser-for-10mm-led-strip-light\/\"><mark style=\"background-color:rgba(0, 0, 0, 0)\" class=\"has-inline-color has-vivid-red-color\">Profil LED noir avec diffuseur noir pour bande LED de 10mm<\/mark><\/a>, <a href=\"https:\/\/tangooled.com\/fr\/product\/surface-mount-led-profile-with-frosted-diffuser-for-10mm-rope-lights\/\"><mark style=\"background-color:rgba(0, 0, 0, 0)\" class=\"has-inline-color has-vivid-red-color\">Profil LED \u00e0 montage en surface avec diffuseur d\u00e9poli pour bandes de 10 mm<\/mark><\/a>, <a href=\"https:\/\/tangooled.com\/fr\/product\/25mm-u-shape-led-mounting-channel-for-15mm-double-row-led-strip-lights\/\"><mark style=\"background-color:rgba(0, 0, 0, 0)\" class=\"has-inline-color has-vivid-red-color\">Canal de montage LED en forme de U de 25mm pour bandes LED \u00e0 double rang\u00e9e de 15mm<\/mark><\/a>.<\/p>\n<\/div><\/div>\n\n\n\n<p><\/p>","protected":false},"featured_media":37468,"template":"","meta":{"_acf_changed":true,"_seopress_robots_primary_cat":"none","_seopress_titles_title":"Black Diffuser LED Channel | Fits 12mm Tape Lights | TANGOOLED","_seopress_titles_desc":"Source the black diffuser LED channel. Engineered for 12mm tape lights to create a professional \"blackout\" aesthetic for commercial and retail lighting.","_seopress_robots_index":""},"pcb-width":[228],"product-cat":[192],"class_list":{"0":"post-44676","1":"product","2":"type-product","3":"status-publish","4":"has-post-thumbnail","6":"pcb-width-6-12mm","7":"product-cat-surface-led-profile"},"acf":[],"_links":{"self":[{"href":"https:\/\/tangooled.com\/fr\/wp-json\/wp\/v2\/product\/44676","targetHints":{"allow":["GET"]}}],"collection":[{"href":"https:\/\/tangooled.com\/fr\/wp-json\/wp\/v2\/product"}],"about":[{"href":"https:\/\/tangooled.com\/fr\/wp-json\/wp\/v2\/types\/product"}],"wp:featuredmedia":[{"embeddable":true,"href":"https:\/\/tangooled.com\/fr\/wp-json\/wp\/v2\/media\/37468"}],"wp:attachment":[{"href":"https:\/\/tangooled.com\/fr\/wp-json\/wp\/v2\/media?parent=44676"}],"wp:term":[{"taxonomy":"pcb-width","embeddable":true,"href":"https:\/\/tangooled.com\/fr\/wp-json\/wp\/v2\/pcb-width?post=44676"},{"taxonomy":"product-cat","embeddable":true,"href":"https:\/\/tangooled.com\/fr\/wp-json\/wp\/v2\/product-cat?post=44676"}],"curies":[{"name":"wp","href":"https:\/\/api.w.org\/{rel}","templated":true}]}}