{"id":43526,"date":"2025-12-30T02:06:06","date_gmt":"2025-12-30T10:06:06","guid":{"rendered":"https:\/\/tangooled.com\/?post_type=product&#038;p=43526"},"modified":"2026-02-02T22:31:40","modified_gmt":"2026-02-03T06:31:40","slug":"wide-slim-surface-mount-led-channel-35x13mm-s3513","status":"publish","type":"product","link":"https:\/\/tangooled.com\/fr\/product\/wide-slim-surface-mount-led-channel-35x13mm-s3513\/","title":{"rendered":"Canal LED de montage en surface slim de 35x13mm"},"content":{"rendered":"<div class=\"wp-block-group is-vertical is-layout-flex wp-container-core-group-is-layout-d255d7c4 wp-block-group-is-layout-flex\" style=\"padding-top:var(--wp--preset--spacing--80);padding-bottom:var(--wp--preset--spacing--80)\">\n<p>Notre canal LED de montage en surface slim de 35x13mm est un excellent moyen d'\u00e9clairer n'importe quelle pi\u00e8ce. Fabriqu\u00e9 en aluminium anodis\u00e9 durable, ce profil agit comme un bo\u00eetier solide qui garde vos lumi\u00e8res LED propres et nettes. Le design solide permet \u00e0 la chaleur de s'\u00e9chapper plus facilement, ce qui prot\u00e8ge vos bandes LED pour qu'elles durent plus longtemps et fonctionnent mieux. Le canal est suffisamment large pour accueillir des bandes LED jusqu'\u00e0 26,5 mm, ce qui le rend compatible avec les lumi\u00e8res COB ou m\u00eame des bandes LED doubles lignes \u00e0 haute densit\u00e9 et lumineuses.<br>This profile is a popular choice if you want to give your lighting a professional touch. It works well in all kinds of places, like homes, offices, and store displays. For a smooth, dotless glow, it\u2019s an ideal choice for under-cabinet lighting, cove lighting, or simply mounting it directly onto walls and ceilings.<\/p>\n<\/div>\n\n\n\n<div class=\"wp-block-group has-background is-vertical is-layout-flex wp-container-core-group-is-layout-d255d7c4 wp-block-group-is-layout-flex\" style=\"background-color:#f1f1f1;padding-top:var(--wp--preset--spacing--80);padding-bottom:var(--wp--preset--spacing--80)\">\n<div class=\"wp-block-group is-vertical is-layout-flex wp-container-core-group-is-layout-8cf370e7 wp-block-group-is-layout-flex\">\n<h2 class=\"wp-block-heading\" style=\"padding-top:var(--wp--preset--spacing--40);padding-bottom:var(--wp--preset--spacing--40);font-size:25px;font-style:normal;font-weight:600;text-transform:capitalize\">Pourquoi choisir le canal LED de montage en surface slim de 35x13mm ?<\/h2>\n\n\n\n<ul class=\"wp-block-list\">\n<li>Le design propre et \u00e9l\u00e9gant cache le ruban LED et les fils.<\/li>\n\n\n\n<li>Le profil en aluminium solide garde les bandes au frais, ce qui prolonge la dur\u00e9e de vie des LED.<\/li>\n\n\n\n<li>La diffusion de la lumi\u00e8re rend l'\u00e9clairage lin\u00e9aire fluide et uniforme, sans points chauds.<\/li>\n\n\n\n<li>Prot\u00e8ge les bandes LED de la salet\u00e9, de la poussi\u00e8re et des contacts.<\/li>\n\n\n\n<li>It&#8217;s easy to attach to the surface with clips or adhesive.<\/li>\n\n\n\n<li>Id\u00e9al pour l'\u00e9clairage d'accentuation, l'\u00e9clairage ambiant ou l'\u00e9clairage de travail.<\/li>\n<\/ul>\n<\/div>\n<\/div>\n\n\n\n<div class=\"wp-block-group\" style=\"padding-top:var(--wp--preset--spacing--60);padding-bottom:var(--wp--preset--spacing--60)\"><div class=\"wp-block-group__inner-container is-layout-constrained wp-block-group-is-layout-constrained\">\n<div class=\"wp-block-media-text has-media-on-the-right is-stacked-on-mobile\" style=\"grid-template-columns:auto 40%\"><div class=\"wp-block-media-text__content\">\n<h2 class=\"wp-block-heading\" style=\"padding-top:var(--wp--preset--spacing--40);padding-bottom:var(--wp--preset--spacing--40);font-size:25px;font-style:normal;font-weight:600;text-transform:capitalize\">Comment installer ce canal<\/h2>\n\n\n\n<ul class=\"wp-block-list\">\n<li>Utilisez du ruban adh\u00e9sif ou des clips de montage pour s\u00e9curiser l'extrusion en place sur une surface propre et s\u00e8che.<\/li>\n\n\n\n<li>Placez la bande LED \u00e0 l'int\u00e9rieur du canal en aluminium.<\/li>\n\n\n\n<li>Mettez le couvercle opalescent sur le diffuseur.<\/li>\n\n\n\n<li>Pour prot\u00e9ger la bande et les fils, mettez des capuchons aux extr\u00e9mit\u00e9s.<\/li>\n<\/ul>\n<\/div><figure class=\"wp-block-media-text__media\"><img loading=\"lazy\" decoding=\"async\" width=\"500\" height=\"500\" src=\"https:\/\/tangooled.com\/wp-content\/uploads\/2025\/12\/s3513-ins.webp\" alt=\"35x13mm surface mounting led extrusion channel\" class=\"wp-image-44670 size-full\" srcset=\"https:\/\/tangooled.com\/wp-content\/uploads\/2025\/12\/s3513-ins.webp 500w, https:\/\/tangooled.com\/wp-content\/uploads\/2025\/12\/s3513-ins-300x300.webp 300w, https:\/\/tangooled.com\/wp-content\/uploads\/2025\/12\/s3513-ins-150x150.webp 150w\" sizes=\"auto, (max-width: 500px) 100vw, 500px\" \/><\/figure><\/div>\n<\/div><\/div>\n\n\n\n<div class=\"wp-block-group has-background\" style=\"background-color:#f1f1f1f2;padding-top:var(--wp--preset--spacing--80);padding-bottom:var(--wp--preset--spacing--80)\"><div class=\"wp-block-group__inner-container is-layout-constrained wp-block-group-is-layout-constrained\">\n<h2 class=\"wp-block-heading\" style=\"padding-top:var(--wp--preset--spacing--40);padding-bottom:var(--wp--preset--spacing--40);font-size:25px;font-style:normal;font-weight:600\">O\u00f9 utiliser ce canal LED slim de 35x13mm<\/h2>\n\n\n\n<p>Ce bo\u00eetier LED fonctionne bien dans de nombreux endroits. Voici les fa\u00e7ons les plus courantes de l'utiliser :<\/p>\n\n\n\n<ul class=\"wp-block-list\">\n<li>Placer des lumi\u00e8res sous les armoires ou les garde-robes : Cela r\u00e9duit l'\u00e9blouissement et rend les lieux de travail et les \u00e9tag\u00e8res plus lumineux.<\/li>\n\n\n\n<li>\u00c9clairage de corniche pour l'architecture : Ajoute des lignes de lumi\u00e8re nettes pour un look moderne.<\/li>\n\n\n\n<li>Pr\u00e9sentations et \u00e9tag\u00e8res de magasin : Une lumi\u00e8re uniforme et accrocheuse fait ressortir les produits.<\/li>\n\n\n\n<li>\u00c9clairage de bureau ou de lieu de travail : Ce type d\u2019\u00e9clairage offre une lumi\u00e8re vive et propre, id\u00e9ale pour les postes de travail ou les zones de travail.<\/li>\n\n\n\n<li>Placer des lumi\u00e8res sur les murs ou les plafonds : Cela rend les projets d'\u00e9clairage lin\u00e9aire plus professionnels.<\/li>\n<\/ul>\n<\/div><\/div>\n\n\n\n<div class=\"wp-block-group is-vertical is-layout-flex wp-container-core-group-is-layout-d255d7c4 wp-block-group-is-layout-flex\" style=\"padding-top:var(--wp--preset--spacing--80);padding-bottom:var(--wp--preset--spacing--80)\">\n<p>Pour compl\u00e9ter le canal d'extrusion de 35x13mm, vous pourriez vouloir explorer le <a href=\"https:\/\/tangooled.com\/fr\/product\/black-led-diffuser-aluminum-channel-for-12mm-tape-lights\/\"><mark style=\"background-color:rgba(0, 0, 0, 0)\" class=\"has-inline-color has-vivid-red-color\">canal en aluminium diffuseur LED noir pour lumi\u00e8res \u00e0 bande de 12 mm<\/mark><\/a> ou le <a href=\"https:\/\/tangooled.com\/fr\/product\/surface-mount-led-profile-with-frosted-diffuser-for-10mm-rope-lights\/\"><mark style=\"background-color:rgba(0, 0, 0, 0)\" class=\"has-inline-color has-vivid-red-color\">profil LED \u00e0 monter en surface avec diffuseur d\u00e9poli pour \u00e9clairage \u00e0 corde de 10 mm<\/mark><\/a>. Ceux-ci peuvent \u00eatre excellents pour des bandes LED plus petites ou sp\u00e9cialis\u00e9es.<\/p>\n<\/div>\n\n\n\n<div class=\"wp-block-group has-background\" style=\"background-color:#f1f1f1;padding-top:var(--wp--preset--spacing--80);padding-bottom:var(--wp--preset--spacing--80)\"><div class=\"wp-block-group__inner-container is-layout-constrained wp-block-group-is-layout-constrained\">\n<h2 class=\"wp-block-heading\" style=\"padding-top:var(--wp--preset--spacing--40);padding-bottom:var(--wp--preset--spacing--40);font-size:25px;font-style:normal;font-weight:600;text-transform:capitalize\">R\u00e9sum\u00e9<\/h2>\n\n\n\n<p style=\"padding-right:var(--wp--preset--spacing--50);padding-left:var(--wp--preset--spacing--50)\">Le canal LED \u00e0 montage en surface de 35x13mm est un excellent moyen de rendre vos bandes LED propres et professionnelles. Ce canal est non seulement durable et \u00e9l\u00e9gant, mais il peut \u00e9galement \u00eatre utilis\u00e9 pour une large gamme de fins, y compris l'\u00e9clairage ambiant, de t\u00e2che, et l'\u00e9clairage lin\u00e9aire architectural. \u00cates-vous pr\u00eat \u00e0 am\u00e9liorer votre espace ? D\u00e9couvrez notre gamme compl\u00e8te de canaux d'extrusion LED pour trouver celui qui convient le mieux \u00e0 votre projet !<\/p>\n<\/div><\/div>\n\n\n\n<p><\/p>","protected":false},"featured_media":33381,"template":"","meta":{"_acf_changed":false,"_seopress_robots_primary_cat":"none","_seopress_titles_title":"Wide Slim Surface Mount LED Channel 35x13mm | TANGOOLED","_seopress_titles_desc":"Source this wide slim surface mount LED channel with a 35x13mm low-profile design. Ideal for sleek linear lighting where space is limited but a wide light-emitting surface is required.","_seopress_robots_index":""},"pcb-width":[230],"product-cat":[192],"class_list":{"0":"post-43526","1":"product","2":"type-product","3":"status-publish","4":"has-post-thumbnail","6":"pcb-width-20-25mm","7":"product-cat-surface-led-profile"},"acf":[],"_links":{"self":[{"href":"https:\/\/tangooled.com\/fr\/wp-json\/wp\/v2\/product\/43526","targetHints":{"allow":["GET"]}}],"collection":[{"href":"https:\/\/tangooled.com\/fr\/wp-json\/wp\/v2\/product"}],"about":[{"href":"https:\/\/tangooled.com\/fr\/wp-json\/wp\/v2\/types\/product"}],"wp:featuredmedia":[{"embeddable":true,"href":"https:\/\/tangooled.com\/fr\/wp-json\/wp\/v2\/media\/33381"}],"wp:attachment":[{"href":"https:\/\/tangooled.com\/fr\/wp-json\/wp\/v2\/media?parent=43526"}],"wp:term":[{"taxonomy":"pcb-width","embeddable":true,"href":"https:\/\/tangooled.com\/fr\/wp-json\/wp\/v2\/pcb-width?post=43526"},{"taxonomy":"product-cat","embeddable":true,"href":"https:\/\/tangooled.com\/fr\/wp-json\/wp\/v2\/product-cat?post=43526"}],"curies":[{"name":"wp","href":"https:\/\/api.w.org\/{rel}","templated":true}]}}