{"id":43524,"date":"2025-12-30T02:01:10","date_gmt":"2025-12-30T10:01:10","guid":{"rendered":"https:\/\/tangooled.com\/?post_type=product&#038;p=43524"},"modified":"2026-01-29T22:22:01","modified_gmt":"2026-01-30T06:22:01","slug":"flangeless-recessed-led-channel-35x18mm-trimless","status":"publish","type":"product","link":"https:\/\/tangooled.com\/fr\/product\/flangeless-recessed-led-channel-35x18mm-trimless\/","title":{"rendered":"Chanel LED encastr\u00e9 sans rebord 35x18mm pour \u00e9clairage sans cadre | S3518"},"content":{"rendered":"<div class=\"wp-block-group is-vertical is-layout-flex wp-container-core-group-is-layout-d255d7c4 wp-block-group-is-layout-flex\" style=\"padding-top:var(--wp--preset--spacing--80);padding-bottom:var(--wp--preset--spacing--80)\">\n<p>Le canal LED encastr\u00e9 S3518 sans rebord est un bon choix pour de nombreuses bandes LED, offrant une largeur int\u00e9rieure g\u00e9n\u00e9reuse de 21 mm pour un aspect professionnel. Con\u00e7u pour s'int\u00e9grer parfaitement dans les plafonds ou les murs, il offre une finition propre et sans cadre qui peut sublimer n'importe quel espace.<\/p>\n\n\n\n<p>Gr\u00e2ce \u00e0 son syst\u00e8me de montage avec boucles encastr\u00e9es, le profil reste parfaitement affleurant avec le placo. Ce design intelligent cache compl\u00e8tement le canal en aluminium \u00e0 l'int\u00e9rieur de la rainure, laissant place \u00e0 une lumi\u00e8re brillante et pure qui ressemble \u00e0 une partie naturelle de l'architecture.<\/p>\n\n\n\n<p>Crafted from high-quality 6063-T5 anodized aluminum, the S3518 ensures excellent heat dissipation to help your LEDs last longer. It&#8217;s the best way to have perfect architectural lighting in modern houses, businesses, stores, and hotels where a clean look is important.<\/p>\n<\/div>\n\n\n\n<div class=\"wp-block-group has-background is-vertical is-layout-flex wp-container-core-group-is-layout-d255d7c4 wp-block-group-is-layout-flex\" style=\"background-color:#f1f1f1;padding-top:var(--wp--preset--spacing--80);padding-bottom:var(--wp--preset--spacing--80)\">\n<div class=\"wp-block-group is-vertical is-layout-flex wp-container-core-group-is-layout-8cf370e7 wp-block-group-is-layout-flex\">\n<h2 class=\"wp-block-heading\" style=\"padding-top:var(--wp--preset--spacing--40);padding-bottom:var(--wp--preset--spacing--40);font-size:25px;font-style:normal;font-weight:600;text-transform:capitalize\">Pourquoi choisir notre canal LED encastr\u00e9 sans rebord 35x18mm ?<\/h2>\n\n\n\n<ul class=\"wp-block-list\">\n<li>Design sans rebord : Le canal en aluminium n'a pas de rebords pour un usage en encastrement sur surface plate. <\/li>\n\n\n\n<li>Pas de points chauds ni de taches : Le couvercle diffusant opale r\u00e9partit la lumi\u00e8re de mani\u00e8re homog\u00e8ne, offrant un \u00e9clat doux.<\/li>\n\n\n\n<li>Compatible avec de nombreuses bandes : Cela fonctionne avec des bandes LED jusqu'\u00e0 20mm de large, comme les bandes \u00e0 double rang\u00e9e et les \u00e9clairages \u00e0 LED r\u00e9sistants \u00e0 l'eau.<\/li>\n\n\n\n<li>Simple \u00e0 assembler : Utilisez les boucles encastr\u00e9es fournies pour le fixer aux plafonds ou \u00e0 l'arri\u00e8re des placards.<\/li>\n\n\n\n<li>Diff\u00e9rentes finitions : Vous pouvez choisir parmi l'argent, le noir ou le blanc pour correspondre \u00e0 votre style.<\/li>\n<\/ul>\n<\/div>\n<\/div>\n\n\n\n<div class=\"wp-block-group\" style=\"padding-top:var(--wp--preset--spacing--60);padding-bottom:var(--wp--preset--spacing--60)\"><div class=\"wp-block-group__inner-container is-layout-constrained wp-block-group-is-layout-constrained\">\n<div class=\"wp-block-media-text has-media-on-the-right is-stacked-on-mobile\" style=\"grid-template-columns:auto 40%\"><div class=\"wp-block-media-text__content\">\n<h2 class=\"wp-block-heading\" style=\"padding-top:var(--wp--preset--spacing--40);padding-bottom:var(--wp--preset--spacing--40);font-size:25px;font-style:normal;font-weight:600;text-transform:capitalize\">Comment installer<\/h2>\n\n\n\n<ul class=\"wp-block-list\">\n<li>Mettez le canal en aluminium dans les boucles encastr\u00e9es.<\/li>\n\n\n\n<li>Placez le canal et les boucles encastr\u00e9es dans la fente d\u00e9j\u00e0 d\u00e9coup\u00e9e.<\/li>\n\n\n\n<li>Mettez votre bande LED ou votre \u00e9clairage \u00e0 LED dans le canal.<\/li>\n\n\n\n<li>Mettez le couvercle diffuseur pour obtenir une lumi\u00e8re douce et uniforme.<\/li>\n\n\n\n<li>Utilisez les capuchons de finition pour sceller les extr\u00e9mit\u00e9s.<\/li>\n<\/ul>\n<\/div><figure class=\"wp-block-media-text__media\"><img loading=\"lazy\" decoding=\"async\" width=\"500\" height=\"500\" src=\"https:\/\/tangooled.com\/wp-content\/uploads\/2025\/12\/s3518-ins.webp\" alt=\"35x18mm flangeless recessed led channel for rope light\" class=\"wp-image-44663 size-full\" srcset=\"https:\/\/tangooled.com\/wp-content\/uploads\/2025\/12\/s3518-ins.webp 500w, https:\/\/tangooled.com\/wp-content\/uploads\/2025\/12\/s3518-ins-300x300.webp 300w, https:\/\/tangooled.com\/wp-content\/uploads\/2025\/12\/s3518-ins-150x150.webp 150w\" sizes=\"auto, (max-width: 500px) 100vw, 500px\" \/><\/figure><\/div>\n<\/div><\/div>\n\n\n\n<div class=\"wp-block-group has-background is-vertical is-layout-flex wp-container-core-group-is-layout-b429018a wp-block-group-is-layout-flex\" style=\"background-color:#f1f1f1f2;padding-top:var(--wp--preset--spacing--70);padding-bottom:var(--wp--preset--spacing--70)\">\n<h2 class=\"wp-block-heading\" style=\"padding-top:var(--wp--preset--spacing--40);padding-bottom:var(--wp--preset--spacing--40);font-size:25px;font-style:normal;font-weight:600\">O\u00f9 utiliser ce canal LED ?<\/h2>\n\n\n\n<ul class=\"wp-block-list\">\n<li>Placer des lumi\u00e8res derri\u00e8re les placards dans les cuisines et les espaces de travail.<\/li>\n\n\n\n<li>\u00c9clairage en corniche ou \u00e9clairage d'accentuation sur les murs des pi\u00e8ces ou des magasins.<\/li>\n\n\n\n<li>Lumi\u00e8res pour postes de travail, placards et penderies dans le garage.<\/li>\n\n\n\n<li>Bandes LED que l'on peut installer au plafond dans les bureaux ou les salons.<\/li>\n<\/ul>\n<\/div>\n\n\n\n<div class=\"wp-block-group\" style=\"padding-top:var(--wp--preset--spacing--80);padding-bottom:var(--wp--preset--spacing--80)\"><div class=\"wp-block-group__inner-container is-layout-constrained wp-block-group-is-layout-constrained\">\n<h2 class=\"wp-block-heading\" style=\"padding-top:var(--wp--preset--spacing--40);padding-bottom:var(--wp--preset--spacing--40);font-size:25px;font-style:normal;font-weight:600;text-transform:capitalize\">Accessoires et produits connexes<\/h2>\n\n\n\n<p>Si vous souhaitez explorer d'autres options pour votre projet d'\u00e9clairage, consultez ces canaux similaires :<\/p>\n\n\n\n<ul class=\"wp-block-list\">\n<li><a href=\"https:\/\/tangooled.com\/fr\/product\/black-led-profile-with-black-diffuser-for-10mm-led-strip-light\/\"><mark style=\"background-color:rgba(0, 0, 0, 0)\" class=\"has-inline-color has-vivid-red-color\">Profil LED noir avec diffuseur noir pour bande LED de 10 mm<\/mark><\/a><\/li>\n\n\n\n<li><a href=\"https:\/\/tangooled.com\/fr\/product\/surface-mount-led-profile-with-frosted-diffuser-for-10mm-rope-lights\/\"><mark style=\"background-color:rgba(0, 0, 0, 0)\" class=\"has-inline-color has-vivid-red-color\">Profil LED \u00e0 montage en surface avec diffuseur d\u00e9poli pour bandes de 10 mm<\/mark><\/a><\/li>\n\n\n\n<li><a href=\"https:\/\/tangooled.com\/fr\/product\/25x14m-surface-mounted-led-light-aluminum-profile\/\"><mark style=\"background-color:rgba(0, 0, 0, 0)\" class=\"has-inline-color has-vivid-red-color\">Profil\u00e9 en aluminium pour lumi\u00e8re LED mont\u00e9 en surface 25x14mm<\/mark><\/a><\/li>\n\n\n\n<li><a href=\"https:\/\/tangooled.com\/fr\/product\/18x9mm-led-tape-light-profile-for-surface-installation\/\"><mark style=\"background-color:rgba(0, 0, 0, 0)\" class=\"has-inline-color has-vivid-red-color\">profil de bande LED 18x9mm pour installation en surface<\/mark><\/a><\/li>\n\n\n\n<li><a href=\"https:\/\/tangooled.com\/fr\/product\/22x15mm-led-light-channel-aluminum-extrusion-for-flexible-strips\/\"><mark style=\"background-color:rgba(0, 0, 0, 0)\" class=\"has-inline-color has-vivid-red-color\">Extrusion de canal lumineux LED en aluminium 22x15mm pour bandes flexibles<\/mark><\/a><\/li>\n<\/ul>\n<\/div><\/div>\n\n\n\n<div class=\"wp-block-group has-background\" style=\"background-color:#f1f1f1;padding-top:var(--wp--preset--spacing--80);padding-bottom:var(--wp--preset--spacing--80)\"><div class=\"wp-block-group__inner-container is-layout-constrained wp-block-group-is-layout-constrained\">\n<h2 class=\"wp-block-heading\" style=\"padding-top:var(--wp--preset--spacing--40);padding-bottom:var(--wp--preset--spacing--40);font-size:25px;font-style:normal;font-weight:600;text-transform:capitalize\">R\u00e9sum\u00e9<\/h2>\n\n\n\n<p style=\"padding-right:var(--wp--preset--spacing--50);padding-left:var(--wp--preset--spacing--50)\">Our 35x18mm flangeless recessed LED channel is a tough and simple way to get that perfectly brilliant, even glow. Thanks to its wide profile and opal diffuser, the light looks soft and professional, with no harsh hotspots. It\u2019s incredibly versatile, too\u2014working with everything from basic DIY projects to smart systems like Philips Hue and RGBW strips. It\u2019s a perfect fit for your kitchen, closet, office, or anywhere else you want a sleek, clean LED look.<\/p>\n<\/div><\/div>\n\n\n\n<p><\/p>","protected":false},"featured_media":33378,"template":"","meta":{"_acf_changed":true,"_seopress_robots_primary_cat":"none","_seopress_titles_title":"Flangeless Recessed LED Channel 35x18mm Trimless | TANGOOLED","_seopress_titles_desc":"Source this 35x18mm flangeless recessed LED channel for a seamless, trimless lighting finish. Designed to be plastered into drywall, it offers a clean look for professional linear lighting.","_seopress_robots_index":""},"pcb-width":[230],"product-cat":[193],"class_list":{"0":"post-43524","1":"product","2":"type-product","3":"status-publish","4":"has-post-thumbnail","6":"pcb-width-20-25mm","7":"product-cat-recessed-profile"},"acf":[],"_links":{"self":[{"href":"https:\/\/tangooled.com\/fr\/wp-json\/wp\/v2\/product\/43524","targetHints":{"allow":["GET"]}}],"collection":[{"href":"https:\/\/tangooled.com\/fr\/wp-json\/wp\/v2\/product"}],"about":[{"href":"https:\/\/tangooled.com\/fr\/wp-json\/wp\/v2\/types\/product"}],"wp:featuredmedia":[{"embeddable":true,"href":"https:\/\/tangooled.com\/fr\/wp-json\/wp\/v2\/media\/33378"}],"wp:attachment":[{"href":"https:\/\/tangooled.com\/fr\/wp-json\/wp\/v2\/media?parent=43524"}],"wp:term":[{"taxonomy":"pcb-width","embeddable":true,"href":"https:\/\/tangooled.com\/fr\/wp-json\/wp\/v2\/pcb-width?post=43524"},{"taxonomy":"product-cat","embeddable":true,"href":"https:\/\/tangooled.com\/fr\/wp-json\/wp\/v2\/product-cat?post=43524"}],"curies":[{"name":"wp","href":"https:\/\/api.w.org\/{rel}","templated":true}]}}