{"id":43518,"date":"2025-12-30T01:54:41","date_gmt":"2025-12-30T09:54:41","guid":{"rendered":"https:\/\/tangooled.com\/?post_type=product&#038;p=43518"},"modified":"2026-01-23T01:00:59","modified_gmt":"2026-01-23T09:00:59","slug":"low-profile-recessed-led-channel-with-brackets-54x13mm","status":"publish","type":"product","link":"https:\/\/tangooled.com\/fr\/product\/low-profile-recessed-led-channel-with-brackets-54x13mm\/","title":{"rendered":"Profil\u00e9 LED encastr\u00e9 54x13mm avec supports"},"content":{"rendered":"<div class=\"wp-block-group is-vertical is-layout-flex wp-container-core-group-is-layout-d255d7c4 wp-block-group-is-layout-flex\" style=\"padding-top:var(--wp--preset--spacing--80);padding-bottom:var(--wp--preset--spacing--80)\">\n<p>Am\u00e9liorez votre projet avec notre profil\u00e9 LED encastr\u00e9 54x13mm avec supports pour un usage au plafond. Ce profil\u00e9 en aluminium est con\u00e7u pour offrir un aspect lisse et sans contours qui s'int\u00e8gre parfaitement aux plafonds en pl\u00e2tre ou en plaques de pl\u00e2tre. Il a une large largeur int\u00e9rieure de 43mm, ce qui le rend parfait pour accueillir des bandes LED extra-larges ou \u00e0 haute puissance.<\/p>\n\n\n\n<p>Ce profil\u00e9 encastr\u00e9 au plafond est id\u00e9al pour obtenir une finition architecturale parfaite, de sorte que votre lumi\u00e8re appara\u00eet comme une ligne lisse sans bords. Le m\u00e9canisme de montage \u00e0 boucle encastr\u00e9e facilite encore l'installation en fixant solidement le profil\u00e9 \u00e0 la structure de votre plafond.<\/p>\n\n\n\n<p>Le canal LED 54x13mm pour des installations encastr\u00e9es au plafond est con\u00e7u pour durer et est facile \u00e0 utiliser. Il vous permet de cr\u00e9er de belles lignes de lumi\u00e8re au rendu professionnel dans n'importe quelle pi\u00e8ce, offrant une solution simple mais \u00e9l\u00e9gante pour le design int\u00e9rieur moderne.<\/p>\n<\/div>\n\n\n\n<div class=\"wp-block-group has-background\" style=\"background-color:#f1f1f1;padding-top:var(--wp--preset--spacing--80);padding-bottom:var(--wp--preset--spacing--80)\"><div class=\"wp-block-group__inner-container is-layout-constrained wp-block-group-is-layout-constrained\">\n<div class=\"wp-block-group is-vertical is-layout-flex wp-container-core-group-is-layout-8cf370e7 wp-block-group-is-layout-flex\">\n<h2 class=\"wp-block-heading\" style=\"padding-top:var(--wp--preset--spacing--40);padding-bottom:var(--wp--preset--spacing--40);font-size:25px;font-style:normal;font-weight:600;text-transform:capitalize\">Pourquoi choisir notre profil\u00e9 LED encastr\u00e9 54x13mm ?<\/h2>\n\n\n\n<ul class=\"wp-block-list\">\n<li>Un design affleurant et sans contours donnera \u00e0 votre plafond un aspect moderne et \u00e9pur\u00e9.<\/li>\n\n\n\n<li>Ready to be plastered in, fits normal drywall (5\/8&#8243; or 1\/2&#8243;).<\/li>\n\n\n\n<li>Fabriqu\u00e9 en aluminium anodis\u00e9 durable 6063-T5 et agit comme un dissipateur de chaleur pour les bandes LED.<\/li>\n\n\n\n<li>Comprend des supports de montage robustes pour un maintien s\u00e9curis\u00e9.<\/li>\n\n\n\n<li>Livr\u00e9 avec un couvercle diffusant en polycarbonate pour une lumi\u00e8re homog\u00e8ne sans points lumineux.<\/li>\n\n\n\n<li>Compatible avec diff\u00e9rentes largeurs de bandes LED, telles que les bandes \u00e0 double rang\u00e9e, RGBW, blanc r\u00e9glable et d'autres bandes LED COB.<\/li>\n<\/ul>\n<\/div>\n<\/div><\/div>\n\n\n\n<div class=\"wp-block-group\" style=\"padding-top:var(--wp--preset--spacing--60);padding-bottom:var(--wp--preset--spacing--60)\"><div class=\"wp-block-group__inner-container is-layout-constrained wp-block-group-is-layout-constrained\">\n<div class=\"wp-block-media-text has-media-on-the-right is-stacked-on-mobile\" style=\"grid-template-columns:auto 40%\"><div class=\"wp-block-media-text__content\">\n<h2 class=\"wp-block-heading\" style=\"padding-top:var(--wp--preset--spacing--40);padding-bottom:var(--wp--preset--spacing--40);font-size:25px;font-style:normal;font-weight:600;text-transform:capitalize\">Comment installer le canal LED 54x13mm<\/h2>\n\n\n\n<ul class=\"wp-block-list\">\n<li>Utilisez les supports fournis avec le canal pour le couper et le fixer au cadre de votre mur ou plafond.<\/li>\n\n\n\n<li>Utilisez du pl\u00e2tre ou de la boue de plaques de pl\u00e2tre pour recouvrir les flans et rendre la surface lisse, afin qu'elle s\u2019harmonise avec le plafond.<\/li>\n\n\n\n<li>Ins\u00e9rez votre bande LED dans le canal une fois qu'il a s\u00e9ch\u00e9 et a \u00e9t\u00e9 ponc\u00e9.<\/li>\n\n\n\n<li>Clip the frosted diffuser cover in place to have a radiance that is even and doesn&#8217;t have any glare.<\/li>\n<\/ul>\n<\/div><figure class=\"wp-block-media-text__media\"><img loading=\"lazy\" decoding=\"async\" width=\"500\" height=\"500\" src=\"https:\/\/tangooled.com\/wp-content\/uploads\/2025\/12\/s5413-ins.webp\" alt=\"54x13mm led strip channel with bracket for ceiling recessed\" class=\"wp-image-43557 size-full\" srcset=\"https:\/\/tangooled.com\/wp-content\/uploads\/2025\/12\/s5413-ins.webp 500w, https:\/\/tangooled.com\/wp-content\/uploads\/2025\/12\/s5413-ins-300x300.webp 300w, https:\/\/tangooled.com\/wp-content\/uploads\/2025\/12\/s5413-ins-150x150.webp 150w\" sizes=\"auto, (max-width: 500px) 100vw, 500px\" \/><\/figure><\/div>\n<\/div><\/div>\n\n\n\n<div class=\"wp-block-group has-background\" style=\"background-color:#f1f1f1f2;padding-top:var(--wp--preset--spacing--80);padding-bottom:var(--wp--preset--spacing--80)\"><div class=\"wp-block-group__inner-container is-layout-constrained wp-block-group-is-layout-constrained\">\n<h2 class=\"wp-block-heading\" style=\"padding-top:var(--wp--preset--spacing--40);padding-bottom:var(--wp--preset--spacing--40);font-size:25px;font-style:normal;font-weight:600\">What\u2019s Included in the Package?<\/h2>\n\n\n\n<ul class=\"wp-block-list\">\n<li>Un canal LED en m\u00e9tal de 54x13mm (la longueur varie)<\/li>\n\n\n\n<li>Diffuseur en polycarbonate opale<\/li>\n\n\n\n<li>Deux capuchons en m\u00e9tal<\/li>\n\n\n\n<li>Supports de montage pour assurer un ajustement snug dans le plafond ou les murs<\/li>\n<\/ul>\n<\/div><\/div>\n\n\n\n<div class=\"wp-block-group is-vertical is-layout-flex wp-container-core-group-is-layout-d255d7c4 wp-block-group-is-layout-flex\" style=\"padding-top:var(--wp--preset--spacing--80);padding-bottom:var(--wp--preset--spacing--80)\">\n<h2 class=\"wp-block-heading\" style=\"padding-top:var(--wp--preset--spacing--40);padding-bottom:var(--wp--preset--spacing--40);font-size:25px;font-style:normal;font-weight:600;text-transform:capitalize\">Applications et sc\u00e9narios d'utilisation<\/h2>\n\n\n\n<ul class=\"wp-block-list\">\n<li>Bureaux et halls : Utilisez des profils LED architecturaux pour accentuer les plafonds.<\/li>\n\n\n\n<li>Cuisines : Placez-les au-dessus des \u00eelots ou des plans de travail pour \u00e9clairer les t\u00e2ches et ajouter du style.<\/li>\n\n\n\n<li>Magasins : Utilisez pour un \u00e9clairage qui reste allum\u00e9 en permanence et \u00e9conomise de l'\u00e9nergie tout en mettant en valeur les produits.<\/li>\n\n\n\n<li>Espaces hospitaliers : Utilisez des canaux LED sans cadre pour cr\u00e9er des espaces simples et priv\u00e9s.<\/li>\n<\/ul>\n<\/div>\n\n\n\n<div class=\"wp-block-group has-background\" style=\"background-color:#f1f1f1;padding-top:var(--wp--preset--spacing--80);padding-bottom:var(--wp--preset--spacing--80)\"><div class=\"wp-block-group__inner-container is-layout-constrained wp-block-group-is-layout-constrained\">\n<h2 class=\"wp-block-heading\" style=\"padding-top:var(--wp--preset--spacing--40);padding-bottom:var(--wp--preset--spacing--40);font-size:25px;font-style:normal;font-weight:600;text-transform:capitalize\">Accessoires et produits compatibles<\/h2>\n\n\n\n<ul class=\"wp-block-list\">\n<li><a href=\"https:\/\/tangooled.com\/fr\/product\/black-led-profile-with-black-diffuser-for-10mm-led-strip-light\/\"><mark style=\"background-color:rgba(0, 0, 0, 0)\" class=\"has-inline-color has-vivid-red-color\">Profil LED noir avec diffuseur noir pour bande LED de 10mm<\/mark><\/a><\/li>\n\n\n\n<li><a href=\"https:\/\/tangooled.com\/fr\/product\/black-led-diffuser-aluminum-channel-for-12mm-tape-lights\/\"><mark style=\"background-color:rgba(0, 0, 0, 0)\" class=\"has-inline-color has-vivid-red-color\">Canal en aluminium avec diffuseur LED noir pour bandes de 12mm<\/mark><\/a><\/li>\n\n\n\n<li><a href=\"https:\/\/tangooled.com\/fr\/product\/surface-mount-led-profile-with-frosted-diffuser-for-10mm-rope-lights\/\"><mark style=\"background-color:rgba(0, 0, 0, 0)\" class=\"has-inline-color has-vivid-red-color\">Profil LED \u00e0 monter en surface avec diffuseur d\u00e9poli pour lumi\u00e8res en corde de 10mm<\/mark><\/a><\/li>\n\n\n\n<li><a href=\"https:\/\/tangooled.com\/fr\/product\/led-strip-light-channel-aluminum-profile-with-diffused-cover-6mm-height\/\"><mark style=\"background-color:rgba(0, 0, 0, 0)\" class=\"has-inline-color has-vivid-red-color\">Profil en aluminium pour bande LED avec couverture diffusante de 6 mm de hauteur<\/mark><\/a><\/li>\n\n\n\n<li><a href=\"https:\/\/tangooled.com\/fr\/product\/aluminum-led-strip-extrusion-diffuser-channel-for-5050-double-row-led-strip\/\"><mark style=\"background-color:rgba(0, 0, 0, 0)\" class=\"has-inline-color has-vivid-red-color\">Canal de diffuseur en aluminium pour bande LED double rang\u00e9e 5050<\/mark><\/a><\/li>\n<\/ul>\n<\/div><\/div>\n\n\n\n<p><\/p>","protected":false},"featured_media":33372,"template":"","meta":{"_acf_changed":true,"_seopress_robots_primary_cat":"none","_seopress_titles_title":"Low Profile Recessed LED Channel 54x13mm Wide | TANGOOLED","_seopress_titles_desc":"This 54x13mm wide LED strip channel offers a low-profile recessed solution for shallow ceilings. Includes brackets for stable mounting and supports multi-row LED strips.","_seopress_robots_index":""},"pcb-width":[232],"product-cat":[193],"class_list":{"0":"post-43518","1":"product","2":"type-product","3":"status-publish","4":"has-post-thumbnail","6":"pcb-width-35-45mm","7":"product-cat-recessed-profile"},"acf":[],"_links":{"self":[{"href":"https:\/\/tangooled.com\/fr\/wp-json\/wp\/v2\/product\/43518","targetHints":{"allow":["GET"]}}],"collection":[{"href":"https:\/\/tangooled.com\/fr\/wp-json\/wp\/v2\/product"}],"about":[{"href":"https:\/\/tangooled.com\/fr\/wp-json\/wp\/v2\/types\/product"}],"wp:featuredmedia":[{"embeddable":true,"href":"https:\/\/tangooled.com\/fr\/wp-json\/wp\/v2\/media\/33372"}],"wp:attachment":[{"href":"https:\/\/tangooled.com\/fr\/wp-json\/wp\/v2\/media?parent=43518"}],"wp:term":[{"taxonomy":"pcb-width","embeddable":true,"href":"https:\/\/tangooled.com\/fr\/wp-json\/wp\/v2\/pcb-width?post=43518"},{"taxonomy":"product-cat","embeddable":true,"href":"https:\/\/tangooled.com\/fr\/wp-json\/wp\/v2\/product-cat?post=43518"}],"curies":[{"name":"wp","href":"https:\/\/api.w.org\/{rel}","templated":true}]}}