{"id":43517,"date":"2025-12-30T01:51:19","date_gmt":"2025-12-30T09:51:19","guid":{"rendered":"https:\/\/tangooled.com\/?post_type=product&#038;p=43517"},"modified":"2026-01-29T22:28:41","modified_gmt":"2026-01-30T06:28:41","slug":"45mm-inner-width-recessed-led-channel-54x18mm","status":"publish","type":"product","link":"https:\/\/tangooled.com\/fr\/product\/45mm-inner-width-recessed-led-channel-54x18mm\/","title":{"rendered":"Canal LED en aluminium encastr\u00e9 de 54x18 mm avec une largeur int\u00e9rieure de 45 mm"},"content":{"rendered":"<div class=\"wp-block-group is-vertical is-layout-flex wp-container-core-group-is-layout-d255d7c4 wp-block-group-is-layout-flex\" style=\"padding-top:var(--wp--preset--spacing--80);padding-bottom:var(--wp--preset--spacing--80)\">\n<p>Ce canal LED de 45 mm de largeur int\u00e9rieure S5418 mm est un excellent choix pour les projets de panneaux de pl\u00e2tre et de pl\u00e2tre encastr\u00e9s, offrant un look poli et sans cadre. Bien que l'ext\u00e9rieur mesure 54 mm de large et 18 mm de haut, le S5418 offre \u00e9tonnamment une largeur int\u00e9rieure g\u00e9n\u00e9reuse de 45,2 mm. Cela en fait un excellent logement pour des bandes LED substantielles telles que le Philips Hue Lightstrip, et il fonctionne tout aussi bien avec des bandes LED haute densit\u00e9. De plus, son design peu profond facilite l'installation, m\u00eame dans des cavit\u00e9s de plafond \u00e9troites.<\/p>\n\n\n\n<p>Installation is both secure and simple thanks to our unique recessed buckle system, which locks the profile firmly into the wall or ceiling. It&#8217;s the best choice for architectural projects that need a clean, steady light source and a seamless, built-in look.<\/p>\n<\/div>\n\n\n\n<div class=\"wp-block-group has-background\" style=\"background-color:#f1f1f1;padding-top:var(--wp--preset--spacing--80);padding-bottom:var(--wp--preset--spacing--80)\"><div class=\"wp-block-group__inner-container is-layout-constrained wp-block-group-is-layout-constrained\">\n<div class=\"wp-block-group is-vertical is-layout-flex wp-container-core-group-is-layout-8cf370e7 wp-block-group-is-layout-flex\">\n<h2 class=\"wp-block-heading\" style=\"padding-top:var(--wp--preset--spacing--40);padding-bottom:var(--wp--preset--spacing--40);font-size:25px;font-style:normal;font-weight:600;text-transform:capitalize\">Pourquoi choisir ce canal LED encastr\u00e9 de 45 mm de large ?<\/h2>\n\n\n\n<ul class=\"wp-block-list\">\n<li>La large largeur int\u00e9rieure de 45 mm est con\u00e7ue pour accueillir des bandes LED larges \u00e0 double ou triple rang\u00e9e, ce qui la rend compatible avec les bandes COB et SMD.<\/li>\n\n\n\n<li>Ce produit est fabriqu\u00e9 en aluminium anodis\u00e9 de haute qualit\u00e9, ce qui en fait un excellent dissipateur de chaleur pour les bandes LED et les aide \u00e0 durer plus longtemps.<\/li>\n\n\n\n<li>Ce produit est parfait pour les applications de canal LED dans les cloisons s\u00e8ches et l'\u00e9clairage encastr\u00e9 de plafond car il a \u00e9t\u00e9 con\u00e7u sp\u00e9cifiquement pour une utilisation dans le pl\u00e2tre.<\/li>\n\n\n\n<li>The milky diffuser cover that comes with it makes sure that the light is uniformly spread out and doesn&#8217;t have any dots.<\/li>\n\n\n\n<li>Les capuchons de fin et les boucles encastr\u00e9es qui accompagnent le produit facilitent l'installation et lui donnent un look propre et fini.<\/li>\n\n\n\n<li>Parfait pour de nombreuses utilisations en int\u00e9rieur, comme l'\u00e9clairage de couronne, les installations sous les meubles, les pr\u00e9sentations en magasin et les environnements de bureau modernes.<\/li>\n<\/ul>\n<\/div>\n<\/div><\/div>\n\n\n\n<div class=\"wp-block-group\" style=\"padding-top:var(--wp--preset--spacing--60);padding-bottom:var(--wp--preset--spacing--60)\"><div class=\"wp-block-group__inner-container is-layout-constrained wp-block-group-is-layout-constrained\">\n<div class=\"wp-block-media-text has-media-on-the-right is-stacked-on-mobile\" style=\"grid-template-columns:auto 40%\"><div class=\"wp-block-media-text__content\">\n<h2 class=\"wp-block-heading\" style=\"padding-top:var(--wp--preset--spacing--40);padding-bottom:var(--wp--preset--spacing--40);font-size:25px;font-style:normal;font-weight:600;text-transform:capitalize\">Comment Installer<\/h2>\n\n\n\n<ul class=\"wp-block-list\">\n<li>D\u00e9coupez un canal dans la cloison s\u00e8che ou le pl\u00e2tre, en suivant les mesures sp\u00e9cifi\u00e9es.<\/li>\n\n\n\n<li>Utilisez des boucles encastr\u00e9es pour maintenir le canal en aluminium en place et le fixer aux montants ou aux poutres.<\/li>\n\n\n\n<li>\u00c9talez du pl\u00e2tre ou de la boue de cloison s\u00e8che sur le rebord pour le rendre lisse.<\/li>\n\n\n\n<li>Poncez et peignez la zone pour qu'elle ressemble au mur ou au plafond environnant.<\/li>\n\n\n\n<li>Placez la bande LED dans le canal. Ensuite, mettez le couvercle diffusant d\u00e9poli en place et cliquez-le en place.<\/li>\n\n\n\n<li>Utilisez des capuchons de fin pour lui donner un aspect plus poli.<\/li>\n<\/ul>\n<\/div><figure class=\"wp-block-media-text__media\"><img loading=\"lazy\" decoding=\"async\" width=\"500\" height=\"500\" src=\"https:\/\/tangooled.com\/wp-content\/uploads\/2025\/12\/s5418-ins.webp\" alt=\"54x18mm led aluminum channel inner width 45mm for recessing\" class=\"wp-image-43556 size-full\" srcset=\"https:\/\/tangooled.com\/wp-content\/uploads\/2025\/12\/s5418-ins.webp 500w, https:\/\/tangooled.com\/wp-content\/uploads\/2025\/12\/s5418-ins-300x300.webp 300w, https:\/\/tangooled.com\/wp-content\/uploads\/2025\/12\/s5418-ins-150x150.webp 150w\" sizes=\"auto, (max-width: 500px) 100vw, 500px\" \/><\/figure><\/div>\n<\/div><\/div>\n\n\n\n<div class=\"wp-block-group has-background\" style=\"background-color:#f1f1f1f2;padding-top:var(--wp--preset--spacing--80);padding-bottom:var(--wp--preset--spacing--80)\"><div class=\"wp-block-group__inner-container is-layout-constrained wp-block-group-is-layout-constrained\">\n<h2 class=\"wp-block-heading\" style=\"padding-top:var(--wp--preset--spacing--40);padding-bottom:var(--wp--preset--spacing--40);font-size:25px;font-style:normal;font-weight:600\">O\u00f9 pouvez-vous utiliser ce produit ?<\/h2>\n\n\n\n<ul class=\"wp-block-list\">\n<li>La principale source de lumi\u00e8re dans les maisons et les entreprises.<\/li>\n\n\n\n<li>Installer des cloisons s\u00e8ches et du pl\u00e2tre et s'assurer que tout est parfaitement droit.<\/li>\n\n\n\n<li>Les lumi\u00e8res encastr\u00e9es au plafond sont un choix populaire pour les bureaux modernes, les cuisines et les salons, car elles ont un look \u00e9l\u00e9gant.<\/li>\n\n\n\n<li>Lumi\u00e8res sous le meuble et le mobilier qui fonctionnent ensemble.<\/li>\n\n\n\n<li>\u00c9clairage pour magasins et salles d'exposition con\u00e7u pour avoir un aspect \u00e9l\u00e9gant.<\/li>\n<\/ul>\n<\/div><\/div>\n\n\n\n<div class=\"wp-block-group is-vertical is-layout-flex wp-container-core-group-is-layout-d255d7c4 wp-block-group-is-layout-flex\" style=\"padding-top:var(--wp--preset--spacing--80);padding-bottom:var(--wp--preset--spacing--80)\">\n<h2 class=\"wp-block-heading\" style=\"padding-top:var(--wp--preset--spacing--40);padding-bottom:var(--wp--preset--spacing--40);font-size:25px;font-style:normal;font-weight:600;text-transform:capitalize\">Produits connexes qui pourraient vous int\u00e9resser :<\/h2>\n\n\n\n<ul class=\"wp-block-list\">\n<li><a href=\"https:\/\/tangooled.com\/fr\/product\/black-led-profile-with-black-diffuser-for-10mm-led-strip-light\/\"><mark style=\"background-color:rgba(0, 0, 0, 0)\" class=\"has-inline-color has-vivid-red-color\">Profil LED noir avec diffuseur noir pour bande LED de 10 mm<\/mark><\/a> \u2014 for narrower led tapes and sleek black finish.<\/li>\n\n\n\n<li><a href=\"https:\/\/tangooled.com\/fr\/product\/led-strip-light-channel-aluminum-profile-with-diffused-cover-6mm-height\/\"><mark style=\"background-color:rgba(0, 0, 0, 0)\" class=\"has-inline-color has-vivid-red-color\">Profil en aluminium pour bande LED avec couvercle diffusant de 6 mm de hauteur<\/mark><\/a> \u2014 low profile solution for surface mounting.<\/li>\n\n\n\n<li><a href=\"https:\/\/tangooled.com\/fr\/product\/25mm-u-shape-led-mounting-channel-for-15mm-double-row-led-strip-lights\/\"><mark style=\"background-color:rgba(0, 0, 0, 0)\" class=\"has-inline-color has-vivid-red-color\">Canal de montage LED en forme de U de 25 mm pour bandes LED \u00e0 double rang\u00e9e de 15 mm<\/mark><\/a> \u2014 wider option for double row led strips.<\/li>\n\n\n\n<li><a href=\"https:\/\/tangooled.com\/fr\/product\/surface-mount-led-profile-with-frosted-diffuser-for-10mm-rope-lights\/\"><mark style=\"background-color:rgba(0, 0, 0, 0)\" class=\"has-inline-color has-vivid-red-color\">Profil LED \u00e0 montage en surface avec diffuseur d\u00e9poli pour bandes de 10 mm<\/mark><\/a> \u2014 good companion profile for surface applications.<\/li>\n\n\n\n<li><mark style=\"background-color:rgba(0, 0, 0, 0)\" class=\"has-inline-color has-vivid-red-color\"><a href=\"https:\/\/tangooled.com\/fr\/product\/recessed-large-size-led-aluminum-channel-with-removable-inner-layer\/\">Canal LED en aluminium encastr\u00e9 de grande taille avec couche int\u00e9rieure amovible<\/a> <\/mark>\u2014 large profile option for heavy-duty projects.<\/li>\n<\/ul>\n<\/div>\n\n\n\n<p><\/p>","protected":false},"featured_media":33369,"template":"","meta":{"_acf_changed":true,"_seopress_robots_primary_cat":"none","_seopress_titles_title":"45mm Inner Width Recessed LED Channel 54x18mm | TANGOOLED","_seopress_titles_desc":"Achieve high-lumen output with our 54x18mm recessed LED channel. The 45mm inner width fits multiple LED strips for powerful, uniform linear lighting projects.","_seopress_robots_index":""},"pcb-width":[232],"product-cat":[193],"class_list":{"0":"post-43517","1":"product","2":"type-product","3":"status-publish","4":"has-post-thumbnail","6":"pcb-width-35-45mm","7":"product-cat-recessed-profile"},"acf":[],"_links":{"self":[{"href":"https:\/\/tangooled.com\/fr\/wp-json\/wp\/v2\/product\/43517","targetHints":{"allow":["GET"]}}],"collection":[{"href":"https:\/\/tangooled.com\/fr\/wp-json\/wp\/v2\/product"}],"about":[{"href":"https:\/\/tangooled.com\/fr\/wp-json\/wp\/v2\/types\/product"}],"wp:featuredmedia":[{"embeddable":true,"href":"https:\/\/tangooled.com\/fr\/wp-json\/wp\/v2\/media\/33369"}],"wp:attachment":[{"href":"https:\/\/tangooled.com\/fr\/wp-json\/wp\/v2\/media?parent=43517"}],"wp:term":[{"taxonomy":"pcb-width","embeddable":true,"href":"https:\/\/tangooled.com\/fr\/wp-json\/wp\/v2\/pcb-width?post=43517"},{"taxonomy":"product-cat","embeddable":true,"href":"https:\/\/tangooled.com\/fr\/wp-json\/wp\/v2\/product-cat?post=43517"}],"curies":[{"name":"wp","href":"https:\/\/api.w.org\/{rel}","templated":true}]}}