{"id":43515,"date":"2025-12-30T01:46:58","date_gmt":"2025-12-30T09:46:58","guid":{"rendered":"https:\/\/tangooled.com\/?post_type=product&#038;p=43515"},"modified":"2026-01-29T22:30:12","modified_gmt":"2026-01-30T06:30:12","slug":"wide-plaster-in-led-channel-trimless-50x20mm","status":"publish","type":"product","link":"https:\/\/tangooled.com\/fr\/product\/wide-plaster-in-led-channel-trimless-50x20mm\/","title":{"rendered":"Canal LED encastr\u00e9 sans flasque de 50x20mm pour pl\u00e2tre"},"content":{"rendered":"<div class=\"wp-block-group is-vertical is-layout-flex wp-container-core-group-is-layout-d255d7c4 wp-block-group-is-layout-flex\" style=\"padding-top:var(--wp--preset--spacing--80);padding-bottom:var(--wp--preset--spacing--80)\">\n<p>Ce canal LED de 50x20mm sans flasque est con\u00e7u pour se fondre harmonieusement dans les murs en plaques de pl\u00e2tre et les panneaux en pl\u00e2tre. Avec une largeur int\u00e9rieure de 43mm, il accueille facilement des bandes LED larges pour cr\u00e9er une lueur uniforme et \u00e9clatante.<\/p>\n\n\n\n<p>Its trimless design means there are no apparent frames; instead, there is a smooth, elegant light that makes any architectural space look better. The installation is easy and safe because of the special recessed buckle mounting system. The S5421 LED channel delivers a smooth, dot-free finish, making it the perfect choice for kitchens, offices, or high-end hotel interiors. It&#8217;s a simple way to add high-quality lighting straight to your walls and ceilings for a clean, modern effect.<\/p>\n<\/div>\n\n\n\n<div class=\"wp-block-group has-background\" style=\"background-color:#f1f1f1;padding-top:var(--wp--preset--spacing--80);padding-bottom:var(--wp--preset--spacing--80)\"><div class=\"wp-block-group__inner-container is-layout-constrained wp-block-group-is-layout-constrained\">\n<div class=\"wp-block-group is-vertical is-layout-flex wp-container-core-group-is-layout-8cf370e7 wp-block-group-is-layout-flex\">\n<h2 class=\"wp-block-heading\" style=\"padding-top:var(--wp--preset--spacing--40);padding-bottom:var(--wp--preset--spacing--40);font-size:25px;font-style:normal;font-weight:600;text-transform:capitalize\">Pourquoi choisir ce canal LED de 50x20mm sans flasque ?<\/h2>\n\n\n\n<ul class=\"wp-block-list\">\n<li>Le design sans mode d'emploi permet un pl\u00e2trage impeccable, r\u00e9sultant en une finition homog\u00e8ne.<\/li>\n\n\n\n<li>Fabriqu\u00e9 en aluminium anodis\u00e9 durable 6063-T5, ce design assure une gestion thermique efficace et des performances durables.<\/li>\n\n\n\n<li>Ce canal de 50mm de large peut contenir \u00e0 la fois des bandes LED larges et \u00e0 double rang\u00e9e.<\/li>\n\n\n\n<li>The 20mm profile&#8217;s depth makes sure that the light is always even and free of flaws.<\/li>\n\n\n\n<li>It works perfectly with drywall, which is why it&#8217;s&nbsp;ideal for modern lighting designs.<\/li>\n\n\n\n<li>Compatible avec plusieurs types de bandes LED, comme COB, RGBW, et blanc r\u00e9glable.<\/li>\n<\/ul>\n<\/div>\n<\/div><\/div>\n\n\n\n<div class=\"wp-block-group\" style=\"padding-top:var(--wp--preset--spacing--60);padding-bottom:var(--wp--preset--spacing--60)\"><div class=\"wp-block-group__inner-container is-layout-constrained wp-block-group-is-layout-constrained\">\n<div class=\"wp-block-media-text has-media-on-the-right is-stacked-on-mobile\" style=\"grid-template-columns:auto 40%\"><div class=\"wp-block-media-text__content\">\n<h2 class=\"wp-block-heading\" style=\"padding-top:var(--wp--preset--spacing--40);padding-bottom:var(--wp--preset--spacing--40);font-size:25px;font-style:normal;font-weight:600;text-transform:capitalize\">Comment utiliser ce canal LED en pl\u00e2tre de 50x20mm sans flasque<\/h2>\n\n\n\n<ul class=\"wp-block-list\">\n<li>Coupez le pl\u00e2tre \u00e0 la bonne taille pour s'adapter au canal.<\/li>\n\n\n\n<li>Utilisez des boucles encastr\u00e9es pour maintenir le canal en aluminium en place et le fixer aux montants ou aux poutres.&nbsp;<\/li>\n\n\n\n<li>Appliquez du compos\u00e9 \u00e0 joint (pl\u00e2tre) sur les flasques des boucles encastr\u00e9es.<\/li>\n\n\n\n<li>Pour obtenir une finition lisse et ind\u00e9tectable, poncez et peignez.<\/li>\n\n\n\n<li>Ins\u00e9rez votre bande LED dans le canal.<\/li>\n\n\n\n<li>Mettez le diffuseur pour obtenir une lumi\u00e8re uniforme et sans taches.<\/li>\n\n\n\n<li>Allumez votre bande LED.<\/li>\n<\/ul>\n<\/div><figure class=\"wp-block-media-text__media\"><img loading=\"lazy\" decoding=\"async\" width=\"500\" height=\"500\" src=\"https:\/\/tangooled.com\/wp-content\/uploads\/2025\/12\/s5421-ins.webp\" alt=\"flangeless 50x20mm led strip channel for recessing\" class=\"wp-image-43554 size-full\" srcset=\"https:\/\/tangooled.com\/wp-content\/uploads\/2025\/12\/s5421-ins.webp 500w, https:\/\/tangooled.com\/wp-content\/uploads\/2025\/12\/s5421-ins-300x300.webp 300w, https:\/\/tangooled.com\/wp-content\/uploads\/2025\/12\/s5421-ins-150x150.webp 150w\" sizes=\"auto, (max-width: 500px) 100vw, 500px\" \/><\/figure><\/div>\n<\/div><\/div>\n\n\n\n<div class=\"wp-block-group has-background\" style=\"background-color:#f1f1f1f2;padding-top:var(--wp--preset--spacing--80);padding-bottom:var(--wp--preset--spacing--80)\"><div class=\"wp-block-group__inner-container is-layout-constrained wp-block-group-is-layout-constrained\">\n<h2 class=\"wp-block-heading\" style=\"padding-top:var(--wp--preset--spacing--40);padding-bottom:var(--wp--preset--spacing--40);font-size:25px;font-style:normal;font-weight:600\">O\u00f9 utiliser votre canal LED encastr\u00e9 sans flasque de 50x20mm<\/h2>\n\n\n\n<ul class=\"wp-block-list\">\n<li>Plafonds : couloirs, cuisines, salons, salles de conf\u00e9rence.<\/li>\n\n\n\n<li>Murs : \u00e9clairage d'accent vertical et horizontal, lumi\u00e8res de guide, murs d'accent.<\/li>\n\n\n\n<li>Magasins : \u00e9clairage d'affichage de produits, zones d'accueil.<\/li>\n\n\n\n<li>H\u00f4tels et bureaux : \u00e9clairage ambiant et architectural.<\/li>\n\n\n\n<li>Partout o\u00f9 vous souhaitez un \u00e9clairage lin\u00e9aire int\u00e9gr\u00e9, sans mode d'emploi.<\/li>\n<\/ul>\n<\/div><\/div>\n\n\n\n<div class=\"wp-block-group\" style=\"padding-top:var(--wp--preset--spacing--80);padding-bottom:var(--wp--preset--spacing--80)\"><div class=\"wp-block-group__inner-container is-layout-constrained wp-block-group-is-layout-constrained\">\n<h2 class=\"wp-block-heading\" style=\"padding-top:var(--wp--preset--spacing--40);padding-bottom:var(--wp--preset--spacing--40);font-size:25px;font-style:normal;font-weight:600;text-transform:capitalize\">Explorez des profils associ\u00e9s<\/h2>\n\n\n\n<ul class=\"wp-block-list\">\n<li>Pour un montage en surface \u00e9l\u00e9gant, visitez <a href=\"https:\/\/tangooled.com\/fr\/product\/led-strip-light-channel-aluminum-profile-with-diffused-cover-6mm-height\/\"><mark style=\"background-color:rgba(0, 0, 0, 0)\" class=\"has-inline-color has-vivid-red-color\">Profil en aluminium de canal de bande LED avec couvercle diffusant de 6mm de hauteur.<\/mark><\/a><\/li>\n\n\n\n<li>Besoin d'une finition noire ? Essayez <a href=\"https:\/\/tangooled.com\/fr\/product\/black-led-diffuser-aluminum-channel-for-12mm-tape-lights\/\"><mark style=\"background-color:rgba(0, 0, 0, 0)\" class=\"has-inline-color has-vivid-red-color\">canal en aluminium diffuseur LED noir pour lumi\u00e8res \u00e0 bande de 12 mm<\/mark><\/a>.<\/li>\n\n\n\n<li>Pour une taille de bande plus petite, voyez notre <a href=\"https:\/\/tangooled.com\/fr\/product\/25x6mm-low-profile-led-strip-channel-for-10mm-led-strip-light\/\"><mark style=\"background-color:rgba(0, 0, 0, 0)\" class=\"has-inline-color has-vivid-red-color\">Canal de bande LED \u00e0 profil bas de 25x6mm pour bandes LED de 10mm<\/mark>.<\/a><\/li>\n<\/ul>\n<\/div><\/div>\n\n\n\n<div class=\"wp-block-group\" style=\"padding-top:0;padding-bottom:0\"><div class=\"wp-block-group__inner-container is-layout-constrained wp-block-group-is-layout-constrained\">\n<p>Elevate your lighting design with the flangeless 50x20mm recessed LED channel. It&#8217;s the ideal solution for achieving sleek, contemporary, and impactful linear lighting. This channel virtually vanishes into walls and ceilings, creating a genuinely architectural aesthetic.<\/p>\n<\/div><\/div>\n\n\n\n<p><\/p>","protected":false},"featured_media":33366,"template":"","meta":{"_acf_changed":true,"_seopress_robots_primary_cat":"none","_seopress_titles_title":"Wide Plaster-in LED Channel 50x20mm Trimless | TANGOOLED","_seopress_titles_desc":"Source this wide plaster-in LED channel with a 50x20mm profile. Designed for seamless integration into drywall, this extra-wide flangeless solution supports higher lumen output for modern spaces.","_seopress_robots_index":""},"pcb-width":[232],"product-cat":[193],"class_list":{"0":"post-43515","1":"product","2":"type-product","3":"status-publish","4":"has-post-thumbnail","6":"pcb-width-35-45mm","7":"product-cat-recessed-profile"},"acf":[],"_links":{"self":[{"href":"https:\/\/tangooled.com\/fr\/wp-json\/wp\/v2\/product\/43515","targetHints":{"allow":["GET"]}}],"collection":[{"href":"https:\/\/tangooled.com\/fr\/wp-json\/wp\/v2\/product"}],"about":[{"href":"https:\/\/tangooled.com\/fr\/wp-json\/wp\/v2\/types\/product"}],"wp:featuredmedia":[{"embeddable":true,"href":"https:\/\/tangooled.com\/fr\/wp-json\/wp\/v2\/media\/33366"}],"wp:attachment":[{"href":"https:\/\/tangooled.com\/fr\/wp-json\/wp\/v2\/media?parent=43515"}],"wp:term":[{"taxonomy":"pcb-width","embeddable":true,"href":"https:\/\/tangooled.com\/fr\/wp-json\/wp\/v2\/pcb-width?post=43515"},{"taxonomy":"product-cat","embeddable":true,"href":"https:\/\/tangooled.com\/fr\/wp-json\/wp\/v2\/product-cat?post=43515"}],"curies":[{"name":"wp","href":"https:\/\/api.w.org\/{rel}","templated":true}]}}