{"id":43513,"date":"2025-12-30T01:43:58","date_gmt":"2025-12-30T09:43:58","guid":{"rendered":"https:\/\/tangooled.com\/?post_type=product&#038;p=43513"},"modified":"2026-01-29T22:31:11","modified_gmt":"2026-01-30T06:31:11","slug":"extra-wide-low-profile-led-aluminum-channel-s7513","status":"publish","type":"product","link":"https:\/\/tangooled.com\/fr\/product\/extra-wide-low-profile-led-aluminum-channel-s7513\/","title":{"rendered":"Canal en aluminium LED extra large \u00e0 profil bas 75x13mm"},"content":{"rendered":"<div class=\"wp-block-group is-vertical is-layout-flex wp-container-core-group-is-layout-d255d7c4 wp-block-group-is-layout-flex\" style=\"padding-top:var(--wp--preset--spacing--80);padding-bottom:var(--wp--preset--spacing--80)\">\n<p>Notre canal en aluminium LED extra large \u00e0 profil bas 75x13mm est une extrusion en aluminium fine et sans cadre qui a fi\u00e8re allure sur les murs ou le pl\u00e2tre. Ce profil large offre des lignes de lumi\u00e8re lisses et continues sans cadres visibles. Il pr\u00e9sente un style moderne qui compl\u00e8te tout b\u00e2timent.<\/p>\n\n\n\n<p>This 13mm low-profile\u00a0is made of high-quality aluminum, which provides excellent heat dissipation, helping your LEDs last longer. The 63.7mm inner width allows you use several strips side by side, ensuring it works well for both functional and ambient lighting. The recessed buckle mounting system provides a tight, flush finish every time, making installation effortless.\u00a0It&#8217;s a great\u00a0solution for high-end residential or commercial applications that require elegant, simple lighting.<\/p>\n<\/div>\n\n\n\n<div class=\"wp-block-group has-background\" style=\"background-color:#f1f1f1;padding-top:var(--wp--preset--spacing--80);padding-bottom:var(--wp--preset--spacing--80)\"><div class=\"wp-block-group__inner-container is-layout-constrained wp-block-group-is-layout-constrained\">\n<div class=\"wp-block-group is-vertical is-layout-flex wp-container-core-group-is-layout-8cf370e7 wp-block-group-is-layout-flex\">\n<h2 class=\"wp-block-heading\" style=\"padding-top:var(--wp--preset--spacing--40);padding-bottom:var(--wp--preset--spacing--40);font-size:25px;font-style:normal;font-weight:600;text-transform:capitalize\">Pourquoi choisir le canal LED extra large \u00e0 profil bas 75x13mm ?<\/h2>\n\n\n\n<ul class=\"wp-block-list\">\n<li>Les crochets encastr\u00e9s et le design sans flasque garantissent que le canal dispara\u00eet compl\u00e8tement dans la surface apr\u00e8s le pl\u00e2trage.<\/li>\n\n\n\n<li>Le bo\u00eetier extra large de 75mm peut contenir plus d'une bande LED ou un ruban LED large et haute puissance, qui \u00e9met de la lumi\u00e8re de mani\u00e8re uniforme et largement.<\/li>\n\n\n\n<li>Il est fabriqu\u00e9 en aluminium anodis\u00e9, ce qui permet \u00e0 la chaleur de s'\u00e9chapper facilement et prolonge la dur\u00e9e de vie des LEDs.<\/li>\n\n\n\n<li>Le diffuseur opale \u00e0 enclenchement garde la poussi\u00e8re \u00e0 l'ext\u00e9rieur et s'assure que la lumi\u00e8re est r\u00e9partie uniform\u00e9ment sans points chauds.<\/li>\n\n\n\n<li>Id\u00e9al pour les installations en plaques de pl\u00e2tre, l'\u00e9clairage architectural et les maisons ou entreprises modernes.<\/li>\n<\/ul>\n<\/div>\n<\/div><\/div>\n\n\n\n<div class=\"wp-block-group\" style=\"padding-top:var(--wp--preset--spacing--60);padding-bottom:var(--wp--preset--spacing--60)\"><div class=\"wp-block-group__inner-container is-layout-constrained wp-block-group-is-layout-constrained\">\n<div class=\"wp-block-media-text has-media-on-the-right is-stacked-on-mobile\" style=\"grid-template-columns:auto 40%\"><div class=\"wp-block-media-text__content\">\n<h2 class=\"wp-block-heading\" style=\"padding-top:var(--wp--preset--spacing--40);padding-bottom:var(--wp--preset--spacing--40);font-size:25px;font-style:normal;font-weight:600;text-transform:capitalize\">Comment installer le profil LED en aluminium extra large \u00e0 profil bas 75x13mm<\/h2>\n\n\n\n<ul class=\"wp-block-list\">\n<li>D\u00e9coupez le trou dans la plaque de pl\u00e2tre \u00e0 la taille appropri\u00e9e pour le canal 75x13mm.<\/li>\n\n\n\n<li>Utilisez des crochets encastr\u00e9s pour attacher l'extrusion en aluminium \u00e0 la structure ou aux montants.<\/li>\n\n\n\n<li>Appliquez du mastic \u00e0 joints sur les flasques avec des trous et lissez-les.<\/li>\n\n\n\n<li>Poncez et peignez le mur pour le rendre lisse.<\/li>\n\n\n\n<li>Mettez des bandes LED de 63mm de large ou moins dans le canal.<\/li>\n\n\n\n<li>Enfin, mettez le diffuseur opale en place.<\/li>\n<\/ul>\n<\/div><figure class=\"wp-block-media-text__media\"><img loading=\"lazy\" decoding=\"async\" width=\"500\" height=\"500\" src=\"https:\/\/tangooled.com\/wp-content\/uploads\/2025\/12\/s7513-ins.webp\" alt=\"75x13mm flangeless aluminum led strip light channel\" class=\"wp-image-43551 size-full\" srcset=\"https:\/\/tangooled.com\/wp-content\/uploads\/2025\/12\/s7513-ins.webp 500w, https:\/\/tangooled.com\/wp-content\/uploads\/2025\/12\/s7513-ins-300x300.webp 300w, https:\/\/tangooled.com\/wp-content\/uploads\/2025\/12\/s7513-ins-150x150.webp 150w\" sizes=\"auto, (max-width: 500px) 100vw, 500px\" \/><\/figure><\/div>\n<\/div><\/div>\n\n\n\n<div class=\"wp-block-group has-background\" style=\"background-color:#f1f1f1f2;padding-top:var(--wp--preset--spacing--80);padding-bottom:var(--wp--preset--spacing--80)\"><div class=\"wp-block-group__inner-container is-layout-constrained wp-block-group-is-layout-constrained\">\n<h2 class=\"wp-block-heading\" style=\"padding-top:var(--wp--preset--spacing--40);padding-bottom:var(--wp--preset--spacing--40);font-size:25px;font-style:normal;font-weight:600\">Applications id\u00e9ales<\/h2>\n\n\n\n<ul class=\"wp-block-list\">\n<li>L'installation de plaques de pl\u00e2tre consiste \u00e0 les installer dans les murs ou les plafonds pour qu'elles soient de niveau et enduites.<\/li>\n\n\n\n<li>Un \u00e9clairage ambiant ou de travail clair peut \u00eatre utilis\u00e9 sous des meubles ou dans un \u00e9clairage en alcove dans des cuisines et des salons modernes.<\/li>\n\n\n\n<li>Magasins et entreprises : lumi\u00e8re lumineuse et large pour mettre en valeur des produits ou des aspects architecturaux.<\/li>\n\n\n\n<li>Pour les bureaux et les h\u00f4tels, un bo\u00eetier de bande LED large et robuste qui diffuse une lumi\u00e8re constante et sans \u00e9blouissement.<\/li>\n<\/ul>\n\n\n\n<p>Pour des alternatives de montage en surface, envisagez le <a href=\"https:\/\/tangooled.com\/fr\/product\/wide-slim-surface-mount-led-channel-35x13mm-s3513\/\"><mark style=\"background-color:rgba(0, 0, 0, 0)\" class=\"has-inline-color has-vivid-red-color\">Canal d'extrusion LED de montage en surface 35x13mm<\/mark><\/a> ou <a href=\"https:\/\/tangooled.com\/fr\/product\/18x9mm-led-tape-light-profile-for-surface-installation\/\"><mark style=\"background-color:rgba(0, 0, 0, 0)\" class=\"has-inline-color has-vivid-red-color\">Profil de bande LED autocollant 18x9mm pour installation en surface<\/mark><\/a>.<\/p>\n<\/div><\/div>\n\n\n\n<div class=\"wp-block-group\" style=\"padding-top:var(--wp--preset--spacing--80);padding-bottom:var(--wp--preset--spacing--80)\"><div class=\"wp-block-group__inner-container is-layout-constrained wp-block-group-is-layout-constrained\">\n<h2 class=\"wp-block-heading\" style=\"padding-top:var(--wp--preset--spacing--40);padding-bottom:var(--wp--preset--spacing--40);font-size:25px;font-style:normal;font-weight:600;text-transform:capitalize\">Explorer plus de profils pertinents<\/h2>\n\n\n\n<ul class=\"wp-block-list\">\n<li>Profil de surface RSlim : <a href=\"https:\/\/tangooled.com\/fr\/product\/17mm-led-strip-light-aluminum-channel-for-surface-mounting\/\"><mark style=\"background-color:rgba(0, 0, 0, 0)\" class=\"has-inline-color has-vivid-red-color\">Profil en aluminium pour bande LED de 17 mm pour montage en surface<\/mark><\/a><\/li>\n\n\n\n<li>Option extra \u00e9troite : <a href=\"https:\/\/tangooled.com\/fr\/product\/25x6mm-low-profile-led-strip-channel-for-10mm-led-strip-light\/\"><mark style=\"background-color:rgba(0, 0, 0, 0)\" class=\"has-inline-color has-vivid-red-color\">Canal LED \u00e0 profil bas 25x6mm pour bande LED de 10mm<\/mark><\/a><\/li>\n\n\n\n<li>Alternative de finition noire : <a href=\"https:\/\/tangooled.com\/fr\/product\/black-aluminum-u-channel-profile-for-10mm-led-strips\/\"><mark style=\"background-color:rgba(0, 0, 0, 0)\" class=\"has-inline-color has-vivid-red-color\">Profil de canal en aluminium noir en U pour bandes LED de 10mm<\/mark><\/a><\/li>\n<\/ul>\n<\/div><\/div>\n\n\n\n<div class=\"wp-block-group has-background\" style=\"background-color:#f1f1f1;padding-top:var(--wp--preset--spacing--80);padding-bottom:var(--wp--preset--spacing--80)\"><div class=\"wp-block-group__inner-container is-layout-constrained wp-block-group-is-layout-constrained\">\n<h2 class=\"wp-block-heading\" style=\"padding-top:var(--wp--preset--spacing--40);padding-bottom:var(--wp--preset--spacing--40);font-size:25px;font-style:normal;font-weight:600;text-transform:capitalize\">R\u00e9sum\u00e9<\/h2>\n\n\n\n<p style=\"padding-right:var(--wp--preset--spacing--50);padding-left:var(--wp--preset--spacing--50)\">Le canal de lumi\u00e8re \u00e0 bande LED en aluminium de 75x13mm sans flasque est un choix parfait pour tous vos besoins en \u00e9clairage architectural car il fournit une lumi\u00e8re LED large, sans cadre et puissante. Le corps en aluminium anodis\u00e9 et le diffuseur opale sont \u00e0 la fois durables et ont un excellent aspect. Ils fonctionnent \u00e9galement bien et conservent la chaleur. Ce canal est parfait pour int\u00e9grer des bandes LED dans des plaques de pl\u00e2tre ou du pl\u00e2tre. Vous pouvez l'utiliser avec de nombreux types de bandes LED diff\u00e9rentes, vous permettant de cr\u00e9er des designs adapt\u00e9s aux maisons, entreprises, magasins et h\u00f4tels.<\/p>\n<\/div><\/div>\n\n\n\n<p><\/p>","protected":false},"featured_media":33360,"template":"","meta":{"_acf_changed":false,"_seopress_robots_primary_cat":"none","_seopress_titles_title":"Extra Wide Low Profile LED Aluminum Channel 75x13mm | TANGOOLED","_seopress_titles_desc":"Explore our 75x13mm extra wide low profile LED aluminum channel. Designed for high-lumen output and seamless large-scale lighting, this ultra-wide profile fits multiple LED rows while maintaining a slim depth.","_seopress_robots_index":""},"pcb-width":[233],"product-cat":[193],"class_list":{"0":"post-43513","1":"product","2":"type-product","3":"status-publish","4":"has-post-thumbnail","6":"pcb-width-50-90mm","7":"product-cat-recessed-profile"},"acf":[],"_links":{"self":[{"href":"https:\/\/tangooled.com\/fr\/wp-json\/wp\/v2\/product\/43513","targetHints":{"allow":["GET"]}}],"collection":[{"href":"https:\/\/tangooled.com\/fr\/wp-json\/wp\/v2\/product"}],"about":[{"href":"https:\/\/tangooled.com\/fr\/wp-json\/wp\/v2\/types\/product"}],"wp:featuredmedia":[{"embeddable":true,"href":"https:\/\/tangooled.com\/fr\/wp-json\/wp\/v2\/media\/33360"}],"wp:attachment":[{"href":"https:\/\/tangooled.com\/fr\/wp-json\/wp\/v2\/media?parent=43513"}],"wp:term":[{"taxonomy":"pcb-width","embeddable":true,"href":"https:\/\/tangooled.com\/fr\/wp-json\/wp\/v2\/pcb-width?post=43513"},{"taxonomy":"product-cat","embeddable":true,"href":"https:\/\/tangooled.com\/fr\/wp-json\/wp\/v2\/product-cat?post=43513"}],"curies":[{"name":"wp","href":"https:\/\/api.w.org\/{rel}","templated":true}]}}