{"id":43089,"date":"2025-12-26T01:14:37","date_gmt":"2025-12-26T09:14:37","guid":{"rendered":"https:\/\/tangooled.com\/?post_type=product&#038;p=43089"},"modified":"2026-01-29T23:19:04","modified_gmt":"2026-01-30T07:19:04","slug":"35x35mm-surface-black-led-profile-square-channel","status":"publish","type":"product","link":"https:\/\/tangooled.com\/fr\/product\/35x35mm-surface-black-led-profile-square-channel\/","title":{"rendered":"Profil LED noir mont\u00e9 en surface de 35x35mm"},"content":{"rendered":"<div class=\"wp-block-group is-vertical is-layout-flex wp-container-core-group-is-layout-d255d7c4 wp-block-group-is-layout-flex\" style=\"padding-top:var(--wp--preset--spacing--80);padding-bottom:var(--wp--preset--spacing--80)\">\n<p>Notre profil LED noir \u00e0 montage en surface de 35x35mm (S3535A) est un choix \u00e9l\u00e9gant et excellent pour un \u00e9clairage professionnel. Avec ses dimensions carr\u00e9es de 35x35mm et une largeur interne de 25,6mm, il s'adapte parfaitement aux bandes LED standard et haute densit\u00e9. Cette extrusion flexible peut \u00eatre utilis\u00e9e pour des applications mont\u00e9es en surface, suspendues, encastr\u00e9es sans flasque, et fix\u00e9es au mur, garantissant que l'\u00e9clairage lin\u00e9aire s'\u00e9coule en douceur sur n'importe quel plan architectural. Le profil LED noir de 35x35mm est construit pour durer et s'int\u00e8gre parfaitement dans des environnements haut de gamme, y compris des bureaux d'entreprise, des magasins haut de gamme, et des maisons modernes. Il donne \u00e0 n'importe quelle pi\u00e8ce moderne un aspect propre et professionnel avec une lumi\u00e8re brillante et uniforme.<\/p>\n<\/div>\n\n\n\n<div class=\"wp-block-group has-background\" style=\"background-color:#f1f1f1;padding-top:var(--wp--preset--spacing--80);padding-bottom:var(--wp--preset--spacing--80)\"><div class=\"wp-block-group__inner-container is-layout-constrained wp-block-group-is-layout-constrained\">\n<div class=\"wp-block-group is-vertical is-layout-flex wp-container-core-group-is-layout-8cf370e7 wp-block-group-is-layout-flex\">\n<h2 class=\"wp-block-heading\" style=\"padding-top:var(--wp--preset--spacing--40);padding-bottom:var(--wp--preset--spacing--40);font-size:25px;font-style:normal;font-weight:600;text-transform:capitalize\">Pourquoi choisir notre profil LED noir \u00e0 montage en surface de 35x35mm ?<\/h2>\n\n\n\n<ul class=\"wp-block-list\">\n<li>Peut \u00eatre install\u00e9 de plusieurs mani\u00e8res : sur les plafonds ou les murs. Vous pouvez \u00e9galement l'accrocher comme une \u00e9l\u00e9gante lampe suspendue.<\/li>\n\n\n\n<li>Pas de points : Fonctionne parfaitement avec des diffuseurs d\u00e9poli ou opal pour cacher les points LED.<\/li>\n\n\n\n<li>Construction solide : L'aluminium anodis\u00e9 avec une finition noire mate est durable.<\/li>\n\n\n\n<li>Effet de dissipateur thermique : Cela garde vos bandes LED au frais, ce qui prolonge leur dur\u00e9e de vie.<\/li>\n\n\n\n<li>Fonctionne avec de nombreuses bandes LED : peut contenir des bandes LED jusqu'\u00e0 25mm de large.<\/li>\n<\/ul>\n<\/div>\n<\/div><\/div>\n\n\n\n<div class=\"wp-block-group is-vertical is-layout-flex wp-container-core-group-is-layout-d255d7c4 wp-block-group-is-layout-flex\" style=\"padding-top:var(--wp--preset--spacing--80);padding-bottom:var(--wp--preset--spacing--80)\">\n<hr class=\"wp-block-separator has-alpha-channel-opacity\"\/>\n\n\n\n<div class=\"wp-block-media-text has-media-on-the-right is-stacked-on-mobile\"><div class=\"wp-block-media-text__content\">\n<h2 class=\"wp-block-heading\" style=\"padding-top:var(--wp--preset--spacing--40);padding-bottom:var(--wp--preset--spacing--40);font-size:25px;font-style:normal;font-weight:600;text-transform:capitalize\">\u00c0 quoi pouvez-vous l'utiliser ?<\/h2>\n\n\n\n<ul class=\"wp-block-list\">\n<li>\u00c9clairage de bureau : Ces lumi\u00e8res sont id\u00e9ales pour suspendre des lumi\u00e8res lin\u00e9aires dans les salles de conf\u00e9rence ou les vitrines.<\/li>\n\n\n\n<li>\u00c9clairage pour la maison : Utilisez-le comme un profil LED suspendu dans la cuisine ou la salle \u00e0 manger.<\/li>\n\n\n\n<li>\u00c9clairage architectural : Id\u00e9al pour l'\u00e9clairage de corniches, le lavage des murs, et l'\u00e9clairage sous les armoires.<\/li>\n\n\n\n<li>Atelier et garage : Montage en surface pour un \u00e9clairage de t\u00e2che lumineux et constant.<\/li>\n<\/ul>\n<\/div><figure class=\"wp-block-media-text__media\"><img loading=\"lazy\" decoding=\"async\" width=\"500\" height=\"500\" src=\"https:\/\/tangooled.com\/wp-content\/uploads\/2025\/12\/s3535a-ins.webp\" alt=\"black led aluminum profile 35x35mm for surface mounting or suspension\" class=\"wp-image-43401 size-full\" srcset=\"https:\/\/tangooled.com\/wp-content\/uploads\/2025\/12\/s3535a-ins.webp 500w, https:\/\/tangooled.com\/wp-content\/uploads\/2025\/12\/s3535a-ins-300x300.webp 300w, https:\/\/tangooled.com\/wp-content\/uploads\/2025\/12\/s3535a-ins-150x150.webp 150w\" sizes=\"auto, (max-width: 500px) 100vw, 500px\" \/><\/figure><\/div>\n<\/div>\n\n\n\n<div class=\"wp-block-group has-background\" style=\"background-color:#f1f1f1f2;padding-top:var(--wp--preset--spacing--80);padding-bottom:var(--wp--preset--spacing--80)\"><div class=\"wp-block-group__inner-container is-layout-constrained wp-block-group-is-layout-constrained\">\n<h2 class=\"wp-block-heading\" style=\"padding-top:var(--wp--preset--spacing--40);padding-bottom:var(--wp--preset--spacing--40);font-size:25px;font-style:normal;font-weight:600;text-transform:capitalize\">Compl\u00e9tez votre syst\u00e8me d'\u00e9clairage avec les accessoires<\/h2>\n\n\n\n<ul class=\"wp-block-list\">\n<li>Clips de montage en surface : Supports faciles \u00e0 installer pour un ajustement s\u00e9curis\u00e9.<\/li>\n\n\n\n<li>Kits de suspension : Fils ajustables et auvents de plafond pour installation suspendue.<\/li>\n\n\n\n<li>Bouchons d'extr\u00e9mit\u00e9 : Fermez les extr\u00e9mit\u00e9s proprement et prot\u00e9gez contre la poussi\u00e8re et l'humidit\u00e9.<\/li>\n\n\n\n<li>Connecteurs &amp; joints : Pour les coins et les lignes continues longues.<\/li>\n<\/ul>\n<\/div><\/div>\n\n\n\n<div class=\"wp-block-group\" style=\"padding-top:var(--wp--preset--spacing--80);padding-bottom:var(--wp--preset--spacing--80)\"><div class=\"wp-block-group__inner-container is-layout-constrained wp-block-group-is-layout-constrained\">\n<h2 class=\"wp-block-heading\" style=\"padding-top:var(--wp--preset--spacing--40);padding-bottom:var(--wp--preset--spacing--40);font-size:25px;font-style:normal;font-weight:600;text-transform:capitalize\">Produits associ\u00e9s pour votre projet<\/h2>\n\n\n\n<ul class=\"wp-block-list\">\n<li><a href=\"https:\/\/tangooled.com\/fr\/product\/black-led-diffuser-aluminum-channel-for-12mm-tape-lights\/\"><mark style=\"background-color:rgba(0, 0, 0, 0)\" class=\"has-inline-color has-vivid-red-color\">Profil en aluminium avec diffuseur LED noir pour bandes de 12 mm<\/mark><\/a><\/li>\n\n\n\n<li><a href=\"https:\/\/tangooled.com\/fr\/product\/led-strip-light-channel-aluminum-profile-with-diffused-cover-6mm-height\/\"><mark style=\"background-color:rgba(0, 0, 0, 0)\" class=\"has-inline-color has-vivid-red-color\">Profil en aluminium pour bande LED avec couvercle diffusant de 6 mm de hauteur<\/mark><\/a><\/li>\n\n\n\n<li><a href=\"https:\/\/tangooled.com\/fr\/product\/aluminum-profile-with-60-degree-lens-led-diffuser\/\"><mark style=\"background-color:rgba(0, 0, 0, 0)\" class=\"has-inline-color has-vivid-red-color\">Profil en aluminium avec diffuseur lentille LED \u00e0 60 degr\u00e9s<\/mark><\/a><\/li>\n\n\n\n<li><a href=\"https:\/\/tangooled.com\/fr\/product\/25x14m-surface-mounted-led-light-aluminum-profile\/\"><mark style=\"background-color:rgba(0, 0, 0, 0)\" class=\"has-inline-color has-vivid-red-color\">Profil en aluminium LED mont\u00e9 en surface 25x14m<\/mark><\/a><\/li>\n<\/ul>\n<\/div><\/div>\n\n\n\n<div class=\"wp-block-group has-background\" style=\"background-color:#f1f1f1f2;padding-top:var(--wp--preset--spacing--80);padding-bottom:var(--wp--preset--spacing--80)\"><div class=\"wp-block-group__inner-container is-layout-constrained wp-block-group-is-layout-constrained\">\n<h2 class=\"wp-block-heading\" style=\"padding-top:var(--wp--preset--spacing--40);padding-bottom:var(--wp--preset--spacing--40);font-size:25px;font-style:normal;font-weight:600\">R\u00e9sum\u00e9<\/h2>\n\n\n\n<p style=\"padding-right:var(--wp--preset--spacing--50);padding-left:var(--wp--preset--spacing--50)\">Notre profil LED noir \u00e0 montage en surface de 35x35mm a un style moderne, est durable et facile \u00e0 installer tant pour le montage en surface que pour les lumi\u00e8res suspendues. Il fonctionne tr\u00e8s bien avec de nombreuses bandes LED et vous permet de cr\u00e9er un syst\u00e8me d'\u00e9clairage qui semble professionnel, \u00e9conome en \u00e9nergie et \u00e9l\u00e9gant. Pour plus de profils en aluminium LED, consultez : <mark style=\"background-color:rgba(0, 0, 0, 0)\" class=\"has-inline-color has-vivid-red-color\"><a href=\"https:\/\/tangooled.com\/fr\/product\/black-led-profile-with-black-diffuser-for-10mm-led-strip-light\/\">Profil LED noir avec diffuseur noir pour bande LED de 10mm<\/a>, <a href=\"https:\/\/tangooled.com\/fr\/product\/surface-mount-led-profile-with-frosted-diffuser-for-10mm-rope-lights\/\">Profil LED \u00e0 montage en surface avec diffuseur d\u00e9poli pour bandes de 10 mm<\/a>, <a href=\"https:\/\/tangooled.com\/fr\/product\/black-aluminum-u-channel-profile-for-10mm-led-strips\/\">Profil en aluminium en U noir pour bandes LED de 10mm<\/a><\/mark><\/p>\n<\/div><\/div>","protected":false},"featured_media":14722,"template":"","meta":{"_acf_changed":true,"_seopress_robots_primary_cat":"none","_seopress_titles_title":"35x35mm Surface Black LED Profile | Square Matte Black Aluminum Channel | TANGOOLED","_seopress_titles_desc":"Elevate your design with the S3535A, a 35x35mm surface black led profile. This square aluminum channel features a sleek matte finish, ideal for modern surface-mounted or pendant lighting in offices and retail spaces.","_seopress_robots_index":""},"pcb-width":[230],"product-cat":[192,194],"class_list":{"0":"post-43089","1":"product","2":"type-product","3":"status-publish","4":"has-post-thumbnail","6":"pcb-width-20-25mm","7":"product-cat-surface-led-profile","8":"product-cat-suspended-profile"},"acf":[],"_links":{"self":[{"href":"https:\/\/tangooled.com\/fr\/wp-json\/wp\/v2\/product\/43089","targetHints":{"allow":["GET"]}}],"collection":[{"href":"https:\/\/tangooled.com\/fr\/wp-json\/wp\/v2\/product"}],"about":[{"href":"https:\/\/tangooled.com\/fr\/wp-json\/wp\/v2\/types\/product"}],"wp:featuredmedia":[{"embeddable":true,"href":"https:\/\/tangooled.com\/fr\/wp-json\/wp\/v2\/media\/14722"}],"wp:attachment":[{"href":"https:\/\/tangooled.com\/fr\/wp-json\/wp\/v2\/media?parent=43089"}],"wp:term":[{"taxonomy":"pcb-width","embeddable":true,"href":"https:\/\/tangooled.com\/fr\/wp-json\/wp\/v2\/pcb-width?post=43089"},{"taxonomy":"product-cat","embeddable":true,"href":"https:\/\/tangooled.com\/fr\/wp-json\/wp\/v2\/product-cat?post=43089"}],"curies":[{"name":"wp","href":"https:\/\/api.w.org\/{rel}","templated":true}]}}