{"id":43087,"date":"2025-12-26T00:39:48","date_gmt":"2025-12-26T08:39:48","guid":{"rendered":"https:\/\/tangooled.com\/?post_type=product&#038;p=43087"},"modified":"2026-01-25T23:24:52","modified_gmt":"2026-01-26T07:24:52","slug":"pendant-led-strip-channel-35x35mm-inner-layer","status":"publish","type":"product","link":"https:\/\/tangooled.com\/fr\/product\/pendant-led-strip-channel-35x35mm-inner-layer\/","title":{"rendered":"Profil LED suspendu de 35x35mm (Conception int\u00e9rieure \u00e0 double couche)"},"content":{"rendered":"<div class=\"wp-block-group is-vertical is-layout-flex wp-container-core-group-is-layout-d255d7c4 wp-block-group-is-layout-flex\" style=\"padding-top:var(--wp--preset--spacing--80);padding-bottom:var(--wp--preset--spacing--80)\">\n<p>Notre profil LED suspendu de 35x35 mm est un design carr\u00e9 id\u00e9al pour un \u00e9clairage int\u00e9rieur moderne. Il a une taille totale de 35 mm de large et 35 mm de haut. Vous pouvez le suspendre, le monter sur une surface ou m\u00eame l'encastrer dans le plafond ou le mur. La couche int\u00e9rieure sp\u00e9ciale facilite l'entretien et la dissipation de la chaleur. De plus, le diffuseur opale sup\u00e9rieur adoucit les points LED et permet \u00e0 la lumi\u00e8re de se r\u00e9pandre de mani\u00e8re douce et attrayante. Pensez-y comme \u00e0 un bo\u00eetier pour vos bandes LED. Ce profil en aluminium de haute qualit\u00e9 les garde en s\u00e9curit\u00e9 et au frais, faisant durer vos lumi\u00e8res plus longtemps et les faisant briller plus fort. C'est une solution intelligente et propre pour tout projet d'\u00e9clairage lin\u00e9aire professionnel.<\/p>\n<\/div>\n\n\n\n<div class=\"wp-block-group has-background\" style=\"background-color:#f1f1f1;padding-top:var(--wp--preset--spacing--80);padding-bottom:var(--wp--preset--spacing--80)\"><div class=\"wp-block-group__inner-container is-layout-constrained wp-block-group-is-layout-constrained\">\n<div class=\"wp-block-group is-vertical is-layout-flex wp-container-core-group-is-layout-8cf370e7 wp-block-group-is-layout-flex\">\n<h2 class=\"wp-block-heading\" style=\"padding-top:var(--wp--preset--spacing--40);padding-bottom:var(--wp--preset--spacing--40);font-size:25px;font-style:normal;font-weight:600;text-transform:capitalize\">Pourquoi choisir notre profil LED suspendu de 35x35 mm ?<\/h2>\n\n\n\n<ul class=\"wp-block-list\">\n<li>Light Without Dots: The opal diffuser softens the LED light source, eliminating &#8220;hot spots&#8221; to create a seamless, even glow.<\/li>\n\n\n\n<li>Construction robuste : L'aluminium 6063-T5 refroidit rapidement les LED.<\/li>\n\n\n\n<li>Compatible avec de nombreuses bandes LED : Il peut accueillir des bandes jusqu'\u00e0 20 mm de large, comme les vari\u00e9t\u00e9s 2835, 5050 ou COB.<\/li>\n\n\n\n<li>Simple \u00e0 suspendre : Comprend un kit d\u2019accessoires complet (clips de montage, c\u00e2bles et capuchons de fin) pour un montage suspendu ou en surface facile.<\/li>\n\n\n\n<li>Design simple : Le design carr\u00e9 de 35 mm s'adapte bien \u00e0 de nombreux styles tendances.<\/li>\n<\/ul>\n<\/div>\n<\/div><\/div>\n\n\n\n<div class=\"wp-block-group is-vertical is-layout-flex wp-container-core-group-is-layout-d255d7c4 wp-block-group-is-layout-flex\" style=\"padding-top:var(--wp--preset--spacing--80);padding-bottom:var(--wp--preset--spacing--80)\">\n<hr class=\"wp-block-separator has-alpha-channel-opacity\"\/>\n\n\n\n<div class=\"wp-block-media-text has-media-on-the-right is-stacked-on-mobile\" style=\"grid-template-columns:auto 40%\"><div class=\"wp-block-media-text__content\">\n<h2 class=\"wp-block-heading\" style=\"padding-top:var(--wp--preset--spacing--40);padding-bottom:var(--wp--preset--spacing--40);font-size:25px;font-style:normal;font-weight:600;text-transform:capitalize\">How To Install 35&#215;35 pendant LED channel?<\/h2>\n\n\n\n<ul class=\"wp-block-list\">\n<li>Coupez le profil et le diffuseur \u00e0 la longueur souhait\u00e9e.<\/li>\n\n\n\n<li>Placez votre bande LED sur la couche int\u00e9rieure du profil.<\/li>\n\n\n\n<li>Mettez le diffuseur sur le dessus et encliquetez-le.<\/li>\n\n\n\n<li>Mettez soigneusement les capuchons de fin pour emp\u00eacher la poussi\u00e8re d'entrer.<\/li>\n\n\n\n<li>Utilisez le kit de c\u00e2bles suspendus, les clips ou les supports encastr\u00e9s inclus avec le produit pour terminer l'installation.<\/li>\n<\/ul>\n<\/div><figure class=\"wp-block-media-text__media\"><img loading=\"lazy\" decoding=\"async\" width=\"500\" height=\"500\" src=\"https:\/\/tangooled.com\/wp-content\/uploads\/2025\/12\/s3535b-ins.webp\" alt=\"pendant led strip channel 35mm with inner layer\" class=\"wp-image-43390 size-full\" srcset=\"https:\/\/tangooled.com\/wp-content\/uploads\/2025\/12\/s3535b-ins.webp 500w, https:\/\/tangooled.com\/wp-content\/uploads\/2025\/12\/s3535b-ins-300x300.webp 300w, https:\/\/tangooled.com\/wp-content\/uploads\/2025\/12\/s3535b-ins-150x150.webp 150w\" sizes=\"auto, (max-width: 500px) 100vw, 500px\" \/><\/figure><\/div>\n<\/div>\n\n\n\n<div class=\"wp-block-group has-background\" style=\"background-color:#f1f1f1f2;padding-top:var(--wp--preset--spacing--80);padding-bottom:var(--wp--preset--spacing--80)\"><div class=\"wp-block-group__inner-container is-layout-constrained wp-block-group-is-layout-constrained\">\n<h2 class=\"wp-block-heading\" style=\"padding-top:var(--wp--preset--spacing--40);padding-bottom:var(--wp--preset--spacing--40);font-size:25px;font-style:normal;font-weight:600;text-transform:capitalize\">O\u00f9 pouvez-vous l'utiliser ?<\/h2>\n\n\n\n<ul class=\"wp-block-list\">\n<li>Offices\u2014over desks or tables for clear light.<\/li>\n\n\n\n<li>Lumi\u00e8res suspendues brillantes qui semblent lisses dans la cuisine et la salle \u00e0 manger \u00e0 la maison.<\/li>\n\n\n\n<li>Les magasins et les centres commerciaux ont des lumi\u00e8res qui mettent en valeur vos produits.<\/li>\n\n\n\n<li>Les \u00e9coles et les gymnases ont besoin d'une lumi\u00e8re brillante et uniforme pour \u00eatre s\u00fbrs.<\/li>\n\n\n\n<li>H\u00f4tels et salons : un style moderne et sophistiqu\u00e9 pour les lieux publics.<\/li>\n\n\n\n<li>Les a\u00e9roports et les gares doivent avoir des lumi\u00e8res de plafond lumineuses et propres.<\/li>\n<\/ul>\n<\/div><\/div>\n\n\n\n<div class=\"wp-block-group\" style=\"padding-top:var(--wp--preset--spacing--80);padding-bottom:var(--wp--preset--spacing--80)\"><div class=\"wp-block-group__inner-container is-layout-constrained wp-block-group-is-layout-constrained\">\n<h2 class=\"wp-block-heading\" style=\"padding-top:var(--wp--preset--spacing--40);padding-bottom:var(--wp--preset--spacing--40);font-size:25px;font-style:normal;font-weight:600;text-transform:capitalize\">Produits associ\u00e9s qui pourraient vous int\u00e9resser<\/h2>\n\n\n\n<ul class=\"wp-block-list\">\n<li><a href=\"https:\/\/tangooled.com\/fr\/product\/black-led-diffuser-aluminum-channel-for-12mm-tape-lights\/\"><mark style=\"background-color:rgba(0, 0, 0, 0)\" class=\"has-inline-color has-vivid-red-color\">Profil en aluminium avec diffuseur LED noir pour bandes de 12 mm<\/mark><\/a> \u2014 a smaller diffuser channel for narrow LED strips.<\/li>\n\n\n\n<li><a href=\"https:\/\/tangooled.com\/fr\/product\/surface-mount-led-profile-with-frosted-diffuser-for-10mm-rope-lights\/\"><mark style=\"background-color:rgba(0, 0, 0, 0)\" class=\"has-inline-color has-vivid-red-color\">Profil LED \u00e0 montage en surface avec diffuseur d\u00e9poli pour bandes de 10 mm<\/mark><\/a> \u2014 perfect for surface mounting.<\/li>\n\n\n\n<li><a href=\"https:\/\/tangooled.com\/fr\/product\/black-aluminum-u-channel-profile-for-10mm-led-strips\/\"><mark style=\"background-color:rgba(0, 0, 0, 0)\" class=\"has-inline-color has-vivid-red-color\">Profil\u00e9 canal en aluminium noir en U pour bandes LED de 10mm<\/mark><\/a> \u2014 a stylish black option for 10mm strips.<\/li>\n\n\n\n<li><a href=\"https:\/\/tangooled.com\/fr\/product\/aluminum-profile-with-60-degree-lens-led-diffuser\/\"><mark style=\"background-color:rgba(0, 0, 0, 0)\" class=\"has-inline-color has-vivid-red-color\">Profil en aluminium avec diffuseur LED \u00e0 lentille de 60 degr\u00e9s<\/mark><\/a> \u2014 for sharp, focused light beams.<\/li>\n\n\n\n<li><mark style=\"background-color:rgba(0, 0, 0, 0)\" class=\"has-inline-color has-vivid-red-color\"><a href=\"https:\/\/tangooled.com\/fr\/product\/25x14m-surface-mounted-led-light-aluminum-profile\/\">Profil\u00e9 en aluminium pour lumi\u00e8re LED mont\u00e9 en surface 25x14mm<\/a> <\/mark>\u2014 slim profile for surface lights.<\/li>\n<\/ul>\n<\/div><\/div>","protected":false},"featured_media":14716,"template":"","meta":{"_acf_changed":true,"_seopress_robots_primary_cat":"none","_seopress_titles_title":"35x35mm Pendant LED Strip Channel | Professional Inner-Layer Profile | TANGOOLED","_seopress_titles_desc":"The S3535B is a premium 35x35mm pendant led strip channel featuring a removable inner layer for easy wiring. This heavy-duty square aluminum profile is perfect for high-end office and commercial suspended lighting.","_seopress_robots_index":""},"pcb-width":[229],"product-cat":[192,194],"class_list":{"0":"post-43087","1":"product","2":"type-product","3":"status-publish","4":"has-post-thumbnail","6":"pcb-width-15-20mm","7":"product-cat-surface-led-profile","8":"product-cat-suspended-profile"},"acf":[],"_links":{"self":[{"href":"https:\/\/tangooled.com\/fr\/wp-json\/wp\/v2\/product\/43087","targetHints":{"allow":["GET"]}}],"collection":[{"href":"https:\/\/tangooled.com\/fr\/wp-json\/wp\/v2\/product"}],"about":[{"href":"https:\/\/tangooled.com\/fr\/wp-json\/wp\/v2\/types\/product"}],"wp:featuredmedia":[{"embeddable":true,"href":"https:\/\/tangooled.com\/fr\/wp-json\/wp\/v2\/media\/14716"}],"wp:attachment":[{"href":"https:\/\/tangooled.com\/fr\/wp-json\/wp\/v2\/media?parent=43087"}],"wp:term":[{"taxonomy":"pcb-width","embeddable":true,"href":"https:\/\/tangooled.com\/fr\/wp-json\/wp\/v2\/pcb-width?post=43087"},{"taxonomy":"product-cat","embeddable":true,"href":"https:\/\/tangooled.com\/fr\/wp-json\/wp\/v2\/product-cat?post=43087"}],"curies":[{"name":"wp","href":"https:\/\/api.w.org\/{rel}","templated":true}]}}