{"id":43085,"date":"2025-12-26T00:34:49","date_gmt":"2025-12-26T08:34:49","guid":{"rendered":"https:\/\/tangooled.com\/?post_type=product&#038;p=43085"},"modified":"2026-01-25T23:32:35","modified_gmt":"2026-01-26T07:32:35","slug":"s3540a-3-sided-diffuser-led-pendant-profile","status":"publish","type":"product","link":"https:\/\/tangooled.com\/fr\/product\/s3540a-3-sided-diffuser-led-pendant-profile\/","title":{"rendered":"S3540A : Profil LED lin\u00e9aire haut de 40mm avec diffuseur \u00e0 3 faces"},"content":{"rendered":"<div class=\"wp-block-group is-vertical is-layout-flex wp-container-core-group-is-layout-d255d7c4 wp-block-group-is-layout-flex\" style=\"padding-top:var(--wp--preset--spacing--80);padding-bottom:var(--wp--preset--spacing--80)\">\n<p>Notre canal en aluminium de 35x40mm, dot\u00e9 d'un diffuseur carr\u00e9 \u00e0 trois c\u00f4t\u00e9s, est con\u00e7u pour maximiser la luminosit\u00e9 int\u00e9rieure. Avec une largeur de 35mm et une hauteur de 40mm, le couvercle en forme de bo\u00eete permet \u00e0 la lumi\u00e8re de s'\u00e9chapper par l'avant et les c\u00f4t\u00e9s, cr\u00e9ant une lueur plus large et plus immersive. Ce profil lin\u00e9aire tr\u00e8s adaptable supporte un montage en surface, encastr\u00e9 ou suspendu, le rendant id\u00e9al pour l'\u00e9clairage architectural haut de gamme. Il fournit un bo\u00eetier robuste qui prot\u00e8ge vos bandes LED tout en garantissant une esth\u00e9tique propre et professionnelle. En \u00e9liminant efficacement les points chauds et en distribuant la lumi\u00e8re uniform\u00e9ment, c'est un choix sup\u00e9rieur pour les espaces r\u00e9sidentiels ou commerciaux modernes.<\/p>\n<\/div>\n\n\n\n<div class=\"wp-block-group has-background\" style=\"background-color:#f1f1f1;padding-top:var(--wp--preset--spacing--80);padding-bottom:var(--wp--preset--spacing--80)\"><div class=\"wp-block-group__inner-container is-layout-constrained wp-block-group-is-layout-constrained\">\n<div class=\"wp-block-group is-vertical is-layout-flex wp-container-core-group-is-layout-8cf370e7 wp-block-group-is-layout-flex\">\n<h2 class=\"wp-block-heading\" style=\"padding-top:var(--wp--preset--spacing--40);padding-bottom:var(--wp--preset--spacing--40);font-size:25px;font-style:normal;font-weight:600;text-transform:capitalize\">Pourquoi devriez-vous choisir notre profil lin\u00e9aire LED ?<\/h2>\n\n\n\n<ul class=\"wp-block-list\">\n<li>L'\u00e9clairage \u00e0 trois c\u00f4t\u00e9s diffuse la lumi\u00e8re autour au lieu de simplement vers le bas.<\/li>\n\n\n\n<li>La faible hauteur du profil de 40mm rend votre design \u00e9l\u00e9gant et moderne.<\/li>\n\n\n\n<li>Fabriqu\u00e9 \u00e0 partir d'un profil en aluminium extrud\u00e9 robuste qui g\u00e8re bien la chaleur.<\/li>\n\n\n\n<li>Le diffuseur en polycarbonate opale emp\u00eache l'\u00e9blouissement et cache les points LED.<\/li>\n\n\n\n<li>Fonctionne avec des pilotes dimmables comme DALI et le r\u00e9glage 0-10V.\u00a0<\/li>\n\n\n\n<li>Supporte les LEDs de haute CRI 90+ pour un affichage des couleurs pr\u00e9cis.<\/li>\n<\/ul>\n<\/div>\n<\/div><\/div>\n\n\n\n<div class=\"wp-block-group is-vertical is-layout-flex wp-container-core-group-is-layout-d255d7c4 wp-block-group-is-layout-flex\" style=\"padding-top:var(--wp--preset--spacing--80);padding-bottom:var(--wp--preset--spacing--80)\">\n<hr class=\"wp-block-separator has-alpha-channel-opacity\"\/>\n\n\n\n<div class=\"wp-block-media-text has-media-on-the-right is-stacked-on-mobile\" style=\"grid-template-columns:auto 40%\"><div class=\"wp-block-media-text__content\">\n<h2 class=\"wp-block-heading\" style=\"padding-top:var(--wp--preset--spacing--40);padding-bottom:var(--wp--preset--spacing--40);font-size:25px;font-style:normal;font-weight:600;text-transform:capitalize\">Composants et installation<\/h2>\n\n\n\n<p>Le canal LED en aluminium est fourni avec un diffuseur \u00e0 trois c\u00f4t\u00e9s, des embouts m\u00e9talliques, des clips de montage et des fils pour le suspendre. Vous pouvez cr\u00e9er l'\u00e9clairage lin\u00e9aire souhait\u00e9 en suivant ces \u00e9tapes :<\/p>\n\n\n\n<ul class=\"wp-block-list\">\n<li>Coupez les canaux et les diffuseurs pour qu'ils correspondent \u00e0 votre espace.<\/li>\n\n\n\n<li>Choisissez les bonnes bandes LED avec une haute densit\u00e9, telles que COB ou 120LEDs\/M.<\/li>\n\n\n\n<li>Use an internal driver or an external driver that can dim the lights, like 0\u201310V or DALI.<\/li>\n\n\n\n<li>De petites connexions peuvent \u00eatre utilis\u00e9es pour cr\u00e9er de longues longueurs ou des formes uniques.<\/li>\n\n\n\n<li>Use clips\u00a0to attach the channel to the surface, or use a suspension wire to hang it.<\/li>\n<\/ul>\n<\/div><figure class=\"wp-block-media-text__media\"><img loading=\"lazy\" decoding=\"async\" width=\"500\" height=\"500\" src=\"https:\/\/tangooled.com\/wp-content\/uploads\/2025\/12\/s3540a-ins.webp\" alt=\"led linear profile with three sided diffuser for pendant 40mm height\" class=\"wp-image-43385 size-full\" srcset=\"https:\/\/tangooled.com\/wp-content\/uploads\/2025\/12\/s3540a-ins.webp 500w, https:\/\/tangooled.com\/wp-content\/uploads\/2025\/12\/s3540a-ins-300x300.webp 300w, https:\/\/tangooled.com\/wp-content\/uploads\/2025\/12\/s3540a-ins-150x150.webp 150w\" sizes=\"auto, (max-width: 500px) 100vw, 500px\" \/><\/figure><\/div>\n<\/div>\n\n\n\n<div class=\"wp-block-group has-background\" style=\"background-color:#f1f1f1f2;padding-top:var(--wp--preset--spacing--80);padding-bottom:var(--wp--preset--spacing--80)\"><div class=\"wp-block-group__inner-container is-layout-constrained wp-block-group-is-layout-constrained\">\n<h2 class=\"wp-block-heading\" style=\"padding-top:var(--wp--preset--spacing--40);padding-bottom:var(--wp--preset--spacing--40);font-size:25px;font-style:normal;font-weight:600\">Comment vous pouvez l'utiliser<\/h2>\n\n\n\n<p>Notre luminaire suspendu lin\u00e9aire peut \u00eatre utilis\u00e9 de nombreuses mani\u00e8res :<\/p>\n\n\n\n<ul class=\"wp-block-list\">\n<li>\u00c9clairage de bureau : lumi\u00e8re forte et douce pour les postes de travail et les salles de conf\u00e9rence.<\/li>\n\n\n\n<li>\u00c9clairage de vitrine pour magasins : id\u00e9al pour les salles d'exposition et les magasins.<\/li>\n\n\n\n<li>Suspension pour l'\u00eelot de cuisine : une lumi\u00e8re chic pour votre cuisine.<\/li>\n\n\n\n<li>Les espaces de restauration sont id\u00e9aux pour les halls d'h\u00f4tel et les restaurants.<\/li>\n\n\n\n<li>Pour un usage domestique : id\u00e9al pour \u00e9clairer la salle \u00e0 manger et le bureau \u00e0 domicile.<\/li>\n<\/ul>\n<\/div><\/div>\n\n\n\n<div class=\"wp-block-group\" style=\"padding-top:var(--wp--preset--spacing--80);padding-bottom:var(--wp--preset--spacing--80)\"><div class=\"wp-block-group__inner-container is-layout-constrained wp-block-group-is-layout-constrained\">\n<h2 class=\"wp-block-heading\" style=\"padding-top:var(--wp--preset--spacing--40);padding-bottom:var(--wp--preset--spacing--40);font-size:25px;font-style:normal;font-weight:600;text-transform:capitalize\">Produits et ressources connexes<\/h2>\n\n\n\n<p>D\u00e9couvrez d'autres profils et diffuseurs LED qui s'adaptent \u00e0 vos projets<\/p>\n\n\n\n<ul class=\"wp-block-list\">\n<li><a href=\"https:\/\/tangooled.com\/fr\/product\/black-led-diffuser-aluminum-channel-for-12mm-tape-lights\/\"><mark style=\"background-color:rgba(0, 0, 0, 0)\" class=\"has-inline-color has-vivid-red-color\">Profil en aluminium avec diffuseur LED noir pour bandes de 12 mm<\/mark><\/a><\/li>\n\n\n\n<li><a href=\"https:\/\/tangooled.com\/fr\/product\/18x9mm-led-tape-light-profile-for-surface-installation\/\"><mark style=\"background-color:rgba(0, 0, 0, 0)\" class=\"has-inline-color has-vivid-red-color\">profil de bande LED 18x9mm pour installation en surface<\/mark><\/a><\/li>\n\n\n\n<li><a href=\"https:\/\/tangooled.com\/fr\/product\/aluminum-profile-with-60-degree-lens-led-diffuser\/\"><mark style=\"background-color:rgba(0, 0, 0, 0)\" class=\"has-inline-color has-vivid-red-color\">Profil en aluminium avec diffuseur LED \u00e0 lentille de 60 degr\u00e9s<\/mark><\/a><\/li>\n<\/ul>\n<\/div><\/div>\n\n\n\n<div class=\"wp-block-group has-background\" style=\"background-color:#f1f1f1f2;padding-top:var(--wp--preset--spacing--80);padding-bottom:var(--wp--preset--spacing--80)\"><div class=\"wp-block-group__inner-container is-layout-constrained wp-block-group-is-layout-constrained\">\n<h2 class=\"wp-block-heading\" style=\"padding-top:var(--wp--preset--spacing--40);padding-bottom:var(--wp--preset--spacing--40);font-size:25px;font-style:normal;font-weight:600;text-transform:capitalize\">r\u00e9sum\u00e9<\/h2>\n\n\n\n<p style=\"padding-right:var(--wp--preset--spacing--50);padding-left:var(--wp--preset--spacing--50)\">Notre profil lin\u00e9aire LED suspendu de 40mm de hauteur avec un diffuseur \u00e0 trois c\u00f4t\u00e9s a un aspect moderne, fonctionne tr\u00e8s bien et est facile \u00e0 installer. Id\u00e9al pour \u00e9clairer des bureaux, des vitrines de magasin, des espaces de travail \u00e9l\u00e9gants, et bien plus encore. La forme en aluminium extrud\u00e9 avec un diffuseur tri-directionnel rend vos lumi\u00e8res brillantes et douces, sans \u00e9blouissement ni spots durs. Pour vos besoins en \u00e9clairage lin\u00e9aire suspendu, utilisez ce profil. Vous obtenez style, contr\u00f4le et durabilit\u00e9 dans un design compact de 40mm. Contactez-nous d\u00e8s aujourd'hui pour conna\u00eetre les prix ou pour passer une commande sp\u00e9ciale !<\/p>\n<\/div><\/div>","protected":false},"featured_media":16234,"template":"","meta":{"_acf_changed":true,"_seopress_robots_primary_cat":"none","_seopress_titles_title":"S3540A 3-Sided Diffuser LED Profile | 40mm High Pendant Channel | TANGOOLED","_seopress_titles_desc":"The S3540A is a 40mm high LED linear profile featuring a three-sided diffuser for a 180\u00b0 lighting effect. Perfect for decorative pendant installations where wide light distribution is required.","_seopress_robots_index":""},"pcb-width":[230],"product-cat":[192,194],"class_list":{"0":"post-43085","1":"product","2":"type-product","3":"status-publish","4":"has-post-thumbnail","6":"pcb-width-20-25mm","7":"product-cat-surface-led-profile","8":"product-cat-suspended-profile"},"acf":[],"_links":{"self":[{"href":"https:\/\/tangooled.com\/fr\/wp-json\/wp\/v2\/product\/43085","targetHints":{"allow":["GET"]}}],"collection":[{"href":"https:\/\/tangooled.com\/fr\/wp-json\/wp\/v2\/product"}],"about":[{"href":"https:\/\/tangooled.com\/fr\/wp-json\/wp\/v2\/types\/product"}],"wp:featuredmedia":[{"embeddable":true,"href":"https:\/\/tangooled.com\/fr\/wp-json\/wp\/v2\/media\/16234"}],"wp:attachment":[{"href":"https:\/\/tangooled.com\/fr\/wp-json\/wp\/v2\/media?parent=43085"}],"wp:term":[{"taxonomy":"pcb-width","embeddable":true,"href":"https:\/\/tangooled.com\/fr\/wp-json\/wp\/v2\/pcb-width?post=43085"},{"taxonomy":"product-cat","embeddable":true,"href":"https:\/\/tangooled.com\/fr\/wp-json\/wp\/v2\/product-cat?post=43085"}],"curies":[{"name":"wp","href":"https:\/\/api.w.org\/{rel}","templated":true}]}}