{"id":43083,"date":"2025-12-26T00:28:04","date_gmt":"2025-12-26T08:28:04","guid":{"rendered":"https:\/\/tangooled.com\/?post_type=product&#038;p=43083"},"modified":"2026-01-25T23:46:47","modified_gmt":"2026-01-26T07:46:47","slug":"s3540b-curved-diffuser-35x40mm-led-channel","status":"publish","type":"product","link":"https:\/\/tangooled.com\/fr\/product\/s3540b-curved-diffuser-35x40mm-led-channel\/","title":{"rendered":"S3540B : Canal LED en aluminium de 35x40mm avec diffuseur courb\u00e9"},"content":{"rendered":"<div class=\"wp-block-group is-vertical is-layout-flex wp-container-core-group-is-layout-d255d7c4 wp-block-group-is-layout-flex\" style=\"padding-top:var(--wp--preset--spacing--80);padding-bottom:var(--wp--preset--spacing--80)\">\n<p>Le canal en aluminium de 35x40 mm avec diffuseur courb\u00e9 est con\u00e7u pour des bandes LED de 20 mm, am\u00e9liorant n'importe quel espace avec une lumi\u00e8re large et douce. Le couvercle en forme d'arc fournit une distribution de lumi\u00e8re homog\u00e8ne, tandis que la largeur de 35 mm et la hauteur de 40 mm offrent un logement robuste pour votre \u00e9clairage. Id\u00e9al pour l'\u00e9clairage lin\u00e9aire int\u00e9rieur, il peut \u00eatre mont\u00e9 en surface, encastr\u00e9 ou suspendu. Cette extrusion en aluminium garantit une finition \u00e9l\u00e9gante et propre en \u00e9liminant les points LED visibles et en prot\u00e9geant vos bandes dans un canal en aluminium durable.<\/p>\n<\/div>\n\n\n\n<div class=\"wp-block-group has-background\" style=\"background-color:#f1f1f1;padding-top:var(--wp--preset--spacing--80);padding-bottom:var(--wp--preset--spacing--80)\"><div class=\"wp-block-group__inner-container is-layout-constrained wp-block-group-is-layout-constrained\">\n<div class=\"wp-block-group is-vertical is-layout-flex wp-container-core-group-is-layout-8cf370e7 wp-block-group-is-layout-flex\">\n<h2 class=\"wp-block-heading\" style=\"padding-top:var(--wp--preset--spacing--40);padding-bottom:var(--wp--preset--spacing--40);font-size:25px;font-style:normal;font-weight:600;text-transform:capitalize\">Pourquoi choisir notre canal en aluminium de 35x40 mm ?<\/h2>\n\n\n\n<ul class=\"wp-block-list\">\n<li>Fabriqu\u00e9 en alliage d'aluminium 6063-T5 pour une grande r\u00e9sistance et une dissipation de chaleur optimale.<\/li>\n\n\n\n<li>Livr\u00e9 avec un diffuseur opale courb\u00e9 pour adoucir la lumi\u00e8re et r\u00e9duire l'\u00e9blouissement.<\/li>\n\n\n\n<li>Con\u00e7u pour s'adapter aux bandes LED flexibles de 20 mm de large, y compris les bandes LED haute puissance et COB.<\/li>\n\n\n\n<li>Pr\u00eat pour un montage en surface ou en suspension avec clips de montage et c\u00e2bles de suspension.<\/li>\n\n\n\n<li>Options de finition en couleurs anodis\u00e9es argent, noir et blanc pour le style et la durabilit\u00e9.<\/li>\n\n\n\n<li>Con\u00e7u pour durer avec des mat\u00e9riaux r\u00e9sistants au jaunissement et \u00e0 la corrosion.<\/li>\n<\/ul>\n<\/div>\n<\/div><\/div>\n\n\n\n<div class=\"wp-block-group is-vertical is-layout-flex wp-container-core-group-is-layout-d255d7c4 wp-block-group-is-layout-flex\" style=\"padding-top:var(--wp--preset--spacing--80);padding-bottom:var(--wp--preset--spacing--80)\">\n<hr class=\"wp-block-separator has-alpha-channel-opacity\"\/>\n\n\n\n<div class=\"wp-block-media-text has-media-on-the-right is-stacked-on-mobile\" style=\"grid-template-columns:auto 40%\"><div class=\"wp-block-media-text__content\">\n<h2 class=\"wp-block-heading\" style=\"padding-top:var(--wp--preset--spacing--40);padding-bottom:var(--wp--preset--spacing--40);font-size:25px;font-style:normal;font-weight:600;text-transform:capitalize\">Options d'installation<\/h2>\n\n\n\n<ul class=\"wp-block-list\">\n<li>Mounting on the surface:\u00a0Use the mounting clips that come with the aluminum channel to keep it in place. Great for walls, ceilings, and flat surfaces.<\/li>\n\n\n\n<li>Installation d'un pendentif suspendu : Pour suspendre le profil en aluminium pour un \u00e9clairage moderne au plafond, utilisez les fils de suspension inclus. Fonctionne bien dans les bureaux, cuisines et magasins.<\/li>\n<\/ul>\n<\/div><figure class=\"wp-block-media-text__media\"><img loading=\"lazy\" decoding=\"async\" width=\"500\" height=\"500\" src=\"https:\/\/tangooled.com\/wp-content\/uploads\/2025\/12\/s3540b-ins.webp\" alt=\"35x40mm aluminum channel with curved diffuser for 20mm led strip\" class=\"wp-image-43376 size-full\" srcset=\"https:\/\/tangooled.com\/wp-content\/uploads\/2025\/12\/s3540b-ins.webp 500w, https:\/\/tangooled.com\/wp-content\/uploads\/2025\/12\/s3540b-ins-300x300.webp 300w, https:\/\/tangooled.com\/wp-content\/uploads\/2025\/12\/s3540b-ins-150x150.webp 150w\" sizes=\"auto, (max-width: 500px) 100vw, 500px\" \/><\/figure><\/div>\n<\/div>\n\n\n\n<div class=\"wp-block-group has-background\" style=\"background-color:#f1f1f1f2;padding-top:var(--wp--preset--spacing--80);padding-bottom:var(--wp--preset--spacing--80)\"><div class=\"wp-block-group__inner-container is-layout-constrained wp-block-group-is-layout-constrained\">\n<h2 class=\"wp-block-heading\" style=\"padding-top:var(--wp--preset--spacing--40);padding-bottom:var(--wp--preset--spacing--40);font-size:25px;font-style:normal;font-weight:600\">Applications populaires<\/h2>\n\n\n\n<ul class=\"wp-block-list\">\n<li>\u00c9clairage pour entreprises et bureaux : Lumi\u00e8re claire, propre et moderne pour les bureaux et salles de r\u00e9union.<\/li>\n\n\n\n<li>\u00c9clairage d'accent architectural : Illuminez les murs, corniches ou \u00e9tag\u00e8res d'exposition en douceur sans cr\u00e9er de points chauds.<\/li>\n\n\n\n<li>Vitrines de vente : Utilisez des faisceaux lumineux larges et doux pour attirer l'attention sur les produits.<\/li>\n\n\n\n<li>Espaces r\u00e9sidentiels : \u00celots de cuisine, couloirs et placards n\u00e9cessitant un \u00e9clairage de t\u00e2che styl\u00e9.<\/li>\n\n\n\n<li>\u00c9clairage pour h\u00f4tels et halls : Rendez l'espace chaleureux et accueillant sans aucune \u00e9blouissement.<\/li>\n<\/ul>\n<\/div><\/div>\n\n\n\n<div class=\"wp-block-group\" style=\"padding-top:var(--wp--preset--spacing--80);padding-bottom:var(--wp--preset--spacing--80)\"><div class=\"wp-block-group__inner-container is-layout-constrained wp-block-group-is-layout-constrained\">\n<p>D\u00e9couvrez comment cela s'int\u00e8gre \u00e0 votre projet en consultant ces produits connexes<\/p>\n\n\n\n<ul class=\"wp-block-list\">\n<li><a href=\"https:\/\/tangooled.com\/fr\/product\/black-led-diffuser-aluminum-channel-for-12mm-tape-lights\/\"><mark style=\"background-color:rgba(0, 0, 0, 0)\" class=\"has-inline-color has-vivid-red-color\">Profil en aluminium avec diffuseur LED noir pour bandes de 12 mm<\/mark><\/a><\/li>\n\n\n\n<li><a href=\"https:\/\/tangooled.com\/fr\/product\/surface-mount-30mm-led-diffuser-channel-for-two-led-strips\/\"><mark style=\"background-color:rgba(0, 0, 0, 0)\" class=\"has-inline-color has-vivid-red-color\">Canal diffuseur LED de 30 mm \u00e0 montage en surface pour deux bandes LED<\/mark><\/a><\/li>\n\n\n\n<li><a href=\"https:\/\/tangooled.com\/fr\/product\/17mm-led-strip-light-aluminum-channel-for-surface-mounting\/\"><mark style=\"background-color:rgba(0, 0, 0, 0)\" class=\"has-inline-color has-vivid-red-color\">Canal en aluminium pour bande LED de 17 mm \u00e0 montage en surface<\/mark><\/a><\/li>\n<\/ul>\n<\/div><\/div>\n\n\n\n<div class=\"wp-block-group has-background\" style=\"background-color:#f1f1f1f2;padding-top:var(--wp--preset--spacing--80);padding-bottom:var(--wp--preset--spacing--80)\"><div class=\"wp-block-group__inner-container is-layout-constrained wp-block-group-is-layout-constrained\">\n<h2 class=\"wp-block-heading\" style=\"padding-top:var(--wp--preset--spacing--40);padding-bottom:var(--wp--preset--spacing--40);font-size:25px;font-style:normal;font-weight:600\">R\u00e9sum\u00e9<\/h2>\n\n\n\n<p>Le canal en aluminium de 35x40 mm avec diffuseur courb\u00e9 est un excellent profil LED en aluminium pour des bandes LED de 20 mm de large. Il assure une excellente dissipation de la chaleur, une illumination sans tache et est livr\u00e9 avec tous les accessoires pour un montage en surface ou une installation suspendue. Pour trouver d'autres profils LED en aluminium pour d'autres tailles de bandes, consultez ces liens : <\/p>\n\n\n\n<ul class=\"wp-block-list\">\n<li><a href=\"https:\/\/tangooled.com\/fr\/product\/black-led-profile-with-black-diffuser-for-10mm-led-strip-light\/\"><mark style=\"background-color:rgba(0, 0, 0, 0)\" class=\"has-inline-color has-vivid-red-color\">Profil LED noir avec diffuseur noir pour bande LED de 10 mm<\/mark><\/a><\/li>\n\n\n\n<li><a href=\"https:\/\/tangooled.com\/fr\/product\/25x14m-surface-mounted-led-light-aluminum-profile\/\"><mark style=\"background-color:rgba(0, 0, 0, 0)\" class=\"has-inline-color has-vivid-red-color\">Profil\u00e9 en aluminium pour lumi\u00e8re LED mont\u00e9 en surface 25x14mm<\/mark><\/a><\/li>\n\n\n\n<li><a href=\"https:\/\/tangooled.com\/fr\/product\/led-strip-light-channel-aluminum-profile-with-diffused-cover-6mm-height\/\"><mark style=\"background-color:rgba(0, 0, 0, 0)\" class=\"has-inline-color has-vivid-red-color\">Profil en aluminium pour bande LED avec couvercle diffusant de 6 mm de hauteur<\/mark><\/a><\/li>\n<\/ul>\n<\/div><\/div>","protected":false},"featured_media":16240,"template":"","meta":{"_acf_changed":true,"_seopress_robots_primary_cat":"none","_seopress_titles_title":"S3540B Curved Diffuser LED Channel | 35x40mm Aluminum Profile | TANGOOLED","_seopress_titles_desc":"The S3540B is a 35x40mm aluminum channel featuring a curved diffuser for soft, wide-angle lighting. Designed to fit up to 20mm wide LED strips, it's ideal for surface or pendant mounting.","_seopress_robots_index":""},"pcb-width":[230],"product-cat":[192,194],"class_list":{"0":"post-43083","1":"product","2":"type-product","3":"status-publish","4":"has-post-thumbnail","6":"pcb-width-20-25mm","7":"product-cat-surface-led-profile","8":"product-cat-suspended-profile"},"acf":[],"_links":{"self":[{"href":"https:\/\/tangooled.com\/fr\/wp-json\/wp\/v2\/product\/43083","targetHints":{"allow":["GET"]}}],"collection":[{"href":"https:\/\/tangooled.com\/fr\/wp-json\/wp\/v2\/product"}],"about":[{"href":"https:\/\/tangooled.com\/fr\/wp-json\/wp\/v2\/types\/product"}],"wp:featuredmedia":[{"embeddable":true,"href":"https:\/\/tangooled.com\/fr\/wp-json\/wp\/v2\/media\/16240"}],"wp:attachment":[{"href":"https:\/\/tangooled.com\/fr\/wp-json\/wp\/v2\/media?parent=43083"}],"wp:term":[{"taxonomy":"pcb-width","embeddable":true,"href":"https:\/\/tangooled.com\/fr\/wp-json\/wp\/v2\/pcb-width?post=43083"},{"taxonomy":"product-cat","embeddable":true,"href":"https:\/\/tangooled.com\/fr\/wp-json\/wp\/v2\/product-cat?post=43083"}],"curies":[{"name":"wp","href":"https:\/\/api.w.org\/{rel}","templated":true}]}}