{"id":43080,"date":"2025-12-26T00:23:15","date_gmt":"2025-12-26T08:23:15","guid":{"rendered":"https:\/\/tangooled.com\/?post_type=product&#038;p=43080"},"modified":"2026-01-25T23:53:03","modified_gmt":"2026-01-26T07:53:03","slug":"tall-diffuser-led-extrusion-profile-35x67mm","status":"publish","type":"product","link":"https:\/\/tangooled.com\/fr\/product\/tall-diffuser-led-extrusion-profile-35x67mm\/","title":{"rendered":"S3567 : Extrusion LED carr\u00e9e de 35x67mm avec diffuseur haut"},"content":{"rendered":"<div class=\"wp-block-group is-vertical is-layout-flex wp-container-core-group-is-layout-d255d7c4 wp-block-group-is-layout-flex\" style=\"padding-top:var(--wp--preset--spacing--80);padding-bottom:var(--wp--preset--spacing--80)\">\n<p>Le profil d'extrusion LED \u00e0 diffuseur haut S3567 pr\u00e9sente des dimensions globales de 35 mm de large par 67 mm de haut et un diffuseur carr\u00e9. Il dispose d'un espace int\u00e9gr\u00e9 pour installer des bandes LED d'une largeur de 23,8 mm. La grande taille et le diffuseur haut r\u00e9duisent l'\u00e9blouissement et rendent la lumi\u00e8re tr\u00e8s uniforme, ce qui le rend id\u00e9al pour les zones n\u00e9cessitant un \u00e9clairage \u00e0 large angle, sans points lumineux. Cette forme est principalement con\u00e7ue pour une installation suspendue avec un kit de c\u00e2ble de suspension unique. Cette technologie donne au S3567 un aspect moderne et flottant, en faisant un excellent choix pour les espaces commerciaux, les bureaux et les magasins avec de hauts plafonds n\u00e9cessitant un \u00e9clairage lin\u00e9aire puissant et esth\u00e9tiquement propre.<\/p>\n<\/div>\n\n\n\n<div class=\"wp-block-group has-background\" style=\"background-color:#f1f1f1;padding-top:var(--wp--preset--spacing--80);padding-bottom:var(--wp--preset--spacing--80)\"><div class=\"wp-block-group__inner-container is-layout-constrained wp-block-group-is-layout-constrained\">\n<div class=\"wp-block-group is-vertical is-layout-flex wp-container-core-group-is-layout-8cf370e7 wp-block-group-is-layout-flex\">\n<h2 class=\"wp-block-heading\" style=\"padding-top:var(--wp--preset--spacing--40);padding-bottom:var(--wp--preset--spacing--40);font-size:25px;font-style:normal;font-weight:600;text-transform:capitalize\">Pourquoi choisir ce profil d'extrusion LED \u00e0 diffuseur haut ?<\/h2>\n\n\n\n<p>Ce profil d'extrusion LED \u00e0 diffuseur haut est fabriqu\u00e9 en aluminium 6063-T5, qui est le meilleur mat\u00e9riau pour garder vos bandes LED fra\u00eeches et lumineuses pendant des ann\u00e9es. Le diffuseur opale carr\u00e9 et haut diffuse la lumi\u00e8re uniform\u00e9ment, donnant \u00e0 votre lampe un aspect propre et professionnel.<\/p>\n\n\n\n<ul class=\"wp-block-list\">\n<li>Compatible avec des bandes LED larges jusqu'\u00e0 23 mm pour un haut rendement lumineux.<\/li>\n\n\n\n<li>Peut \u00eatre mont\u00e9 en surface ou en pendentif.<\/li>\n\n\n\n<li>Disponible en aluminium brut, noir peint ou finition anodis\u00e9e argent.<\/li>\n\n\n\n<li>Compatible avec des bandes LED COB, des bandes LED \u00e0 double rang\u00e9e, et des fabricants renomm\u00e9s tels que Cree, Nichia et Samsung LED.<\/li>\n\n\n\n<li>Livr\u00e9 avec des choix de capuchons de fin, de clips de montage et de connecteurs lin\u00e9aires (qui sont propos\u00e9s s\u00e9par\u00e9ment).<\/li>\n<\/ul>\n<\/div>\n<\/div><\/div>\n\n\n\n<div class=\"wp-block-group is-vertical is-layout-flex wp-container-core-group-is-layout-d255d7c4 wp-block-group-is-layout-flex\" style=\"padding-top:var(--wp--preset--spacing--80);padding-bottom:var(--wp--preset--spacing--80)\">\n<hr class=\"wp-block-separator has-alpha-channel-opacity\"\/>\n\n\n\n<div class=\"wp-block-media-text has-media-on-the-right is-stacked-on-mobile\" style=\"grid-template-columns:auto 40%\"><div class=\"wp-block-media-text__content\">\n<h2 class=\"wp-block-heading\" style=\"padding-top:var(--wp--preset--spacing--40);padding-bottom:var(--wp--preset--spacing--40);font-size:25px;font-style:normal;font-weight:600;text-transform:capitalize\">Comment construire votre fixture LED<\/h2>\n\n\n\n<ul class=\"wp-block-list\">\n<li>Choisissez la longueur et la finition du profil d'extrusion.<\/li>\n\n\n\n<li>Choisissez votre bande LED, qui peut avoir jusqu'\u00e0 23 mm de large, comme COB, SMD 2835\/5050, selon l'intensit\u00e9 lumineuse souhait\u00e9e.<\/li>\n\n\n\n<li>Installer le diffuseur opale carr\u00e9 haut pour adoucir la lumi\u00e8re.<\/li>\n\n\n\n<li>Ajouter des accessoires connexes pour un montage en surface ou suspendu.<\/li>\n<\/ul>\n<\/div><figure class=\"wp-block-media-text__media\"><img loading=\"lazy\" decoding=\"async\" width=\"500\" height=\"500\" src=\"https:\/\/tangooled.com\/wp-content\/uploads\/2025\/12\/s3567-ins.webp\" alt=\"35x67mm led light extrusion profile with square tall diffuser\" class=\"wp-image-43340 size-full\" srcset=\"https:\/\/tangooled.com\/wp-content\/uploads\/2025\/12\/s3567-ins.webp 500w, https:\/\/tangooled.com\/wp-content\/uploads\/2025\/12\/s3567-ins-300x300.webp 300w, https:\/\/tangooled.com\/wp-content\/uploads\/2025\/12\/s3567-ins-150x150.webp 150w\" sizes=\"auto, (max-width: 500px) 100vw, 500px\" \/><\/figure><\/div>\n<\/div>\n\n\n\n<div class=\"wp-block-group has-background\" style=\"background-color:#f1f1f1f2;padding-top:var(--wp--preset--spacing--80);padding-bottom:var(--wp--preset--spacing--80)\"><div class=\"wp-block-group__inner-container is-layout-constrained wp-block-group-is-layout-constrained\">\n<h2 class=\"wp-block-heading\" style=\"padding-top:var(--wp--preset--spacing--40);padding-bottom:var(--wp--preset--spacing--40);font-size:25px;font-style:normal;font-weight:600;text-transform:capitalize\">Applications courantes<\/h2>\n\n\n\n<p>Ce profil d'extrusion LED de 35x67 mm avec diffuseur haut peut \u00eatre utilis\u00e9 pour de nombreux endroits, comme :<\/p>\n\n\n\n<ul class=\"wp-block-list\">\n<li>\u00c9clairage commercial : Une lumi\u00e8re claire et uniforme est n\u00e9cessaire dans les bureaux, salles de conf\u00e9rence, magasins de d\u00e9tail et halls.<\/li>\n\n\n\n<li>\u00c9clairage pour maisons : \u00eelots de cuisine, salons et bureaux \u00e0 domicile avec une extrusion de qualit\u00e9 architecturale d'excellente qualit\u00e9.<\/li>\n\n\n\n<li>Architectural Uses: Custom feature walls, hallways, galleries, and museums that want lighting that isn&#8217;t too bright and spreads out.<\/li>\n<\/ul>\n<\/div><\/div>\n\n\n\n<div class=\"wp-block-group\" style=\"padding-top:var(--wp--preset--spacing--80);padding-bottom:var(--wp--preset--spacing--80)\"><div class=\"wp-block-group__inner-container is-layout-constrained wp-block-group-is-layout-constrained\">\n<h2 class=\"wp-block-heading\" style=\"padding-top:var(--wp--preset--spacing--40);padding-bottom:var(--wp--preset--spacing--40);font-size:25px;font-style:normal;font-weight:600;text-transform:capitalize\">D'autres produits qui pourraient vous plaire<\/h2>\n\n\n\n<ul class=\"wp-block-list\">\n<li>Explorez notre<mark style=\"background-color:rgba(0, 0, 0, 0)\" class=\"has-inline-color has-vivid-red-color\"> <a href=\"https:\/\/tangooled.com\/fr\/product\/black-led-profile-with-black-diffuser-for-10mm-led-strip-light\/\">Profil LED noir avec diffuseur noir pour bande LED de 10 mm<\/a><\/mark> pour un \u00e9clairage fin et \u00e9l\u00e9gant.<\/li>\n\n\n\n<li>Voir le <a href=\"https:\/\/tangooled.com\/fr\/product\/surface-mount-led-profile-with-frosted-diffuser-for-10mm-rope-lights\/\"><mark style=\"background-color:rgba(0, 0, 0, 0)\" class=\"has-inline-color has-vivid-red-color\">Profil LED \u00e0 montage en surface avec diffuseur d\u00e9poli pour bandes de 10 mm<\/mark><\/a> pour des installations discr\u00e8tes.<\/li>\n\n\n\n<li>Pour des bandes plus petites, consultez le <a href=\"https:\/\/tangooled.com\/fr\/product\/18x9mm-led-tape-light-profile-for-surface-installation\/\"><mark style=\"background-color:rgba(0, 0, 0, 0)\" class=\"has-inline-color has-vivid-red-color\">profil de bande LED 18x9mm pour installation en surface<\/mark><\/a>.<\/li>\n<\/ul>\n<\/div><\/div>\n\n\n\n<div class=\"wp-block-group\" style=\"padding-top:0;padding-bottom:0\"><div class=\"wp-block-group__inner-container is-layout-constrained wp-block-group-is-layout-constrained\">\n<p>Le profil d'extrusion LED carr\u00e9 de 35x67 mm avec diffuseur haut est une approche id\u00e9ale pour obtenir une extrusion de qualit\u00e9 architecturale sans points dans la lumi\u00e8re. Il peut accueillir de grandes bandes LED et est adapt\u00e9 \u00e0 des utilisations commerciales, r\u00e9sidentielles et architecturales.<\/p>\n<\/div><\/div>","protected":false},"featured_media":35063,"template":"","meta":{"_acf_changed":true,"_seopress_robots_primary_cat":"none","_seopress_titles_title":"Tall Diffuser LED Extrusion Profile | 35x67mm 3D Glow Aluminum Channel","_seopress_titles_desc":"The S3567 is a premium tall diffuser led extrusion profile measuring 35x67mm. Designed for a 3-sided 3D lighting effect, this square aluminum channel eliminates hotspots and creates bold, soft-glow linear accents.","_seopress_robots_index":""},"pcb-width":[230],"product-cat":[192,194],"class_list":{"0":"post-43080","1":"product","2":"type-product","3":"status-publish","4":"has-post-thumbnail","6":"pcb-width-20-25mm","7":"product-cat-surface-led-profile","8":"product-cat-suspended-profile"},"acf":[],"_links":{"self":[{"href":"https:\/\/tangooled.com\/fr\/wp-json\/wp\/v2\/product\/43080","targetHints":{"allow":["GET"]}}],"collection":[{"href":"https:\/\/tangooled.com\/fr\/wp-json\/wp\/v2\/product"}],"about":[{"href":"https:\/\/tangooled.com\/fr\/wp-json\/wp\/v2\/types\/product"}],"wp:featuredmedia":[{"embeddable":true,"href":"https:\/\/tangooled.com\/fr\/wp-json\/wp\/v2\/media\/35063"}],"wp:attachment":[{"href":"https:\/\/tangooled.com\/fr\/wp-json\/wp\/v2\/media?parent=43080"}],"wp:term":[{"taxonomy":"pcb-width","embeddable":true,"href":"https:\/\/tangooled.com\/fr\/wp-json\/wp\/v2\/pcb-width?post=43080"},{"taxonomy":"product-cat","embeddable":true,"href":"https:\/\/tangooled.com\/fr\/wp-json\/wp\/v2\/product-cat?post=43080"}],"curies":[{"name":"wp","href":"https:\/\/api.w.org\/{rel}","templated":true}]}}