{"id":43077,"date":"2025-12-26T00:19:25","date_gmt":"2025-12-26T08:19:25","guid":{"rendered":"https:\/\/tangooled.com\/?post_type=product&#038;p=43077"},"modified":"2026-01-29T23:31:36","modified_gmt":"2026-01-30T07:31:36","slug":"54x35mm-black-suspended-led-channel-quad-row-s5435","status":"publish","type":"product","link":"https:\/\/tangooled.com\/fr\/product\/54x35mm-black-suspended-led-channel-quad-row-s5435\/","title":{"rendered":"S5435 : Canal LED noir suspendu de 54x35mm (Compatible Quad-Rang\u00e9e)"},"content":{"rendered":"<div class=\"wp-block-group is-vertical is-layout-flex wp-container-core-group-is-layout-d255d7c4 wp-block-group-is-layout-flex\" style=\"padding-top:var(--wp--preset--spacing--80);padding-bottom:var(--wp--preset--spacing--80)\">\n<p>Vous cherchez un moyen s\u00fbr et \u00e9l\u00e9gant d'installer vos bandes LED ? Notre canal LED noir de 54x35mm est con\u00e7u pour fournir une lumi\u00e8re lin\u00e9aire robuste et durable. Fabriqu\u00e9 en alliage d'aluminium r\u00e9sistant et pr\u00e9sentant une largeur int\u00e9rieure de 44mm, ce profil peut accueillir jusqu'\u00e0 quatre rang\u00e9es de bandes LED de 10mm plac\u00e9es en parall\u00e8le.<\/p>\n\n\n\n<p>Le diagramme d'application montre que le profil S5435 est con\u00e7u pour une installation flexible. Avec des clips de montage dissimul\u00e9s et des fils de suspension, ce canal LED peut \u00eatre mont\u00e9 directement sur une surface ou suspendu comme un luminaire lin\u00e9aire moderne. Son adaptabilit\u00e9 le rend adapt\u00e9 \u00e0 une vari\u00e9t\u00e9 de projets architecturaux.<\/p>\n<\/div>\n\n\n\n<div class=\"wp-block-group has-background\" style=\"background-color:#f1f1f1;padding-top:var(--wp--preset--spacing--80);padding-bottom:var(--wp--preset--spacing--80)\"><div class=\"wp-block-group__inner-container is-layout-constrained wp-block-group-is-layout-constrained\">\n<div class=\"wp-block-group is-vertical is-layout-flex wp-container-core-group-is-layout-8cf370e7 wp-block-group-is-layout-flex\">\n<h2 class=\"wp-block-heading\" style=\"padding-top:var(--wp--preset--spacing--40);padding-bottom:var(--wp--preset--spacing--40);font-size:25px;font-style:normal;font-weight:600;text-transform:capitalize\">Pourquoi choisir notre canal LED noir suspendu 54X35mm ?<\/h2>\n\n\n\n<ul class=\"wp-block-list\">\n<li>Le large canal en aluminium est con\u00e7u pour accueillir des bandes LED \u00e0 quatre rang\u00e9es, permettant l'installation de jusqu'\u00e0 quatre bandes standard de 10mm en parall\u00e8le.<\/li>\n\n\n\n<li>Canal en aluminium robuste. Construit \u00e0 partir d'un alliage d'aluminium 6063-T5 de haute qualit\u00e9, ce design fonctionne comme un dissipateur thermique, dissipant efficacement la chaleur pour prolonger la dur\u00e9e de vie de vos LED.<\/li>\n\n\n\n<li>The matte black anodized finish presents a modern, sleek look, aligning with today&#8217;s design trends.<\/li>\n\n\n\n<li>Pr\u00eat pour la suspension ou le montage : Ce design est pr\u00e9vu pour \u00eatre suspendu au plafond ou mont\u00e9, \u00e0 l'aide de fils a\u00e9riens standard ou de clips de montage.<\/li>\n\n\n\n<li>Options de diffuseur : Les diffuseurs standard sont satin\u00e9s, et des diffuseurs opales, fum\u00e9s noirs peuvent \u00e9galement \u00eatre personnalis\u00e9s pour un projet sp\u00e9cifique.<\/li>\n<\/ul>\n<\/div>\n<\/div><\/div>\n\n\n\n<div class=\"wp-block-group is-vertical is-layout-flex wp-container-core-group-is-layout-d255d7c4 wp-block-group-is-layout-flex\" style=\"padding-top:var(--wp--preset--spacing--80);padding-bottom:var(--wp--preset--spacing--80)\">\n<hr class=\"wp-block-separator has-alpha-channel-opacity\"\/>\n\n\n\n<div class=\"wp-block-media-text has-media-on-the-right is-stacked-on-mobile\" style=\"grid-template-columns:auto 40%\"><div class=\"wp-block-media-text__content\">\n<h2 class=\"wp-block-heading\" style=\"padding-top:var(--wp--preset--spacing--40);padding-bottom:var(--wp--preset--spacing--40);font-size:25px;font-style:normal;font-weight:600;text-transform:capitalize\">Installation facile et compatibilit\u00e9<\/h2>\n\n\n\n<ul class=\"wp-block-list\">\n<li>Coupez le canal LED noir suspendu 54X35mm \u00e0 la longueur d\u00e9sir\u00e9e.<\/li>\n\n\n\n<li>Placez vos bandes LED \u00e0 quatre rang\u00e9es dans le canal.<\/li>\n\n\n\n<li>Secure the diffuser cover, regardless of its finish \u2013 frosted or smoked.<\/li>\n\n\n\n<li>Fixez les bouchons d'extr\u00e9mit\u00e9 pour garder le c\u00e2blage propre et organis\u00e9.<\/li>\n\n\n\n<li>To suspend it from your ceiling, you&#8217;ll need to use the suspension system to achieve it.<\/li>\n\n\n\n<li>Assurez-vous que votre source d'alimentation et vos variateurs sont correctement connect\u00e9s pour un fonctionnement fluide.<\/li>\n<\/ul>\n<\/div><figure class=\"wp-block-media-text__media\"><img loading=\"lazy\" decoding=\"async\" width=\"500\" height=\"500\" src=\"https:\/\/tangooled.com\/wp-content\/uploads\/2025\/12\/s5435-installation.webp\" alt=\"suspended 54x35mm black led channel aluminum for quad row led strips\" class=\"wp-image-43337 size-full\" srcset=\"https:\/\/tangooled.com\/wp-content\/uploads\/2025\/12\/s5435-installation.webp 500w, https:\/\/tangooled.com\/wp-content\/uploads\/2025\/12\/s5435-installation-300x300.webp 300w, https:\/\/tangooled.com\/wp-content\/uploads\/2025\/12\/s5435-installation-150x150.webp 150w\" sizes=\"auto, (max-width: 500px) 100vw, 500px\" \/><\/figure><\/div>\n<\/div>\n\n\n\n<div class=\"wp-block-group has-background\" style=\"background-color:#f1f1f1f2;padding-top:var(--wp--preset--spacing--80);padding-bottom:var(--wp--preset--spacing--80)\"><div class=\"wp-block-group__inner-container is-layout-constrained wp-block-group-is-layout-constrained\">\n<h2 class=\"wp-block-heading\" style=\"padding-top:var(--wp--preset--spacing--40);padding-bottom:var(--wp--preset--spacing--40);font-size:25px;font-style:normal;font-weight:600\">O\u00f9 l'utiliser ?<\/h2>\n\n\n\n<ul class=\"wp-block-list\">\n<li>Bureaux commerciaux : Illuminez les grandes salles de conf\u00e9rence et les espaces de bureau ouverts avec un \u00e9clairage large et uniforme.<\/li>\n\n\n\n<li>Les espaces de vente au d\u00e9tail et les salles d'exposition b\u00e9n\u00e9ficient d'un \u00e9clairage vibrant et accrocheur pour mettre en valeur les marchandises.<\/li>\n\n\n\n<li>Residential spaces benefit greatly from these fixtures. These fixtures are ideal for kitchens, dining areas, garages, and studios \u2013 anywhere that needs robust pendant lighting.<\/li>\n\n\n\n<li>Dans les b\u00e2timents modernes avec de hauts plafonds, l'\u00e9clairage architectural et ambiant peut agir comme la principale source de lumi\u00e8re ou comme \u00e9clairage d'accent.&nbsp;<\/li>\n\n\n\n<li>\u00c9clairage g\u00e9n\u00e9ral : Les solutions d'\u00e9clairage LED en canal peuvent remplacer les tubes fluorescents ou \u00eatre utilis\u00e9es dans des zones n\u00e9cessitant un \u00e9clairage large et uniforme.<\/li>\n<\/ul>\n<\/div><\/div>\n\n\n\n<div class=\"wp-block-group\" style=\"padding-top:var(--wp--preset--spacing--80);padding-bottom:var(--wp--preset--spacing--80)\"><div class=\"wp-block-group__inner-container is-layout-constrained wp-block-group-is-layout-constrained\">\n<h2 class=\"wp-block-heading\" style=\"padding-top:var(--wp--preset--spacing--40);padding-bottom:var(--wp--preset--spacing--40);font-size:25px;font-style:normal;font-weight:600;text-transform:capitalize\">Liens internes pour plus de solutions LED<\/h2>\n\n\n\n<ul class=\"wp-block-list\">\n<li>Pour des installations plus petites, v\u00e9rifiez le <a href=\"https:\/\/tangooled.com\/fr\/product\/black-led-profile-with-black-diffuser-for-10mm-led-strip-light\/\"><mark style=\"background-color:rgba(0, 0, 0, 0)\" class=\"has-inline-color has-vivid-red-color\">profil LED noir avec diffuseur noir pour bande lumineuse LED de 10 mm<\/mark><\/a>.<\/li>\n\n\n\n<li>Besoin d'un montage en surface \u00e9l\u00e9gant ? Essayez le <mark style=\"background-color:rgba(0, 0, 0, 0)\" class=\"has-inline-color has-vivid-red-color\"><a href=\"https:\/\/tangooled.com\/fr\/product\/led-strip-light-channel-aluminum-profile-with-diffused-cover-6mm-height\/\">Profil en aluminium pour bande LED avec couvercle diffusant de 6 mm de hauteur<\/a><\/mark>.<\/li>\n\n\n\n<li>Pour une large gamme d'options de montage, voir <a href=\"https:\/\/tangooled.com\/fr\/product\/black-aluminum-u-channel-profile-for-10mm-led-strips\/\"><mark style=\"background-color:rgba(0, 0, 0, 0)\" class=\"has-inline-color has-vivid-red-color\">profil en U en aluminium noir pour bandes LED de 10 mm<\/mark><\/a>.<\/li>\n<\/ul>\n<\/div><\/div>\n\n\n\n<div class=\"wp-block-group has-background\" style=\"background-color:#f1f1f1f2;padding-top:var(--wp--preset--spacing--80);padding-bottom:var(--wp--preset--spacing--80)\"><div class=\"wp-block-group__inner-container is-layout-constrained wp-block-group-is-layout-constrained\">\n<h2 class=\"wp-block-heading\" style=\"padding-top:var(--wp--preset--spacing--40);padding-bottom:var(--wp--preset--spacing--40);font-size:25px;font-style:normal;font-weight:600\">Derni\u00e8res pens\u00e9es<\/h2>\n\n\n\n<p style=\"padding-right:var(--wp--preset--spacing--50);padding-left:var(--wp--preset--spacing--50)\">Notre canal LED noir suspendu 54x35mm est une solution id\u00e9ale pour mettre en valeur des bandes LED \u00e0 quatre rang\u00e9es. Il offre une exp\u00e9rience d'\u00e9clairage lin\u00e9aire propre et esth\u00e9tiquement plaisante. De plus, la finition noir mat lui donne une touche moderne. Utilisez-le suspendu pour ajouter un \u00e9clairage brillant et expansif \u00e0 tout endroit n\u00e9cessitant une excellente illumination.<\/p>\n<\/div><\/div>","protected":false},"featured_media":33400,"template":"","meta":{"_acf_changed":true,"_seopress_robots_primary_cat":"none","_seopress_titles_title":"54x35mm Black LED Channel | Wide Suspended Quad-Row Profile","_seopress_titles_desc":"This 54x35mm black led channel is designed for quad-row LED strips. Perfect for high-output suspended lighting in large offices and retail spaces, this wide aluminum profile ensures superior heat dissipation.","_seopress_robots_index":""},"pcb-width":[232],"product-cat":[192,194],"class_list":{"0":"post-43077","1":"product","2":"type-product","3":"status-publish","4":"has-post-thumbnail","6":"pcb-width-35-45mm","7":"product-cat-surface-led-profile","8":"product-cat-suspended-profile"},"acf":[],"_links":{"self":[{"href":"https:\/\/tangooled.com\/fr\/wp-json\/wp\/v2\/product\/43077","targetHints":{"allow":["GET"]}}],"collection":[{"href":"https:\/\/tangooled.com\/fr\/wp-json\/wp\/v2\/product"}],"about":[{"href":"https:\/\/tangooled.com\/fr\/wp-json\/wp\/v2\/types\/product"}],"wp:featuredmedia":[{"embeddable":true,"href":"https:\/\/tangooled.com\/fr\/wp-json\/wp\/v2\/media\/33400"}],"wp:attachment":[{"href":"https:\/\/tangooled.com\/fr\/wp-json\/wp\/v2\/media?parent=43077"}],"wp:term":[{"taxonomy":"pcb-width","embeddable":true,"href":"https:\/\/tangooled.com\/fr\/wp-json\/wp\/v2\/pcb-width?post=43077"},{"taxonomy":"product-cat","embeddable":true,"href":"https:\/\/tangooled.com\/fr\/wp-json\/wp\/v2\/product-cat?post=43077"}],"curies":[{"name":"wp","href":"https:\/\/api.w.org\/{rel}","templated":true}]}}