{"id":43075,"date":"2025-12-26T00:14:20","date_gmt":"2025-12-26T08:14:20","guid":{"rendered":"https:\/\/tangooled.com\/?post_type=product&#038;p=43075"},"modified":"2026-01-26T00:27:33","modified_gmt":"2026-01-26T08:27:33","slug":"50x70mm-white-led-linear-suspension-profile-s5470","status":"publish","type":"product","link":"https:\/\/tangooled.com\/fr\/product\/50x70mm-white-led-linear-suspension-profile-s5470\/","title":{"rendered":"Profil LED blanc de 50x70mm pour \u00e9clairage lin\u00e9aire suspendu"},"content":{"rendered":"<div class=\"wp-block-group is-vertical is-layout-flex wp-container-core-group-is-layout-d255d7c4 wp-block-group-is-layout-flex\" style=\"padding-top:var(--wp--preset--spacing--80);padding-bottom:var(--wp--preset--spacing--80)\">\n<p>Notre profil LED blanc de 54x70 mm est con\u00e7u pour des applications d'\u00e9clairage lin\u00e9aire professionnel, offrant \u00e0 la fois des options d'installation suspendue et en surface (comme montr\u00e9). Ses dimensions globales sont de 54 mm de large et 76 mm de haut.<\/p>\n\n\n\n<p>La conception structurelle pr\u00e9sente un canal principal qui maintient les bandes LED et une cavit\u00e9 inf\u00e9rieure int\u00e9gr\u00e9e. Cette chambre sp\u00e9ciale est con\u00e7ue pour cacher en toute s\u00e9curit\u00e9 et discr\u00e8tement les drivers LED ou les alimentations, en s'assurant qu'il n'y a pas de fils visibles. Un diffuseur opale \u00e0 haute transmission s'adapte sur la source LED pour rendre la lumi\u00e8re lisse, sans points, et uniforme.<\/p>\n\n\n\n<p>Le profil est fabriqu\u00e9 en aluminium de haute qualit\u00e9, ce qui le rend plus efficace dans la gestion de la chaleur. Le S5476 est un excellent choix pour les grands bureaux et les espaces commerciaux qui n\u00e9cessitent un \u00e9clairage fort, \u00e9l\u00e9gant et bien int\u00e9gr\u00e9.<\/p>\n<\/div>\n\n\n\n<div class=\"wp-block-group has-background\" style=\"background-color:#f1f1f1;padding-top:var(--wp--preset--spacing--80);padding-bottom:var(--wp--preset--spacing--80)\"><div class=\"wp-block-group__inner-container is-layout-constrained wp-block-group-is-layout-constrained\">\n<div class=\"wp-block-group is-vertical is-layout-flex wp-container-core-group-is-layout-8cf370e7 wp-block-group-is-layout-flex\">\n<h2 class=\"wp-block-heading\" style=\"padding-top:var(--wp--preset--spacing--40);padding-bottom:var(--wp--preset--spacing--40);font-size:25px;font-style:normal;font-weight:600;text-transform:capitalize\">Pourquoi choisir ce profil LED ?<\/h2>\n\n\n\n<ul class=\"wp-block-list\">\n<li>Dissipateur thermique efficace : La conception et le corps en aluminium maintiennent les bandes LED au frais pour une dur\u00e9e de vie prolong\u00e9e.<\/li>\n\n\n\n<li>Lumi\u00e8re sans points : Le diffuseur opale \u00e9limine les points chauds, rendant la lumi\u00e8re lisse et confortable.<\/li>\n\n\n\n<li>\u2022Simple to put together: It comes with mounting clips and suspension kits for easy setup.<\/li>\n\n\n\n<li>Design flexible : \u00c0 utiliser dans des bureaux, des maisons, des magasins de d\u00e9tail ou des lieux d'accueil.<\/li>\n\n\n\n<li>Longueurs personnalis\u00e9es : Vous pouvez couper ou commander la bonne longueur pour tout projet.<\/li>\n<\/ul>\n<\/div>\n<\/div><\/div>\n\n\n\n<div class=\"wp-block-group is-vertical is-layout-flex wp-container-core-group-is-layout-d255d7c4 wp-block-group-is-layout-flex\" style=\"padding-top:var(--wp--preset--spacing--80);padding-bottom:var(--wp--preset--spacing--80)\">\n<hr class=\"wp-block-separator has-alpha-channel-opacity\"\/>\n\n\n\n<div class=\"wp-block-media-text has-media-on-the-right is-stacked-on-mobile\" style=\"grid-template-columns:auto 40%\"><div class=\"wp-block-media-text__content\">\n<h2 class=\"wp-block-heading\" style=\"padding-top:var(--wp--preset--spacing--40);padding-bottom:var(--wp--preset--spacing--40);font-size:25px;font-style:normal;font-weight:600;text-transform:capitalize\">O\u00f9 utiliser le profil LED blanc de 50x70 mm ?<\/h2>\n\n\n\n<ul class=\"wp-block-list\">\n<li>Bureaux : \u00c9clairage lin\u00e9aire qui pend au-dessus des bureaux et des salles de conf\u00e9rence.<\/li>\n\n\n\n<li>Vente au d\u00e9tail : \u00c9clairage lumineux et uniforme pour les pr\u00e9sentoirs et les marchandises.<\/li>\n\n\n\n<li>Cuisines : Un luminaire suspendu au-dessus des \u00eelots et des plans de travail.<\/li>\n\n\n\n<li>Lieux publics : H\u00f4tels, galeries et halls avec un \u00e9clairage moderne et \u00e0 la mode.<\/li>\n\n\n\n<li>Maisons : salons, salles \u00e0 manger et bureaux \u00e0 domicile.<\/li>\n<\/ul>\n<\/div><figure class=\"wp-block-media-text__media\"><img loading=\"lazy\" decoding=\"async\" width=\"500\" height=\"500\" src=\"https:\/\/tangooled.com\/wp-content\/uploads\/2025\/12\/s5476-ins.webp\" alt=\"50x70mm white led profile for led linear suspension\" class=\"wp-image-43327 size-full\" srcset=\"https:\/\/tangooled.com\/wp-content\/uploads\/2025\/12\/s5476-ins.webp 500w, https:\/\/tangooled.com\/wp-content\/uploads\/2025\/12\/s5476-ins-300x300.webp 300w, https:\/\/tangooled.com\/wp-content\/uploads\/2025\/12\/s5476-ins-150x150.webp 150w\" sizes=\"auto, (max-width: 500px) 100vw, 500px\" \/><\/figure><\/div>\n<\/div>\n\n\n\n<div class=\"wp-block-group has-background\" style=\"background-color:#f1f1f1f2;padding-top:var(--wp--preset--spacing--80);padding-bottom:var(--wp--preset--spacing--80)\"><div class=\"wp-block-group__inner-container is-layout-constrained wp-block-group-is-layout-constrained\">\n<h2 class=\"wp-block-heading\" style=\"padding-top:var(--wp--preset--spacing--40);padding-bottom:var(--wp--preset--spacing--40);font-size:25px;font-style:normal;font-weight:600\">Que comprend le profil ?<\/h2>\n\n\n\n<ul class=\"wp-block-list\">\n<li>1x Profil LED en aluminium (2,5 m ou longueur personnalis\u00e9e)<\/li>\n\n\n\n<li>1 Couverture de diffuseur opale<\/li>\n\n\n\n<li>Deux capuchons m\u00e9talliques<\/li>\n\n\n\n<li>Kits de c\u00e2bles de suspension<\/li>\n<\/ul>\n<\/div><\/div>\n\n\n\n<div class=\"wp-block-group\" style=\"padding-top:var(--wp--preset--spacing--80);padding-bottom:var(--wp--preset--spacing--80)\"><div class=\"wp-block-group__inner-container is-layout-constrained wp-block-group-is-layout-constrained\">\n<h2 class=\"wp-block-heading\" style=\"padding-top:var(--wp--preset--spacing--40);padding-bottom:var(--wp--preset--spacing--40);font-size:25px;font-style:normal;font-weight:600;text-transform:capitalize\">Produits associ\u00e9s qui pourraient vous int\u00e9resser<\/h2>\n\n\n\n<ul class=\"wp-block-list\">\n<li><a href=\"https:\/\/tangooled.com\/fr\/product\/black-led-profile-with-black-diffuser-for-10mm-led-strip-light\/\"><mark style=\"background-color:rgba(0, 0, 0, 0)\" class=\"has-inline-color has-vivid-red-color\">Profil LED noir avec diffuseur noir pour bande LED de 10 mm<\/mark><\/a>-Un canal noir mince pour les bandes LED plus petites.<\/li>\n\n\n\n<li><a href=\"https:\/\/tangooled.com\/fr\/product\/surface-mount-led-profile-with-frosted-diffuser-for-10mm-rope-lights\/\"><mark style=\"background-color:rgba(0, 0, 0, 0)\" class=\"has-inline-color has-vivid-red-color\">Profil LED \u00e0 montage en surface avec diffuseur d\u00e9poli pour bandes de 10 mm<\/mark><\/a> \u2013 Great for surface-mounted LED lights.<\/li>\n\n\n\n<li><a href=\"https:\/\/tangooled.com\/fr\/product\/led-strip-light-channel-aluminum-profile-with-diffused-cover-6mm-height\/\"><mark style=\"background-color:rgba(0, 0, 0, 0)\" class=\"has-inline-color has-vivid-red-color\">Profil en aluminium pour bande LED avec couvercle diffusant de 6 mm de hauteur<\/mark><\/a> \u2013 Low height extrusion for narrow LED strips.<\/li>\n\n\n\n<li><a href=\"https:\/\/tangooled.com\/fr\/product\/22mm-surface-led-aluminum-strip-channel-with-opal-diffuser\/\"><mark style=\"background-color:rgba(0, 0, 0, 0)\" class=\"has-inline-color has-vivid-red-color\">Canal en aluminium pour bande LED de 22 mm de surface avec diffuseur opale<\/mark><\/a> \u2013 For slim line lighting with smooth light output.<\/li>\n<\/ul>\n<\/div><\/div>\n\n\n\n<div class=\"wp-block-group has-background\" style=\"background-color:#f1f1f1f2;padding-top:var(--wp--preset--spacing--80);padding-bottom:var(--wp--preset--spacing--80)\"><div class=\"wp-block-group__inner-container is-layout-constrained wp-block-group-is-layout-constrained\">\n<h2 class=\"wp-block-heading\" style=\"padding-top:var(--wp--preset--spacing--40);padding-bottom:var(--wp--preset--spacing--40);font-size:25px;font-style:normal;font-weight:600\">R\u00e9sum\u00e9<\/h2>\n\n\n\n<p style=\"padding-right:var(--wp--preset--spacing--50);padding-left:var(--wp--preset--spacing--50)\">The 50x70mm white LED profile for LED linear suspension is a great choice for today&#8217;s lighting needs. It works well with wide LED strips, producing professional, dotless light, and features a clean, white look that complements a variety of different styles. This profile helps you create smooth, bright, and attractive LED lights, whether you want to illuminate an office, kitchen, or store.<\/p>\n<\/div><\/div>","protected":false},"featured_media":16254,"template":"","meta":{"_acf_changed":true,"_seopress_robots_primary_cat":"none","_seopress_titles_title":"50x70mm White LED Profile | Linear Suspension Channel | TANGOOLED","_seopress_titles_desc":"The S5467 is a robust 50x70mm white led profile designed for professional suspension lighting. With its 70mm deep housing, it provides flawless diffusion and ample space for internal drivers. Perfect for office and retail interiors.","_seopress_robots_index":""},"pcb-width":[232],"product-cat":[192,194],"class_list":{"0":"post-43075","1":"product","2":"type-product","3":"status-publish","4":"has-post-thumbnail","6":"pcb-width-35-45mm","7":"product-cat-surface-led-profile","8":"product-cat-suspended-profile"},"acf":[],"_links":{"self":[{"href":"https:\/\/tangooled.com\/fr\/wp-json\/wp\/v2\/product\/43075","targetHints":{"allow":["GET"]}}],"collection":[{"href":"https:\/\/tangooled.com\/fr\/wp-json\/wp\/v2\/product"}],"about":[{"href":"https:\/\/tangooled.com\/fr\/wp-json\/wp\/v2\/types\/product"}],"wp:featuredmedia":[{"embeddable":true,"href":"https:\/\/tangooled.com\/fr\/wp-json\/wp\/v2\/media\/16254"}],"wp:attachment":[{"href":"https:\/\/tangooled.com\/fr\/wp-json\/wp\/v2\/media?parent=43075"}],"wp:term":[{"taxonomy":"pcb-width","embeddable":true,"href":"https:\/\/tangooled.com\/fr\/wp-json\/wp\/v2\/pcb-width?post=43075"},{"taxonomy":"product-cat","embeddable":true,"href":"https:\/\/tangooled.com\/fr\/wp-json\/wp\/v2\/product-cat?post=43075"}],"curies":[{"name":"wp","href":"https:\/\/api.w.org\/{rel}","templated":true}]}}