{"id":42674,"date":"2025-12-23T06:44:02","date_gmt":"2025-12-23T14:44:02","guid":{"rendered":"https:\/\/tangooled.com\/?post_type=product&#038;p=42674"},"modified":"2026-01-27T23:00:39","modified_gmt":"2026-01-28T07:00:39","slug":"recessed-linear-drywall-led-profile-10mm-dwp26","status":"publish","type":"product","link":"https:\/\/tangooled.com\/fr\/product\/recessed-linear-drywall-led-profile-10mm-dwp26\/","title":{"rendered":"Profil de bande LED lin\u00e9aire encastr\u00e9 DWP26"},"content":{"rendered":"<div class=\"wp-block-group is-vertical is-layout-flex wp-container-core-group-is-layout-d255d7c4 wp-block-group-is-layout-flex\" style=\"padding-top:var(--wp--preset--spacing--80);padding-bottom:var(--wp--preset--spacing--80)\">\n<p>Our recessed DWP26 linear down drywall LED profile is made to hold 10mm LED strips safely. This recessed down lighting linear profile\u00a0is perfect for making sleek, modern lines of light in homes and businesses. Featuring a 38.5mm width and 52mm height with a 12.8mm internal channel, it is engineered for installation into vertical drywall. With its 20.8mm flange, it fits well against ceilings or shelves, letting the light shine down for a clean, trimless vertical wall-wash appearance.<\/p>\n<\/div>\n\n\n\n<div class=\"wp-block-group has-background is-vertical is-layout-flex wp-container-core-group-is-layout-d255d7c4 wp-block-group-is-layout-flex\" style=\"background-color:#f1f1f1;padding-top:var(--wp--preset--spacing--80);padding-bottom:var(--wp--preset--spacing--80)\">\n<div class=\"wp-block-group is-vertical is-layout-flex wp-container-core-group-is-layout-8cf370e7 wp-block-group-is-layout-flex\">\n<h2 class=\"wp-block-heading\" style=\"padding-top:var(--wp--preset--spacing--40);padding-bottom:var(--wp--preset--spacing--40);font-size:25px;font-style:normal;font-weight:600;text-transform:capitalize\">Pourquoi choisir notre profil LED lin\u00e9aire encastr\u00e9 en plaques de pl\u00e2tre ?<\/h2>\n\n\n\n<ul class=\"wp-block-list\">\n<li>Fonctionne parfaitement avec des bandes LED de 10 mm telles que les bandes SMD 5050, 3528, COB et RGB.<\/li>\n\n\n\n<li>Fabriqu\u00e9 en aluminium anodis\u00e9 robuste 6063-T5, qui est un excellent dissipateur thermique maintenant les LED au frais pour qu'elles durent plus longtemps.&nbsp;<\/li>\n\n\n\n<li>\u00c9quip\u00e9 d'un couvercle diffuseur d\u00e9poli qui rend la lumi\u00e8re brillante et douce sans points ni zones chaudes.&nbsp;<\/li>\n\n\n\n<li>Facile \u00e0 installer et peut \u00eatre coup\u00e9 pour s'adapter \u00e0 votre espace.<\/li>\n\n\n\n<li>Le design encastr\u00e9 ou sans cadre fait para\u00eetre vos lumi\u00e8res belles et int\u00e9gr\u00e9es.&nbsp;<\/li>\n\n\n\n<li>Accompagn\u00e9 de bouchons de finition pour un rendu soign\u00e9.<\/li>\n<\/ul>\n<\/div>\n<\/div>\n\n\n\n<div class=\"wp-block-group is-vertical is-layout-flex wp-container-core-group-is-layout-d255d7c4 wp-block-group-is-layout-flex\" style=\"padding-top:var(--wp--preset--spacing--80);padding-bottom:var(--wp--preset--spacing--80)\">\n<hr class=\"wp-block-separator has-alpha-channel-opacity\"\/>\n\n\n\n<div class=\"wp-block-media-text has-media-on-the-right is-stacked-on-mobile\" style=\"grid-template-columns:auto 40%\"><div class=\"wp-block-media-text__content\">\n<h2 class=\"wp-block-heading\" style=\"padding-top:var(--wp--preset--spacing--40);padding-bottom:var(--wp--preset--spacing--40);font-size:25px;font-style:normal;font-weight:600;text-transform:capitalize\">Conseils d'installation<\/h2>\n\n\n\n<ul class=\"wp-block-list\">\n<li>Cr\u00e9er une fente ou un groove dans la plaque de pl\u00e2tre ou le bois pour le profil.<\/li>\n\n\n\n<li>Utilisez des vis pour fixer l'extrusion en aluminium en place dans la fente.<\/li>\n\n\n\n<li>Ins\u00e9rez votre bande LED de 10 mm \u00e0 l'int\u00e9rieur du profil.<\/li>\n\n\n\n<li>Pour prot\u00e9ger la bande et adoucir la lumi\u00e8re, cliquez le couvercle diffuseur d\u00e9poli en place.<\/li>\n\n\n\n<li>Fermez le canal avec les bouchons de finition pour un aspect soign\u00e9.<\/li>\n\n\n\n<li>Pour des finitions sans cadre qui sont pl\u00e2tr\u00e9es, appliquez un enduit \u00e0 joints sur la bride, puis poncez et peignez pour lisser les bords.<\/li>\n<\/ul>\n<\/div><figure class=\"wp-block-media-text__media\"><img loading=\"lazy\" decoding=\"async\" width=\"500\" height=\"500\" src=\"https:\/\/tangooled.com\/wp-content\/uploads\/2025\/12\/dwp26-ins.webp\" alt=\"recessed linear down lighting led strip profile for 10mm led strip\" class=\"wp-image-43071 size-full\" srcset=\"https:\/\/tangooled.com\/wp-content\/uploads\/2025\/12\/dwp26-ins.webp 500w, https:\/\/tangooled.com\/wp-content\/uploads\/2025\/12\/dwp26-ins-300x300.webp 300w, https:\/\/tangooled.com\/wp-content\/uploads\/2025\/12\/dwp26-ins-150x150.webp 150w\" sizes=\"auto, (max-width: 500px) 100vw, 500px\" \/><\/figure><\/div>\n<\/div>\n\n\n\n<div class=\"wp-block-group has-background\" style=\"background-color:#f1f1f1f2;padding-top:var(--wp--preset--spacing--80);padding-bottom:var(--wp--preset--spacing--80)\"><div class=\"wp-block-group__inner-container is-layout-constrained wp-block-group-is-layout-constrained\">\n<h2 class=\"wp-block-heading\" style=\"padding-top:var(--wp--preset--spacing--40);padding-bottom:var(--wp--preset--spacing--40);font-size:25px;font-style:normal;font-weight:600\">Utilisations id\u00e9ales pour le profil lin\u00e9aire d'\u00e9clairage encastr\u00e9<\/h2>\n\n\n\n<ul class=\"wp-block-list\">\n<li>L'\u00e9clairage mural encastr\u00e9 donne aux salons ou bureaux un aspect moderne.<\/li>\n\n\n\n<li>L'\u00e9clairage cove cr\u00e9e une lumi\u00e8re douce et agr\u00e9able autour des plafonds ou des murs.<\/li>\n\n\n\n<li>Retail and display lighting\u2014give things a smooth, linear glow to make them stand out.<\/li>\n\n\n\n<li>L'\u00e9clairage dans les halls d'h\u00f4tel et les bureaux leur donne un aspect plus poli et professionnel.<\/li>\n<\/ul>\n<\/div><\/div>\n\n\n\n<div class=\"wp-block-group is-vertical is-layout-flex wp-container-core-group-is-layout-d255d7c4 wp-block-group-is-layout-flex\" style=\"padding-top:var(--wp--preset--spacing--80);padding-bottom:var(--wp--preset--spacing--80)\">\n<h2 class=\"wp-block-heading\" style=\"padding-top:var(--wp--preset--spacing--40);padding-bottom:var(--wp--preset--spacing--40);font-size:25px;font-style:normal;font-weight:600;text-transform:capitalize\">Produits associ\u00e9s qui pourraient vous int\u00e9resser<\/h2>\n\n\n\n<ul class=\"wp-block-list\">\n<li><a href=\"https:\/\/tangooled.com\/fr\/product\/black-led-profile-with-black-diffuser-for-10mm-led-strip-light\/\"><mark style=\"background-color:rgba(0, 0, 0, 0)\" class=\"has-inline-color has-vivid-red-color\">Profil LED noir avec diffuseur noir pour bande LED de 10 mm<\/mark><\/a> \u2014 great for dark, modern interiors.<\/li>\n\n\n\n<li><a href=\"https:\/\/tangooled.com\/fr\/product\/led-strip-light-channel-aluminum-profile-with-diffused-cover-6mm-height\/\"><mark style=\"background-color:rgba(0, 0, 0, 0)\" class=\"has-inline-color has-vivid-red-color\">Profil en aluminium pour bande LED encastr\u00e9e avec couvercle diffus\u00e9 de hauteur 6 mm<\/mark><\/a> \u2014 slim and low-profile option.<\/li>\n\n\n\n<li><a href=\"https:\/\/tangooled.com\/fr\/product\/25x6mm-low-profile-led-strip-channel-for-10mm-led-strip-light\/\"><mark style=\"background-color:rgba(0, 0, 0, 0)\" class=\"has-inline-color has-vivid-red-color\">Ch\u00e2ssis de bande LED \u00e0 profil bas 25x6mm pour bande LED de 10mm <\/mark><\/a>\u2014 very slim for tight spaces.<\/li>\n\n\n\n<li><a href=\"https:\/\/tangooled.com\/fr\/product\/recessed-led-aluminum-profile-up-and-down-lighting-channel-for-cabinet\/\"><mark style=\"background-color:rgba(0, 0, 0, 0)\" class=\"has-inline-color has-vivid-red-color\">Profil en aluminium LED encastr\u00e9 pour \u00e9clairage sup\u00e9rieur et inf\u00e9rieur pour meuble<\/mark> <\/a>\u2014 dual-direction lighting option.<\/li>\n<\/ul>\n<\/div>\n\n\n\n<div class=\"wp-block-group\" style=\"padding-top:0;padding-bottom:0\"><div class=\"wp-block-group__inner-container is-layout-constrained wp-block-group-is-layout-constrained\">\n<p>Ce profil d'\u00e9clairage lin\u00e9aire encastr\u00e9 pour bande LED de 10 mm vous fournira un \u00e9clairage propre, efficace et durable. Il combine les meilleurs aspects de l'extrusion en aluminium, de la dissipation thermique et de la diffusion de la lumi\u00e8re pour un \u00e9clairage de qualit\u00e9 professionnelle qui para\u00eet propre et simple.<\/p>\n<\/div><\/div>\n\n\n\n<p style=\"font-size:20px\"><\/p>\n\n\n\n<p><\/p>","protected":false},"featured_media":13980,"template":"","meta":{"_acf_changed":true,"_seopress_robots_primary_cat":"none","_seopress_titles_title":"Recessed Linear Drywall LED Profile | 10mm Strip Channel DWP26","_seopress_titles_desc":"The DWP26 is a standard recessed linear drywall led profile optimized for 10mm led strips. Achieve a clean, trimless linear light finish in ceilings and walls with this aluminum channel.","_seopress_robots_index":""},"pcb-width":[228],"product-cat":[197],"class_list":{"0":"post-42674","1":"product","2":"type-product","3":"status-publish","4":"has-post-thumbnail","6":"pcb-width-6-12mm","7":"product-cat-plaster-in-profile"},"acf":[],"_links":{"self":[{"href":"https:\/\/tangooled.com\/fr\/wp-json\/wp\/v2\/product\/42674","targetHints":{"allow":["GET"]}}],"collection":[{"href":"https:\/\/tangooled.com\/fr\/wp-json\/wp\/v2\/product"}],"about":[{"href":"https:\/\/tangooled.com\/fr\/wp-json\/wp\/v2\/types\/product"}],"wp:featuredmedia":[{"embeddable":true,"href":"https:\/\/tangooled.com\/fr\/wp-json\/wp\/v2\/media\/13980"}],"wp:attachment":[{"href":"https:\/\/tangooled.com\/fr\/wp-json\/wp\/v2\/media?parent=42674"}],"wp:term":[{"taxonomy":"pcb-width","embeddable":true,"href":"https:\/\/tangooled.com\/fr\/wp-json\/wp\/v2\/pcb-width?post=42674"},{"taxonomy":"product-cat","embeddable":true,"href":"https:\/\/tangooled.com\/fr\/wp-json\/wp\/v2\/product-cat?post=42674"}],"curies":[{"name":"wp","href":"https:\/\/api.w.org\/{rel}","templated":true}]}}