{"id":42672,"date":"2025-12-23T06:36:42","date_gmt":"2025-12-23T14:36:42","guid":{"rendered":"https:\/\/tangooled.com\/?post_type=product&#038;p=42672"},"modified":"2026-02-01T23:03:01","modified_gmt":"2026-02-02T07:03:01","slug":"side-and-down-cornice-valance-lighting-led-channel","status":"publish","type":"product","link":"https:\/\/tangooled.com\/fr\/product\/side-and-down-cornice-valance-lighting-led-channel\/","title":{"rendered":"\u00c9clairage de corniche lat\u00e9rale et inf\u00e9rieure en LED"},"content":{"rendered":"<div class=\"wp-block-group is-vertical is-layout-flex wp-container-core-group-is-layout-d255d7c4 wp-block-group-is-layout-flex\" style=\"padding-top:var(--wp--preset--spacing--80);padding-bottom:var(--wp--preset--spacing--80)\">\n<p>\u00c9clairez votre espace avec notre canal LED d'\u00e9clairage de corniche lat\u00e9rale et descendante DWP25. Ce canal LED en aluminium \u00e9l\u00e9gant est sp\u00e9cialement con\u00e7u pour \u00e9clairer les coins o\u00f9 votre plafond rencontre le mur. Mesurant 50 mm de large sur 50 mm de haut, il s'adapte parfaitement \u00e0 deux bandes LED jusqu'\u00e0 10 mm de large (chacune dans son canal interne de 10,3 mm). Une bande \u00e9claire le plafond, tandis que l'autre \u00e9claire le mur, cr\u00e9ant une lumi\u00e8re douce et chaleureuse qui fait para\u00eetre les pi\u00e8ces plus grandes et plus joyeuses. La lumi\u00e8re est uniforme gr\u00e2ce \u00e0 un diffuseur en verre d\u00e9poli. Il est fabriqu\u00e9 en aluminium anodis\u00e9 durable 6063-T5. Ce canal est facile \u00e0 couper \u00e0 la taille souhait\u00e9e et cache bien les fils, offrant \u00e0 votre projet un aspect professionnel.<\/p>\n<\/div>\n\n\n\n<div class=\"wp-block-group has-background\" style=\"background-color:#f1f1f1;padding-top:var(--wp--preset--spacing--80);padding-bottom:var(--wp--preset--spacing--80)\"><div class=\"wp-block-group__inner-container is-layout-constrained wp-block-group-is-layout-constrained\">\n<div class=\"wp-block-group is-vertical is-layout-flex wp-container-core-group-is-layout-8cf370e7 wp-block-group-is-layout-flex\">\n<h2 class=\"wp-block-heading\" style=\"padding-top:var(--wp--preset--spacing--40);padding-bottom:var(--wp--preset--spacing--40);font-size:25px;font-style:normal;font-weight:600;text-transform:capitalize\">Pourquoi choisir ce profil\u00e9 LED de corniche lat\u00e9rale et descendante ?<\/h2>\n\n\n\n<ul class=\"wp-block-list\">\n<li>\u00c9clairage dans deux directions : Diffuse une lumi\u00e8re douce vers le haut et vers le bas.<\/li>\n\n\n\n<li>Design architectural : Utilis\u00e9 dans les coins, il a une apparence moderne et \u00e9pur\u00e9e.<\/li>\n\n\n\n<li>Simple \u00e0 installer : Il suffit de le fixer dans le coin, d'ajouter vos bandes LED et de clipser le diffuseur.<\/li>\n\n\n\n<li>Durable et r\u00e9sistant : L'aluminium est un excellent dissipateur de chaleur qui prot\u00e8ge vos LED.<\/li>\n\n\n\n<li>Cet article est id\u00e9al pour les maisons modernes, les h\u00f4tels, les bureaux et d'autres espaces de design int\u00e9rieur.<\/li>\n<\/ul>\n<\/div>\n<\/div><\/div>\n\n\n\n<div class=\"wp-block-group is-vertical is-layout-flex wp-container-core-group-is-layout-d255d7c4 wp-block-group-is-layout-flex\" style=\"padding-top:var(--wp--preset--spacing--80);padding-bottom:var(--wp--preset--spacing--80)\">\n<hr class=\"wp-block-separator has-alpha-channel-opacity\"\/>\n\n\n\n<div class=\"wp-block-media-text has-media-on-the-right is-stacked-on-mobile\" style=\"grid-template-columns:auto 40%\"><div class=\"wp-block-media-text__content\">\n<h2 class=\"wp-block-heading\" style=\"padding-top:var(--wp--preset--spacing--40);padding-bottom:var(--wp--preset--spacing--40);font-size:25px;font-style:normal;font-weight:600;text-transform:capitalize\">Comment configurer<\/h2>\n\n\n\n<ul class=\"wp-block-list\">\n<li>D\u00e9terminez la longueur du coin que vous souhaitez \u00e9clairer.<\/li>\n\n\n\n<li>Coupez le canal en aluminium et le diffuseur pour les adapter.<\/li>\n\n\n\n<li>Utilisez des vis&nbsp;pour maintenir le canal dans le coin entre le plafond et le mur.<\/li>\n\n\n\n<li>Placez vos bandes LED dans les deux pistes.<\/li>\n\n\n\n<li>Installez les diffuseurs en verre d\u00e9poli&nbsp;pour obtenir une lumi\u00e8re uniforme.<\/li>\n\n\n\n<li>Connectez le fil \u00e0 une alimentation \u00e9lectrique 24V DC et \u00e0 un variateur si n\u00e9cessaire.<\/li>\n<\/ul>\n<\/div><figure class=\"wp-block-media-text__media\"><img loading=\"lazy\" decoding=\"async\" width=\"500\" height=\"500\" src=\"https:\/\/tangooled.com\/wp-content\/uploads\/2025\/12\/dwp25-ins.webp\" alt=\"side and down cornice valance lighting led channel\" class=\"wp-image-43068 size-full\" srcset=\"https:\/\/tangooled.com\/wp-content\/uploads\/2025\/12\/dwp25-ins.webp 500w, https:\/\/tangooled.com\/wp-content\/uploads\/2025\/12\/dwp25-ins-300x300.webp 300w, https:\/\/tangooled.com\/wp-content\/uploads\/2025\/12\/dwp25-ins-150x150.webp 150w\" sizes=\"auto, (max-width: 500px) 100vw, 500px\" \/><\/figure><\/div>\n<\/div>\n\n\n\n<div class=\"wp-block-group has-background\" style=\"background-color:#f1f1f1f2;padding-top:var(--wp--preset--spacing--80);padding-bottom:var(--wp--preset--spacing--80)\"><div class=\"wp-block-group__inner-container is-layout-constrained wp-block-group-is-layout-constrained\">\n<h2 class=\"wp-block-heading\" style=\"padding-top:var(--wp--preset--spacing--40);padding-bottom:var(--wp--preset--spacing--40);font-size:25px;font-style:normal;font-weight:600\">Sc\u00e9narios d'utilisation<\/h2>\n\n\n\n<ul class=\"wp-block-list\">\n<li>Salon :&nbsp;Rend la pi\u00e8ce confortable pour les soir\u00e9es cin\u00e9ma et la d\u00e9tente.<\/li>\n\n\n\n<li>Chambre : Un \u00e9clairage d'accent doux rend la pi\u00e8ce calme et cosy.<\/li>\n\n\n\n<li>Cuisine : \u00c9claire les murs et les plafonds, rendant les espaces de travail plus lumineux sans ombres.<\/li>\n\n\n\n<li>Couloir : Une belle lumi\u00e8re continue vous guide.<\/li>\n\n\n\n<li>H\u00e9bergement et restauration : Ajoute une touche d'\u00e9l\u00e9gance et de lumi\u00e8re magnifique aux murs et au plafond.<\/li>\n<\/ul>\n<\/div><\/div>\n\n\n\n<div class=\"wp-block-group is-vertical is-layout-flex wp-container-core-group-is-layout-d255d7c4 wp-block-group-is-layout-flex\" style=\"padding-top:var(--wp--preset--spacing--80);padding-bottom:var(--wp--preset--spacing--80)\">\n<h2 class=\"wp-block-heading\" style=\"padding-top:var(--wp--preset--spacing--40);padding-bottom:var(--wp--preset--spacing--40);font-size:25px;font-style:normal;font-weight:600;text-transform:capitalize\">Produits associ\u00e9s<\/h2>\n\n\n\n<ul class=\"wp-block-list\">\n<li><a href=\"https:\/\/tangooled.com\/fr\/product\/black-led-diffuser-aluminum-channel-for-12mm-tape-lights\/\"><mark style=\"background-color:rgba(0, 0, 0, 0)\" class=\"has-inline-color has-vivid-red-color\">Profil en aluminium avec diffuseur LED noir pour bandes de 12 mm<\/mark><\/a> \u2013 for wider LED strips.<\/li>\n\n\n\n<li><a href=\"https:\/\/tangooled.com\/fr\/product\/25x6mm-low-profile-led-strip-channel-for-10mm-led-strip-light\/\"><mark style=\"background-color:rgba(0, 0, 0, 0)\" class=\"has-inline-color has-vivid-red-color\">Chanel LED de profil bas 25x6mm pour lumi\u00e8re LED de 10mm<\/mark><\/a> \u2013 great for tight spaces.<\/li>\n\n\n\n<li><a href=\"https:\/\/tangooled.com\/fr\/product\/recessed-led-aluminum-profile-up-and-down-lighting-channel-for-cabinet\/\"><mark style=\"background-color:rgba(0, 0, 0, 0)\" class=\"has-inline-color has-vivid-red-color\">Profil en aluminium LED encastr\u00e9 pour \u00e9clairage sup\u00e9rieur et inf\u00e9rieur pour meuble<\/mark><\/a> \u2013 perfect for cabinets and shelves.<\/li>\n<\/ul>\n<\/div>\n\n\n\n<div class=\"wp-block-group has-background\" style=\"background-color:#f1f1f1f2;padding-top:var(--wp--preset--spacing--80);padding-bottom:var(--wp--preset--spacing--80)\"><div class=\"wp-block-group__inner-container is-layout-constrained wp-block-group-is-layout-constrained\">\n<h2 class=\"wp-block-heading\" style=\"padding-top:var(--wp--preset--spacing--40);padding-bottom:var(--wp--preset--spacing--40);font-size:25px;font-style:normal;font-weight:600\">R\u00e9sum\u00e9<\/h2>\n\n\n\n<p>Our side and down cornice valance lighting LED channel has two lighting channels and a robust, sleek shape&nbsp;that will make your room more stylish and comfortable. It&#8217;s smart, easy to use, and beautiful\u2014perfect for your next project. Use an architectural lighting profile that really shines to light up your home, business, or hotel.<\/p>\n<\/div><\/div>\n\n\n\n<p><\/p>","protected":false},"featured_media":13976,"template":"","meta":{"_acf_changed":true,"_seopress_robots_primary_cat":"none","_seopress_titles_title":"Side and Down Cornice LED Profile Dual Direction Valance Channel DWP25 | TANGOOLED","_seopress_titles_desc":"The DWP25 is a versatile side and down cornice led profile designed for valance lighting. This dual-direction aluminum channel provides simultaneous lateral and downward illumination for seamless drywall integration.","_seopress_robots_index":""},"pcb-width":[228],"product-cat":[197],"class_list":{"0":"post-42672","1":"product","2":"type-product","3":"status-publish","4":"has-post-thumbnail","6":"pcb-width-6-12mm","7":"product-cat-plaster-in-profile"},"acf":[],"_links":{"self":[{"href":"https:\/\/tangooled.com\/fr\/wp-json\/wp\/v2\/product\/42672","targetHints":{"allow":["GET"]}}],"collection":[{"href":"https:\/\/tangooled.com\/fr\/wp-json\/wp\/v2\/product"}],"about":[{"href":"https:\/\/tangooled.com\/fr\/wp-json\/wp\/v2\/types\/product"}],"wp:featuredmedia":[{"embeddable":true,"href":"https:\/\/tangooled.com\/fr\/wp-json\/wp\/v2\/media\/13976"}],"wp:attachment":[{"href":"https:\/\/tangooled.com\/fr\/wp-json\/wp\/v2\/media?parent=42672"}],"wp:term":[{"taxonomy":"pcb-width","embeddable":true,"href":"https:\/\/tangooled.com\/fr\/wp-json\/wp\/v2\/pcb-width?post=42672"},{"taxonomy":"product-cat","embeddable":true,"href":"https:\/\/tangooled.com\/fr\/wp-json\/wp\/v2\/product-cat?post=42672"}],"curies":[{"name":"wp","href":"https:\/\/api.w.org\/{rel}","templated":true}]}}